{"id":61,"date":"2024-09-05T00:35:23","date_gmt":"2024-09-04T22:35:23","guid":{"rendered":"https:\/\/o-seznam.cz\/napoveda\/sreality\/?page_id=61"},"modified":"2025-05-23T15:58:46","modified_gmt":"2025-05-23T13:58:46","slug":"zobrazeni-inzeratu","status":"publish","type":"page","link":"https:\/\/o-seznam.cz\/napoveda\/sreality\/pro-uzivatele\/zobrazeni-inzeratu\/","title":{"rendered":"Zobrazen\u00ed inzer\u00e1tu"},"content":{"rendered":"\n<div class=\"wp-block-group is-layout-constrained wp-block-group-is-layout-constrained\">\n<p>Jakmile si otev\u0159ete inzer\u00e1t ve\u00a0v\u00fdpisu vyhledan\u00fdch inzer\u00e1t\u016f, zobraz\u00ed se v\u00e1m jeho obsah. V n\u011bm naleznete fotografie, popis nemovitosti, kontaktn\u00ed informace a kontaktn\u00ed formul\u00e1\u0159 na inzerenta:<\/p>\n\n\n\n<ul class=\"wp-block-list\">\n<li>V horn\u00ed \u010d\u00e1sti str\u00e1nky se nach\u00e1z\u00ed fotografie nab\u00edzen\u00e9 nemovitosti. Kliknut\u00edm na n\u011bkterou z nich se p\u0159epnete do galerie obr\u00e1zk\u016f, kde si je m\u016f\u017eete prohl\u00e9dnout. V prav\u00e9m horn\u00edm roku je k\u0159\u00ed\u017eek pro zav\u0159en\u00ed fotogalerie<\/li>\n\n\n\n<li>Pod obr\u00e1zky je uveden n\u00e1zev inzer\u00e1tu, lokalita a cena nemovitosti.<\/li>\n\n\n\n<li>N\u00e1sleduje textov\u00fd popis s podrobnostmi o nemovitosti<\/li>\n\n\n\n<li>V prav\u00e9 \u010d\u00e1sti vedle popisu najdete kontaktn\u00ed \u00fadaje na zadavatele (majitel nebo zprost\u0159edkovatel), p\u0159\u00edpadn\u011b i kontaktn\u00ed formul\u00e1\u0159, pomoc\u00ed kter\u00e9ho m\u016f\u017eete inzerenta oslovit. Ve\u0161ker\u00e1 dal\u0161\u00ed komunikace pak ji\u017e prob\u00edh\u00e1 mezi z\u00e1jemcem a inzerentem mimo slu\u017ebu Sreality.cz<\/li>\n<\/ul>\n<\/div>\n\n\n\n<div class=\"wp-block-group is-layout-constrained wp-block-group-is-layout-constrained\">\n<h2 class=\"wp-block-heading\">Odkud poch\u00e1z\u00ed informace v inzer\u00e1tech<\/h2>\n\n\n\n<p>Autorem v\u0161ech informac\u00ed a fotografi\u00ed jsou p\u0159\u00edmo vlastn\u00edci \u010di zprost\u0159edkovatel\u00e9 prodeje (realitn\u00ed kancel\u00e1\u0159e \u010di develope\u0159i). Uveden\u00ed n\u011bkter\u00fdch z\u00e1kladn\u00edch informac\u00ed je povinn\u00e9.<\/p>\n<\/div>\n\n\n\n<div class=\"wp-block-group is-layout-constrained wp-block-group-is-layout-constrained\">\n<h2 class=\"wp-block-heading\">Pro\u010d n\u011bkter\u00e9 inzer\u00e1ty nemaj\u00ed p\u0159esnou adresu<\/h2>\n\n\n\n<p>Autor inzer\u00e1tu m\u016f\u017ee\u00a0lokalitu nemovitosti nastavit tak, \u017ee neur\u010d\u00ed p\u0159\u00edmo jej\u00ed konkr\u00e9tn\u00ed polohu \u010di p\u0159esnou adresu, ale m\u016f\u017ee nastavit zobrazen\u00ed pouze p\u0159ibli\u017en\u00e9 ulice \u010di \u010d\u00e1sti m\u011bsta.<\/p>\n<\/div>\n\n\n\n<div class=\"wp-block-group is-layout-constrained wp-block-group-is-layout-constrained\">\n<p>Na str\u00e1nce se d\u00e1le nach\u00e1z\u00ed tla\u010d\u00edtka pro:<\/p>\n\n\n\n<ul class=\"wp-block-list\">\n<li>P\u0159id\u00e1n\u00ed do ulo\u017een\u00fdch inzer\u00e1t\u016f, kdy si m\u016f\u017eete inzer\u00e1t ozna\u010dit a po p\u0159ihl\u00e1\u0161en\u00ed do slu\u017eby Sreality.cz si jednodu\u0161e zobrazit seznam sv\u00fdch ulo\u017een\u00fdch a sledovan\u00fdch inzer\u00e1t\u016f. Pro p\u0159id\u00e1n\u00ed do ulo\u017een\u00fdch se mus\u00edte p\u0159ihl\u00e1sit Seznam \u00fa\u010dtem.<\/li>\n\n\n\n<li>Sd\u00edlen\u00ed inzer\u00e1tu, kter\u00e9 nab\u00edz\u00ed sd\u00edlen\u00ed str\u00e1nky na soci\u00e1ln\u00ed s\u00edt\u011b, \u010di odesl\u00e1n\u00ed odkazu na inzer\u00e1t.<\/li>\n\n\n\n<li>Tisk &#8211; okam\u017eit\u00e9 zobrazen\u00ed dialogu s mo\u017enostmi tisku str\u00e1nky.<\/li>\n\n\n\n<li>P\u0159id\u00e1n\u00ed pozn\u00e1mky &#8211; k inzer\u00e1tu m\u016f\u017eete p\u0159ipsat pozn\u00e1mku, kterou uvid\u00edte pouze vy. Tuto mo\u017enost maj\u00ed jen p\u0159ihl\u00e1\u0161en\u00ed u\u017eivatel\u00e9.<\/li>\n\n\n\n<li>Nahl\u00e1\u0161en\u00ed chyby p\u0159es tla\u010d\u00edtko \u201eNahl\u00e1sit chybu\u201c &#8211;  pomoc\u00ed formul\u00e1\u0159e m\u016f\u017eete upozornit na nep\u0159esnosti v zobrazen\u00e9m inzer\u00e1tu.<\/li>\n<\/ul>\n<\/div>\n","protected":false},"excerpt":{"rendered":"<p>Jakmile si otev\u0159ete inzer\u00e1t ve\u00a0v\u00fdpisu vyhledan\u00fdch inzer\u00e1t\u016f, zobraz\u00ed se v\u00e1m jeho obsah. V n\u011bm naleznete fotografie, popis nemovitosti, kontaktn\u00ed informace a kontaktn\u00ed formul\u00e1\u0159 na inzerenta: Odkud poch\u00e1z\u00ed informace v inzer\u00e1tech Autorem v\u0161ech informac\u00ed a fotografi\u00ed jsou p\u0159\u00edmo vlastn\u00edci \u010di zprost\u0159edkovatel\u00e9 prodeje (realitn\u00ed kancel\u00e1\u0159e \u010di develope\u0159i). Uveden\u00ed n\u011bkter\u00fdch z\u00e1kladn\u00edch informac\u00ed je povinn\u00e9. Pro\u010d n\u011bkter\u00e9 inzer\u00e1ty nemaj\u00ed [&hellip;]<\/p>\n","protected":false},"author":6,"featured_media":0,"parent":95,"menu_order":0,"comment_status":"closed","ping_status":"closed","template":"page-sidemenu","meta":{"_acf_changed":false,"_relevanssi_hide_post":"","_relevanssi_hide_content":"","_relevanssi_pin_for_all":"","_relevanssi_pin_keywords":"","_relevanssi_unpin_keywords":"","_relevanssi_related_keywords":"","_relevanssi_related_include_ids":"","_relevanssi_related_exclude_ids":"","_relevanssi_related_no_append":"","_relevanssi_related_not_related":"","_relevanssi_related_posts":"","_relevanssi_noindex_reason":"","footnotes":""},"page_category":[5],"page_tag":[],"service_status_category":[],"class_list":["post-61","page","type-page","status-publish","hentry"],"acf":[],"_links":{"self":[{"href":"https:\/\/o-seznam.cz\/napoveda\/sreality\/wp-json\/wp\/v2\/pages\/61","targetHints":{"allow":["GET"]}}],"collection":[{"href":"https:\/\/o-seznam.cz\/napoveda\/sreality\/wp-json\/wp\/v2\/pages"}],"about":[{"href":"https:\/\/o-seznam.cz\/napoveda\/sreality\/wp-json\/wp\/v2\/types\/page"}],"author":[{"embeddable":true,"href":"https:\/\/o-seznam.cz\/napoveda\/sreality\/wp-json\/wp\/v2\/users\/6"}],"replies":[{"embeddable":true,"href":"https:\/\/o-seznam.cz\/napoveda\/sreality\/wp-json\/wp\/v2\/comments?post=61"}],"version-history":[{"count":11,"href":"https:\/\/o-seznam.cz\/napoveda\/sreality\/wp-json\/wp\/v2\/pages\/61\/revisions"}],"predecessor-version":[{"id":1395,"href":"https:\/\/o-seznam.cz\/napoveda\/sreality\/wp-json\/wp\/v2\/pages\/61\/revisions\/1395"}],"up":[{"embeddable":true,"href":"https:\/\/o-seznam.cz\/napoveda\/sreality\/wp-json\/wp\/v2\/pages\/95"}],"wp:attachment":[{"href":"https:\/\/o-seznam.cz\/napoveda\/sreality\/wp-json\/wp\/v2\/media?parent=61"}],"wp:term":[{"taxonomy":"page_category","embeddable":true,"href":"https:\/\/o-seznam.cz\/napoveda\/sreality\/wp-json\/wp\/v2\/page_category?post=61"},{"taxonomy":"page_tag","embeddable":true,"href":"https:\/\/o-seznam.cz\/napoveda\/sreality\/wp-json\/wp\/v2\/page_tag?post=61"},{"taxonomy":"service_status_category","embeddable":true,"href":"https:\/\/o-seznam.cz\/napoveda\/sreality\/wp-json\/wp\/v2\/service_status_category?post=61"}],"curies":[{"name":"wp","href":"https:\/\/api.w.org\/{rel}","templated":true}]}}