{"id":59,"date":"2024-09-05T00:15:21","date_gmt":"2024-09-04T22:15:21","guid":{"rendered":"https:\/\/o-seznam.cz\/napoveda\/sreality\/?page_id=59"},"modified":"2025-05-23T15:32:34","modified_gmt":"2025-05-23T13:32:34","slug":"vypis-inzeratu","status":"publish","type":"page","link":"https:\/\/o-seznam.cz\/napoveda\/sreality\/pro-uzivatele\/vypis-inzeratu\/","title":{"rendered":"V\u00fdpis inzer\u00e1t\u016f"},"content":{"rendered":"\n<div class=\"wp-block-group is-layout-constrained wp-block-group-is-layout-constrained\">\n<p>Po\u00a0<a href=\"https:\/\/o-seznam.cz\/napoveda\/sreality\/pro-uzivatele\/hledani-inzeratu\/\" data-type=\"link\" data-id=\"https:\/\/o-seznam.cz\/napoveda\/sreality\/pro-uzivatele\/hledani-inzeratu\/\">vyhled\u00e1n\u00ed dostupn\u00fdch inzer\u00e1t\u016f<\/a>\u00a0se budete nach\u00e1zet na str\u00e1nce s nab\u00eddkou nalezen\u00e9 inzerce:<\/p>\n\n\n\n<ul class=\"wp-block-list\">\n<li>V prav\u00e9 \u010d\u00e1sti str\u00e1nky se nach\u00e1z\u00ed mapa, na kter\u00e9 se zobrazuj\u00ed po\u010dty inzer\u00e1t\u016f v r\u016fzn\u00fdch lokac\u00edch. Najet\u00edm kurzorem        na mapu a p\u0159ibli\u017eov\u00e1n\u00edm na my\u0161i (touchpadu) si m\u016f\u017eete podrobn\u011bji prohl\u00ed\u017eet lokace s aktivn\u00edmi nab\u00eddkami.<\/li>\n\n\n\n<li>V lev\u00e9 \u010d\u00e1sti str\u00e1nky se zobrazuj\u00ed n\u00e1hledy jednotliv\u00fdch inzer\u00e1t\u016f. Kliknut\u00edm na inzer\u00e1t si <a href=\"https:\/\/o-seznam.cz\/napoveda\/sreality\/pro-uzivatele\/zobrazeni-inzeratu\/\" data-type=\"page\" data-id=\"61\">zobraz\u00edte jeho obsah<\/a><\/li>\n\n\n\n<li>Nad nimi se je\u0161t\u011b nach\u00e1z\u00ed nab\u00eddka pro v\u00fdb\u011br \u0159azen\u00ed inzer\u00e1t\u016f (nejnov\u011bj\u0161\u00ed, nejlevn\u011bj\u0161\u00ed, nejdra\u017e\u0161\u00ed), a nov\u011b mo\u017enost &#8222;Zobrazit fotografie&#8220; u hlavn\u00ed fotografie inzer\u00e1tu a to: V\u00fdchoz\u00ed, Ob\u00fdvac\u00ed prostor, Koupelna, Kuchyn\u011b, Lo\u017enice, Zahrada, D\u016fm zven\u010d\u00ed, Pl\u00e1nek 2D\/3D<\/li>\n\n\n\n<li>Tla\u010d\u00edtko \u201eFiltry\u201c umo\u017e\u0148uje upravit mo\u017enosti hled\u00e1n\u00ed a ulo\u017eit nastaven\u00e9 parametry (pro p\u0159ihl\u00e1\u0161en\u00e9 u\u017eivatele).<\/li>\n\n\n\n<li>V prav\u00e9m horn\u00edm rohu ka\u017ed\u00e9ho inzer\u00e1tu je mo\u017enost \u201eP\u0159idat do ulo\u017een\u00fdch\u201c.<\/li>\n<\/ul>\n<\/div>\n\n\n\n<div class=\"wp-block-group is-layout-constrained wp-block-group-is-layout-constrained\">\n<h2 class=\"wp-block-heading\"><strong>M\u016f\u017ee se zobrazovat stejn\u00e1 nab\u00eddka v\u00edcekr\u00e1t?<\/strong><\/h2>\n\n\n\n<p>Ano. Nemovitost m\u016f\u017ee p\u0159i prodeji \u010di pron\u00e1jmu zastupovat v\u00edce realitn\u00edch kancel\u00e1\u0159\u00ed najednou. Zobrazujeme proto bez zv\u00fdhodn\u011bn\u00ed jedn\u00e9 \u010di druh\u00e9 realitn\u00ed kancel\u00e1\u0159e v\u0161echny existuj\u00edc\u00ed nab\u00eddky.<\/p>\n\n\n\n<p>Setkat se m\u016f\u017eete tak\u00e9 s r\u016fzn\u00fdmi barvami n\u00e1zv\u016f inzer\u00e1t\u016f.\u00a0U ji\u017e zobrazen\u00fdch inzer\u00e1t\u016f se titulek zm\u011bn\u00ed z \u010dern\u00e9 na fialovou. Jednodu\u0161e tak v p\u0159ehledu inzer\u00e1t\u016f rozli\u0161\u00edte ty, kter\u00e9 jste ji\u017e vid\u011bli a kter\u00e9 ne. <\/p>\n<\/div>\n\n\n\n<p><\/p>\n","protected":false},"excerpt":{"rendered":"<p>Po\u00a0vyhled\u00e1n\u00ed dostupn\u00fdch inzer\u00e1t\u016f\u00a0se budete nach\u00e1zet na str\u00e1nce s nab\u00eddkou nalezen\u00e9 inzerce: M\u016f\u017ee se zobrazovat stejn\u00e1 nab\u00eddka v\u00edcekr\u00e1t? Ano. Nemovitost m\u016f\u017ee p\u0159i prodeji \u010di pron\u00e1jmu zastupovat v\u00edce realitn\u00edch kancel\u00e1\u0159\u00ed najednou. Zobrazujeme proto bez zv\u00fdhodn\u011bn\u00ed jedn\u00e9 \u010di druh\u00e9 realitn\u00ed kancel\u00e1\u0159e v\u0161echny existuj\u00edc\u00ed nab\u00eddky. Setkat se m\u016f\u017eete tak\u00e9 s r\u016fzn\u00fdmi barvami n\u00e1zv\u016f inzer\u00e1t\u016f.\u00a0U ji\u017e zobrazen\u00fdch inzer\u00e1t\u016f se titulek [&hellip;]<\/p>\n","protected":false},"author":6,"featured_media":0,"parent":95,"menu_order":0,"comment_status":"closed","ping_status":"closed","template":"page-sidemenu","meta":{"_acf_changed":false,"_relevanssi_hide_post":"","_relevanssi_hide_content":"","_relevanssi_pin_for_all":"","_relevanssi_pin_keywords":"","_relevanssi_unpin_keywords":"","_relevanssi_related_keywords":"","_relevanssi_related_include_ids":"","_relevanssi_related_exclude_ids":"","_relevanssi_related_no_append":"","_relevanssi_related_not_related":"","_relevanssi_related_posts":"","_relevanssi_noindex_reason":"","footnotes":""},"page_category":[5],"page_tag":[],"service_status_category":[],"class_list":["post-59","page","type-page","status-publish","hentry"],"acf":[],"_links":{"self":[{"href":"https:\/\/o-seznam.cz\/napoveda\/sreality\/wp-json\/wp\/v2\/pages\/59","targetHints":{"allow":["GET"]}}],"collection":[{"href":"https:\/\/o-seznam.cz\/napoveda\/sreality\/wp-json\/wp\/v2\/pages"}],"about":[{"href":"https:\/\/o-seznam.cz\/napoveda\/sreality\/wp-json\/wp\/v2\/types\/page"}],"author":[{"embeddable":true,"href":"https:\/\/o-seznam.cz\/napoveda\/sreality\/wp-json\/wp\/v2\/users\/6"}],"replies":[{"embeddable":true,"href":"https:\/\/o-seznam.cz\/napoveda\/sreality\/wp-json\/wp\/v2\/comments?post=59"}],"version-history":[{"count":12,"href":"https:\/\/o-seznam.cz\/napoveda\/sreality\/wp-json\/wp\/v2\/pages\/59\/revisions"}],"predecessor-version":[{"id":1393,"href":"https:\/\/o-seznam.cz\/napoveda\/sreality\/wp-json\/wp\/v2\/pages\/59\/revisions\/1393"}],"up":[{"embeddable":true,"href":"https:\/\/o-seznam.cz\/napoveda\/sreality\/wp-json\/wp\/v2\/pages\/95"}],"wp:attachment":[{"href":"https:\/\/o-seznam.cz\/napoveda\/sreality\/wp-json\/wp\/v2\/media?parent=59"}],"wp:term":[{"taxonomy":"page_category","embeddable":true,"href":"https:\/\/o-seznam.cz\/napoveda\/sreality\/wp-json\/wp\/v2\/page_category?post=59"},{"taxonomy":"page_tag","embeddable":true,"href":"https:\/\/o-seznam.cz\/napoveda\/sreality\/wp-json\/wp\/v2\/page_tag?post=59"},{"taxonomy":"service_status_category","embeddable":true,"href":"https:\/\/o-seznam.cz\/napoveda\/sreality\/wp-json\/wp\/v2\/service_status_category?post=59"}],"curies":[{"name":"wp","href":"https:\/\/api.w.org\/{rel}","templated":true}]}}