{"id":57,"date":"2024-09-05T00:20:26","date_gmt":"2024-09-04T22:20:26","guid":{"rendered":"https:\/\/o-seznam.cz\/napoveda\/sreality\/?page_id=57"},"modified":"2025-05-23T13:50:17","modified_gmt":"2025-05-23T11:50:17","slug":"hledani-inzeratu","status":"publish","type":"page","link":"https:\/\/o-seznam.cz\/napoveda\/sreality\/pro-uzivatele\/hledani-inzeratu\/","title":{"rendered":"Hled\u00e1n\u00ed inzer\u00e1tu"},"content":{"rendered":"\n<div class=\"wp-block-group is-layout-constrained wp-block-group-is-layout-constrained\">\n<p>Nab\u00eddky na Sreality.cz jsou hned na hlavn\u00ed str\u00e1nce p\u0159ehledn\u011b rozd\u011bleny do n\u011bkolika kategori\u00ed. Po v\u00fdb\u011bru ka\u017ed\u00e9 z nich se zobraz\u00ed mo\u017enosti filtrov\u00e1n\u00ed dle mnoha parametr\u016f.<\/p>\n<\/div>\n\n\n\n<div class=\"wp-block-group is-layout-constrained wp-block-group-is-layout-constrained\">\n<h2 class=\"wp-block-heading\">P\u0159\u00edklad s pron\u00e1jmem bytu<\/h2>\n\n\n\n<ul class=\"wp-block-list\">\n<li>Pro vyhled\u00e1v\u00e1n\u00ed nab\u00eddek je t\u0159eba si vybrat konkr\u00e9tn\u00ed kategorii inzer\u00e1t\u016f.<\/li>\n\n\n\n<li>V nab\u00eddce se zobraz\u00ed filtrov\u00e1n\u00ed a mo\u017enosti up\u0159esn\u011bn\u00ed dostupn\u00fdch nab\u00eddek a inzer\u00e1t\u016f. Zatrhn\u011bte v\u0161echny po\u017eadovan\u00e9 mo\u017enosti a na str\u00e1nce se p\u0159esu\u0148te n\u00ed\u017ee.<\/li>\n\n\n\n<li>Mezi nab\u00eddkami se zobrazuje tak\u00e9 mapa. Kliknut\u00edm do mapy si vyberte kraj a pod mapou m\u011bsto.<\/li>\n\n\n\n<li>Pod mapou je dostupn\u00e1 i mo\u017enost\u00a0Up\u0159esnit lokalitu. Do pole m\u016f\u017eete vepsat n\u00e1zev ulice \u010di obce, a je\u0161t\u011b v\u00edce tak up\u0159esnit prohled\u00e1vanou lokalitu.<\/li>\n\n\n\n<li>Mo\u017enost hled\u00e1n\u00ed tak\u00e9 podle ceny od \u2013 do<\/li>\n\n\n\n<li>Vyhled\u00e1vat\u00a0inzer\u00e1t\u016f je mo\u017en\u00e9 i podle slov nach\u00e1zej\u00edc\u00edch se v\u00a0popisu nemovitosti.<\/li>\n\n\n\n<li>Na konci str\u00e1nky sta\u010d\u00ed kliknout na \u010derven\u00e9 tla\u010d\u00edtko s\u00a0lupou, kter\u00fd zna\u010d\u00ed po\u010det inzer\u00e1t\u016f. Po\u010det inzer\u00e1t\u016f v tla\u010d\u00edtku, se pr\u016fb\u011b\u017en\u011b m\u011bn\u00ed podle v\u00e1mi zvolen\u00fdch mo\u017enost\u00ed a po\u017eadavk\u016f<\/li>\n<\/ul>\n<\/div>\n\n\n\n<div class=\"wp-block-group is-layout-constrained wp-block-group-is-layout-constrained\">\n<p>Po stisknut\u00ed tla\u010d\u00edtka se na\u010dte str\u00e1nka s&nbsp;p\u0159ehledem nalezen\u00fdch inzer\u00e1t\u016f. Co takov\u00fd p\u0159ehled a samotn\u00e9 inzer\u00e1ty mohou obsahovat se dozv\u00edte v n\u00e1pov\u011bd\u00e1ch&nbsp;<a href=\"https:\/\/o-seznam.cz\/napoveda\/sreality\/pro-uzivatele\/vypis-inzeratu\/\" data-type=\"link\" data-id=\"https:\/\/o-seznam.cz\/napoveda\/sreality\/pro-uzivatele\/vypis-inzeratu\/\">V\u00fdpis inzer\u00e1t\u016f<\/a>&nbsp;a&nbsp;<a href=\"https:\/\/o-seznam.cz\/napoveda\/sreality\/pro-uzivatele\/zobrazeni-inzeratu\/\" data-type=\"link\" data-id=\"https:\/\/o-seznam.cz\/napoveda\/sreality\/pro-uzivatele\/zobrazeni-inzeratu\/\">Zobrazen\u00ed inzer\u00e1tu<\/a>.<\/p>\n<\/div>\n","protected":false},"excerpt":{"rendered":"<p>Nab\u00eddky na Sreality.cz jsou hned na hlavn\u00ed str\u00e1nce p\u0159ehledn\u011b rozd\u011bleny do n\u011bkolika kategori\u00ed. Po v\u00fdb\u011bru ka\u017ed\u00e9 z nich se zobraz\u00ed mo\u017enosti filtrov\u00e1n\u00ed dle mnoha parametr\u016f. P\u0159\u00edklad s pron\u00e1jmem bytu Po stisknut\u00ed tla\u010d\u00edtka se na\u010dte str\u00e1nka s&nbsp;p\u0159ehledem nalezen\u00fdch inzer\u00e1t\u016f. Co takov\u00fd p\u0159ehled a samotn\u00e9 inzer\u00e1ty mohou obsahovat se dozv\u00edte v n\u00e1pov\u011bd\u00e1ch&nbsp;V\u00fdpis inzer\u00e1t\u016f&nbsp;a&nbsp;Zobrazen\u00ed inzer\u00e1tu.<\/p>\n","protected":false},"author":6,"featured_media":0,"parent":95,"menu_order":0,"comment_status":"closed","ping_status":"closed","template":"page-sidemenu","meta":{"_acf_changed":false,"_relevanssi_hide_post":"","_relevanssi_hide_content":"","_relevanssi_pin_for_all":"","_relevanssi_pin_keywords":"","_relevanssi_unpin_keywords":"","_relevanssi_related_keywords":"","_relevanssi_related_include_ids":"","_relevanssi_related_exclude_ids":"","_relevanssi_related_no_append":"","_relevanssi_related_not_related":"","_relevanssi_related_posts":"","_relevanssi_noindex_reason":"","footnotes":""},"page_category":[5],"page_tag":[],"service_status_category":[],"class_list":["post-57","page","type-page","status-publish","hentry"],"acf":[],"_links":{"self":[{"href":"https:\/\/o-seznam.cz\/napoveda\/sreality\/wp-json\/wp\/v2\/pages\/57","targetHints":{"allow":["GET"]}}],"collection":[{"href":"https:\/\/o-seznam.cz\/napoveda\/sreality\/wp-json\/wp\/v2\/pages"}],"about":[{"href":"https:\/\/o-seznam.cz\/napoveda\/sreality\/wp-json\/wp\/v2\/types\/page"}],"author":[{"embeddable":true,"href":"https:\/\/o-seznam.cz\/napoveda\/sreality\/wp-json\/wp\/v2\/users\/6"}],"replies":[{"embeddable":true,"href":"https:\/\/o-seznam.cz\/napoveda\/sreality\/wp-json\/wp\/v2\/comments?post=57"}],"version-history":[{"count":10,"href":"https:\/\/o-seznam.cz\/napoveda\/sreality\/wp-json\/wp\/v2\/pages\/57\/revisions"}],"predecessor-version":[{"id":1381,"href":"https:\/\/o-seznam.cz\/napoveda\/sreality\/wp-json\/wp\/v2\/pages\/57\/revisions\/1381"}],"up":[{"embeddable":true,"href":"https:\/\/o-seznam.cz\/napoveda\/sreality\/wp-json\/wp\/v2\/pages\/95"}],"wp:attachment":[{"href":"https:\/\/o-seznam.cz\/napoveda\/sreality\/wp-json\/wp\/v2\/media?parent=57"}],"wp:term":[{"taxonomy":"page_category","embeddable":true,"href":"https:\/\/o-seznam.cz\/napoveda\/sreality\/wp-json\/wp\/v2\/page_category?post=57"},{"taxonomy":"page_tag","embeddable":true,"href":"https:\/\/o-seznam.cz\/napoveda\/sreality\/wp-json\/wp\/v2\/page_tag?post=57"},{"taxonomy":"service_status_category","embeddable":true,"href":"https:\/\/o-seznam.cz\/napoveda\/sreality\/wp-json\/wp\/v2\/service_status_category?post=57"}],"curies":[{"name":"wp","href":"https:\/\/api.w.org\/{rel}","templated":true}]}}