{"id":568,"date":"2024-10-02T07:41:18","date_gmt":"2024-10-02T05:41:18","guid":{"rendered":"https:\/\/o-seznam.cz\/napoveda\/sreality\/?page_id=568"},"modified":"2026-02-27T11:46:41","modified_gmt":"2026-02-27T10:46:41","slug":"smluvni-podminky-sluzby-sreality-cz","status":"publish","type":"page","link":"https:\/\/o-seznam.cz\/napoveda\/sreality\/smluvni-podminky-sluzby-sreality-cz\/","title":{"rendered":"Smluvn\u00ed podm\u00ednky slu\u017eby Sreality.cz"},"content":{"rendered":"\n<div class=\"wp-block-group is-layout-constrained wp-block-group-is-layout-constrained\">\n<p><a href=\"https:\/\/o-seznam.cz\/napoveda\/sreality\/smluvni-podminky-sluzby-sreality-cz\/vkladani-inzerce-do-databaze-serveru-ucinne-od-8-4-2026\/\" data-type=\"page\" data-id=\"1216\">Smluvn\u00ed podm\u00ednky pro vkl\u00e1d\u00e1n\u00ed inzerce do datab\u00e1ze serveru Sreality.cz<\/a> \u2013 \u00fa\u010dinn\u00e9 od 8. 4. 2026<\/p>\n<\/div>\n\n\n\n<div class=\"wp-block-group is-layout-constrained wp-block-group-is-layout-constrained\">\n<p><a href=\"https:\/\/o-seznam.cz\/napoveda\/sreality\/smluvni-podminky-sluzby-sreality-cz\/pro-vkladani-inzerce-do-databaze-serveru-od-14-2-2025\/\" data-type=\"page\" data-id=\"1216\">Smluvn\u00ed podm\u00ednky pro vkl\u00e1d\u00e1n\u00ed inzerce do datab\u00e1ze serveru Sreality.cz<\/a> \u2013 \u00fa\u010dinn\u00e9 od 14. 2. 2025<\/p>\n\n\n\n<p><a href=\"https:\/\/o-seznam.cz\/napoveda\/sreality\/smluvni-podminky-sluzby-sreality-cz\/pro-vkladani-inzerce-do-databaze-serveru-od-7-10-2024\/\" data-type=\"page\" data-id=\"782\">Smluvn\u00ed podm\u00ednky pro vkl\u00e1d\u00e1n\u00ed inzerce do datab\u00e1ze serveru Sreality.cz<\/a> \u2013 \u00fa\u010dinn\u00e9 od 7. 10. 2024<\/p>\n\n\n\n<p><a href=\"https:\/\/o-seznam.cz\/napoveda\/sreality\/smluvni-podminky-sluzby-sreality-cz\/pro-vkladani-inzerce-do-databaze-serveru-od-13-12-2021\/\" data-type=\"page\" data-id=\"876\">Smluvn\u00ed podm\u00ednky pro vkl\u00e1d\u00e1n\u00ed inzerce do datab\u00e1ze serveru Sreality.cz<\/a> \u2013 \u00fa\u010dinn\u00e9 od 13. 12. 2021<\/p>\n\n\n\n<p><a href=\"https:\/\/o-seznam.cz\/napoveda\/sreality\/smluvni-podminky-sluzby-sreality-cz\/pro-vkladani-inzerce-do-databaze-serveru-od-22-2-2021\/\" data-type=\"page\" data-id=\"895\">Smluvn\u00ed podm\u00ednky pro vkl\u00e1d\u00e1n\u00ed inzerce do datab\u00e1ze serveru Sreality.cz<\/a> \u2013 \u00fa\u010dinn\u00e9 od 22. 2. 2021<\/p>\n\n\n\n<p><a href=\"https:\/\/o-seznam.cz\/napoveda\/sreality\/smluvni-podminky-sluzby-sreality-cz\/pro-vkladani-inzerce-do-databaze-serveru-od-15-09-2020\/\" data-type=\"page\" data-id=\"886\">Smluvn\u00ed podm\u00ednky pro vkl\u00e1d\u00e1n\u00ed inzerce do datab\u00e1ze serveru Sreality.cz<\/a>&nbsp;\u2013&nbsp;\u00fa\u010dinn\u00e9 od&nbsp;15. 9. 2020<\/p>\n<\/div>\n\n\n\n<div class=\"wp-block-group is-layout-constrained wp-block-group-is-layout-constrained\">\n<p><a href=\"https:\/\/o-seznam.cz\/napoveda\/sreality\/smluvni-podminky-sluzby-sreality-cz\/smluvni-podminky-pro-vkladani-jednorazove-inzerce-do-databaze-serveru-sreality-cz-platne-od-19-5-2025\/\">Smluvn\u00ed podm\u00ednky pro vkl\u00e1d\u00e1n\u00ed jednor\u00e1zov\u00e9 inzerce do datab\u00e1ze serveru Sreality.cz<\/a>&nbsp;\u2013&nbsp;\u00fa\u010dinn\u00e9 od 19. 5. 2025<\/p>\n\n\n\n<p><a href=\"https:\/\/o-seznam.cz\/napoveda\/sreality\/smluvni-podminky-sluzby-sreality-cz\/pro-vkladani-jednorazove-inzerce-do-databaze-serveru-od-7-10-2024\/\" data-type=\"link\" data-id=\"https:\/\/o-seznam.cz\/napoveda\/sreality\/smluvni-podminky-sluzby-sreality-cz\/pro-vkladani-jednorazove-inzerce-do-databaze-serveru-od-19-5-2025\/\">Smluvn\u00ed podm\u00ednky pro vkl\u00e1d\u00e1n\u00ed jednor\u00e1zov\u00e9 inzerce do datab\u00e1ze serveru Sreality.cz<\/a>&nbsp;\u2013&nbsp;\u00fa\u010dinn\u00e9 od 7. 10. 2024<\/p>\n\n\n\n<p><a href=\"https:\/\/o-seznam.cz\/napoveda\/sreality\/smluvni-podminky-sluzby-sreality-cz\/pro-vkladani-jednorazove-inzerce-do-databaze-serveru-od-25-5-2018\/\" data-type=\"page\" data-id=\"890\">Smluvn\u00ed podm\u00ednky pro vkl\u00e1d\u00e1n\u00ed jednor\u00e1zov\u00e9 inzerce do datab\u00e1ze serveru Sreality.cz<\/a>&nbsp;\u2013&nbsp;\u00fa\u010dinn\u00e9&nbsp;od&nbsp;25. 5. 2018<\/p>\n<\/div>\n","protected":false},"excerpt":{"rendered":"<p>Smluvn\u00ed podm\u00ednky pro vkl\u00e1d\u00e1n\u00ed inzerce do datab\u00e1ze serveru Sreality.cz \u2013 \u00fa\u010dinn\u00e9 od 8. 4. 2026 Smluvn\u00ed podm\u00ednky pro vkl\u00e1d\u00e1n\u00ed inzerce do datab\u00e1ze serveru Sreality.cz \u2013 \u00fa\u010dinn\u00e9 od 14. 2. 2025 Smluvn\u00ed podm\u00ednky pro vkl\u00e1d\u00e1n\u00ed inzerce do datab\u00e1ze serveru Sreality.cz \u2013 \u00fa\u010dinn\u00e9 od 7. 10. 2024 Smluvn\u00ed podm\u00ednky pro vkl\u00e1d\u00e1n\u00ed inzerce do datab\u00e1ze serveru Sreality.cz \u2013 [&hellip;]<\/p>\n","protected":false},"author":17,"featured_media":0,"parent":0,"menu_order":0,"comment_status":"closed","ping_status":"closed","template":"page-sidemenu","meta":{"_acf_changed":false,"_relevanssi_hide_post":"","_relevanssi_hide_content":"","_relevanssi_pin_for_all":"","_relevanssi_pin_keywords":"","_relevanssi_unpin_keywords":"","_relevanssi_related_keywords":"","_relevanssi_related_include_ids":"","_relevanssi_related_exclude_ids":"","_relevanssi_related_no_append":"","_relevanssi_related_not_related":"","_relevanssi_related_posts":"","_relevanssi_noindex_reason":"","footnotes":""},"page_category":[7],"page_tag":[],"service_status_category":[],"class_list":["post-568","page","type-page","status-publish","hentry"],"acf":[],"_links":{"self":[{"href":"https:\/\/o-seznam.cz\/napoveda\/sreality\/wp-json\/wp\/v2\/pages\/568","targetHints":{"allow":["GET"]}}],"collection":[{"href":"https:\/\/o-seznam.cz\/napoveda\/sreality\/wp-json\/wp\/v2\/pages"}],"about":[{"href":"https:\/\/o-seznam.cz\/napoveda\/sreality\/wp-json\/wp\/v2\/types\/page"}],"author":[{"embeddable":true,"href":"https:\/\/o-seznam.cz\/napoveda\/sreality\/wp-json\/wp\/v2\/users\/17"}],"replies":[{"embeddable":true,"href":"https:\/\/o-seznam.cz\/napoveda\/sreality\/wp-json\/wp\/v2\/comments?post=568"}],"version-history":[{"count":28,"href":"https:\/\/o-seznam.cz\/napoveda\/sreality\/wp-json\/wp\/v2\/pages\/568\/revisions"}],"predecessor-version":[{"id":1718,"href":"https:\/\/o-seznam.cz\/napoveda\/sreality\/wp-json\/wp\/v2\/pages\/568\/revisions\/1718"}],"wp:attachment":[{"href":"https:\/\/o-seznam.cz\/napoveda\/sreality\/wp-json\/wp\/v2\/media?parent=568"}],"wp:term":[{"taxonomy":"page_category","embeddable":true,"href":"https:\/\/o-seznam.cz\/napoveda\/sreality\/wp-json\/wp\/v2\/page_category?post=568"},{"taxonomy":"page_tag","embeddable":true,"href":"https:\/\/o-seznam.cz\/napoveda\/sreality\/wp-json\/wp\/v2\/page_tag?post=568"},{"taxonomy":"service_status_category","embeddable":true,"href":"https:\/\/o-seznam.cz\/napoveda\/sreality\/wp-json\/wp\/v2\/service_status_category?post=568"}],"curies":[{"name":"wp","href":"https:\/\/api.w.org\/{rel}","templated":true}]}}