{"id":54,"date":"2024-09-05T01:44:41","date_gmt":"2024-09-04T23:44:41","guid":{"rendered":"https:\/\/o-seznam.cz\/napoveda\/sreality\/?page_id=54"},"modified":"2025-05-23T10:54:52","modified_gmt":"2025-05-23T08:54:52","slug":"podminky-pro-zalozeni-a-zverejneni-inzeratu","status":"publish","type":"page","link":"https:\/\/o-seznam.cz\/napoveda\/sreality\/pro-realitni-kancelare\/podminky-pro-zalozeni-a-zverejneni-inzeratu\/","title":{"rendered":"Podm\u00ednky pro zalo\u017een\u00ed a zve\u0159ejn\u011bn\u00ed inzer\u00e1tu"},"content":{"rendered":"\n<div class=\"wp-block-group is-layout-constrained wp-block-group-is-layout-constrained\">\n<p>Pro \u00fasp\u011b\u0161n\u00e9 zobrazen\u00ed a zalo\u017een\u00ed inzer\u00e1tu je nutn\u00e9 m\u00edt zalo\u017een profil Makl\u00e9\u0159e pro centr\u00e1lu nebo pobo\u010dku a dobit\u00fd kredit v Pen\u011b\u017eence.<\/p>\n\n\n\n<p>N\u011bkolik bod\u016f, kter\u00e9 v\u00e1m usnadn\u00ed orientaci v administra\u010dn\u00edm rozhran\u00ed.<\/p>\n<\/div>\n\n\n\n<div class=\"wp-block-group is-layout-constrained wp-block-group-is-layout-constrained\">\n<h2 class=\"wp-block-heading\" id=\"zalozeni-profilu-maklere\">Zalo\u017een\u00ed profilu Makl\u00e9\u0159e<\/h2>\n\n\n\n<p>Povinn\u00e1 polo\u017eka pro ka\u017edou centr\u00e1lu nebo pobo\u010dku RK, bez Makl\u00e9\u0159e\u00a0nen\u00ed mo\u017en\u00e9 zalo\u017eit\u00a0inzer\u00e1t, respektive ka\u017ed\u00fd inzer\u00e1t mus\u00ed b\u00fdt p\u0159i\u0159azen makl\u00e9\u0159i, kter\u00fd zak\u00e1zku spravuje. To zaji\u0161\u0165uje p\u0159\u00edm\u00fd kontakt a usnad\u0148uje pr\u00e1ci u\u017eivatel\u016fm i z\u00e1jemc\u016fm o nemovitost. Zalo\u017eit Makl\u00e9\u0159e lze p\u0159es e-mail\u00a0info@sreality.cz\u00a0anebo p\u0159\u00edmo exportem z realitn\u00edho softwaru, v p\u0159\u00edpad\u011b, \u017ee tuto mo\u017enost podporuje.<\/p>\n\n\n\n<p>Pokud pou\u017e\u00edv\u00e1te vlastn\u00ed e-mailovou adresu nap\u0159. @sreality.cz, je pot\u0159eba e-mail makl\u00e9\u0159e p\u0159ed zalo\u017een\u00edm&nbsp;<a href=\"https:\/\/registrace.seznam.cz\/\" data-type=\"link\" data-id=\"https:\/\/registrace.seznam.cz\/\">registrovat<\/a>.&nbsp;<\/p>\n\n\n\n<p>Do e-mailu, nezapome\u0148te uv\u00e9st:<\/p>\n\n\n\n<ul class=\"wp-block-list\">\n<li>E-mail makl\u00e9\u0159e (slou\u017e\u00ed pro zalo\u017een\u00ed makl\u00e9\u0159e)<\/li>\n\n\n\n<li>Jm\u00e9no makl\u00e9\u0159e<\/li>\n\n\n\n<li>Telefon makl\u00e9\u0159e<\/li>\n\n\n\n<li>Typ spolupr\u00e1ce makl\u00e9\u0159e (pracovn\u00ed smlouva \u010di extern\u00ed spolupr\u00e1ce \u2013 v tomto p\u0159\u00edpad\u011b je pot\u0159eba zaslat tak\u00e9 I\u010cO makl\u00e9\u0159e)<\/li>\n\n\n\n<li>Kontaktn\u00ed e-mail (zve\u0159ej\u0148uje se u inzer\u00e1tu)<\/li>\n<\/ul>\n<\/div>\n\n\n\n<div class=\"wp-block-group is-layout-constrained wp-block-group-is-layout-constrained\">\n<h2 class=\"wp-block-heading\" id=\"zadani-inzeratu\">Zad\u00e1n\u00ed inzer\u00e1tu<\/h2>\n\n\n\n<p>Aby se v\u00e1\u0161 inzer\u00e1t zobrazoval na webov\u00fdch str\u00e1nk\u00e1ch, je nutn\u00e9 splnit tyto po\u017eadavky:<\/p>\n\n\n\n<ul class=\"wp-block-list\">\n<li>Dob\u00edt si kredit v\u00a0Pen\u011b\u017eence (bez kreditu nen\u00ed mo\u017en\u00e9 inzer\u00e1t zobrazit a ve v\u00fdpisu inzer\u00e1t\u016f bude m\u00edt inzer\u00e1t \u010derven\u00e9 podbarven\u00ed)<\/li>\n\n\n\n<li>M\u00edt vypln\u011bn\u00e9 v\u0161echny povinn\u00e9 polo\u017eky (jsou ozna\u010deny hv\u011bzdi\u010dkou)<\/li>\n<\/ul>\n<\/div>\n","protected":false},"excerpt":{"rendered":"<p>Pro \u00fasp\u011b\u0161n\u00e9 zobrazen\u00ed a zalo\u017een\u00ed inzer\u00e1tu je nutn\u00e9 m\u00edt zalo\u017een profil Makl\u00e9\u0159e pro centr\u00e1lu nebo pobo\u010dku a dobit\u00fd kredit v Pen\u011b\u017eence. N\u011bkolik bod\u016f, kter\u00e9 v\u00e1m usnadn\u00ed orientaci v administra\u010dn\u00edm rozhran\u00ed. Zalo\u017een\u00ed profilu Makl\u00e9\u0159e Povinn\u00e1 polo\u017eka pro ka\u017edou centr\u00e1lu nebo pobo\u010dku RK, bez Makl\u00e9\u0159e\u00a0nen\u00ed mo\u017en\u00e9 zalo\u017eit\u00a0inzer\u00e1t, respektive ka\u017ed\u00fd inzer\u00e1t mus\u00ed b\u00fdt p\u0159i\u0159azen makl\u00e9\u0159i, kter\u00fd zak\u00e1zku spravuje. [&hellip;]<\/p>\n","protected":false},"author":6,"featured_media":0,"parent":97,"menu_order":0,"comment_status":"closed","ping_status":"closed","template":"page-sidemenu","meta":{"_acf_changed":false,"_relevanssi_hide_post":"","_relevanssi_hide_content":"","_relevanssi_pin_for_all":"","_relevanssi_pin_keywords":"","_relevanssi_unpin_keywords":"","_relevanssi_related_keywords":"","_relevanssi_related_include_ids":"","_relevanssi_related_exclude_ids":"","_relevanssi_related_no_append":"","_relevanssi_related_not_related":"","_relevanssi_related_posts":"","_relevanssi_noindex_reason":"","footnotes":""},"page_category":[4],"page_tag":[],"service_status_category":[],"class_list":["post-54","page","type-page","status-publish","hentry"],"acf":[],"_links":{"self":[{"href":"https:\/\/o-seznam.cz\/napoveda\/sreality\/wp-json\/wp\/v2\/pages\/54","targetHints":{"allow":["GET"]}}],"collection":[{"href":"https:\/\/o-seznam.cz\/napoveda\/sreality\/wp-json\/wp\/v2\/pages"}],"about":[{"href":"https:\/\/o-seznam.cz\/napoveda\/sreality\/wp-json\/wp\/v2\/types\/page"}],"author":[{"embeddable":true,"href":"https:\/\/o-seznam.cz\/napoveda\/sreality\/wp-json\/wp\/v2\/users\/6"}],"replies":[{"embeddable":true,"href":"https:\/\/o-seznam.cz\/napoveda\/sreality\/wp-json\/wp\/v2\/comments?post=54"}],"version-history":[{"count":8,"href":"https:\/\/o-seznam.cz\/napoveda\/sreality\/wp-json\/wp\/v2\/pages\/54\/revisions"}],"predecessor-version":[{"id":1357,"href":"https:\/\/o-seznam.cz\/napoveda\/sreality\/wp-json\/wp\/v2\/pages\/54\/revisions\/1357"}],"up":[{"embeddable":true,"href":"https:\/\/o-seznam.cz\/napoveda\/sreality\/wp-json\/wp\/v2\/pages\/97"}],"wp:attachment":[{"href":"https:\/\/o-seznam.cz\/napoveda\/sreality\/wp-json\/wp\/v2\/media?parent=54"}],"wp:term":[{"taxonomy":"page_category","embeddable":true,"href":"https:\/\/o-seznam.cz\/napoveda\/sreality\/wp-json\/wp\/v2\/page_category?post=54"},{"taxonomy":"page_tag","embeddable":true,"href":"https:\/\/o-seznam.cz\/napoveda\/sreality\/wp-json\/wp\/v2\/page_tag?post=54"},{"taxonomy":"service_status_category","embeddable":true,"href":"https:\/\/o-seznam.cz\/napoveda\/sreality\/wp-json\/wp\/v2\/service_status_category?post=54"}],"curies":[{"name":"wp","href":"https:\/\/api.w.org\/{rel}","templated":true}]}}