{"id":52,"date":"2024-09-05T01:47:03","date_gmt":"2024-09-04T23:47:03","guid":{"rendered":"https:\/\/o-seznam.cz\/napoveda\/sreality\/?page_id=52"},"modified":"2025-05-23T12:44:45","modified_gmt":"2025-05-23T10:44:45","slug":"strhavani-kreditu","status":"publish","type":"page","link":"https:\/\/o-seznam.cz\/napoveda\/sreality\/pro-realitni-kancelare\/strhavani-kreditu\/","title":{"rendered":"Strh\u00e1v\u00e1n\u00ed kreditu"},"content":{"rendered":"\n<div class=\"wp-block-group is-layout-constrained wp-block-group-is-layout-constrained\">\n<p>Kredit strh\u00e1v\u00e1me v\u017edy zp\u011btn\u011b za p\u0159edchoz\u00ed den aktivn\u00ed inzerce. Pokud v tu chv\u00edli nebudete m\u00edt ve sv\u00e9 Pen\u011b\u017eence dostate\u010dn\u00fd z\u016fstatek, ale bude kladn\u00fd, strhneme zb\u00fdvaj\u00edc\u00ed \u010d\u00e1stku do m\u00ednusu. Dlu\u017enou \u010d\u00e1stku v\u00e1m ode\u010dteme po op\u011btovn\u00e9m nabit\u00ed kreditu.<\/p>\n<\/div>\n","protected":false},"excerpt":{"rendered":"<p>Kredit strh\u00e1v\u00e1me v\u017edy zp\u011btn\u011b za p\u0159edchoz\u00ed den aktivn\u00ed inzerce. Pokud v tu chv\u00edli nebudete m\u00edt ve sv\u00e9 Pen\u011b\u017eence dostate\u010dn\u00fd z\u016fstatek, ale bude kladn\u00fd, strhneme zb\u00fdvaj\u00edc\u00ed \u010d\u00e1stku do m\u00ednusu. Dlu\u017enou \u010d\u00e1stku v\u00e1m ode\u010dteme po op\u011btovn\u00e9m nabit\u00ed kreditu.<\/p>\n","protected":false},"author":6,"featured_media":0,"parent":97,"menu_order":0,"comment_status":"closed","ping_status":"closed","template":"page-sidemenu","meta":{"_acf_changed":false,"_relevanssi_hide_post":"","_relevanssi_hide_content":"","_relevanssi_pin_for_all":"","_relevanssi_pin_keywords":"","_relevanssi_unpin_keywords":"","_relevanssi_related_keywords":"","_relevanssi_related_include_ids":"","_relevanssi_related_exclude_ids":"","_relevanssi_related_no_append":"","_relevanssi_related_not_related":"","_relevanssi_related_posts":"","_relevanssi_noindex_reason":"","footnotes":""},"page_category":[4],"page_tag":[],"service_status_category":[],"class_list":["post-52","page","type-page","status-publish","hentry"],"acf":[],"_links":{"self":[{"href":"https:\/\/o-seznam.cz\/napoveda\/sreality\/wp-json\/wp\/v2\/pages\/52","targetHints":{"allow":["GET"]}}],"collection":[{"href":"https:\/\/o-seznam.cz\/napoveda\/sreality\/wp-json\/wp\/v2\/pages"}],"about":[{"href":"https:\/\/o-seznam.cz\/napoveda\/sreality\/wp-json\/wp\/v2\/types\/page"}],"author":[{"embeddable":true,"href":"https:\/\/o-seznam.cz\/napoveda\/sreality\/wp-json\/wp\/v2\/users\/6"}],"replies":[{"embeddable":true,"href":"https:\/\/o-seznam.cz\/napoveda\/sreality\/wp-json\/wp\/v2\/comments?post=52"}],"version-history":[{"count":6,"href":"https:\/\/o-seznam.cz\/napoveda\/sreality\/wp-json\/wp\/v2\/pages\/52\/revisions"}],"predecessor-version":[{"id":1371,"href":"https:\/\/o-seznam.cz\/napoveda\/sreality\/wp-json\/wp\/v2\/pages\/52\/revisions\/1371"}],"up":[{"embeddable":true,"href":"https:\/\/o-seznam.cz\/napoveda\/sreality\/wp-json\/wp\/v2\/pages\/97"}],"wp:attachment":[{"href":"https:\/\/o-seznam.cz\/napoveda\/sreality\/wp-json\/wp\/v2\/media?parent=52"}],"wp:term":[{"taxonomy":"page_category","embeddable":true,"href":"https:\/\/o-seznam.cz\/napoveda\/sreality\/wp-json\/wp\/v2\/page_category?post=52"},{"taxonomy":"page_tag","embeddable":true,"href":"https:\/\/o-seznam.cz\/napoveda\/sreality\/wp-json\/wp\/v2\/page_tag?post=52"},{"taxonomy":"service_status_category","embeddable":true,"href":"https:\/\/o-seznam.cz\/napoveda\/sreality\/wp-json\/wp\/v2\/service_status_category?post=52"}],"curies":[{"name":"wp","href":"https:\/\/api.w.org\/{rel}","templated":true}]}}