{"id":47,"date":"2024-09-05T01:54:02","date_gmt":"2024-09-04T23:54:02","guid":{"rendered":"https:\/\/o-seznam.cz\/napoveda\/sreality\/?page_id=47"},"modified":"2025-05-23T09:23:53","modified_gmt":"2025-05-23T07:23:53","slug":"administrace-sreality-cz","status":"publish","type":"page","link":"https:\/\/o-seznam.cz\/napoveda\/sreality\/pro-realitni-kancelare\/administrace-sreality-cz\/","title":{"rendered":"Administrace Sreality.cz"},"content":{"rendered":"\n<div class=\"wp-block-group is-layout-constrained wp-block-group-is-layout-constrained\">\n<p class=\"is-style-link-external\">Do administrace Sreality.cz se p\u0159ihl\u00e1s\u00edte na&nbsp;<a href=\"https:\/\/klient.sreality.cz\/\" target=\"_blank\" rel=\"noreferrer noopener\">klient.sreality.cz<\/a>. N\u00e1sledn\u011b vypln\u00edte sv\u016fj p\u0159ihla\u0161ovac\u00ed e-mail a heslo. V&nbsp;administra\u010dn\u00edm rozhran\u00ed m\u016f\u017eete zad\u00e1vat a spravovat sv\u00e9 inzer\u00e1ty a vyhodnocovat jejich efektivitu.<\/p>\n<\/div>\n\n\n\n<div class=\"wp-block-group is-layout-constrained wp-block-group-is-layout-constrained\">\n<h2 class=\"wp-block-heading\" id=\"grafy-a-statistiky\">Grafy a statistiky<\/h2>\n\n\n\n<p>P\u0159ehledn\u00e9 grafy a statistiky prozrad\u00ed:<\/p>\n\n\n\n<ul class=\"wp-block-list\">\n<li>Po\u010det zobrazen\u00ed va\u0161eho inzer\u00e1tu ve v\u00fdpisu<\/li>\n\n\n\n<li>Po\u010det proklik\u016f do inzer\u00e1tu<\/li>\n\n\n\n<li>Po\u010det odeslan\u00fdch popt\u00e1vek<\/li>\n\n\n\n<li>P\u0159ehled investic a mnoho dal\u0161\u00edho<\/li>\n<\/ul>\n<\/div>\n\n\n\n<div class=\"wp-block-group is-layout-constrained wp-block-group-is-layout-constrained\">\n<h2 class=\"wp-block-heading\" id=\"co-pres-admin-zaridite\">Co p\u0159es administraci za\u0159\u00edd\u00edte<\/h2>\n\n\n\n<ul class=\"wp-block-list\">\n<li>Kompletn\u00ed vytvo\u0159en\u00ed a spr\u00e1vu sv\u00fdch inzer\u00e1t\u016f<\/li>\n\n\n\n<li>Zefektivn\u011bn\u00ed inzerce\u00a0Topov\u00e1n\u00edm inzer\u00e1t\u016f, objedn\u00e1n\u00edm\u00a0<a href=\"https:\/\/o-seznam.cz\/napoveda\/sreality\/pro-realitni-kancelare\/tip-regionu\/\" data-type=\"page\" data-id=\"175\">Tipu regionu<\/a>,\u00a0<a href=\"https:\/\/o-seznam.cz\/napoveda\/sreality\/pro-realitni-kancelare\/tip-maklere\/\" data-type=\"page\" data-id=\"181\">Tipu makl\u00e9\u0159e<\/a>, <a href=\"https:\/\/o-seznam.cz\/napoveda\/sreality\/pro-realitni-kancelare\/tip-logo\/\" data-type=\"page\" data-id=\"185\">Tipu logo<\/a> nebo <a href=\"https:\/\/o-seznam.cz\/napoveda\/sreality\/pro-realitni-kancelare\/tip-developersky-projekt\/\">Tipu dvelopersk\u00e9ho projektu<\/a><\/li>\n<\/ul>\n<\/div>\n\n\n\n<div class=\"wp-block-group is-layout-constrained wp-block-group-is-layout-constrained\">\n<p class=\"is-style-link-external\">Pokud m\u00e1te inzer\u00e1t\u016f mnoho, pot\u0159ebujete s nimi pracovat hromadn\u011b a chcete je nahr\u00e1t i na dal\u0161\u00edch v\u00edce ne\u017e 68 realitn\u00edch port\u00e1l\u016f, doporu\u010dujeme vyzkou\u0161et&nbsp;<a href=\"https:\/\/www.sreality.cz\/realitni-software\" data-type=\"link\" data-id=\"https:\/\/www.sreality.cz\/realitni-software\">Realitn\u00ed software Sreality.cz<\/a>.<\/p>\n<\/div>\n\n\n\n<p><\/p>\n","protected":false},"excerpt":{"rendered":"<p>Do administrace Sreality.cz se p\u0159ihl\u00e1s\u00edte na&nbsp;klient.sreality.cz. N\u00e1sledn\u011b vypln\u00edte sv\u016fj p\u0159ihla\u0161ovac\u00ed e-mail a heslo. V&nbsp;administra\u010dn\u00edm rozhran\u00ed m\u016f\u017eete zad\u00e1vat a spravovat sv\u00e9 inzer\u00e1ty a vyhodnocovat jejich efektivitu. Grafy a statistiky P\u0159ehledn\u00e9 grafy a statistiky prozrad\u00ed: Co p\u0159es administraci za\u0159\u00edd\u00edte Pokud m\u00e1te inzer\u00e1t\u016f mnoho, pot\u0159ebujete s nimi pracovat hromadn\u011b a chcete je nahr\u00e1t i na dal\u0161\u00edch v\u00edce ne\u017e [&hellip;]<\/p>\n","protected":false},"author":6,"featured_media":0,"parent":97,"menu_order":4,"comment_status":"closed","ping_status":"closed","template":"page-sidemenu","meta":{"_acf_changed":false,"_relevanssi_hide_post":"","_relevanssi_hide_content":"","_relevanssi_pin_for_all":"","_relevanssi_pin_keywords":"","_relevanssi_unpin_keywords":"","_relevanssi_related_keywords":"","_relevanssi_related_include_ids":"","_relevanssi_related_exclude_ids":"","_relevanssi_related_no_append":"","_relevanssi_related_not_related":"","_relevanssi_related_posts":"","_relevanssi_noindex_reason":"","footnotes":""},"page_category":[4],"page_tag":[],"service_status_category":[],"class_list":["post-47","page","type-page","status-publish","hentry"],"acf":[],"_links":{"self":[{"href":"https:\/\/o-seznam.cz\/napoveda\/sreality\/wp-json\/wp\/v2\/pages\/47","targetHints":{"allow":["GET"]}}],"collection":[{"href":"https:\/\/o-seznam.cz\/napoveda\/sreality\/wp-json\/wp\/v2\/pages"}],"about":[{"href":"https:\/\/o-seznam.cz\/napoveda\/sreality\/wp-json\/wp\/v2\/types\/page"}],"author":[{"embeddable":true,"href":"https:\/\/o-seznam.cz\/napoveda\/sreality\/wp-json\/wp\/v2\/users\/6"}],"replies":[{"embeddable":true,"href":"https:\/\/o-seznam.cz\/napoveda\/sreality\/wp-json\/wp\/v2\/comments?post=47"}],"version-history":[{"count":21,"href":"https:\/\/o-seznam.cz\/napoveda\/sreality\/wp-json\/wp\/v2\/pages\/47\/revisions"}],"predecessor-version":[{"id":1340,"href":"https:\/\/o-seznam.cz\/napoveda\/sreality\/wp-json\/wp\/v2\/pages\/47\/revisions\/1340"}],"up":[{"embeddable":true,"href":"https:\/\/o-seznam.cz\/napoveda\/sreality\/wp-json\/wp\/v2\/pages\/97"}],"wp:attachment":[{"href":"https:\/\/o-seznam.cz\/napoveda\/sreality\/wp-json\/wp\/v2\/media?parent=47"}],"wp:term":[{"taxonomy":"page_category","embeddable":true,"href":"https:\/\/o-seznam.cz\/napoveda\/sreality\/wp-json\/wp\/v2\/page_category?post=47"},{"taxonomy":"page_tag","embeddable":true,"href":"https:\/\/o-seznam.cz\/napoveda\/sreality\/wp-json\/wp\/v2\/page_tag?post=47"},{"taxonomy":"service_status_category","embeddable":true,"href":"https:\/\/o-seznam.cz\/napoveda\/sreality\/wp-json\/wp\/v2\/service_status_category?post=47"}],"curies":[{"name":"wp","href":"https:\/\/api.w.org\/{rel}","templated":true}]}}