{"id":45,"date":"2024-09-05T01:57:44","date_gmt":"2024-09-04T23:57:44","guid":{"rendered":"https:\/\/o-seznam.cz\/napoveda\/sreality\/?page_id=45"},"modified":"2025-05-23T10:39:09","modified_gmt":"2025-05-23T08:39:09","slug":"jak-zalozit-maklere","status":"publish","type":"page","link":"https:\/\/o-seznam.cz\/napoveda\/sreality\/pro-realitni-kancelare\/jak-zalozit-maklere\/","title":{"rendered":"Jak zalo\u017eit Makl\u00e9\u0159e"},"content":{"rendered":"\n<div class=\"wp-block-group is-layout-constrained wp-block-group-is-layout-constrained\">\n<p>Pro zalo\u017een\u00ed nov\u00e9ho Makl\u00e9\u0159e, je pot\u0159eba obr\u00e1tit se na e-mail\u00a0info@sreality.cz\u00a0nebo vyu\u017e\u00edt realitn\u00ed software.<\/p>\n\n\n\n<div class=\"wp-block-seznam-box is-layout-flow wp-block-seznam-box-is-layout-flow\">\n<p class=\"is-style-link-external\">Pokud pou\u017e\u00edv\u00e1te vlastn\u00ed e-mailovou adresu, nap\u0159. @sreality.cz, je pot\u0159eba e-mail makl\u00e9\u0159e p\u0159ed zalo\u017een\u00edm&nbsp;<a href=\"https:\/\/registrace.seznam.cz\/?service=sreality&amp;return_url=https%3A%2F%2Flogin.sreality.cz%2FloginDone%3Freturn_url%3Dhttps%253A%252F%252Fwww.sreality.cz%252F%26service%3Dsreality\" target=\"_blank\" rel=\"noreferrer noopener\">registrovat<\/a>.<\/p>\n<\/div>\n\n\n\n<p>Do e-mailu, nezapome\u0148te uv\u00e9st:<\/p>\n\n\n\n<ul class=\"wp-block-list\">\n<li>E-mail makl\u00e9\u0159e (slou\u017e\u00ed pro zalo\u017een\u00ed makl\u00e9\u0159e a p\u0159ihl\u00e1\u0161en\u00ed do administrace. Tento e-mail se nezve\u0159ej\u0148uje u nab\u00eddek)<\/li>\n\n\n\n<li>Jm\u00e9no makl\u00e9\u0159e<\/li>\n\n\n\n<li>Telefon makl\u00e9\u0159e<\/li>\n\n\n\n<li>Typ spolupr\u00e1ce makl\u00e9\u0159e (pracovn\u00ed smlouva nebo extern\u00ed spolupr\u00e1ce \u2013 v tomto p\u0159\u00edpad\u011b je pot\u0159eba zaslat tak\u00e9 I\u010cO makl\u00e9\u0159e)<\/li>\n\n\n\n<li>Kontaktn\u00ed e-mail (zve\u0159ej\u0148uje se u inzer\u00e1tu)<\/li>\n<\/ul>\n<\/div>\n","protected":false},"excerpt":{"rendered":"<p>Pro zalo\u017een\u00ed nov\u00e9ho Makl\u00e9\u0159e, je pot\u0159eba obr\u00e1tit se na e-mail\u00a0info@sreality.cz\u00a0nebo vyu\u017e\u00edt realitn\u00ed software. Do e-mailu, nezapome\u0148te uv\u00e9st:<\/p>\n","protected":false},"author":6,"featured_media":0,"parent":97,"menu_order":0,"comment_status":"closed","ping_status":"closed","template":"page-sidemenu","meta":{"_acf_changed":false,"_relevanssi_hide_post":"","_relevanssi_hide_content":"","_relevanssi_pin_for_all":"","_relevanssi_pin_keywords":"","_relevanssi_unpin_keywords":"","_relevanssi_related_keywords":"","_relevanssi_related_include_ids":"","_relevanssi_related_exclude_ids":"","_relevanssi_related_no_append":"","_relevanssi_related_not_related":"","_relevanssi_related_posts":"","_relevanssi_noindex_reason":"","footnotes":""},"page_category":[4],"page_tag":[],"service_status_category":[],"class_list":["post-45","page","type-page","status-publish","hentry"],"acf":[],"_links":{"self":[{"href":"https:\/\/o-seznam.cz\/napoveda\/sreality\/wp-json\/wp\/v2\/pages\/45","targetHints":{"allow":["GET"]}}],"collection":[{"href":"https:\/\/o-seznam.cz\/napoveda\/sreality\/wp-json\/wp\/v2\/pages"}],"about":[{"href":"https:\/\/o-seznam.cz\/napoveda\/sreality\/wp-json\/wp\/v2\/types\/page"}],"author":[{"embeddable":true,"href":"https:\/\/o-seznam.cz\/napoveda\/sreality\/wp-json\/wp\/v2\/users\/6"}],"replies":[{"embeddable":true,"href":"https:\/\/o-seznam.cz\/napoveda\/sreality\/wp-json\/wp\/v2\/comments?post=45"}],"version-history":[{"count":10,"href":"https:\/\/o-seznam.cz\/napoveda\/sreality\/wp-json\/wp\/v2\/pages\/45\/revisions"}],"predecessor-version":[{"id":1353,"href":"https:\/\/o-seznam.cz\/napoveda\/sreality\/wp-json\/wp\/v2\/pages\/45\/revisions\/1353"}],"up":[{"embeddable":true,"href":"https:\/\/o-seznam.cz\/napoveda\/sreality\/wp-json\/wp\/v2\/pages\/97"}],"wp:attachment":[{"href":"https:\/\/o-seznam.cz\/napoveda\/sreality\/wp-json\/wp\/v2\/media?parent=45"}],"wp:term":[{"taxonomy":"page_category","embeddable":true,"href":"https:\/\/o-seznam.cz\/napoveda\/sreality\/wp-json\/wp\/v2\/page_category?post=45"},{"taxonomy":"page_tag","embeddable":true,"href":"https:\/\/o-seznam.cz\/napoveda\/sreality\/wp-json\/wp\/v2\/page_tag?post=45"},{"taxonomy":"service_status_category","embeddable":true,"href":"https:\/\/o-seznam.cz\/napoveda\/sreality\/wp-json\/wp\/v2\/service_status_category?post=45"}],"curies":[{"name":"wp","href":"https:\/\/api.w.org\/{rel}","templated":true}]}}