{"id":43,"date":"2024-09-05T02:00:27","date_gmt":"2024-09-05T00:00:27","guid":{"rendered":"https:\/\/o-seznam.cz\/napoveda\/sreality\/?page_id=43"},"modified":"2026-04-24T07:01:25","modified_gmt":"2026-04-24T05:01:25","slug":"aktivace-pristupu","status":"publish","type":"page","link":"https:\/\/o-seznam.cz\/napoveda\/sreality\/pro-realitni-kancelare\/aktivace-pristupu\/","title":{"rendered":"Aktivace p\u0159\u00edstupu"},"content":{"rendered":"\n<div class=\"wp-block-group is-layout-constrained wp-block-group-is-layout-constrained\">\n<h2 class=\"wp-block-heading has-text-align-left\">Jak p\u0159idat svou realitn\u00ed kancel\u00e1\u0159 \/ Jak se zaregistrovat na Sreality.cz?<\/h2>\n\n\n\n<ol class=\"wp-block-list\">\n<li>Zalo\u017ete z\u00e1pis v r\u00e1mci na\u0161\u00ed slu\u017eby <a href=\"https:\/\/www.firmy.cz\" data-type=\"link\" data-id=\"https:\/\/www.firmy.cz\">Firmy.cz<\/a> v kategorii souvisej\u00edc\u00ed s realitn\u00ed \u010dinnost\u00ed.<\/li>\n<\/ol>\n\n\n\n<ol class=\"wp-block-list\">\n<li><\/li>\n<\/ol>\n\n\n\n<p class=\"is-style-default\">2. Prove\u010fte autorizaci na slu\u017eb\u011b <a href=\"https:\/\/klient.seznam.cz\" data-type=\"link\" data-id=\"https:\/\/klient.seznam.cz\">Pen\u011b\u017eenka<\/a>.<\/p>\n\n\n\n<p>3. Prove\u010fte aktivaci slu\u017eby Sreality.cz zasl\u00e1n\u00edm po\u017eadavku na info@sreality.cz a d\u00e1le vypl\u0148te, podepi\u0161te a na stejn\u00fd e-mail za\u0161lete naskenovan\u00e9 <a href=\"https:\/\/szno.cz\/cs\/b2b\/wvgnabxd\/\">Prohl\u00e1\u0161en\u00ed o identifika\u010dn\u00edch \u00fadaj\u00edch realitn\u00edho zprost\u0159edkovatele<\/a> (dokument za\u0161lete ve form\u00e1tu PDF); na aktivaci m\u00e1me 2 pracovn\u00ed dny od va\u0161eho potvrzen\u00ed aktivace<\/p>\n\n\n\n<p>4. Po vytvo\u0159en\u00ed aktivace na Sreality.cz odsouhlaste <a href=\"https:\/\/o-seznam.cz\/pravni-informace\/smluvni-podminky\/sreality-cz\/\" data-type=\"link\" data-id=\"https:\/\/o-seznam.cz\/pravni-informace\/smluvni-podminky\/sreality-cz\/\">Smluvn\u00ed podm\u00ednky<\/a>, kter\u00e9 se p\u0159i prvn\u00edm p\u0159ihl\u00e1\u0161en\u00ed do adminstra\u010dn\u00edho rozhran\u00ed slu\u017eby Sreality.cz zobraz\u00ed.<\/p>\n\n\n\n<p>5. A je to. Sta\u010d\u00ed si&nbsp;<a href=\"https:\/\/klient.seznam.cz\" data-type=\"link\" data-id=\"https:\/\/klient.seznam.cz\">dob\u00edt&nbsp;Pen\u011b\u017eenku<\/a>&nbsp;a m\u016f\u017eete za\u010d\u00edt inzerovat sv\u00e9 nemovitosti.<\/p>\n<\/div>\n\n\n\n<p><\/p>\n","protected":false},"excerpt":{"rendered":"<p>Jak p\u0159idat svou realitn\u00ed kancel\u00e1\u0159 \/ Jak se zaregistrovat na Sreality.cz? 2. Prove\u010fte autorizaci na slu\u017eb\u011b Pen\u011b\u017eenka. 3. Prove\u010fte aktivaci slu\u017eby Sreality.cz zasl\u00e1n\u00edm po\u017eadavku na info@sreality.cz a d\u00e1le vypl\u0148te, podepi\u0161te a na stejn\u00fd e-mail za\u0161lete naskenovan\u00e9 Prohl\u00e1\u0161en\u00ed o identifika\u010dn\u00edch \u00fadaj\u00edch realitn\u00edho zprost\u0159edkovatele (dokument za\u0161lete ve form\u00e1tu PDF); na aktivaci m\u00e1me 2 pracovn\u00ed dny od va\u0161eho [&hellip;]<\/p>\n","protected":false},"author":6,"featured_media":0,"parent":97,"menu_order":1,"comment_status":"closed","ping_status":"closed","template":"page-sidemenu","meta":{"_acf_changed":false,"_relevanssi_hide_post":"","_relevanssi_hide_content":"","_relevanssi_pin_for_all":"","_relevanssi_pin_keywords":"","_relevanssi_unpin_keywords":"","_relevanssi_related_keywords":"","_relevanssi_related_include_ids":"","_relevanssi_related_exclude_ids":"","_relevanssi_related_no_append":"","_relevanssi_related_not_related":"","_relevanssi_related_posts":"","_relevanssi_noindex_reason":"","footnotes":""},"page_category":[4],"page_tag":[],"service_status_category":[],"class_list":["post-43","page","type-page","status-publish","hentry"],"acf":[],"_links":{"self":[{"href":"https:\/\/o-seznam.cz\/napoveda\/sreality\/wp-json\/wp\/v2\/pages\/43","targetHints":{"allow":["GET"]}}],"collection":[{"href":"https:\/\/o-seznam.cz\/napoveda\/sreality\/wp-json\/wp\/v2\/pages"}],"about":[{"href":"https:\/\/o-seznam.cz\/napoveda\/sreality\/wp-json\/wp\/v2\/types\/page"}],"author":[{"embeddable":true,"href":"https:\/\/o-seznam.cz\/napoveda\/sreality\/wp-json\/wp\/v2\/users\/6"}],"replies":[{"embeddable":true,"href":"https:\/\/o-seznam.cz\/napoveda\/sreality\/wp-json\/wp\/v2\/comments?post=43"}],"version-history":[{"count":24,"href":"https:\/\/o-seznam.cz\/napoveda\/sreality\/wp-json\/wp\/v2\/pages\/43\/revisions"}],"predecessor-version":[{"id":1781,"href":"https:\/\/o-seznam.cz\/napoveda\/sreality\/wp-json\/wp\/v2\/pages\/43\/revisions\/1781"}],"up":[{"embeddable":true,"href":"https:\/\/o-seznam.cz\/napoveda\/sreality\/wp-json\/wp\/v2\/pages\/97"}],"wp:attachment":[{"href":"https:\/\/o-seznam.cz\/napoveda\/sreality\/wp-json\/wp\/v2\/media?parent=43"}],"wp:term":[{"taxonomy":"page_category","embeddable":true,"href":"https:\/\/o-seznam.cz\/napoveda\/sreality\/wp-json\/wp\/v2\/page_category?post=43"},{"taxonomy":"page_tag","embeddable":true,"href":"https:\/\/o-seznam.cz\/napoveda\/sreality\/wp-json\/wp\/v2\/page_tag?post=43"},{"taxonomy":"service_status_category","embeddable":true,"href":"https:\/\/o-seznam.cz\/napoveda\/sreality\/wp-json\/wp\/v2\/service_status_category?post=43"}],"curies":[{"name":"wp","href":"https:\/\/api.w.org\/{rel}","templated":true}]}}