{"id":40,"date":"2024-09-07T18:10:59","date_gmt":"2024-09-07T16:10:59","guid":{"rendered":"https:\/\/o-seznam.cz\/napoveda\/sreality\/?page_id=40"},"modified":"2025-07-02T09:49:40","modified_gmt":"2025-07-02T07:49:40","slug":"realitni-kancelare-a-makleri","status":"publish","type":"page","link":"https:\/\/o-seznam.cz\/napoveda\/sreality\/nejcastejsi-dotazy\/realitni-kancelare-a-makleri\/","title":{"rendered":"Realitn\u00ed kancel\u00e1\u0159e a makl\u00e9\u0159i"},"content":{"rendered":"\n<div class=\"accordion\">\n\t<div class=\"accordion__items\">\n\n<details class=\"expander is-style-box\">\n\t<summary data-datalayer-name=\"\" data-datalayer-text=\"Jak za\u010d\u00edt inzerovat jako realitn\u00ed kancel\u00e1\u0159 \/ makl\u00e9\u0159?\">\n\t\t\t\t<strong>Jak za\u010d\u00edt inzerovat jako realitn\u00ed kancel\u00e1\u0159 \/ makl\u00e9\u0159?<\/strong>\n\t\t\t<\/summary>\n\t<div class=\"inner-blocks\">\n\n<p class=\"is-style-link-external\">K inzerci jako RK \u010di makl\u00e9\u0159 je nutn\u00e1 registrace, ke kter\u00e9 je v prvn\u00edm kroku pot\u0159eba m\u00edt zalo\u017een z\u00e1pis na Firmy.cz a m\u00edt zde zvolenou jednu z <a href=\"https:\/\/www.firmy.cz\/Remesla-a-sluzby\/Reality\" data-type=\"link\" data-id=\"https:\/\/www.firmy.cz\/Remesla-a-sluzby\/Reality\" target=\"_blank\" rel=\"noreferrer noopener\">realitn\u00edch kategori\u00ed<\/a>.<\/p>\n\n\n\n<p>Pot\u0159ebujete-li pomoci, m\u016f\u017eete kontaktovat kolegy z Firmy.cz na&nbsp;info@firmy.cz&nbsp;nebo tel: 234 694 415.<\/p>\n\n\n\n<p>D\u00e1le je pot\u0159eba zalo\u017eit tzv. Pen\u011b\u017eenku a propojit ji s I\u010c. To provedete p\u0159ihl\u00e1\u0161en\u00edm zvolen\u00fdm e-mailem na klient.seznam.cz. V lev\u00e9m menu zvol\u00edte Nastaven\u00ed a vypln\u00edte faktura\u010dn\u00ed \u00fadaje.<\/p>\n\n\n\n<p>Po zalo\u017een\u00ed z\u00e1pisu a pen\u011b\u017eenky za\u0161lete na e-mail&nbsp;info@sreality.cz&nbsp;informaci o pl\u00e1novan\u00e9m po\u010dtu inzer\u00e1t\u016f, I\u010c a kontakty na V\u00e1s (e-mail a telefonn\u00ed \u010d\u00edslo). P\u0159id\u011bl\u00edme V\u00e1m obchodn\u00edho z\u00e1stupce, kter\u00fd s V\u00e1mi registraci dokon\u010d\u00ed a pom\u016f\u017ee s nastaven\u00edm slu\u017eeb dle pot\u0159eb.<\/p>\n\n\n\n<p>Kompletn\u00ed informace k aktivaci\/registraci realitn\u00ed kancel\u00e1\u0159e najde <a href=\"https:\/\/o-seznam.cz\/napoveda\/sreality\/pro-realitni-kancelare\/aktivace-pristupu\/\" data-type=\"page\" data-id=\"43\">na t\u00e9to str\u00e1nce<\/a>.<\/p>\n\n<\/div><\/details>\n\n\n\n<details class=\"expander is-style-box\">\n\t<summary data-datalayer-name=\"\" data-datalayer-text=\"Jak zalo\u017eit nebo upravit makl\u00e9\u0159sk\u00fd profil pod  \u00fa\u010dtem RK?\">\n\t\t\t\t<strong>Jak zalo\u017eit nebo upravit makl\u00e9\u0159sk\u00fd profil pod  \u00fa\u010dtem RK?<\/strong>\n\t\t\t<\/summary>\n\t<div class=\"inner-blocks\">\n\n<p>Makl\u00e9\u0159sk\u00e9 profily lze zakl\u00e1dat i editovat importn\u00edmi programy, pokud je RK takov\u00fd program vyu\u017e\u00edvan\u00fd ke vkl\u00e1d\u00e1n\u00ed inzerce. Pokud importn\u00ed program nevyu\u017e\u00edv\u00e1te, je pot\u0159eba zaslat \u00fadaje pro zalo\u017een\u00ed na&nbsp;info@sreality.cz&nbsp;a profil makl\u00e9\u0159e vytvo\u0159\u00edme.<\/p>\n\n\n\n<p>Pro zalo\u017een\u00ed profilu makl\u00e9\u0159e je pot\u0159eba n\u00e1sleduj\u00edc\u00ed:<\/p>\n\n\n\n<ul class=\"wp-block-list\">\n<li>E-mail makl\u00e9\u0159e (slou\u017e\u00ed pro zalo\u017een\u00ed makl\u00e9\u0159e) \u2013 nesm\u00ed b\u00fdt shodn\u00fd s emailem pen\u011b\u017eenky a mus\u00ed b\u00fdt registrov\u00e1n na Seznam.cz, p\u0159\u00edpadn\u011b je t\u0159eba prov\u00e9st registraci zde: <a href=\"https:\/\/registrace.seznam.cz\/\" target=\"_blank\" rel=\"noreferrer noopener\">https:\/\/registrace.seznam.cz\/<\/a> (pou\u017e\u00edt m\u016fj st\u00e1vaj\u00edc\u00ed e-mail, vyplnit pot\u0159ebn\u00e9 \u00fadaje a nastavit heslo. Pro dokon\u010den\u00ed je nutn\u00e9 potvrdit notifikaci, kter\u00e1 bude odesl\u00e1na na e-mail.<\/li>\n\n\n\n<li>\u2022 Jm\u00e9no<\/li>\n\n\n\n<li>Jm\u00e9no a p\u0159\u00edjmen\u00ed makl\u00e9\u0159e<\/li>\n\n\n\n<li>Telefonn\u00ed \u010d\u00edslo (mobil)<\/li>\n\n\n\n<li>Informaci, zda makl\u00e9\u0159 pracuje na pracovn\u00ed \u010di extern\u00ed smlouvu (zde je nutn\u00e9 dodat vlastn\u00ed I\u010c makl\u00e9\u0159e)<\/li>\n<\/ul>\n\n<\/div><\/details>\n\n\n\n<details class=\"expander is-style-box\">\n\t<summary data-datalayer-name=\"\" data-datalayer-text=\"Jak\u00fdm zp\u016fsobem dobiji kredit v tzv. Pen\u011b\u017eence?\">\n\t\t\t\t<strong>Jak\u00fdm zp\u016fsobem dobiji kredit v tzv. Pen\u011b\u017eence?<\/strong>\n\t\t\t<\/summary>\n\t<div class=\"inner-blocks\">\n\n<p>Dobit\u00ed kreditu je mo\u017en\u00e9 p\u0159\u00edmo z administrace, kter\u00e1 V\u00e1m bude v r\u00e1mci registrace zp\u0159\u00edstupn\u011bna.<\/p>\n\n\n\n<p>Do syst\u00e9mu je nutn\u00e9 se p\u0159ihl\u00e1sit e-mailem pen\u011b\u017eenky, pak lze \u00fa\u010det jakkoliv spravovat.<\/p>\n\n\n\n<p class=\"is-style-link-external\">Kredit tak\u00e9 dobijete po p\u0159ihl\u00e1\u0161en\u00ed do <a href=\"https:\/\/klient.seznam.cz\" data-type=\"link\" data-id=\"https:\/\/klient.seznam.cz\">klientsk\u00e9 z\u00f3ny<\/a> e-mailem zvolen\u00fdm jako \u201ePen\u011b\u017eenka\u201c. V lev\u00e9m menu d\u00e1le zvol\u00edte sekci \u201ePen\u011b\u017eenka\u201c a po kliknut\u00ed se hned zobraz\u00ed mo\u017enost pro dobit\u00ed kreditu.<\/p>\n\n\n\n<p>Nejrychlej\u0161\u00edm zp\u016fsobem \u00fahrady je platba kartou online, kdy se kredit prop\u00ed\u0161e do p\u016fl hodiny. Dob\u00edt ho m\u016f\u017eete i bankovn\u00edm p\u0159evodem, v tom p\u0159\u00edpad\u011b v\u0161ak bude kredit props\u00e1n se zpo\u017ed\u011bn\u00edm, tj. do druh\u00e9ho dne. Cenu inzerce naleznete v <a href=\"https:\/\/o-seznam.cz\/napoveda\/sreality\/cenik-sluzeb\/\" data-type=\"page\" data-id=\"691\">cen\u00edku slu\u017eeb<\/a>.<\/p>\n\n\n\n<p><strong>Upozorn\u011bn\u00ed:<\/strong><\/p>\n\n\n\n<p>Kredit nedob\u00edjejte, dokud nebude e-mail pen\u011b\u017eenky sv\u00e1zan\u00fd s I\u010c, tj. neobdr\u017e\u00edte autorizaci z faktura\u010dn\u00edho odd\u011blen\u00ed.<\/p>\n\n\n\n<p>Bez toho nelze vystavovat faktury, jen zjednodu\u0161en\u00e9 doklady. Zp\u011btn\u00e1 oprava ji\u017e nen\u00ed mo\u017en\u00e1.<\/p>\n\n<\/div><\/details>\n\n\n\n<details class=\"expander is-style-box\">\n\t<summary data-datalayer-name=\"\" data-datalayer-text=\"Jak z\u00edsk\u00e1m doklad o uhrazen\u00e9m kreditu?\">\n\t\t\t\t<strong>Jak z\u00edsk\u00e1m doklad o uhrazen\u00e9m kreditu?<\/strong>\n\t\t\t<\/summary>\n\t<div class=\"inner-blocks\">\n\n<p class=\"is-style-link-external\">Ve\u0161ker\u00e9 doklady naleznete v <a href=\"https:\/\/klient.seznam.cz\" data-type=\"link\" data-id=\"https:\/\/klient.seznam.cz\">klientsk\u00e9 z\u00f3n\u011b<\/a>. P\u0159ihlaste se e-mailem zvolen\u00fdm jako Pen\u011b\u017eenka a v lev\u00e9m menu v sekci \u201ePen\u011b\u017eenka\u201c a d\u00e1le \u201eTransakce\u201c m\u00e1te k dispozici v\u0161echny pot\u0159ebn\u00e9 doklady ve form\u00e1tu PDF.<\/p>\n\n<\/div><\/details>\n\n\n\n<details class=\"expander is-style-box\">\n\t<summary data-datalayer-name=\"\" data-datalayer-text=\"Mohu si za\u017e\u00e1dat o p\u0159evod nespot\u0159ebovan\u00e9ho kreditu zp\u011bt na \u00fa\u010det, pokud ji\u017e nepl\u00e1nuji d\u00e1le inzerovat?\">\n\t\t\t\t<strong>Mohu si za\u017e\u00e1dat o p\u0159evod nespot\u0159ebovan\u00e9ho kreditu zp\u011bt na \u00fa\u010det, pokud ji\u017e nepl\u00e1nuji d\u00e1le inzerovat?<\/strong>\n\t\t\t<\/summary>\n\t<div class=\"inner-blocks\">\n\n<p>Samoz\u0159ejm\u011b, po deaktivaci inzer\u00e1t\u016f sta\u010d\u00ed zaslat po\u017eadavek na&nbsp;fakturace@firma.seznam.cz, zde uv\u00e9st e-mail Pen\u011b\u017eenky a \u010d\u00edslo \u00fa\u010dtu, kam maj\u00ed b\u00fdt prost\u0159edky vr\u00e1ceny.<\/p>\n\n\n\n<p>Pro vr\u00e1cen\u00ed kredit\u016f je nutn\u00e9 m\u00edt inzerci deaktivovanou.<\/p>\n\n<\/div><\/details>\n\n\n\n<details class=\"expander is-style-box\">\n\t<summary data-datalayer-name=\"\" data-datalayer-text=\"Je stanovena minim\u00e1ln\u00ed doba inzerce?\">\n\t\t\t\t<strong>Je stanovena minim\u00e1ln\u00ed doba inzerce?<\/strong>\n\t\t\t<\/summary>\n\t<div class=\"inner-blocks\">\n\n<p>Minim\u00e1ln\u00ed doba stanovena nen\u00ed. P\u0159i vkl\u00e1d\u00e1n\u00ed inzer\u00e1tu je sice po\u017eadov\u00e1no zvolen\u00ed platnosti, ta v\u0161ak nen\u00ed z\u00e1vazn\u00e1. Inzer\u00e1t m\u016f\u017eete deaktivovat kdykoliv v pr\u016fb\u011bhu inzerce, klidn\u011b ji\u017e druh\u00fd den.<\/p>\n\n\n\n<p><\/p>\n\n\n\n<p><strong>Upozorn\u011bn\u00ed!<\/strong><\/p>\n\n\n\n<p>Datum vlo\u017een\u00ed = den, kdy inzer\u00e1t za\u010dnete vkl\u00e1dat a ukl\u00e1dat do syst\u00e9mu, nikoli jeho aktivace<\/p>\n\n<\/div><\/details>\n\n\n\n<details class=\"expander is-style-box\">\n\t<summary data-datalayer-name=\"\" data-datalayer-text=\"Zadan\u00fd inzer\u00e1t je ozna\u010den\u00fd jako duplicitn\u00ed. Co to znamen\u00e1?\">\n\t\t\t\t<strong>Zadan\u00fd inzer\u00e1t je ozna\u010den\u00fd jako duplicitn\u00ed. Co to znamen\u00e1?<\/strong>\n\t\t\t<\/summary>\n\t<div class=\"inner-blocks\">\n\n<p>Syst\u00e9m vyhodnocov\u00e1n\u00ed duplicit je opat\u0159en\u00ed proti obch\u00e1zen\u00ed pravidel inzerce a slu\u017eby Topov\u00e1n\u00ed t\u00edm, \u017ee je p\u016fvodn\u00ed inzer\u00e1t smaz\u00e1n a zad\u00e1n znovu jako nov\u00fd.<\/p>\n\n\n\n<p>V\u017edy je nutn\u00e9 upravovat a aktualizovat p\u016fvodn\u00ed verzi inzer\u00e1tu a pro jeho p\u0159esun na p\u0159edn\u00ed pozice vyu\u017e\u00edt slu\u017ebu Topov\u00e1n\u00ed. Jak\u00e9koliv \u00fapravy inzer\u00e1tu, a\u0165 u\u017e jde o cenu, v\u00fdm\u011bnu fotografi\u00ed nebo \u00fapravy parametr\u016f nemovitosti, lze prov\u00e1d\u011bt v p\u016fvodn\u00ed verzi.<\/p>\n\n\n\n<p>Pokud tedy nastane situace, \u017ee je p\u016fvodn\u00ed inzer\u00e1t smazan\u00fd a zadan\u00fd jako nov\u00fd, syst\u00e9m nov\u00fd inzer\u00e1t ozna\u010d\u00ed jako duplicitn\u00ed, co\u017e znamen\u00e1, \u017ee inzer\u00e1t je vypublikovan\u00fd na webu, ale m\u00e1 p\u0159i\u0159azen\u00e9 datum vlo\u017een\u00ed p\u016fvodn\u00edho inzer\u00e1tu. P\u0159\u00edznak duplicity v\u0161ak nebr\u00e1n\u00ed zve\u0159ejn\u011bn\u00ed a inzer\u00e1t lze i topovat.<\/p>\n\n<\/div><\/details>\n\n\n\n<details class=\"expander is-style-box\">\n\t<summary data-datalayer-name=\"\" data-datalayer-text=\"Jak dlouho z\u016fst\u00e1v\u00e1 neaktivn\u00ed inzer\u00e1t v \u00fa\u010dtu? Lze inzer\u00e1t po ur\u010dit\u00e9 dob\u011b obnovit?\">\n\t\t\t\t<strong>Jak dlouho z\u016fst\u00e1v\u00e1 neaktivn\u00ed inzer\u00e1t v \u00fa\u010dtu? Lze inzer\u00e1t po ur\u010dit\u00e9 dob\u011b obnovit?<\/strong>\n\t\t\t<\/summary>\n\t<div class=\"inner-blocks\">\n\n<p>Syst\u00e9m funguje tak, \u017ee k p\u0159esunu inzer\u00e1tu do intern\u00edho archivu doch\u00e1z\u00ed 40 dn\u00ed ode dne smaz\u00e1n\u00ed nebo 40 dn\u00ed od data expirace inzer\u00e1tu. Do t\u00e9 doby lze inzer\u00e1t upravovat i obnovit. Po p\u0159esunu inzer\u00e1tu do archivu ji\u017e nen\u00ed mo\u017en\u00e9 inzerci obnovit a bude pot\u0159eba ji do syst\u00e9mu zadat znovu.<\/p>\n\n<\/div><\/details>\n\n\n\n<details class=\"expander is-style-box\">\n\t<summary data-datalayer-name=\"\" data-datalayer-text=\"Co znamen\u00e1 expirace inzer\u00e1tu?\">\n\t\t\t\t<strong>Co znamen\u00e1 expirace inzer\u00e1tu?<\/strong>\n\t\t\t<\/summary>\n\t<div class=\"inner-blocks\">\n\n<p>Expirace znamen\u00e1, \u017ee inzer\u00e1tu skon\u010dila nastaven\u00e1 platnost (7\u2013360dn\u00ed). Pokud se platnost v mo\u017enostech neprodlou\u017e\u00ed, inzer\u00e1t se ozna\u010d\u00ed jako expirovan\u00fd a p\u0159estane se zve\u0159ej\u0148ovat. Expirovan\u00fd inzer\u00e1t v syst\u00e9mu z\u016fstane 40 dn\u00ed, pot\u00e9 se archivuje a t\u00edm k n\u011bmu ztrat\u00edte p\u0159\u00edstup.<\/p>\n\n\n\n<p>Platnost inzer\u00e1tu lze prodlou\u017eit kliknut\u00edm na &#8222;upravit&#8220; p\u0159\u00edmo u inzer\u00e1tu. V sekci \u201enastaven\u00ed inzerce\u201c.<\/p>\n\n<\/div><\/details>\n\n\n\n<details class=\"expander is-style-box\">\n\t<summary data-datalayer-name=\"\" data-datalayer-text=\"Jak mohu inzer\u00e1t Topovat?\">\n\t\t\t\t<strong>Jak mohu inzer\u00e1t Topovat?<\/strong>\n\t\t\t<\/summary>\n\t<div class=\"inner-blocks\">\n\n<p>Inzer\u00e1t lze topovat kliknut\u00edm na ikonu Topovat u inzer\u00e1tu nebo p\u0159\u00edpadn\u011b p\u0159es importn\u00ed program, pokud m\u00e1 tuto mo\u017enost naprogramovanou.<\/p>\n\n\n\n<p>Slu\u017eba nen\u00ed dostupn\u00e1 prvn\u00ed den vlo\u017een\u00ed inzer\u00e1tu a p\u00e1r minut po editaci inzer\u00e1tu<\/p>\n\n\n\n<p>Cena za jedno topnut\u00ed je 25 K\u010d s DPH, v\u00edce informac\u00ed naleznete <a href=\"https:\/\/o-seznam.cz\/napoveda\/sreality\/o-sluzbe-sreality-cz\/topovani-a-zakaz-obchazeni\/?_gl=1*14cstqt*_up*MQ..*_ga*Nzk2MTc0NzY0LjE3NTEyODM1ODA.*_ga_9183RVVT07*czE3NTEyODM1NzkkbzEkZzAkdDE3NTEyODM1NzkkajYwJGwwJGgw*_ga_8SQNY5WC7K*czE3NTEyODM1NzkkbzEkZzAkdDE3NTEyODM1NzkkajYwJGwwJGgw\" data-type=\"link\" data-id=\"https:\/\/napoveda.sreality.cz\/pravidla-sreality-cz\/topovani-a-zakaz-obchazeni\/\" target=\"_blank\" rel=\"noreferrer noopener\">na t\u00e9to str\u00e1nce<\/a>.<\/p>\n\n<\/div><\/details>\n\n\n\n<details class=\"expander is-style-box\">\n\t<summary data-datalayer-name=\"\" data-datalayer-text=\"Mohu k inzer\u00e1tu nahr\u00e1t video nebo panoramatickou fotografii?\">\n\t\t\t\t<strong>Mohu k inzer\u00e1tu nahr\u00e1t video nebo panoramatickou fotografii?<\/strong>\n\t\t\t<\/summary>\n\t<div class=\"inner-blocks\">\n\n<p>Do administrace je mo\u017en\u00e9 vlo\u017eit a\u017e 10 video soubor\u016f. Po\u010det panoramatick\u00fdch fotografi\u00ed nen\u00ed omezen.<\/p>\n\n\n\n<p>Ve\u0161ker\u00e9 informace k parametr\u016fm videa nebo panoramatick\u00fdch fotek najdete <a href=\"https:\/\/o-seznam.cz\/napoveda\/sreality\/uzitecne-informace\/technicke-parametry-fotografie-videoprohlidky-virtualni-prohlidky\/\" target=\"_blank\" rel=\"noreferrer noopener\">na t\u00e9to str\u00e1nce<\/a>.<\/p>\n\n<\/div><\/details>\n\n\n\n<details class=\"expander is-style-box\">\n\t<summary data-datalayer-name=\"\" data-datalayer-text=\"Mohu k inzer\u00e1tu vlo\u017eit virtu\u00e1ln\u00ed prohl\u00eddku?\">\n\t\t\t\t<strong>Mohu k inzer\u00e1tu vlo\u017eit virtu\u00e1ln\u00ed prohl\u00eddku?<\/strong>\n\t\t\t<\/summary>\n\t<div class=\"inner-blocks\">\n\n<p>K inzer\u00e1tu lze vlo\u017eit jednu virtu\u00e1ln\u00ed prohl\u00eddku ve form\u011b odkazu od spole\u010dnosti Matterport. Jin\u00e9 prohl\u00eddky v sou\u010dasn\u00e9 dob\u011b nejsou podporov\u00e1ny. Odkaz se vkl\u00e1d\u00e1 do p\u0159\u00edslu\u0161n\u00e9 kolonky v sekci \u201eFotogalerie\u201c.<\/p>\n\n\n\n<p>Mattertagy u virtu\u00e1ln\u00ed prohl\u00eddky jsou pro na\u0161e slu\u017eby nepovolen\u00e9.<\/p>\n\n<\/div><\/details>\n\n\n\n<details class=\"expander is-style-box\">\n\t<summary data-datalayer-name=\"\" data-datalayer-text=\"Mohu upravit zadan\u00e9 \u201epanorama\u201c v inzer\u00e1tu?\">\n\t\t\t\t<strong>Mohu upravit zadan\u00e9 \u201epanorama\u201c v inzer\u00e1tu?<\/strong>\n\t\t\t<\/summary>\n\t<div class=\"inner-blocks\">\n\n<p>Ano, panorama je mo\u017en\u00e9 zm\u011bnit p\u0159\u00edpadn\u011b i vypnout.<\/p>\n\n\n\n<p><br>V&nbsp;editaci inzer\u00e1tu, ve druh\u00e9m kroku \u201eFotografie, media\u201c najdete mo\u017enost editace Panorama, kde m\u016f\u017eete zadat vlastn\u00ed URL z&nbsp;mapy.com nebo zru\u0161it zobrazen\u00ed panorama<\/p>\n\n<\/div><\/details>\n\n\n\n<details class=\"expander is-style-box\">\n\t<summary data-datalayer-name=\"\" data-datalayer-text=\"Je mo\u017en\u00e9 zm\u011bnit v \u00fa\u010dtu registrovan\u00e9 RK I\u010c?\">\n\t\t\t\t<strong>Je mo\u017en\u00e9 zm\u011bnit v \u00fa\u010dtu registrovan\u00e9 RK I\u010c?<\/strong>\n\t\t\t<\/summary>\n\t<div class=\"inner-blocks\">\n\n<p>To mo\u017en\u00e9 nen\u00ed. Ke ka\u017ed\u00e9mu I\u010c mus\u00ed existovat samostatn\u00fd \u00fa\u010det a registrace.<\/p>\n\n\n\n<p>V&nbsp;p\u0159\u00edpad\u011b zm\u011bny I\u010c se spojte se sv\u00fdm obchodn\u00edm z\u00e1stupcem, p\u0159\u00edpad\u011b napi\u0161te \u017e\u00e1dost na <a href=\"mailto:info@sreality.cz\">info@sreality.cz<\/a>, kde V\u00e1m s nastaven\u00edm nov\u00e9 registrace pomohou.<\/p>\n\n<\/div><\/details>\n\n\n\n<details class=\"expander is-style-box\">\n\t<summary data-datalayer-name=\"\" data-datalayer-text=\"M\u00e1m z\u00e1jem o realitn\u00ed software od Sreality.cz, jak ho z\u00edsk\u00e1m a kde najdu pot\u0159ebn\u00e9 informace?\">\n\t\t\t\t<strong>M\u00e1m z\u00e1jem o realitn\u00ed software od Sreality.cz, jak ho z\u00edsk\u00e1m a kde najdu pot\u0159ebn\u00e9 informace?<\/strong>\n\t\t\t<\/summary>\n\t<div class=\"inner-blocks\">\n\n<p>Pro z\u00edsk\u00e1n\u00ed na\u0161eho realitn\u00edho softwaru (importn\u00edho programu) s n\u00e1zvem SRS je pot\u0159eba obr\u00e1tit se na na\u0161i podporu na&nbsp;info@sreality.cz.<\/p>\n\n\n\n<p>Podm\u00ednkou pro z\u00edsk\u00e1n\u00ed zv\u00fdhodn\u011bn\u00e9ho bal\u00ed\u010dku je registrace jako realitn\u00ed kancel\u00e1\u0159 a inzerov\u00e1n\u00ed na na\u0161em serveru.<\/p>\n\n\n\n<p class=\"is-style-link-external\">V\u00edce informac\u00ed k cen\u00e1m a dostupn\u00fdm bal\u00ed\u010dk\u016fm naleznete <a href=\"https:\/\/www.sreality.cz\/realitni-software\" data-type=\"link\" data-id=\"https:\/\/www.sreality.cz\/realitni-software\">na t\u00e9to str\u00e1nce<\/a><\/p>\n\n<\/div><\/details>\n\n\n\n<details class=\"expander is-style-box\">\n\t<summary data-datalayer-name=\"\" data-datalayer-text=\"Pot\u0159ebuji prov\u00e9st zm\u011bnu importn\u00edho programu, jak\u00e9 kroky jsou t\u0159eba?\">\n\t\t\t\t<strong>Pot\u0159ebuji prov\u00e9st zm\u011bnu importn\u00edho programu, jak\u00e9 kroky jsou t\u0159eba?<\/strong>\n\t\t\t<\/summary>\n\t<div class=\"inner-blocks\">\n\n<p>P\u0159ed pl\u00e1novanou zm\u011bnou je nutn\u00e9 zaslat e-mail s informacemi na&nbsp;info@sreality.cz. Je t\u0159eba si domluvit term\u00edn zm\u011bny, aby nedo\u0161lo ke koliz\u00edm p\u0159i editaci st\u00e1vaj\u00edc\u00edch inzer\u00e1t\u016f.<\/p>\n\n<\/div><\/details>\n\n\n\n<details class=\"expander is-style-box\">\n\t<summary data-datalayer-name=\"\" data-datalayer-text=\"Vytv\u00e1\u0159\u00edm nov\u00fd importn\u00ed program, co je t\u0159eba k vytvo\u0159en\u00ed nov\u00e9ho importn\u00edho m\u016fstku?\">\n\t\t\t\t<strong>Vytv\u00e1\u0159\u00edm nov\u00fd importn\u00ed program, co je t\u0159eba k vytvo\u0159en\u00ed nov\u00e9ho importn\u00edho m\u016fstku?<\/strong>\n\t\t\t<\/summary>\n\t<div class=\"inner-blocks\">\n\n<p>Informace k vytvo\u0159en\u00ed nov\u00e9ho importu v\u010detn\u011b importn\u00ed dokumentace naleznete <a href=\"https:\/\/o-seznam.cz\/napoveda\/sreality\/pro-realitni-kancelare\/importni-rozhrani\/\" data-type=\"link\" data-id=\"https:\/\/o-seznam.cz\/napoveda\/sreality\/pro-realitni-kancelare\/importni-rozhrani\/\" target=\"_blank\" rel=\"noreferrer noopener\">na t\u00e9to str\u00e1nce<\/a>.<\/p>\n\n\n\n<p>Po naprogramov\u00e1n\u00ed importn\u00edho programu bude vytvo\u0159eno testovac\u00ed prost\u0159ed\u00ed k otestov\u00e1n\u00ed spr\u00e1vnosti p\u0159enosu dat. Po ukon\u010den\u00ed test\u016f vytvo\u0159\u00edme nov\u00fd importn\u00ed kl\u00ed\u010d, nastav\u00edme jej v administraci RK a za\u0161leme p\u0159\u00edstupov\u00e9 \u00fadaje.<\/p>\n\n\n\n<p>Pro vytvo\u0159en\u00ed testovac\u00edho prost\u0159ed\u00ed je pot\u0159eba m\u00edt email, na kter\u00fd se p\u0159\u00edstup vytvo\u0159\u00ed. Je mo\u017en\u00e9 pou\u017e\u00edt jak\u00fdkoli email, kter\u00fd na Sreality.cz nem\u00e1te je\u0161t\u011b pou\u017eit\u00fd. Pokud to bude email od jin\u00e9 slu\u017eby ne\u017e Seznam.cz je pot\u0159eba ho nejd\u0159\u00edve registrovat zde:&nbsp; <a href=\"https:\/\/registrace.seznam.cz\/\">https:\/\/registrace.seznam.cz\/<\/a><\/p>\n\n<\/div><\/details>\n\n\n\n<details class=\"expander is-style-box\">\n\t<summary data-datalayer-name=\"\" data-datalayer-text=\"Je mo\u017en\u00e9 odstranit z webu p\u0159\u00edznak zlevn\u011bn\u00ed po sn\u00ed\u017een\u00ed ceny nemovitosti?\">\n\t\t\t\t<strong>Je mo\u017en\u00e9 odstranit z webu p\u0159\u00edznak zlevn\u011bn\u00ed po sn\u00ed\u017een\u00ed ceny nemovitosti?<\/strong>\n\t\t\t<\/summary>\n\t<div class=\"inner-blocks\">\n\n<p>P\u0159\u00edznak zlevn\u011bn\u00ed se po sn\u00ed\u017een\u00ed ceny nemovitosti zobrazuje na webu t\u00fdden a pot\u00e9 se automaticky skryje.<\/p>\n\n\n\n<p>Pokud v\u0161ak pot\u0159ebujete p\u0159\u00edznak odstranit d\u0159\u00edve, mo\u017en\u00e9 to je. Je pot\u0159eba sn\u00ed\u017eit cenu nemovitosti je\u0161t\u011b o n\u011bco v\u00edce ne\u017e pot\u0159ebujete (cca 10%) a ulo\u017ete. Po ulo\u017een\u00ed se vra\u0165te do editace a zadejte cenu na po\u017eadovanou (vy\u0161\u0161\u00ed). Tak se bude jednat jakoby o zdra\u017een\u00ed a p\u0159\u00edznak se nezobraz\u00ed.<\/p>\n\n<\/div><\/details>\n\n\n\n<details class=\"expander is-style-box\">\n\t<summary data-datalayer-name=\"\" data-datalayer-text=\"Jak odebrat stav nab\u00eddky rezervov\u00e1no nebo prod\u00e1no u inzer\u00e1tu?\">\n\t\t\t\t<strong>Jak odebrat stav nab\u00eddky rezervov\u00e1no nebo prod\u00e1no u inzer\u00e1tu?<\/strong>\n\t\t\t<\/summary>\n\t<div class=\"inner-blocks\">\n\n<p>Parametr rezervov\u00e1no nebo prod\u00e1no se nastavuje ve \u010dtvrt\u00e9m kroku editace inzer\u00e1tu &#8222;nastaven\u00ed inzer\u00e1tu&#8220; a kdy\u017e nen\u00ed vybran\u00fd, tak se nic nezobrazuje, nab\u00eddka je aktu\u00e1ln\u00ed. Pro odebr\u00e1n\u00ed parametru sta\u010d\u00ed znovu kliknout na kolonku &#8222;stav nab\u00eddky&#8220; a pot\u00e9 znovu na rezervov\u00e1no nebo prod\u00e1no (aktu\u00e1ln\u011b se v\u00e1m parametr v nab\u00eddce zobraz\u00ed \u010derven\u011b podbarven\u00fd s fajfkou) a sta\u010d\u00ed pak na \u010derven\u011b podbarven\u00fd parametr znovu kliknout a t\u00edm jej odebrat. Kolonka pot\u00e9 z\u016fstane voln\u00e1.&nbsp;<\/p>\n\n<\/div><\/details>\n\n\n\n<details class=\"expander is-style-box\">\n\t<summary data-datalayer-name=\"\" data-datalayer-text=\"Pro\u010d nemohu zm\u011bnit kategorii nemovitosti? \">\n\t\t\t\t<strong>Pro\u010d nemohu zm\u011bnit kategorii nemovitosti? <\/strong>\n\t\t\t<\/summary>\n\t<div class=\"inner-blocks\">\n\n<p>Kategorii nemovitosti nelze zm\u011bnit (nap\u0159\u00edklad z kategorie domy zm\u011bnit na byty) a je tak pot\u0159eba inzer\u00e1t deaktivovat a zadat ho do syst\u00e9mu znovu se spr\u00e1vnou kategori\u00ed.&nbsp;<\/p>\n\n<\/div><\/details>\n\n\n\n<details class=\"expander is-style-box\">\n\t<summary data-datalayer-name=\"\" data-datalayer-text=\"Je mo\u017en\u00e9 zm\u011bnit nadpis inzer\u00e1tu?\">\n\t\t\t\t<strong>Je mo\u017en\u00e9 zm\u011bnit nadpis inzer\u00e1tu?<\/strong>\n\t\t\t<\/summary>\n\t<div class=\"inner-blocks\">\n\n<p>Nadpis se tvo\u0159\u00ed syst\u00e9mov\u011b automaticky ze zadan\u00fdch parametr\u016f, tak aby vyhled\u00e1v\u00e1n\u00ed bylo jednotn\u00e9 a p\u0159ehledn\u00e9. Ani ze strany klienta ani od n\u00e1s nen\u00ed mo\u017en\u00e9 do nadpisu jakkoli zas\u00e1hnout.<\/p>\n\n<\/div><\/details>\n\n\n\n<details class=\"expander is-style-box\">\n\t<summary data-datalayer-name=\"\" data-datalayer-text=\"Jak mohu nahr\u00e1t do sv\u00e9ho profilu logo kancel\u00e1\u0159e? \">\n\t\t\t\t<strong>Jak mohu nahr\u00e1t do sv\u00e9ho profilu logo kancel\u00e1\u0159e? <\/strong>\n\t\t\t<\/summary>\n\t<div class=\"inner-blocks\">\n\n<p>Logo je pot\u0159eba nahr\u00e1t v profilu Va\u0161\u00ed kancel\u00e1\u0159e na <a href=\"http:\/\/Firmy.cz\">Firmy.cz<\/a>, odkud se propisuje na <a href=\"http:\/\/Sreality.cz\">Sreality.cz<\/a>, av\u0161ak logo se na Srealit\u00e1ch zobraz\u00ed pouze pokud je aktivovan\u00fd Seznam naplno.&nbsp;<\/p>\n\n<\/div><\/details>\n\n<\/div><\/div>\n\n\n\n\n<p><\/p>\n","protected":false},"excerpt":{"rendered":"","protected":false},"author":6,"featured_media":0,"parent":91,"menu_order":0,"comment_status":"closed","ping_status":"closed","template":"","meta":{"_acf_changed":false,"_relevanssi_hide_post":"","_relevanssi_hide_content":"","_relevanssi_pin_for_all":"","_relevanssi_pin_keywords":"","_relevanssi_unpin_keywords":"","_relevanssi_related_keywords":"","_relevanssi_related_include_ids":"","_relevanssi_related_exclude_ids":"","_relevanssi_related_no_append":"","_relevanssi_related_not_related":"","_relevanssi_related_posts":"","_relevanssi_noindex_reason":"","footnotes":""},"page_category":[6],"page_tag":[],"service_status_category":[],"class_list":["post-40","page","type-page","status-publish","hentry"],"acf":[],"_links":{"self":[{"href":"https:\/\/o-seznam.cz\/napoveda\/sreality\/wp-json\/wp\/v2\/pages\/40","targetHints":{"allow":["GET"]}}],"collection":[{"href":"https:\/\/o-seznam.cz\/napoveda\/sreality\/wp-json\/wp\/v2\/pages"}],"about":[{"href":"https:\/\/o-seznam.cz\/napoveda\/sreality\/wp-json\/wp\/v2\/types\/page"}],"author":[{"embeddable":true,"href":"https:\/\/o-seznam.cz\/napoveda\/sreality\/wp-json\/wp\/v2\/users\/6"}],"replies":[{"embeddable":true,"href":"https:\/\/o-seznam.cz\/napoveda\/sreality\/wp-json\/wp\/v2\/comments?post=40"}],"version-history":[{"count":31,"href":"https:\/\/o-seznam.cz\/napoveda\/sreality\/wp-json\/wp\/v2\/pages\/40\/revisions"}],"predecessor-version":[{"id":1486,"href":"https:\/\/o-seznam.cz\/napoveda\/sreality\/wp-json\/wp\/v2\/pages\/40\/revisions\/1486"}],"up":[{"embeddable":true,"href":"https:\/\/o-seznam.cz\/napoveda\/sreality\/wp-json\/wp\/v2\/pages\/91"}],"wp:attachment":[{"href":"https:\/\/o-seznam.cz\/napoveda\/sreality\/wp-json\/wp\/v2\/media?parent=40"}],"wp:term":[{"taxonomy":"page_category","embeddable":true,"href":"https:\/\/o-seznam.cz\/napoveda\/sreality\/wp-json\/wp\/v2\/page_category?post=40"},{"taxonomy":"page_tag","embeddable":true,"href":"https:\/\/o-seznam.cz\/napoveda\/sreality\/wp-json\/wp\/v2\/page_tag?post=40"},{"taxonomy":"service_status_category","embeddable":true,"href":"https:\/\/o-seznam.cz\/napoveda\/sreality\/wp-json\/wp\/v2\/service_status_category?post=40"}],"curies":[{"name":"wp","href":"https:\/\/api.w.org\/{rel}","templated":true}]}}