{"id":193,"date":"2024-09-05T00:43:55","date_gmt":"2024-09-04T22:43:55","guid":{"rendered":"https:\/\/o-seznam.cz\/napoveda\/sreality\/?page_id=193"},"modified":"2025-05-23T10:48:47","modified_gmt":"2025-05-23T08:48:47","slug":"maklerska-penezenka","status":"publish","type":"page","link":"https:\/\/o-seznam.cz\/napoveda\/sreality\/pro-realitni-kancelare\/maklerska-penezenka\/","title":{"rendered":"Makl\u00e9\u0159sk\u00e1 pen\u011b\u017eenka"},"content":{"rendered":"\n<div class=\"wp-block-group is-layout-constrained wp-block-group-is-layout-constrained\">\n<p>Chcete si sami zakoupit dopl\u0148kov\u00e9 slu\u017eby (Tip regionu, Tip makl\u00e9\u0159e, Topov\u00e1n\u00ed) pro sv\u00e9 inzer\u00e1ty \u010di sebe jako makl\u00e9\u0159e mimo Pen\u011b\u017eenku cel\u00e9 spole\u010dnosti? Nastavte si b\u011bhem chvilky makl\u00e9\u0159skou pen\u011b\u017eenku.<\/p>\n<\/div>\n\n\n\n<div class=\"wp-block-group is-layout-constrained wp-block-group-is-layout-constrained\">\n<h2 class=\"wp-block-heading\">Nastaven\u00ed<\/h2>\n\n\n\n<p>Sta\u010d\u00ed v\u00e1m vlastn\u00ed I\u010cO a e-mail, p\u0159es kter\u00fd si budete tyto slu\u017eby kupovat.<\/p>\n\n\n\n<ol class=\"wp-block-list is-style-circle\">\n<li><a href=\"https:\/\/registrace.seznam.cz\/\" data-type=\"link\" data-id=\"https:\/\/registrace.seznam.cz\/\">Vytvo\u0159te si e-mail<\/a>, kter\u00fd v syst\u00e9mu je\u0161t\u011b nen\u00ed registrovan\u00fd<\/li>\n\n\n\n<li><a href=\"https:\/\/klient.seznam.cz\">Napojte e-mail na sv\u00e9 I\u010cO<\/a> a p\u0159ihlaste se. V nastaven\u00ed v z\u00e1lo\u017ece \u201eKontaktn\u00ed a faktura\u010dn\u00ed \u00fadaje\u201c propojte sv\u016fj e-mail s I\u010cO<\/li>\n\n\n\n<li>Za\u0161lete informaci sv\u00e9mu obchodn\u00edmu z\u00e1stupci, aby v\u00e1m napojil makl\u00e9\u0159skou pen\u011b\u017eenku, nebo napi\u0161te na info@sreality.cz<\/li>\n\n\n\n<li>Po p\u0159ihl\u00e1\u0161en\u00ed p\u0159es e-mail si m\u016f\u017eete zvolit po\u017eadovan\u00e9 dopl\u0148kov\u00e9 slu\u017eby pro sebe a svou inzerci<\/li>\n<\/ol>\n<\/div>\n\n\n\n<div class=\"wp-block-group is-layout-constrained wp-block-group-is-layout-constrained\">\n<h2 class=\"wp-block-heading\">Dopl\u0148kov\u00e9 slu\u017eby<\/h2>\n\n\n\n<ul class=\"wp-block-list\">\n<li><a href=\"https:\/\/o-seznam.cz\/napoveda\/sreality\/pro-realitni-kancelare\/tip-regionu\/\" data-type=\"page\" data-id=\"175\">Tip regionu<\/a><\/li>\n\n\n\n<li><a href=\"https:\/\/o-seznam.cz\/napoveda\/sreality\/pro-realitni-kancelare\/tip-maklere\/\" data-type=\"page\" data-id=\"181\">Tip makl\u00e9\u0159e<\/a><\/li>\n\n\n\n<li>Topov\u00e1n\u00ed\n<ul class=\"wp-block-list\">\n<li>Inzer\u00e1t lze kdykoli \u201eTopovat\u201c.\u00a0Zaplacen\u00edm 25 K\u010d vyst\u0159el\u00edte inzer\u00e1t op\u011bt mezi p\u0159edn\u00ed pozice<\/li>\n\n\n\n<li>Topovat lze p\u0159es administra\u010dn\u00ed rozhran\u00ed<\/li>\n<\/ul>\n<\/li>\n<\/ul>\n<\/div>\n","protected":false},"excerpt":{"rendered":"<p>Chcete si sami zakoupit dopl\u0148kov\u00e9 slu\u017eby (Tip regionu, Tip makl\u00e9\u0159e, Topov\u00e1n\u00ed) pro sv\u00e9 inzer\u00e1ty \u010di sebe jako makl\u00e9\u0159e mimo Pen\u011b\u017eenku cel\u00e9 spole\u010dnosti? Nastavte si b\u011bhem chvilky makl\u00e9\u0159skou pen\u011b\u017eenku. Nastaven\u00ed Sta\u010d\u00ed v\u00e1m vlastn\u00ed I\u010cO a e-mail, p\u0159es kter\u00fd si budete tyto slu\u017eby kupovat. Dopl\u0148kov\u00e9 slu\u017eby<\/p>\n","protected":false},"author":6,"featured_media":0,"parent":97,"menu_order":0,"comment_status":"closed","ping_status":"closed","template":"page-sidemenu","meta":{"_acf_changed":false,"_relevanssi_hide_post":"","_relevanssi_hide_content":"","_relevanssi_pin_for_all":"","_relevanssi_pin_keywords":"","_relevanssi_unpin_keywords":"","_relevanssi_related_keywords":"","_relevanssi_related_include_ids":"","_relevanssi_related_exclude_ids":"","_relevanssi_related_no_append":"","_relevanssi_related_not_related":"","_relevanssi_related_posts":"","_relevanssi_noindex_reason":"","footnotes":""},"page_category":[4],"page_tag":[],"service_status_category":[],"class_list":["post-193","page","type-page","status-publish","hentry"],"acf":[],"_links":{"self":[{"href":"https:\/\/o-seznam.cz\/napoveda\/sreality\/wp-json\/wp\/v2\/pages\/193","targetHints":{"allow":["GET"]}}],"collection":[{"href":"https:\/\/o-seznam.cz\/napoveda\/sreality\/wp-json\/wp\/v2\/pages"}],"about":[{"href":"https:\/\/o-seznam.cz\/napoveda\/sreality\/wp-json\/wp\/v2\/types\/page"}],"author":[{"embeddable":true,"href":"https:\/\/o-seznam.cz\/napoveda\/sreality\/wp-json\/wp\/v2\/users\/6"}],"replies":[{"embeddable":true,"href":"https:\/\/o-seznam.cz\/napoveda\/sreality\/wp-json\/wp\/v2\/comments?post=193"}],"version-history":[{"count":12,"href":"https:\/\/o-seznam.cz\/napoveda\/sreality\/wp-json\/wp\/v2\/pages\/193\/revisions"}],"predecessor-version":[{"id":1355,"href":"https:\/\/o-seznam.cz\/napoveda\/sreality\/wp-json\/wp\/v2\/pages\/193\/revisions\/1355"}],"up":[{"embeddable":true,"href":"https:\/\/o-seznam.cz\/napoveda\/sreality\/wp-json\/wp\/v2\/pages\/97"}],"wp:attachment":[{"href":"https:\/\/o-seznam.cz\/napoveda\/sreality\/wp-json\/wp\/v2\/media?parent=193"}],"wp:term":[{"taxonomy":"page_category","embeddable":true,"href":"https:\/\/o-seznam.cz\/napoveda\/sreality\/wp-json\/wp\/v2\/page_category?post=193"},{"taxonomy":"page_tag","embeddable":true,"href":"https:\/\/o-seznam.cz\/napoveda\/sreality\/wp-json\/wp\/v2\/page_tag?post=193"},{"taxonomy":"service_status_category","embeddable":true,"href":"https:\/\/o-seznam.cz\/napoveda\/sreality\/wp-json\/wp\/v2\/service_status_category?post=193"}],"curies":[{"name":"wp","href":"https:\/\/api.w.org\/{rel}","templated":true}]}}