{"id":191,"date":"2024-09-05T00:55:21","date_gmt":"2024-09-04T22:55:21","guid":{"rendered":"https:\/\/o-seznam.cz\/napoveda\/sreality\/?page_id=191"},"modified":"2024-10-02T23:54:37","modified_gmt":"2024-10-02T21:54:37","slug":"navod","status":"publish","type":"page","link":"https:\/\/o-seznam.cz\/napoveda\/sreality\/pro-realitni-kancelare\/developerske-projekty\/navod\/","title":{"rendered":"N\u00e1vod pro developersk\u00e9 projekty"},"content":{"rendered":"\n<div class=\"wp-block-group is-layout-constrained wp-block-group-is-layout-constrained\">\n<p>Podm\u00ednkou je m\u00edt aktivaci na Sreality jako \u201eRealitn\u00ed kancel\u00e1\u0159 a developer\u201c. V p\u0159\u00edpad\u011b, \u017ee m\u00e1te aktivaci vedenou jinak, kontaktujte pros\u00edm info@sreality.cz.<\/p>\n\n\n\n<ul class=\"wp-block-list\">\n<li>Projekt vytvo\u0159\u00edte na kart\u011b \u201eProjekty\u201c kliknut\u00edm na odkaz \u201eNov\u00fd projekt\u201c<\/li>\n\n\n\n<li>V\u00fdb\u011brem p\u0159\u00edslu\u0161n\u00e9ho developersk\u00e9ho projektu v\u00a0editaci inzer\u00e1tu ho s\u00a0inzerc\u00ed propoj\u00edte<\/li>\n\n\n\n<li>Inzer\u00e1ty se prop\u00ed\u0161\u00ed a zobraz\u00ed se i v inzerci u projektu<\/li>\n\n\n\n<li>Kdy\u017e si pak n\u00e1v\u0161t\u011bvn\u00edk Srealit vyhled\u00e1 projekt, uvid\u00ed pod n\u00edm i nav\u00e1zan\u00e9 inzer\u00e1ty<\/li>\n\n\n\n<li>Jako sou\u010d\u00e1st projektu uvid\u00ed i byty a domy vyhledan\u00e9 pomoc\u00ed filtru<\/li>\n<\/ul>\n\n\n\n<p>Cena za projekt je 5 K\u010d\/den. Nav\u00edc se plat\u00ed za zadan\u00e9 inzer\u00e1ty (nap\u0159. 1 inzer\u00e1t za 60 K\u010d bez DPH).<\/p>\n<\/div>\n","protected":false},"excerpt":{"rendered":"<p>Podm\u00ednkou je m\u00edt aktivaci na Sreality jako \u201eRealitn\u00ed kancel\u00e1\u0159 a developer\u201c. V p\u0159\u00edpad\u011b, \u017ee m\u00e1te aktivaci vedenou jinak, kontaktujte pros\u00edm info@sreality.cz. Cena za projekt je 5 K\u010d\/den. Nav\u00edc se plat\u00ed za zadan\u00e9 inzer\u00e1ty (nap\u0159. 1 inzer\u00e1t za 60 K\u010d bez DPH).<\/p>\n","protected":false},"author":6,"featured_media":0,"parent":189,"menu_order":0,"comment_status":"closed","ping_status":"closed","template":"page-sidemenu","meta":{"_acf_changed":false,"_relevanssi_hide_post":"","_relevanssi_hide_content":"","_relevanssi_pin_for_all":"","_relevanssi_pin_keywords":"","_relevanssi_unpin_keywords":"","_relevanssi_related_keywords":"","_relevanssi_related_include_ids":"","_relevanssi_related_exclude_ids":"","_relevanssi_related_no_append":"","_relevanssi_related_not_related":"","_relevanssi_related_posts":"","_relevanssi_noindex_reason":"","footnotes":""},"page_category":[4],"page_tag":[],"service_status_category":[],"class_list":["post-191","page","type-page","status-publish","hentry"],"acf":[],"_links":{"self":[{"href":"https:\/\/o-seznam.cz\/napoveda\/sreality\/wp-json\/wp\/v2\/pages\/191","targetHints":{"allow":["GET"]}}],"collection":[{"href":"https:\/\/o-seznam.cz\/napoveda\/sreality\/wp-json\/wp\/v2\/pages"}],"about":[{"href":"https:\/\/o-seznam.cz\/napoveda\/sreality\/wp-json\/wp\/v2\/types\/page"}],"author":[{"embeddable":true,"href":"https:\/\/o-seznam.cz\/napoveda\/sreality\/wp-json\/wp\/v2\/users\/6"}],"replies":[{"embeddable":true,"href":"https:\/\/o-seznam.cz\/napoveda\/sreality\/wp-json\/wp\/v2\/comments?post=191"}],"version-history":[{"count":13,"href":"https:\/\/o-seznam.cz\/napoveda\/sreality\/wp-json\/wp\/v2\/pages\/191\/revisions"}],"predecessor-version":[{"id":669,"href":"https:\/\/o-seznam.cz\/napoveda\/sreality\/wp-json\/wp\/v2\/pages\/191\/revisions\/669"}],"up":[{"embeddable":true,"href":"https:\/\/o-seznam.cz\/napoveda\/sreality\/wp-json\/wp\/v2\/pages\/189"}],"wp:attachment":[{"href":"https:\/\/o-seznam.cz\/napoveda\/sreality\/wp-json\/wp\/v2\/media?parent=191"}],"wp:term":[{"taxonomy":"page_category","embeddable":true,"href":"https:\/\/o-seznam.cz\/napoveda\/sreality\/wp-json\/wp\/v2\/page_category?post=191"},{"taxonomy":"page_tag","embeddable":true,"href":"https:\/\/o-seznam.cz\/napoveda\/sreality\/wp-json\/wp\/v2\/page_tag?post=191"},{"taxonomy":"service_status_category","embeddable":true,"href":"https:\/\/o-seznam.cz\/napoveda\/sreality\/wp-json\/wp\/v2\/service_status_category?post=191"}],"curies":[{"name":"wp","href":"https:\/\/api.w.org\/{rel}","templated":true}]}}