{"id":189,"date":"2024-09-05T00:57:46","date_gmt":"2024-09-04T22:57:46","guid":{"rendered":"https:\/\/o-seznam.cz\/napoveda\/sreality\/?page_id=189"},"modified":"2025-05-23T10:05:44","modified_gmt":"2025-05-23T08:05:44","slug":"developerske-projekty","status":"publish","type":"page","link":"https:\/\/o-seznam.cz\/napoveda\/sreality\/pro-realitni-kancelare\/developerske-projekty\/","title":{"rendered":"Developersk\u00e9 projekty"},"content":{"rendered":"\n<div class=\"wp-block-group is-layout-constrained wp-block-group-is-layout-constrained\">\n<p>Z\u00e1lo\u017eka slou\u017e\u00ed k zalo\u017een\u00ed a v\u00fdpisu developersk\u00fdch projekt\u016f &#8211; v na\u0161em pojet\u00ed je developersk\u00fd projekt br\u00e1n jako &#8222;ob\u00e1lka&#8220; pro inzer\u00e1ty v dan\u00e9m developersk\u00e9m projektu, kde se vyp\u00ed\u0161ou spole\u010dn\u00e9 informace pro v\u0161echny jednotky obsa\u017een\u00e9 v&nbsp;developersk\u00e9m projektu.<\/p>\n\n\n\n<p>Inzer\u00e1t do developersk\u00e9ho projektu lze zadat v\u00a0z\u00e1lo\u017ece Projekty.<\/p>\n\n\n<nav class=\"menu-anchors\">\n<ul>\n\t<li><a href=\"#zakladni-informace\">Z\u00e1kladn\u00ed informace o projektu<\/a><\/li>\n<li><a href=\"#fotografie-a-media\">Fotografie a m\u00e9dia<\/a><\/li>\n<li><a href=\"#vlastnosti\">Vlastnosti projektu<\/a><\/li>\n<li><a href=\"#popis\">Popis projektu<\/a><\/li>\n<li><a href=\"#nastaveni\">Nastaven\u00ed projektu<\/a><\/li>\n<\/ul>\n\n<\/nav>\n<\/div>\n\n\n\n<div class=\"wp-block-group is-layout-constrained wp-block-group-is-layout-constrained\">\n<h2 class=\"wp-block-heading\" id=\"zakladni-informace\">Z\u00e1kladn\u00ed informace o projektu<\/h2>\n\n\n\n<p>Obsahuje povinn\u00e9 polo\u017eky, kter\u00e9 je nutn\u00e9 zadat:<\/p>\n\n\n\n<ul class=\"wp-block-list\">\n<li>N\u00e1zev projektu \u2013 zadejte libovoln\u00fd n\u00e1zev projektu \u2013 n\u00e1zev je kontrolov\u00e1n administr\u00e1tory, aby neporu\u0161oval pravidla<\/li>\n\n\n\n<li>Lokalita \u2013 zadejte ulici, m\u011bsto, p\u0159\u00edpadn\u011b sou\u0159adnice GPS a vynerte spr\u00e1vnou lokalitu s nab\u00eddky<\/li>\n\n\n\n<li>Popis lokality \u2013 max. 700 znak\u016f<\/li>\n<\/ul>\n<\/div>\n\n\n\n<div class=\"wp-block-group is-layout-constrained wp-block-group-is-layout-constrained\">\n<h2 class=\"wp-block-heading\" id=\"fotografie-a-media\">Fotografie a m\u00e9dia<\/h2>\n\n\n\n<ul class=\"wp-block-list\">\n<li>Fotografie \u2013 nahrajte min. 3 a max. 100 fotografi\u00ed. Je t\u0159eba dodat v\u017edy alespo\u0148 3 r\u016fzn\u00e9 fotografie nab\u00edzen\u00e9 nemovitosti. Min. rozli\u0161en\u00ed 480&#215;360 px, podporovan\u00fd form\u00e1t .jpg<\/li>\n\n\n\n<li>Video \u2013 m\u016f\u017eete vlo\u017eit a\u017e 10 vide\u00ed, ka\u017ed\u00e9 video mus\u00ed b\u00fdt do velikosti max. 3 GB. Podporujeme t\u00e9m\u011b\u0159 v\u0161echny form\u00e1ty<\/li>\n<\/ul>\n<\/div>\n\n\n\n<div class=\"wp-block-group is-layout-constrained wp-block-group-is-layout-constrained\">\n<h2 class=\"wp-block-heading\" id=\"vlastnosti\">Vlastnosti projektu<\/h2>\n\n\n\n<ul class=\"wp-block-list\">\n<li>Zde vypl\u0148te konstruk\u010dn\u00ed prvky projektu a pou\u017eit\u00e9 materi\u00e1ly<\/li>\n<\/ul>\n<\/div>\n\n\n\n<div class=\"wp-block-group is-layout-constrained wp-block-group-is-layout-constrained\">\n<h2 class=\"wp-block-heading\" id=\"popis\">Popis projektu<\/h2>\n\n\n\n<ul class=\"wp-block-list\">\n<li>Anotace \u2013 vypl\u0148te kr\u00e1tk\u00fd popis developersk\u00e9ho projektu, kter\u00fd se zobrazuje ve v\u00fdpisu developersk\u00fdch projekt\u016f na webov\u00fdch str\u00e1nk\u00e1ch &#8211; omezen na 500 znak\u016f<\/li>\n\n\n\n<li>Popis \u2013 zde m\u016f\u017eete vyplnit podrobn\u00fd popisu developersk\u00e9ho projektu &#8211; max. 1200 znak\u016f<\/li>\n<\/ul>\n<\/div>\n\n\n\n<div class=\"wp-block-group is-layout-constrained wp-block-group-is-layout-constrained\">\n<h2 class=\"wp-block-heading\" id=\"nastaveni\">Nastaven\u00ed projektu<\/h2>\n\n\n\n<ul class=\"wp-block-list\">\n<li>Napojen\u00ed na:\n<ol class=\"wp-block-list\">\n<li>Realitn\u00ed kancel\u00e1\u0159 \u2013 uve\u010fte, kdo bude prod\u00e1vat jednotky v\u00a0developersk\u00e9m projektu<\/li>\n\n\n\n<li>Developer \u2013 vyberte developera<\/li>\n<\/ol>\n<\/li>\n\n\n\n<li>Term\u00edny \u2013 vypl\u0148te term\u00edny t\u00fdkaj\u00edc\u00ed se developersk\u00e9ho projektu (zah\u00e1jen\u00ed prodeje, term\u00edn dokon\u010den\u00ed v\u00fdstavby a term\u00edn mo\u017en\u00e9ho nast\u011bhov\u00e1n\u00ed)<\/li>\n\n\n\n<li>P\u0159es tla\u010d\u00edtko \u201eP\u0159idat inzer\u00e1ty\u201c lze propojit jednotliv\u00e9 inzer\u00e1ty, kter\u00e9 chcete m\u00edt nav\u00e1zan\u00e9 na developersk\u00fd projekt<\/li>\n<\/ul>\n<\/div>\n\n\n\n<p><\/p>\n","protected":false},"excerpt":{"rendered":"<p>Z\u00e1lo\u017eka slou\u017e\u00ed k zalo\u017een\u00ed a v\u00fdpisu developersk\u00fdch projekt\u016f &#8211; v na\u0161em pojet\u00ed je developersk\u00fd projekt br\u00e1n jako &#8222;ob\u00e1lka&#8220; pro inzer\u00e1ty v dan\u00e9m developersk\u00e9m projektu, kde se vyp\u00ed\u0161ou spole\u010dn\u00e9 informace pro v\u0161echny jednotky obsa\u017een\u00e9 v&nbsp;developersk\u00e9m projektu. Inzer\u00e1t do developersk\u00e9ho projektu lze zadat v\u00a0z\u00e1lo\u017ece Projekty. Z\u00e1kladn\u00ed informace o projektu Obsahuje povinn\u00e9 polo\u017eky, kter\u00e9 je nutn\u00e9 zadat: Fotografie [&hellip;]<\/p>\n","protected":false},"author":6,"featured_media":0,"parent":97,"menu_order":0,"comment_status":"closed","ping_status":"closed","template":"page-sidemenu","meta":{"_acf_changed":false,"_relevanssi_hide_post":"","_relevanssi_hide_content":"","_relevanssi_pin_for_all":"","_relevanssi_pin_keywords":"","_relevanssi_unpin_keywords":"","_relevanssi_related_keywords":"","_relevanssi_related_include_ids":"","_relevanssi_related_exclude_ids":"","_relevanssi_related_no_append":"","_relevanssi_related_not_related":"","_relevanssi_related_posts":"","_relevanssi_noindex_reason":"","footnotes":""},"page_category":[4],"page_tag":[],"service_status_category":[],"class_list":["post-189","page","type-page","status-publish","hentry"],"acf":[],"_links":{"self":[{"href":"https:\/\/o-seznam.cz\/napoveda\/sreality\/wp-json\/wp\/v2\/pages\/189","targetHints":{"allow":["GET"]}}],"collection":[{"href":"https:\/\/o-seznam.cz\/napoveda\/sreality\/wp-json\/wp\/v2\/pages"}],"about":[{"href":"https:\/\/o-seznam.cz\/napoveda\/sreality\/wp-json\/wp\/v2\/types\/page"}],"author":[{"embeddable":true,"href":"https:\/\/o-seznam.cz\/napoveda\/sreality\/wp-json\/wp\/v2\/users\/6"}],"replies":[{"embeddable":true,"href":"https:\/\/o-seznam.cz\/napoveda\/sreality\/wp-json\/wp\/v2\/comments?post=189"}],"version-history":[{"count":32,"href":"https:\/\/o-seznam.cz\/napoveda\/sreality\/wp-json\/wp\/v2\/pages\/189\/revisions"}],"predecessor-version":[{"id":1349,"href":"https:\/\/o-seznam.cz\/napoveda\/sreality\/wp-json\/wp\/v2\/pages\/189\/revisions\/1349"}],"up":[{"embeddable":true,"href":"https:\/\/o-seznam.cz\/napoveda\/sreality\/wp-json\/wp\/v2\/pages\/97"}],"wp:attachment":[{"href":"https:\/\/o-seznam.cz\/napoveda\/sreality\/wp-json\/wp\/v2\/media?parent=189"}],"wp:term":[{"taxonomy":"page_category","embeddable":true,"href":"https:\/\/o-seznam.cz\/napoveda\/sreality\/wp-json\/wp\/v2\/page_category?post=189"},{"taxonomy":"page_tag","embeddable":true,"href":"https:\/\/o-seznam.cz\/napoveda\/sreality\/wp-json\/wp\/v2\/page_tag?post=189"},{"taxonomy":"service_status_category","embeddable":true,"href":"https:\/\/o-seznam.cz\/napoveda\/sreality\/wp-json\/wp\/v2\/service_status_category?post=189"}],"curies":[{"name":"wp","href":"https:\/\/api.w.org\/{rel}","templated":true}]}}