{"id":185,"date":"2024-09-05T01:33:36","date_gmt":"2024-09-04T23:33:36","guid":{"rendered":"https:\/\/o-seznam.cz\/napoveda\/sreality\/?page_id=185"},"modified":"2025-05-23T12:59:44","modified_gmt":"2025-05-23T10:59:44","slug":"tip-logo","status":"publish","type":"page","link":"https:\/\/o-seznam.cz\/napoveda\/sreality\/pro-realitni-kancelare\/tip-logo\/","title":{"rendered":"Tip logo"},"content":{"rendered":"\n<div class=\"wp-block-group is-layout-constrained wp-block-group-is-layout-constrained\">\n<p>Tip logo je reklamn\u00ed form\u00e1t ve fotografii inzerenta ve v\u00fdpisu inzer\u00e1t\u016f na Sreality.cz. Zobrazuje se u v\u0161ech vystaven\u00fdch inzer\u00e1t\u016f realitn\u00ed kancel\u00e1\u0159e a pom\u00e1h\u00e1 se zviditeln\u011bn\u00edm zna\u010dky.\u00a0<\/p>\n<\/div>\n\n\n\n<div class=\"wp-block-group is-layout-constrained wp-block-group-is-layout-constrained\">\n<h2 class=\"wp-block-heading\" id=\"zobrazeni\"><strong>Kdy a kde se zobrazuje<\/strong><\/h2>\n\n\n\n<ul class=\"wp-block-list\">\n<li>Cel\u00fd den u ka\u017ed\u00e9ho inzer\u00e1tu ve v\u00fdpisu<\/li>\n<\/ul>\n<\/div>\n\n\n\n<div class=\"wp-block-group is-layout-constrained wp-block-group-is-layout-constrained\">\n<h2 class=\"wp-block-heading\" id=\"objednavka\"><strong>Jak ho objednat<\/strong><\/h2>\n\n\n\n<ul class=\"wp-block-list\">\n<li>V administra\u010dn\u00edm rozhran\u00ed Sreality.cz<\/li>\n\n\n\n<li>Dal\u0161\u00ed informace najdete\u00a0na str\u00e1nce <a href=\"https:\/\/o-seznam.cz\/napoveda\/sreality\/pro-realitni-kancelare\/tip-logo\/navod\/\">N\u00e1vod pro Tip logo<\/a><\/li>\n<\/ul>\n<\/div>\n\n\n\n<div class=\"wp-block-group is-layout-constrained wp-block-group-is-layout-constrained\">\n<h2 class=\"wp-block-heading\" id=\"platba\"><strong>Jak<\/strong> zaplatit<\/h2>\n\n\n\n<ul class=\"wp-block-list\">\n<li>Hrad\u00ed se automaticky z nabit\u00e9 Pen\u011b\u017eenky<\/li>\n<\/ul>\n<\/div>\n\n\n\n<div class=\"wp-block-group is-layout-constrained wp-block-group-is-layout-constrained\">\n<h2 class=\"wp-block-heading\">N\u00e1vod na zakoupen\u00ed Tip logo<\/h2>\n\n\n\n<p class=\"is-style-link-external\">Kompletn\u00ed n\u00e1vod v\u010detn\u011b n\u00e1hled\u016f najdete na\u00a0str\u00e1nce <a href=\"https:\/\/szno.cz\/cs\/b2b\/fcyzb0qr\/\">Sreality.cz &#8211; n\u00e1vod pro Tip logo<\/a>.<\/p>\n<\/div>\n\n\n\n<div class=\"wp-block-group is-layout-constrained wp-block-group-is-layout-constrained\">\n<h2 class=\"wp-block-heading\" id=\"videonavod\">Videon\u00e1vod<\/h2>\n\n\n<div class=\"align wp-block-seznam-stream\"><div class=\"streamAdvanced \">\n\t<button data-stream-video-advanced=\"65123724\">\n\t\t<img loading=\"lazy\" decoding=\"async\" width=\"1280\" height=\"720\" src=\"https:\/\/o-seznam.cz\/napoveda\/sreality\/wp-content\/uploads\/sites\/11\/2024\/10\/sreality-logo-1280x720.jpg\" class=\"attachment-ipq-1280x720-true size-ipq-1280x720-true\" alt=\"\" srcset=\"https:\/\/o-seznam.cz\/napoveda\/sreality\/wp-content\/uploads\/sites\/11\/2024\/10\/sreality-logo-1280x720.jpg 1280w, https:\/\/o-seznam.cz\/napoveda\/sreality\/wp-content\/uploads\/sites\/11\/2024\/10\/sreality-logo-992x558.jpg 992w\" sizes=\"auto, (max-width: 1280px) 100vw, 1280px\" \/>\t\t<div class=\"streamAdvanced__button\">\n\t\t\t<div>\n\t\t\t\tJak objednat Tip logo\t\t\t\t\t\t\t<\/div>\n\t\t<\/div>\n\t<\/button>\n<\/div>\n<\/div><\/div>\n","protected":false},"excerpt":{"rendered":"<p>Tip logo je reklamn\u00ed form\u00e1t ve fotografii inzerenta ve v\u00fdpisu inzer\u00e1t\u016f na Sreality.cz. Zobrazuje se u v\u0161ech vystaven\u00fdch inzer\u00e1t\u016f realitn\u00ed kancel\u00e1\u0159e a pom\u00e1h\u00e1 se zviditeln\u011bn\u00edm zna\u010dky.\u00a0 Kdy a kde se zobrazuje Jak ho objednat Jak zaplatit N\u00e1vod na zakoupen\u00ed Tip logo Kompletn\u00ed n\u00e1vod v\u010detn\u011b n\u00e1hled\u016f najdete na\u00a0str\u00e1nce Sreality.cz &#8211; n\u00e1vod pro Tip logo. Videon\u00e1vod<\/p>\n","protected":false},"author":6,"featured_media":0,"parent":97,"menu_order":0,"comment_status":"closed","ping_status":"closed","template":"page-sidemenu","meta":{"_acf_changed":false,"_relevanssi_hide_post":"","_relevanssi_hide_content":"","_relevanssi_pin_for_all":"","_relevanssi_pin_keywords":"","_relevanssi_unpin_keywords":"","_relevanssi_related_keywords":"","_relevanssi_related_include_ids":"","_relevanssi_related_exclude_ids":"","_relevanssi_related_no_append":"","_relevanssi_related_not_related":"","_relevanssi_related_posts":"","_relevanssi_noindex_reason":"","footnotes":""},"page_category":[4],"page_tag":[],"service_status_category":[],"class_list":["post-185","page","type-page","status-publish","hentry"],"acf":[],"_links":{"self":[{"href":"https:\/\/o-seznam.cz\/napoveda\/sreality\/wp-json\/wp\/v2\/pages\/185","targetHints":{"allow":["GET"]}}],"collection":[{"href":"https:\/\/o-seznam.cz\/napoveda\/sreality\/wp-json\/wp\/v2\/pages"}],"about":[{"href":"https:\/\/o-seznam.cz\/napoveda\/sreality\/wp-json\/wp\/v2\/types\/page"}],"author":[{"embeddable":true,"href":"https:\/\/o-seznam.cz\/napoveda\/sreality\/wp-json\/wp\/v2\/users\/6"}],"replies":[{"embeddable":true,"href":"https:\/\/o-seznam.cz\/napoveda\/sreality\/wp-json\/wp\/v2\/comments?post=185"}],"version-history":[{"count":12,"href":"https:\/\/o-seznam.cz\/napoveda\/sreality\/wp-json\/wp\/v2\/pages\/185\/revisions"}],"predecessor-version":[{"id":1375,"href":"https:\/\/o-seznam.cz\/napoveda\/sreality\/wp-json\/wp\/v2\/pages\/185\/revisions\/1375"}],"up":[{"embeddable":true,"href":"https:\/\/o-seznam.cz\/napoveda\/sreality\/wp-json\/wp\/v2\/pages\/97"}],"wp:attachment":[{"href":"https:\/\/o-seznam.cz\/napoveda\/sreality\/wp-json\/wp\/v2\/media?parent=185"}],"wp:term":[{"taxonomy":"page_category","embeddable":true,"href":"https:\/\/o-seznam.cz\/napoveda\/sreality\/wp-json\/wp\/v2\/page_category?post=185"},{"taxonomy":"page_tag","embeddable":true,"href":"https:\/\/o-seznam.cz\/napoveda\/sreality\/wp-json\/wp\/v2\/page_tag?post=185"},{"taxonomy":"service_status_category","embeddable":true,"href":"https:\/\/o-seznam.cz\/napoveda\/sreality\/wp-json\/wp\/v2\/service_status_category?post=185"}],"curies":[{"name":"wp","href":"https:\/\/api.w.org\/{rel}","templated":true}]}}