{"id":183,"date":"2024-09-05T01:05:11","date_gmt":"2024-09-04T23:05:11","guid":{"rendered":"https:\/\/o-seznam.cz\/napoveda\/sreality\/?page_id=183"},"modified":"2025-01-10T12:32:13","modified_gmt":"2025-01-10T11:32:13","slug":"navod","status":"publish","type":"page","link":"https:\/\/o-seznam.cz\/napoveda\/sreality\/pro-realitni-kancelare\/tip-maklere\/navod\/","title":{"rendered":"N\u00e1vod pro Tip makl\u00e9\u0159e"},"content":{"rendered":"\n<div class=\"wp-block-group is-layout-constrained wp-block-group-is-layout-constrained\">\n<p>Tip makl\u00e9\u0159e je reklamn\u00ed form\u00e1t ve v\u00fdpisu inzer\u00e1t\u016f na Sreality.cz. Zobrazuje prezentaci prodejce (makl\u00e9\u0159e) podle konkr\u00e9tn\u00ed oblasti, typu nab\u00eddky a kategorie nemovitosti.<\/p>\n<\/div>\n\n\n\n<div class=\"wp-block-group is-layout-constrained wp-block-group-is-layout-constrained\">\n<h2 class=\"wp-block-heading\" id=\"zobrazeni\">Kdy a kde se zobrazuje<\/h2>\n\n\n\n<ul class=\"wp-block-list\">\n<li>Po cel\u00fd t\u00fdden na ka\u017ed\u00e9 str\u00e1nce v\u00fdpisu inzer\u00e1t\u016f, maxim\u00e1ln\u011b na jedn\u00e9 pozici<\/li>\n\n\n\n<li>S nastaven\u00fdm filtrem v\u00fdpisu inzer\u00e1t\u016f. Pro zobrazen\u00ed mus\u00ed b\u00fdt ve vyhled\u00e1v\u00e1n\u00ed zadan\u00fd alespo\u0148 typ prodeje, kategorie nemovitosti a lokalita<\/li>\n<\/ul>\n<\/div>\n\n\n\n<div class=\"wp-block-group is-layout-constrained wp-block-group-is-layout-constrained\">\n<h2 class=\"wp-block-heading\" id=\"objednavka\">Jak se objedn\u00e1v\u00e1<\/h2>\n\n\n\n<ul class=\"wp-block-list\">\n<li>V administra\u010dn\u00edm rozhran\u00ed Sreality.cz. Zad\u00e1v\u00e1 se lokalita, typ prodeje a kategorie nemovitosti<\/li>\n\n\n\n<li>Lokalitu je mo\u017en\u00e9 specifikovat na kraj, okres nebo obvod Prahy<\/li>\n\n\n\n<li>Kategorie jsou: byty, domy, pozemky, komer\u010dn\u00ed a ostatn\u00ed<\/li>\n\n\n\n<li>Do objednan\u00e9ho Tipu makl\u00e9\u0159e m\u016f\u017eete vlo\u017eit v\u0161echny makl\u00e9\u0159e realitn\u00ed kancel\u00e1\u0159e, cena z\u016fstane st\u00e1le stejn\u00e1. Viz <a href=\"https:\/\/o-seznam.cz\/napoveda\/sreality\/cenik-sluzeb\/\" data-type=\"page\" data-id=\"691\">cen\u00edk<\/a> dle c\u00edlen\u00ed<\/li>\n\n\n\n<li>Jednotliv\u00e9 makl\u00e9\u0159e i texty popisk\u016f m\u016f\u017eete v&nbsp;r\u00e1mci obdob\u00ed libovoln\u011b m\u011bnit<\/li>\n\n\n\n<li>Prezentaci makl\u00e9\u0159e m\u016f\u017eete vylep\u0161it vlastn\u00edm popiskem. Sta\u010d\u00ed kliknout u makl\u00e9\u0159e na ikonu &#8222;Upravit&#8220; a vlo\u017eit text do kolonky \u201eSpecializace\u201c. Popisek se bude zobrazovat po rozkliknut\u00ed detailu makl\u00e9\u0159e pod v\u00fdpisem nemovitost\u00ed&nbsp;<\/li>\n<\/ul>\n<\/div>\n","protected":false},"excerpt":{"rendered":"<p>Tip makl\u00e9\u0159e je reklamn\u00ed form\u00e1t ve v\u00fdpisu inzer\u00e1t\u016f na Sreality.cz. Zobrazuje prezentaci prodejce (makl\u00e9\u0159e) podle konkr\u00e9tn\u00ed oblasti, typu nab\u00eddky a kategorie nemovitosti. Kdy a kde se zobrazuje Jak se objedn\u00e1v\u00e1<\/p>\n","protected":false},"author":6,"featured_media":0,"parent":181,"menu_order":0,"comment_status":"closed","ping_status":"closed","template":"page-sidemenu","meta":{"_acf_changed":false,"_relevanssi_hide_post":"","_relevanssi_hide_content":"","_relevanssi_pin_for_all":"","_relevanssi_pin_keywords":"","_relevanssi_unpin_keywords":"","_relevanssi_related_keywords":"","_relevanssi_related_include_ids":"","_relevanssi_related_exclude_ids":"","_relevanssi_related_no_append":"","_relevanssi_related_not_related":"","_relevanssi_related_posts":"","_relevanssi_noindex_reason":"","footnotes":""},"page_category":[4],"page_tag":[],"service_status_category":[],"class_list":["post-183","page","type-page","status-publish","hentry"],"acf":[],"_links":{"self":[{"href":"https:\/\/o-seznam.cz\/napoveda\/sreality\/wp-json\/wp\/v2\/pages\/183","targetHints":{"allow":["GET"]}}],"collection":[{"href":"https:\/\/o-seznam.cz\/napoveda\/sreality\/wp-json\/wp\/v2\/pages"}],"about":[{"href":"https:\/\/o-seznam.cz\/napoveda\/sreality\/wp-json\/wp\/v2\/types\/page"}],"author":[{"embeddable":true,"href":"https:\/\/o-seznam.cz\/napoveda\/sreality\/wp-json\/wp\/v2\/users\/6"}],"replies":[{"embeddable":true,"href":"https:\/\/o-seznam.cz\/napoveda\/sreality\/wp-json\/wp\/v2\/comments?post=183"}],"version-history":[{"count":8,"href":"https:\/\/o-seznam.cz\/napoveda\/sreality\/wp-json\/wp\/v2\/pages\/183\/revisions"}],"predecessor-version":[{"id":1147,"href":"https:\/\/o-seznam.cz\/napoveda\/sreality\/wp-json\/wp\/v2\/pages\/183\/revisions\/1147"}],"up":[{"embeddable":true,"href":"https:\/\/o-seznam.cz\/napoveda\/sreality\/wp-json\/wp\/v2\/pages\/181"}],"wp:attachment":[{"href":"https:\/\/o-seznam.cz\/napoveda\/sreality\/wp-json\/wp\/v2\/media?parent=183"}],"wp:term":[{"taxonomy":"page_category","embeddable":true,"href":"https:\/\/o-seznam.cz\/napoveda\/sreality\/wp-json\/wp\/v2\/page_category?post=183"},{"taxonomy":"page_tag","embeddable":true,"href":"https:\/\/o-seznam.cz\/napoveda\/sreality\/wp-json\/wp\/v2\/page_tag?post=183"},{"taxonomy":"service_status_category","embeddable":true,"href":"https:\/\/o-seznam.cz\/napoveda\/sreality\/wp-json\/wp\/v2\/service_status_category?post=183"}],"curies":[{"name":"wp","href":"https:\/\/api.w.org\/{rel}","templated":true}]}}