{"id":181,"date":"2024-09-05T01:37:26","date_gmt":"2024-09-04T23:37:26","guid":{"rendered":"https:\/\/o-seznam.cz\/napoveda\/sreality\/?page_id=181"},"modified":"2025-05-23T13:14:07","modified_gmt":"2025-05-23T11:14:07","slug":"tip-maklere","status":"publish","type":"page","link":"https:\/\/o-seznam.cz\/napoveda\/sreality\/pro-realitni-kancelare\/tip-maklere\/","title":{"rendered":"Tip makl\u00e9\u0159e"},"content":{"rendered":"\n<div class=\"wp-block-group is-layout-constrained wp-block-group-is-layout-constrained\">\n<p>Tip makl\u00e9\u0159e je reklamn\u00ed form\u00e1t ve v\u00fdpisu inzer\u00e1t\u016f na Sreality.cz. Zobrazuje prezentaci prodejce (makl\u00e9\u0159e) podle konkr\u00e9tn\u00ed oblasti, typu nab\u00eddky a kategorie nemovitosti. M\u016f\u017eete s n\u00edm zv\u00fd\u0161it presti\u017e sv\u00e9 nab\u00eddky i dan\u00e9 lokality.<\/p>\n<\/div>\n\n\n\n<div class=\"wp-block-group is-layout-constrained wp-block-group-is-layout-constrained\">\n<h2 class=\"wp-block-heading\" id=\"kdy-a-kde-se-zobrazuje\">Kdy a kde se zobrazuje<\/h2>\n\n\n\n<ul class=\"wp-block-list\">\n<li>Po cel\u00fd t\u00fdden na ka\u017ed\u00e9 str\u00e1nce v\u00fdpisu inzer\u00e1t\u016f.\u00a0Max. na jedn\u00e9 pozici, s nastaven\u00fdm filtrem v\u00fdpisu inzer\u00e1t\u016f. Pro\u00a0zobrazen\u00ed mus\u00ed b\u00fdt ve vyhled\u00e1v\u00e1n\u00ed zadan\u00fd alespo\u0148 typ\u00a0nab\u00eddky, kategorie nemovitosti a lokalita<\/li>\n<\/ul>\n<\/div>\n\n\n\n<div class=\"wp-block-group is-layout-constrained wp-block-group-is-layout-constrained\">\n<h2 class=\"wp-block-heading\" id=\"jak-se-objednava\">Jak ho objednat<\/h2>\n\n\n\n<ul class=\"wp-block-list\">\n<li>V administra\u010dn\u00edm rozhran\u00ed Srealit.cz \u2013 Dopl\u0148kov\u00e9 slu\u017eby<\/li>\n\n\n\n<li>Lokalitu je mo\u017en\u00e9 specifikovat na kraj, okres nebo obvod&nbsp;Prahy<\/li>\n\n\n\n<li>Kategorie jsou: byty, domy, pozemky,&nbsp;komer\u010dn\u00ed a ostatn\u00ed<\/li>\n\n\n\n<li>Do objednan\u00e9ho Tipu makl\u00e9\u0159e m\u016f\u017eete vlo\u017eit v\u0161echny\u00a0prodejce realitn\u00ed kancel\u00e1\u0159e, kte\u0159\u00ed maj\u00ed nahranou fotografii. Cena\u00a0z\u016fstane stejn\u00e1. Viz\u00a0cen\u00edk\u00a0dle c\u00edlen\u00ed<\/li>\n\n\n\n<li>Dal\u0161\u00ed informace najdete na str\u00e1nce <a href=\"https:\/\/o-seznam.cz\/napoveda\/sreality\/pro-realitni-kancelare\/tip-maklere\/navod\/\">N\u00e1vod pro Tip makl\u00e9\u0159e<\/a><\/li>\n<\/ul>\n<\/div>\n\n\n\n<div class=\"wp-block-group is-layout-constrained wp-block-group-is-layout-constrained\">\n<h2 class=\"wp-block-heading\" id=\"jakym-zpusobem-se-plati\">Jak zaplatit<\/h2>\n\n\n\n<ul class=\"wp-block-list\">\n<li>Platba prob\u011bhne v okam\u017eiku zakoupen\u00ed pozice&nbsp;z e-mailu Pen\u011b\u017eenky klienta<\/li>\n\n\n\n<li>Objednanou pozici nen\u00ed mo\u017en\u00e9 stornovat<\/li>\n\n\n\n<li>Pozici lze koupit s p\u0159edstihem max. 60 dn\u00ed. Term\u00edny se otev\u00edraj\u00ed v\u017edy ka\u017ed\u00fd t\u00fdden (v ned\u011bli o p\u016flnoci)<\/li>\n<\/ul>\n<\/div>\n\n\n\n<div class=\"wp-block-group is-layout-constrained wp-block-group-is-layout-constrained\">\n<h2 class=\"wp-block-heading\">N\u00e1vod na zakoupen\u00ed Tip makl\u00e9\u0159e<\/h2>\n\n\n\n<p class=\"is-style-link-external\">Kompletn\u00ed n\u00e1vod v\u010detn\u011b n\u00e1hled\u016f najdete na\u00a0str\u00e1nce <a href=\"https:\/\/szno.cz\/cs\/b2b\/lwyqbrjg\/\">Sreality.cz &#8211; n\u00e1vod pro Tip makl\u00e9\u0159e<\/a><\/p>\n<\/div>\n\n\n\n<div class=\"wp-block-group is-layout-constrained wp-block-group-is-layout-constrained\">\n<h2 class=\"wp-block-heading\" id=\"videonavod\">Videon\u00e1vod<\/h2>\n\n\n<div class=\"align wp-block-seznam-stream\"><div class=\"streamAdvanced \">\n\t<button data-stream-video-advanced=\"65212281\">\n\t\t<img loading=\"lazy\" decoding=\"async\" width=\"1280\" height=\"720\" src=\"https:\/\/o-seznam.cz\/napoveda\/sreality\/wp-content\/uploads\/sites\/11\/2024\/10\/sreality-tip-maklere-1280x720.jpg\" class=\"attachment-ipq-1280x720-true size-ipq-1280x720-true\" alt=\"\" srcset=\"https:\/\/o-seznam.cz\/napoveda\/sreality\/wp-content\/uploads\/sites\/11\/2024\/10\/sreality-tip-maklere-1280x720.jpg 1280w, https:\/\/o-seznam.cz\/napoveda\/sreality\/wp-content\/uploads\/sites\/11\/2024\/10\/sreality-tip-maklere-992x558.jpg 992w\" sizes=\"auto, (max-width: 1280px) 100vw, 1280px\" \/>\t\t<div class=\"streamAdvanced__button\">\n\t\t\t<div>\n\t\t\t\tJak objednat Tip makl\u00e9\u0159e\t\t\t\t\t\t\t<\/div>\n\t\t<\/div>\n\t<\/button>\n<\/div>\n<\/div><\/div>\n","protected":false},"excerpt":{"rendered":"<p>Tip makl\u00e9\u0159e je reklamn\u00ed form\u00e1t ve v\u00fdpisu inzer\u00e1t\u016f na Sreality.cz. Zobrazuje prezentaci prodejce (makl\u00e9\u0159e) podle konkr\u00e9tn\u00ed oblasti, typu nab\u00eddky a kategorie nemovitosti. M\u016f\u017eete s n\u00edm zv\u00fd\u0161it presti\u017e sv\u00e9 nab\u00eddky i dan\u00e9 lokality. Kdy a kde se zobrazuje Jak ho objednat Jak zaplatit N\u00e1vod na zakoupen\u00ed Tip makl\u00e9\u0159e Kompletn\u00ed n\u00e1vod v\u010detn\u011b n\u00e1hled\u016f najdete na\u00a0str\u00e1nce Sreality.cz &#8211; [&hellip;]<\/p>\n","protected":false},"author":6,"featured_media":0,"parent":97,"menu_order":0,"comment_status":"closed","ping_status":"closed","template":"page-sidemenu","meta":{"_acf_changed":false,"_relevanssi_hide_post":"","_relevanssi_hide_content":"","_relevanssi_pin_for_all":"","_relevanssi_pin_keywords":"","_relevanssi_unpin_keywords":"","_relevanssi_related_keywords":"","_relevanssi_related_include_ids":"","_relevanssi_related_exclude_ids":"","_relevanssi_related_no_append":"","_relevanssi_related_not_related":"","_relevanssi_related_posts":"","_relevanssi_noindex_reason":"","footnotes":""},"page_category":[4],"page_tag":[],"service_status_category":[],"class_list":["post-181","page","type-page","status-publish","hentry"],"acf":[],"_links":{"self":[{"href":"https:\/\/o-seznam.cz\/napoveda\/sreality\/wp-json\/wp\/v2\/pages\/181","targetHints":{"allow":["GET"]}}],"collection":[{"href":"https:\/\/o-seznam.cz\/napoveda\/sreality\/wp-json\/wp\/v2\/pages"}],"about":[{"href":"https:\/\/o-seznam.cz\/napoveda\/sreality\/wp-json\/wp\/v2\/types\/page"}],"author":[{"embeddable":true,"href":"https:\/\/o-seznam.cz\/napoveda\/sreality\/wp-json\/wp\/v2\/users\/6"}],"replies":[{"embeddable":true,"href":"https:\/\/o-seznam.cz\/napoveda\/sreality\/wp-json\/wp\/v2\/comments?post=181"}],"version-history":[{"count":23,"href":"https:\/\/o-seznam.cz\/napoveda\/sreality\/wp-json\/wp\/v2\/pages\/181\/revisions"}],"predecessor-version":[{"id":1377,"href":"https:\/\/o-seznam.cz\/napoveda\/sreality\/wp-json\/wp\/v2\/pages\/181\/revisions\/1377"}],"up":[{"embeddable":true,"href":"https:\/\/o-seznam.cz\/napoveda\/sreality\/wp-json\/wp\/v2\/pages\/97"}],"wp:attachment":[{"href":"https:\/\/o-seznam.cz\/napoveda\/sreality\/wp-json\/wp\/v2\/media?parent=181"}],"wp:term":[{"taxonomy":"page_category","embeddable":true,"href":"https:\/\/o-seznam.cz\/napoveda\/sreality\/wp-json\/wp\/v2\/page_category?post=181"},{"taxonomy":"page_tag","embeddable":true,"href":"https:\/\/o-seznam.cz\/napoveda\/sreality\/wp-json\/wp\/v2\/page_tag?post=181"},{"taxonomy":"service_status_category","embeddable":true,"href":"https:\/\/o-seznam.cz\/napoveda\/sreality\/wp-json\/wp\/v2\/service_status_category?post=181"}],"curies":[{"name":"wp","href":"https:\/\/api.w.org\/{rel}","templated":true}]}}