{"id":175,"date":"2024-09-05T01:40:10","date_gmt":"2024-09-04T23:40:10","guid":{"rendered":"https:\/\/o-seznam.cz\/napoveda\/sreality\/?page_id=175"},"modified":"2025-05-23T13:22:41","modified_gmt":"2025-05-23T11:22:41","slug":"tip-regionu","status":"publish","type":"page","link":"https:\/\/o-seznam.cz\/napoveda\/sreality\/pro-realitni-kancelare\/tip-regionu\/","title":{"rendered":"Tip regionu"},"content":{"rendered":"\n<div class=\"wp-block-group is-layout-constrained wp-block-group-is-layout-constrained\">\n<p>Tip regionu je reklamn\u00ed form\u00e1t, kter\u00fd zv\u00fdraz\u0148uje vybran\u00fd inzer\u00e1t na prvn\u00ed pozici ve vyhled\u00e1v\u00e1n\u00ed. Je mo\u017en\u00e9 ho c\u00edlit region\u00e1ln\u011b a\u017e do \u00farovn\u011b okresu. <\/p>\n<\/div>\n\n\n\n<div class=\"wp-block-group is-layout-constrained wp-block-group-is-layout-constrained\">\n<h2 class=\"wp-block-heading\" id=\"zobrazeni\">Kdy a kde se zobrazuje<\/h2>\n\n\n\n<ul class=\"wp-block-list\">\n<li>Cel\u00fd den na ka\u017ed\u00e9 str\u00e1nce v\u00fdpisu inzer\u00e1t\u016f, max. jedna pozice<\/li>\n\n\n\n<li>S nastaven\u00fdm filtrem v\u00fdpisu inzer\u00e1t\u016f \u2013 pro zobrazen\u00ed mus\u00ed b\u00fdt zadan\u00fd minim\u00e1ln\u011b typ nab\u00eddky, kategorie nemovitosti a lokalita<\/li>\n\n\n\n<li>Na zobrazen\u00ed pozice nem\u00e1 vliv \u0159azen\u00ed inzer\u00e1t\u016f (nap\u0159. podle ceny)<\/li>\n<\/ul>\n<\/div>\n\n\n\n<div class=\"wp-block-group is-layout-constrained wp-block-group-is-layout-constrained\">\n<h2 class=\"wp-block-heading\" id=\"objednavka\">Jak ho objednat<\/h2>\n\n\n\n<ul class=\"wp-block-list\">\n<li>Objedn\u00e1v\u00e1 se v&nbsp;administra\u010dn\u00edm rozhran\u00ed Srealit.cz.&nbsp;Zad\u00e1v\u00e1 se lokalita, typ nab\u00eddky a kategorie nemovitosti<\/li>\n\n\n\n<li>Lokalitu je mo\u017en\u00e9 specifikovat na okres nebo obvod&nbsp;Prahy (zobraz\u00ed se p\u0159i filtrov\u00e1n\u00ed u\u017eivatelem a\u017e na&nbsp;konkr\u00e9tn\u00ed okres nebo obvod Prahy) anebo na cel\u00fd kraj&nbsp;(zobraz\u00ed se pokud u\u017eivatel zad\u00e1 do filtru pouze kraj)<\/li>\n\n\n\n<li>Typ nab\u00eddky: prodej nebo pron\u00e1jem (nelze\u00a0zad\u00e1vat dra\u017eby)<\/li>\n\n\n\n<li>Kategorie jsou: byty mal\u00e9, byty st\u0159edn\u00ed, byty velk\u00e9&nbsp;(viz tabulka \u201eKategorie byt\u016f\u201c), domy, pozemky,&nbsp;komer\u010dn\u00ed a ostatn\u00ed<\/li>\n\n\n\n<li>Do objednan\u00e9ho Tipu regionu m\u016f\u017eete vlo\u017eit v\u0161echny\u00a0nab\u00eddky, kter\u00e9 spadaj\u00ed do objednan\u00e9ho c\u00edlen\u00ed, cena\u00a0i p\u0159esto z\u016fst\u00e1v\u00e1 stejn\u00e1, viz\u00a0cen\u00edk\u00a0dle c\u00edlen\u00ed<\/li>\n\n\n\n<li>Dal\u0161\u00ed informace najdete\u00a0na str\u00e1nce <a href=\"https:\/\/o-seznam.cz\/napoveda\/sreality\/pro-realitni-kancelare\/tip-regionu\/navod\/\">N\u00e1vod pro Tip regionu<\/a><\/li>\n<\/ul>\n<\/div>\n\n\n\n<div class=\"wp-block-group is-layout-constrained wp-block-group-is-layout-constrained\">\n<h2 class=\"wp-block-heading\" id=\"platba\">Jak zaplatit<\/h2>\n\n\n\n<ul class=\"wp-block-list\">\n<li>Platba prob\u00edh\u00e1 v okam\u017eiku zakoupen\u00ed pozice z e-mailu Pen\u011b\u017eenky klienta<\/li>\n\n\n\n<li>Nen\u00ed mo\u017en\u00e9 stornovat objednanou pozici<\/li>\n\n\n\n<li>Pozici lze koupit s p\u0159edstihem maxi. 60 dn\u00ed. Term\u00edny se otev\u00edraj\u00ed v\u017edy ka\u017ed\u00fd den o p\u016flnoci<\/li>\n\n\n\n<li>Pokud Tip regionu zakoup\u00edte nespr\u00e1vn\u011b a nevyu\u017eijete pl\u00e1novan\u00fd term\u00edn, kontaktujte sv\u00e9ho obchodn\u00edho z\u00e1stupce.<\/li>\n<\/ul>\n<\/div>\n\n\n\n<div class=\"wp-block-group is-layout-constrained wp-block-group-is-layout-constrained\">\n<h2 class=\"wp-block-heading\">N\u00e1vod na zakoupen\u00ed Tip regionu<\/h2>\n\n\n\n<p class=\"is-style-link-external\">Kompletn\u00ed n\u00e1vod v\u010detn\u011b n\u00e1hled\u016f najdete na str\u00e1nce <a href=\"https:\/\/szno.cz\/cs\/b2b\/wq0kfqyz\/\">Sreality.cz &#8211; n\u00e1vod pro Tip regionu<\/a>.<\/p>\n<\/div>\n\n\n\n<div class=\"wp-block-group is-layout-constrained wp-block-group-is-layout-constrained\">\n<h2 class=\"wp-block-heading\" id=\"videonavod\">Videon\u00e1vod<\/h2>\n\n\n<div class=\"align wp-block-seznam-stream\"><div class=\"streamAdvanced \">\n\t<button data-stream-video-advanced=\"65123748\">\n\t\t<img loading=\"lazy\" decoding=\"async\" width=\"1280\" height=\"720\" src=\"https:\/\/o-seznam.cz\/napoveda\/sreality\/wp-content\/uploads\/sites\/11\/2024\/10\/sreality-tip-regionu-1280x720.jpg\" class=\"attachment-ipq-1280x720-true size-ipq-1280x720-true\" alt=\"\" srcset=\"https:\/\/o-seznam.cz\/napoveda\/sreality\/wp-content\/uploads\/sites\/11\/2024\/10\/sreality-tip-regionu-1280x720.jpg 1280w, https:\/\/o-seznam.cz\/napoveda\/sreality\/wp-content\/uploads\/sites\/11\/2024\/10\/sreality-tip-regionu-992x558.jpg 992w\" sizes=\"auto, (max-width: 1280px) 100vw, 1280px\" \/>\t\t<div class=\"streamAdvanced__button\">\n\t\t\t<div>\n\t\t\t\tJak objednat Tip regionu\t\t\t\t\t\t\t<\/div>\n\t\t<\/div>\n\t<\/button>\n<\/div>\n<\/div><\/div>\n","protected":false},"excerpt":{"rendered":"<p>Tip regionu je reklamn\u00ed form\u00e1t, kter\u00fd zv\u00fdraz\u0148uje vybran\u00fd inzer\u00e1t na prvn\u00ed pozici ve vyhled\u00e1v\u00e1n\u00ed. Je mo\u017en\u00e9 ho c\u00edlit region\u00e1ln\u011b a\u017e do \u00farovn\u011b okresu. Kdy a kde se zobrazuje Jak ho objednat Jak zaplatit N\u00e1vod na zakoupen\u00ed Tip regionu Kompletn\u00ed n\u00e1vod v\u010detn\u011b n\u00e1hled\u016f najdete na str\u00e1nce Sreality.cz &#8211; n\u00e1vod pro Tip regionu. Videon\u00e1vod<\/p>\n","protected":false},"author":6,"featured_media":0,"parent":97,"menu_order":0,"comment_status":"closed","ping_status":"closed","template":"page-sidemenu","meta":{"_acf_changed":false,"_relevanssi_hide_post":"","_relevanssi_hide_content":"","_relevanssi_pin_for_all":"","_relevanssi_pin_keywords":"","_relevanssi_unpin_keywords":"","_relevanssi_related_keywords":"","_relevanssi_related_include_ids":"","_relevanssi_related_exclude_ids":"","_relevanssi_related_no_append":"","_relevanssi_related_not_related":"","_relevanssi_related_posts":"","_relevanssi_noindex_reason":"","footnotes":""},"page_category":[4],"page_tag":[],"service_status_category":[],"class_list":["post-175","page","type-page","status-publish","hentry"],"acf":[],"_links":{"self":[{"href":"https:\/\/o-seznam.cz\/napoveda\/sreality\/wp-json\/wp\/v2\/pages\/175","targetHints":{"allow":["GET"]}}],"collection":[{"href":"https:\/\/o-seznam.cz\/napoveda\/sreality\/wp-json\/wp\/v2\/pages"}],"about":[{"href":"https:\/\/o-seznam.cz\/napoveda\/sreality\/wp-json\/wp\/v2\/types\/page"}],"author":[{"embeddable":true,"href":"https:\/\/o-seznam.cz\/napoveda\/sreality\/wp-json\/wp\/v2\/users\/6"}],"replies":[{"embeddable":true,"href":"https:\/\/o-seznam.cz\/napoveda\/sreality\/wp-json\/wp\/v2\/comments?post=175"}],"version-history":[{"count":23,"href":"https:\/\/o-seznam.cz\/napoveda\/sreality\/wp-json\/wp\/v2\/pages\/175\/revisions"}],"predecessor-version":[{"id":1379,"href":"https:\/\/o-seznam.cz\/napoveda\/sreality\/wp-json\/wp\/v2\/pages\/175\/revisions\/1379"}],"up":[{"embeddable":true,"href":"https:\/\/o-seznam.cz\/napoveda\/sreality\/wp-json\/wp\/v2\/pages\/97"}],"wp:attachment":[{"href":"https:\/\/o-seznam.cz\/napoveda\/sreality\/wp-json\/wp\/v2\/media?parent=175"}],"wp:term":[{"taxonomy":"page_category","embeddable":true,"href":"https:\/\/o-seznam.cz\/napoveda\/sreality\/wp-json\/wp\/v2\/page_category?post=175"},{"taxonomy":"page_tag","embeddable":true,"href":"https:\/\/o-seznam.cz\/napoveda\/sreality\/wp-json\/wp\/v2\/page_tag?post=175"},{"taxonomy":"service_status_category","embeddable":true,"href":"https:\/\/o-seznam.cz\/napoveda\/sreality\/wp-json\/wp\/v2\/service_status_category?post=175"}],"curies":[{"name":"wp","href":"https:\/\/api.w.org\/{rel}","templated":true}]}}