{"id":17,"date":"2024-09-05T00:25:53","date_gmt":"2024-09-04T22:25:53","guid":{"rendered":"https:\/\/o-seznam.cz\/napoveda\/sreality\/?page_id=17"},"modified":"2025-05-28T09:02:15","modified_gmt":"2025-05-28T07:02:15","slug":"platby-a-kredit-v-penezence","status":"publish","type":"page","link":"https:\/\/o-seznam.cz\/napoveda\/sreality\/pro-uzivatele\/platby-a-kredit-v-penezence\/","title":{"rendered":"Platby a kredit v Pen\u011b\u017eence"},"content":{"rendered":"\n<div class=\"wp-block-group is-layout-constrained wp-block-group-is-layout-constrained\">\n<p>Vystaven\u00ed inzer\u00e1tu \u010di jeho zv\u00fdhodn\u011bn\u00ed na slu\u017eb\u011b Sreality.cz je zpoplatn\u011bno \u010d\u00e1stkou&nbsp;72,60 K\u010d s DPH za den.<\/p>\n\n\n\n<p class=\"is-style-link-external\">Nov\u011b je k dispozici zakoupen\u00ed bal\u00ed\u010dku inzerce na 90 dn\u00ed p\u0159i prodeji za 3 993 K\u010d s DPH a 30 dn\u00ed p\u0159i pron\u00e1jmu za 1 331 K\u010d s DPH. Mo\u017enost zakoupen\u00ed bal\u00ed\u010dku nebo zvolen\u00ed denn\u00ed platby se nastavuje p\u0159i zad\u00e1n\u00ed inzer\u00e1tu v posledn\u00edm kroku editace. Ve\u0161ker\u00e9 informace dohled\u00e1te v <a href=\"https:\/\/o-seznam.cz\/napoveda\/sreality\/cenik-sluzeb\/\" target=\"_blank\" rel=\"noreferrer noopener\">cen\u00edku<\/a>.<\/p>\n\n\n\n<p>Poplatky se \u010derpaj\u00ed z kreditu, kter\u00fd m\u00e1te dobit\u00fd na slu\u017eb\u011b Seznam Pen\u011b\u017eenka. V prav\u00e9m rohu si m\u016f\u017eeme ov\u011b\u0159it zda m\u00e1te v Pen\u011b\u017eence dostate\u010dn\u00fd kredit. Pokud zde nen\u00ed uveden\u00e1 \u017e\u00e1dn\u00e1 \u010d\u00e1stka, znamen\u00e1 to, \u017ee se nejprve mus\u00edte do Pen\u011b\u017eenky p\u0159ihl\u00e1sit a pot\u0159ebn\u00fd kredit si dob\u00edt.<\/p>\n\n\n\n<p>Pokud Pen\u011b\u017eenku ji\u017e m\u00e1te aktivn\u00ed, ov\u011b\u0159te si, \u017ee v n\u00ed m\u00e1te dostate\u010dn\u00fd kredit&nbsp;pro vystaven\u00ed inzer\u00e1tu. V prav\u00e9 \u010d\u00e1sti str\u00e1nky uvid\u00edte box&nbsp;Pen\u011b\u017eenka&nbsp;s uveden\u00edm z\u016fstatku kreditu. V p\u0159\u00edpad\u011b pot\u0159eby klikn\u011bte na tla\u010d\u00edtko \u201eDob\u00edt kredit\u201c a v Pen\u011b\u017eence si dobijte pot\u0159ebn\u00fd kredit.<\/p>\n<\/div>\n\n\n\n<p><\/p>\n","protected":false},"excerpt":{"rendered":"<p>Vystaven\u00ed inzer\u00e1tu \u010di jeho zv\u00fdhodn\u011bn\u00ed na slu\u017eb\u011b Sreality.cz je zpoplatn\u011bno \u010d\u00e1stkou&nbsp;72,60 K\u010d s DPH za den. Nov\u011b je k dispozici zakoupen\u00ed bal\u00ed\u010dku inzerce na 90 dn\u00ed p\u0159i prodeji za 3 993 K\u010d s DPH a 30 dn\u00ed p\u0159i pron\u00e1jmu za 1 331 K\u010d s DPH. Mo\u017enost zakoupen\u00ed bal\u00ed\u010dku nebo zvolen\u00ed denn\u00ed platby se nastavuje p\u0159i [&hellip;]<\/p>\n","protected":false},"author":6,"featured_media":0,"parent":95,"menu_order":0,"comment_status":"closed","ping_status":"closed","template":"page-sidemenu","meta":{"_acf_changed":false,"_relevanssi_hide_post":"","_relevanssi_hide_content":"","_relevanssi_pin_for_all":"","_relevanssi_pin_keywords":"","_relevanssi_unpin_keywords":"","_relevanssi_related_keywords":"","_relevanssi_related_include_ids":"","_relevanssi_related_exclude_ids":"","_relevanssi_related_no_append":"","_relevanssi_related_not_related":"","_relevanssi_related_posts":"","_relevanssi_noindex_reason":"","footnotes":""},"page_category":[5],"page_tag":[],"service_status_category":[],"class_list":["post-17","page","type-page","status-publish","hentry"],"acf":[],"_links":{"self":[{"href":"https:\/\/o-seznam.cz\/napoveda\/sreality\/wp-json\/wp\/v2\/pages\/17","targetHints":{"allow":["GET"]}}],"collection":[{"href":"https:\/\/o-seznam.cz\/napoveda\/sreality\/wp-json\/wp\/v2\/pages"}],"about":[{"href":"https:\/\/o-seznam.cz\/napoveda\/sreality\/wp-json\/wp\/v2\/types\/page"}],"author":[{"embeddable":true,"href":"https:\/\/o-seznam.cz\/napoveda\/sreality\/wp-json\/wp\/v2\/users\/6"}],"replies":[{"embeddable":true,"href":"https:\/\/o-seznam.cz\/napoveda\/sreality\/wp-json\/wp\/v2\/comments?post=17"}],"version-history":[{"count":7,"href":"https:\/\/o-seznam.cz\/napoveda\/sreality\/wp-json\/wp\/v2\/pages\/17\/revisions"}],"predecessor-version":[{"id":1416,"href":"https:\/\/o-seznam.cz\/napoveda\/sreality\/wp-json\/wp\/v2\/pages\/17\/revisions\/1416"}],"up":[{"embeddable":true,"href":"https:\/\/o-seznam.cz\/napoveda\/sreality\/wp-json\/wp\/v2\/pages\/95"}],"wp:attachment":[{"href":"https:\/\/o-seznam.cz\/napoveda\/sreality\/wp-json\/wp\/v2\/media?parent=17"}],"wp:term":[{"taxonomy":"page_category","embeddable":true,"href":"https:\/\/o-seznam.cz\/napoveda\/sreality\/wp-json\/wp\/v2\/page_category?post=17"},{"taxonomy":"page_tag","embeddable":true,"href":"https:\/\/o-seznam.cz\/napoveda\/sreality\/wp-json\/wp\/v2\/page_tag?post=17"},{"taxonomy":"service_status_category","embeddable":true,"href":"https:\/\/o-seznam.cz\/napoveda\/sreality\/wp-json\/wp\/v2\/service_status_category?post=17"}],"curies":[{"name":"wp","href":"https:\/\/api.w.org\/{rel}","templated":true}]}}