{"id":1548,"date":"2026-02-24T12:28:57","date_gmt":"2026-02-24T11:28:57","guid":{"rendered":"https:\/\/o-seznam.cz\/napoveda\/sreality\/?page_id=1548"},"modified":"2026-03-04T15:11:39","modified_gmt":"2026-03-04T14:11:39","slug":"premium-ucet","status":"publish","type":"page","link":"https:\/\/o-seznam.cz\/napoveda\/sreality\/nejcastejsi-dotazy\/premium-ucet\/","title":{"rendered":"Sreality Premium"},"content":{"rendered":"\n<div class=\"wp-block-group is-layout-constrained wp-block-group-is-layout-constrained\">\n<p>Premium je nov\u00e1 forma m\u011bs\u00ed\u010dn\u00edho p\u0159edplatn\u00e9ho, kter\u00e9 v\u00e1m umo\u017en\u00ed vyu\u017e\u00edvat roz\u0161\u00ed\u0159enou funkcionalitu slu\u017eby.<\/p>\n\n\n\n<p class=\"is-style-link-external\">Premium m\u016f\u017eete koupit <a href=\"https:\/\/sreality.cz\/premium\" target=\"_blank\" rel=\"noreferrer noopener\">zde<\/a>, p\u0159\u00edpadn\u011b p\u0159es symbol korunky, kter\u00fd se nach\u00e1z\u00ed u premiov\u00fdch funkc\u00edch.<\/p>\n\n\n\n<p>Toto p\u0159edplatn\u00e9 se bude opakovan\u011b automaticky m\u011bs\u00ed\u010dn\u011b ode\u010d\u00edtat z Va\u0161eho \u00fa\u010dtu, propojen\u00e9ho s platebn\u00ed kartou, kterou uhrad\u00edte prvn\u00ed m\u011bs\u00edc p\u0159edplatn\u00e9ho. Tento proces bude prob\u00edhat automaticky, bez nutnosti va\u0161eho z\u00e1sahu.<\/p>\n<\/div>\n\n\n<nav class=\"menu-anchors\">\n<ul>\n\t<li><a href=\"#Roz\u0161\u00ed\u0159en\u00e9-mo\u017enosti-s-Sreality-premium\">Roz\u0161\u00ed\u0159en\u00e9 mo\u017enosti s Sreality Premium<\/a><\/li>\n<li><a href=\"#Zalo\u017een\u00ed-a-\u00fahrada-m\u011bs\u00ed\u010dn\u00edho-p\u0159edplatn\u00e9ho\">Zalo\u017een\u00ed a \u00fahrada m\u011bs\u00ed\u010dn\u00edho p\u0159edplatn\u00e9ho<\/a><\/li>\n<li><a href=\"#Mo\u017enost-vyzkou\u0161et-Sreality-premium-zdarma\">Mo\u017enost vyzkou\u0161et Sreality Premium  zdarma<\/a><\/li>\n<li><a href=\"#Zm\u011bna-platebn\u00edch-\u00fadaj\u016f\">Zm\u011bna platebn\u00edch \u00fadaj\u016f<\/a><\/li>\n<li><a href=\"#Zru\u0161en\u00ed-a-obnova-p\u0159edplatn\u00e9ho\">Zru\u0161en\u00ed a obnova p\u0159edplatn\u00e9ho<\/a><\/li>\n<\/ul>\n\n<\/nav>\n\n\n\n<div class=\"wp-block-group is-layout-constrained wp-block-group-is-layout-constrained\">\n<h2 class=\"wp-block-heading\" id=\"Roz\u0161\u00ed\u0159en\u00e9-mo\u017enosti-s-Sreality-premium\">Roz\u0161\u00ed\u0159en\u00e9 mo\u017enosti s Sreality Premium <img loading=\"lazy\" decoding=\"async\" width=\"14\" height=\"15\" class=\"inline-image wp-image-490\" style=\"--inline-image-zoom:70\" src=\"https:\/\/o-seznam.cz\/test-vf\/wp-content\/uploads\/sites\/27\/2026\/03\/Sreality-Premium-avatar.svg\" alt=\"Premium\"><\/h2>\n\n\n\n<ul class=\"wp-block-list\">\n<li>Okam\u017eit\u00e9 upozorn\u011bn\u00ed na nov\u00e9 inzer\u00e1ty&nbsp;&#8211; O nov\u00e9 nemovitosti v\u00edte jako prvn\u00ed. S premium \u00fa\u010dtem si m\u016f\u017eete nechat pos\u00edlat nov\u00e9 nab\u00eddky ihned po vlo\u017een\u00ed<\/li>\n\n\n\n<li>Notifikace na zm\u011bnu ceny nemovitosti &#8211; U ka\u017ed\u00e9ho inzer\u00e1tu m\u00e1te mo\u017enost nastavit si hl\u00edd\u00e1n\u00ed ceny a my v\u00e1m d\u00e1me v\u011bd\u011bt p\u0159i ka\u017ed\u00e9 jej\u00ed zm\u011bn\u011b<\/li>\n\n\n\n<li>P\u0159ehled prodan\u00fdch byt\u016f v okol\u00ed &#8211; V detailu inzer\u00e1tu m\u00e1te mo\u017enost zobrazit si prodan\u00e9 nemovitosti v okol\u00ed. V sou\u010dasn\u00e9 dob\u011b je tato funkce dostupn\u00e1 pouze v kategorii byty<\/li>\n\n\n\n<li>Chytr\u00e9 a pohodln\u00e9 hled\u00e1n\u00ed p\u0159irozen\u00fdm jazykem &#8211; Nadiktujte nebo napi\u0161te jak\u00e9 nemovitosti hled\u00e1te b\u011b\u017en\u00fdm konverza\u010dn\u00edm jazykem<\/li>\n\n\n\n<li>Hled\u00e1n\u00ed podobn\u00fdch nemovitost\u00ed pomoc\u00ed fotografie &#8211; Vyberte si fotku u inzer\u00e1tu nebo nahrajte vlastn\u00ed a my v\u00e1m vybere vizu\u00e1ln\u011b podobn\u00e9 nab\u00eddky, v\u010detn\u011b interi\u00e9ru<\/li>\n\n\n\n<li>Nov\u00e9 mo\u017enosti filtrov\u00e1n\u00ed nemovitost\u00ed &#8211;&nbsp;Hledejte pouze mezi soukrom\u00fdmi inzer\u00e1ty, nebo jen mezi zlevn\u011bn\u00fdmi anebo t\u011bmi, kter\u00e9 je\u0161t\u011b nejsou rezervovan\u00e9<\/li>\n\n\n\n<li>P\u0159epo\u010dty ceny na cenu za m\u00b2 &#8211; Ve v\u0161ech kategori\u00edch bude zobrazen\u00e1 cena i za m2 a bude mo\u017en\u00e9 podle n\u00ed \u0159adit a filtrovat<\/li>\n\n\n\n<li>Historie a p\u0159ehled va\u0161ich reakc\u00ed &#8211; Celkov\u00fd souhrn va\u0161ich odpov\u011bd\u00ed na inzer\u00e1ty pro va\u0161i snadn\u011bj\u0161\u00ed organizaci komunikace<\/li>\n\n\n\n<li>Historie cen inzer\u00e1t\u016f &#8211; Z\u00edskejte jasn\u00fd pohled na to, jak se cena dan\u00e9 nemovitosti m\u011bnila v pr\u016fb\u011bhu \u010dasu<\/li>\n\n\n\n<li>Katastr\u00e1ln\u00ed mapa&nbsp;&#8211; Vrstva s katastr\u00e1ln\u00ed mapou a integrac\u00ed dat z katastru, kter\u00e1 umo\u017en\u00ed podrobn\u00e9 informace o parcel\u00e1ch<\/li>\n<\/ul>\n<\/div>\n\n\n\n<div class=\"wp-block-group is-layout-constrained wp-block-group-is-layout-constrained\">\n<h2 class=\"wp-block-heading\" id=\"Zalo\u017een\u00ed-a-\u00fahrada-m\u011bs\u00ed\u010dn\u00edho-p\u0159edplatn\u00e9ho\">Zalo\u017een\u00ed a \u00fahrada m\u011bs\u00ed\u010dn\u00edho p\u0159edplatn\u00e9ho<\/h2>\n\n\n\n<ul class=\"wp-block-list\">\n<li>Pokud na p\u0159ihl\u00e1\u0161en\u00e9m Seznam \u00da\u010dtu je mo\u017enost volby Vyzkou\u0161et zdarma, prvn\u00edch 7 dn\u00ed neplat\u00edte. P\u0159edplatn\u00e9 se poprv\u00e9 ode\u010dte a\u017e po t\u00e9to zku\u0161ebn\u00ed dob\u011b. <\/li>\n\n\n\n<li>Pokud nejste p\u0159ihl\u00e1\u0161eni, budete vyzv\u00e1ni k p\u0159ihl\u00e1\u0161en\u00ed k Seznam \u00da\u010dtu. Odm\u00edtnut\u00ed a n\u00e1sledn\u00e1 platba je v\u00e1z\u00e1na na Seznam \u00da\u010det a bez p\u0159ihl\u00e1\u0161en\u00ed nelze prov\u00e9st<\/li>\n\n\n\n<li>N\u00e1sledn\u011b budete p\u0159esm\u011brov\u00e1ni na p\u0159ihl\u00e1\u0161en\u00ed k Seznam \u00da\u010dtu. M\u016f\u017eete se p\u0159ihl\u00e1sit ji\u017e existuj\u00edc\u00edm \u00fa\u010dtem, nebo si zalo\u017eit nov\u00fd<\/li>\n\n\n\n<li>Po p\u0159ihl\u00e1\u0161en\u00ed budete p\u0159esm\u011brov\u00e1ni na popis slu\u017eby Sreality Premium. P\u0159e\u010dt\u011bte si pros\u00edm popis a vyberte si p\u0159edplatn\u00e9<\/li>\n\n\n\n<li>Pot\u00e9 budete p\u0159esm\u011brov\u00e1ni na platebn\u00ed br\u00e1nu<\/li>\n\n\n\n<li>Na platebn\u00ed br\u00e1n\u011b vypl\u0148te po\u017eadovan\u00e9 \u00fadaje o kart\u011b, ze kter\u00e9 bude n\u00e1sledn\u011b m\u011bs\u00ed\u010dn\u00ed nebo ro\u010dn\u00ed p\u0159edplatn\u00e9 pravideln\u011b ode\u010d\u00edt\u00e1no. V r\u00e1mci platebn\u00edho procesu potvr\u010fte v\u0161e tak, jak jste zvykl\u00ed u sv\u00e9 banky<\/li>\n\n\n\n<li>Po dokon\u010den\u00ed platby budete vr\u00e1ceni zp\u011bt na potvrzen\u00ed o proveden\u00ed platby. Klikn\u011bte na tla\u010d\u00edtko \u201eP\u0159ej\u00edt zp\u011bt\u201c pro navr\u00e1cen\u00ed do dialogu na slu\u017eb\u011b pro dokon\u010den\u00ed nastaven\u00ed personalizace<\/li>\n\n\n\n<li>Pokud pr\u016fb\u011bh platby sel\u017ee, zobraz\u00ed se informace o selh\u00e1n\u00ed a platbu m\u016f\u017eete opakovat od za\u010d\u00e1tku procesu.<\/li>\n<\/ul>\n<\/div>\n\n\n\n<div class=\"wp-block-group is-layout-constrained wp-block-group-is-layout-constrained\">\n<h2 class=\"wp-block-heading\" id=\"Mo\u017enost-vyzkou\u0161et-Sreality-premium-zdarma\">Mo\u017enost vyzkou\u0161et Sreality Premium <img loading=\"lazy\" decoding=\"async\" width=\"14\" height=\"15\" class=\"inline-image wp-image-490\" style=\"--inline-image-zoom:70\" src=\"https:\/\/o-seznam.cz\/napoveda\/sreality\/wp-content\/uploads\/sites\/11\/2026\/03\/Sreality-Premium-avatar.svg\" alt=\"Premium\"> zdarma<\/h2>\n\n\n\n<p>Pokud chcete pouze vyzkou\u0161et, jak vypad\u00e1 Sreality Premium, m\u00e1te mo\u017enost 7denn\u00edho zku\u0161ebn\u00edho obdob\u00ed. Toto m\u016f\u017eete dostat pokud:<\/p>\n\n\n\n<ul class=\"wp-block-list\">\n<li>Na \u017e\u00e1dn\u00e9m z va\u0161ich Seznam \u00fa\u010dt\u016f jste je\u0161t\u011b tuto mo\u017enost neaktivovali<\/li>\n\n\n\n<li>Aktivaci lze prov\u00e9st jen na jednom Seznam \u00da\u010dtu ze v\u0161ech, kter\u00e9 jsou registrovan\u00e9 na jedno telefonn\u00ed \u010d\u00edslo<\/li>\n<\/ul>\n\n\n\n<p>Po ukon\u010den\u00ed zku\u0161ebn\u00edho obdob\u00ed bude den p\u0159ed jeho koncem str\u017eena prvn\u00ed platba dle zvolen\u00e9ho p\u0159edplatn\u00e9ho:<\/p>\n\n\n\n<ul class=\"wp-block-list\">\n<li>M\u011bs\u00ed\u010dn\u00ed p\u0159edplatn\u00e9 \u2013 199 K\u010d \/ m\u011bs\u00edc, n\u00e1sledn\u011b bude \u010d\u00e1stka automaticky strh\u00e1v\u00e1na ka\u017ed\u00fd m\u011bs\u00edc<\/li>\n<\/ul>\n\n\n\n<p class=\"is-style-link-external\">Datum, do kdy m\u00e1te slu\u017ebu zaplacenou, najdete ve sv\u00e9m Seznam \u00fa\u010dtu v sekci <a href=\"https:\/\/ucet.seznam.cz\/transactions\" target=\"_blank\" rel=\"noreferrer noopener\">Platby a p\u0159edplatn\u00e1<\/a> z produktu Seznam bez reklam.<\/p>\n<\/div>\n\n\n\n<div class=\"wp-block-group is-layout-constrained wp-block-group-is-layout-constrained\">\n<h2 class=\"wp-block-heading\" id=\"Zm\u011bna-platebn\u00edch-\u00fadaj\u016f\">Zm\u011bna platebn\u00edch \u00fadaj\u016f<\/h2>\n\n\n\n<p>Pokud pot\u0159ebujete zm\u011bnit platebn\u00ed kartu kv\u016fli jej\u00ed expiraci nebo z jin\u00e9ho d\u016fvodu, postupujte podle n\u00ed\u017ee uveden\u00fdch krok\u016f.<\/p>\n\n\n\n<ol class=\"wp-block-list is-style-circle\">\n<li>P\u0159ihlaste se ke sv\u00e9mu \u00fa\u010dtu a p\u0159ejd\u011bte do sekce <a class=\"is-style-link-external\" href=\"https:\/\/ucet.seznam.cz\/\" target=\"_blank\" rel=\"noreferrer noopener\">Platby a p\u0159edplatn\u00e1<\/a>.<\/li>\n\n\n\n<li>Najd\u011bte aktivn\u00ed p\u0159edplatn\u00e9, pro kter\u00e9 chcete zm\u011bnit platebn\u00ed kartu.<\/li>\n\n\n\n<li>Klikn\u011bte na mo\u017enost \u201eZm\u011bnit\u201c.<\/li>\n\n\n\n<li>Budete p\u0159esm\u011brov\u00e1ni na platebn\u00ed br\u00e1nu, kde vypln\u00edte nov\u00e9 \u00fadaje k platebn\u00ed kart\u011b<\/li>\n\n\n\n<li>Pokud zm\u011bna prob\u011bhne \u00fasp\u011b\u0161n\u011b, zobraz\u00ed se potvrzen\u00ed o \u00fasp\u011b\u0161n\u00e9 zm\u011bn\u011b platebn\u00ed karty.<\/li>\n\n\n\n<li>V p\u0159\u00edpad\u011b ne\u00fasp\u011bchu se zobraz\u00ed dialog s informac\u00ed o ne\u00fasp\u011b\u0161n\u00e9 zm\u011bn\u011b.<\/li>\n<\/ol>\n<\/div>\n\n\n\n<div class=\"wp-block-group is-layout-constrained wp-block-group-is-layout-constrained\">\n<h2 class=\"wp-block-heading\" id=\"Zru\u0161en\u00ed-a-obnova-p\u0159edplatn\u00e9ho\">Zru\u0161en\u00ed a obnova p\u0159edplatn\u00e9ho<\/h2>\n\n\n\n<p class=\"is-style-link-external\">Zru\u0161it p\u0159edplatn\u00e9 m\u016f\u017eete ve sv\u00e9m \u00fa\u010dtu v sekci <a href=\"https:\/\/ucet.seznam.cz\/transactions\" target=\"_blank\" rel=\"noreferrer noopener\">Platby a p\u0159edplatn\u00e1<\/a> volbou Zru\u0161it p\u0159edplatn\u00e9. Zde u aktivn\u00edho p\u0159edplatn\u00e9ho klikn\u011bte na tla\u010d\u00edtko \u201eZm\u011bnit\u201c nebo \u201eZru\u0161it obnovu\u201c. N\u00e1sledn\u011b budete po\u017e\u00e1d\u00e1ni o druh\u00e9 potvrzen\u00ed, aby nedo\u0161lo k necht\u011bn\u00e9mu zru\u0161en\u00ed. Opakovan\u00e9 p\u0159edplatn\u00e9 bude zru\u0161eno, ale produkt z\u016fstane aktivn\u00ed po zbytek aktu\u00e1ln\u00edho m\u011bs\u00edce. Datum, do kter\u00e9ho je produkt aktivn\u00ed, je zobrazeno v <a href=\"https:\/\/ucet.seznam.cz\/transactions\" target=\"_blank\" rel=\"noreferrer noopener\">sekci<\/a>.<\/p>\n\n\n\n<p>Pro obnoven\u00ed p\u0159edplatn\u00e9ho klikn\u011bte na \u201eObnovit p\u0159edplatn\u00e9\u201c, \u010d\u00edm\u017e dojde k jeho automatick\u00e9mu obnoven\u00ed.<\/p>\n<\/div>\n","protected":false},"excerpt":{"rendered":"<p>Premium je nov\u00e1 forma m\u011bs\u00ed\u010dn\u00edho p\u0159edplatn\u00e9ho, kter\u00e9 v\u00e1m umo\u017en\u00ed vyu\u017e\u00edvat roz\u0161\u00ed\u0159enou funkcionalitu slu\u017eby. Premium m\u016f\u017eete koupit zde, p\u0159\u00edpadn\u011b p\u0159es symbol korunky, kter\u00fd se nach\u00e1z\u00ed u premiov\u00fdch funkc\u00edch. Toto p\u0159edplatn\u00e9 se bude opakovan\u011b automaticky m\u011bs\u00ed\u010dn\u011b ode\u010d\u00edtat z Va\u0161eho \u00fa\u010dtu, propojen\u00e9ho s platebn\u00ed kartou, kterou uhrad\u00edte prvn\u00ed m\u011bs\u00edc p\u0159edplatn\u00e9ho. Tento proces bude prob\u00edhat automaticky, bez nutnosti va\u0161eho [&hellip;]<\/p>\n","protected":false},"author":67,"featured_media":0,"parent":91,"menu_order":0,"comment_status":"closed","ping_status":"closed","template":"","meta":{"_acf_changed":false,"_relevanssi_hide_post":"","_relevanssi_hide_content":"","_relevanssi_pin_for_all":"","_relevanssi_pin_keywords":"","_relevanssi_unpin_keywords":"","_relevanssi_related_keywords":"","_relevanssi_related_include_ids":"","_relevanssi_related_exclude_ids":"","_relevanssi_related_no_append":"","_relevanssi_related_not_related":"","_relevanssi_related_posts":"","_relevanssi_noindex_reason":"","footnotes":""},"page_category":[6],"page_tag":[48],"service_status_category":[],"class_list":["post-1548","page","type-page","status-publish","hentry"],"acf":[],"_links":{"self":[{"href":"https:\/\/o-seznam.cz\/napoveda\/sreality\/wp-json\/wp\/v2\/pages\/1548","targetHints":{"allow":["GET"]}}],"collection":[{"href":"https:\/\/o-seznam.cz\/napoveda\/sreality\/wp-json\/wp\/v2\/pages"}],"about":[{"href":"https:\/\/o-seznam.cz\/napoveda\/sreality\/wp-json\/wp\/v2\/types\/page"}],"author":[{"embeddable":true,"href":"https:\/\/o-seznam.cz\/napoveda\/sreality\/wp-json\/wp\/v2\/users\/67"}],"replies":[{"embeddable":true,"href":"https:\/\/o-seznam.cz\/napoveda\/sreality\/wp-json\/wp\/v2\/comments?post=1548"}],"version-history":[{"count":37,"href":"https:\/\/o-seznam.cz\/napoveda\/sreality\/wp-json\/wp\/v2\/pages\/1548\/revisions"}],"predecessor-version":[{"id":1767,"href":"https:\/\/o-seznam.cz\/napoveda\/sreality\/wp-json\/wp\/v2\/pages\/1548\/revisions\/1767"}],"up":[{"embeddable":true,"href":"https:\/\/o-seznam.cz\/napoveda\/sreality\/wp-json\/wp\/v2\/pages\/91"}],"wp:attachment":[{"href":"https:\/\/o-seznam.cz\/napoveda\/sreality\/wp-json\/wp\/v2\/media?parent=1548"}],"wp:term":[{"taxonomy":"page_category","embeddable":true,"href":"https:\/\/o-seznam.cz\/napoveda\/sreality\/wp-json\/wp\/v2\/page_category?post=1548"},{"taxonomy":"page_tag","embeddable":true,"href":"https:\/\/o-seznam.cz\/napoveda\/sreality\/wp-json\/wp\/v2\/page_tag?post=1548"},{"taxonomy":"service_status_category","embeddable":true,"href":"https:\/\/o-seznam.cz\/napoveda\/sreality\/wp-json\/wp\/v2\/service_status_category?post=1548"}],"curies":[{"name":"wp","href":"https:\/\/api.w.org\/{rel}","templated":true}]}}