{"id":15,"date":"2024-09-05T00:30:41","date_gmt":"2024-09-04T22:30:41","guid":{"rendered":"https:\/\/o-seznam.cz\/napoveda\/sreality\/?page_id=15"},"modified":"2025-05-23T13:53:48","modified_gmt":"2025-05-23T11:53:48","slug":"kontaktni-informace","status":"publish","type":"page","link":"https:\/\/o-seznam.cz\/napoveda\/sreality\/pro-uzivatele\/kontaktni-informace\/","title":{"rendered":"Kontaktn\u00ed informace"},"content":{"rendered":"\n<div class=\"wp-block-group is-layout-constrained wp-block-group-is-layout-constrained\">\n<p>Pro zve\u0159ejn\u011bn\u00ed inzerce je nutn\u00e9 vyplnit sv\u00e9 kontaktn\u00ed informace a to 2 zp\u016fdoby:<\/p>\n\n\n\n<ol start=\"1\" class=\"wp-block-list\">\n<li>P\u0159\u00edmo p\u0159i vkl\u00e1d\u00e1n\u00ed inzer\u00e1tu<\/li>\n\n\n\n<li>V medailonku p\u0159es odkaz \u201eNastaven\u00ed \u00fadaj\u016f\u201c<\/li>\n<\/ol>\n\n\n\n<p>Postupujte n\u00e1sledovn\u011b:<\/p>\n\n\n\n<ul class=\"wp-block-list\">\n<li>Uve\u010fte sv\u00e9 jm\u00e9no a p\u0159\u00edjmen\u00ed<\/li>\n\n\n\n<li>Zadejte telefonn\u00ed \u010d\u00edslo v\u010d. mezin\u00e1rodn\u00ed p\u0159edvolby\u00a0\u2013 pro \u010cR +\u00a0420 (telefonn\u00ed \u010d\u00edslo vkl\u00e1dejte bez mezer, m\u016f\u017eete si nastavit, zda se telefon zobraz\u00ed v inzer\u00e1tu)<\/li>\n\n\n\n<li>Potvr\u010fte oba souhlasy<\/li>\n\n\n\n<li>Klikn\u011bte na tla\u010d\u00edtko \u201ePokra\u010dovat\u201c nebo\u00a0\u201eUlo\u017eit \u00fadaje\u201c<\/li>\n<\/ul>\n\n\n\n<p>Jako kontaktn\u00ed e-mailov\u00e1 adresa je v\u017edy uvedena adresa u\u017eivatelsk\u00e9ho \u00fa\u010dtu Klientsk\u00e9 z\u00f3ny \/ Seznam Pen\u011b\u017eenky.&nbsp;Kontaktn\u00ed e-mail nelze po zad\u00e1n\u00ed inzer\u00e1tu zm\u011bnit ani upravit.<\/p>\n<\/div>\n","protected":false},"excerpt":{"rendered":"<p>Pro zve\u0159ejn\u011bn\u00ed inzerce je nutn\u00e9 vyplnit sv\u00e9 kontaktn\u00ed informace a to 2 zp\u016fdoby: Postupujte n\u00e1sledovn\u011b: Jako kontaktn\u00ed e-mailov\u00e1 adresa je v\u017edy uvedena adresa u\u017eivatelsk\u00e9ho \u00fa\u010dtu Klientsk\u00e9 z\u00f3ny \/ Seznam Pen\u011b\u017eenky.&nbsp;Kontaktn\u00ed e-mail nelze po zad\u00e1n\u00ed inzer\u00e1tu zm\u011bnit ani upravit.<\/p>\n","protected":false},"author":6,"featured_media":0,"parent":95,"menu_order":0,"comment_status":"closed","ping_status":"closed","template":"page-sidemenu","meta":{"_acf_changed":false,"_relevanssi_hide_post":"","_relevanssi_hide_content":"","_relevanssi_pin_for_all":"","_relevanssi_pin_keywords":"","_relevanssi_unpin_keywords":"","_relevanssi_related_keywords":"","_relevanssi_related_include_ids":"","_relevanssi_related_exclude_ids":"","_relevanssi_related_no_append":"","_relevanssi_related_not_related":"","_relevanssi_related_posts":"","_relevanssi_noindex_reason":"","footnotes":""},"page_category":[5],"page_tag":[],"service_status_category":[],"class_list":["post-15","page","type-page","status-publish","hentry"],"acf":[],"_links":{"self":[{"href":"https:\/\/o-seznam.cz\/napoveda\/sreality\/wp-json\/wp\/v2\/pages\/15","targetHints":{"allow":["GET"]}}],"collection":[{"href":"https:\/\/o-seznam.cz\/napoveda\/sreality\/wp-json\/wp\/v2\/pages"}],"about":[{"href":"https:\/\/o-seznam.cz\/napoveda\/sreality\/wp-json\/wp\/v2\/types\/page"}],"author":[{"embeddable":true,"href":"https:\/\/o-seznam.cz\/napoveda\/sreality\/wp-json\/wp\/v2\/users\/6"}],"replies":[{"embeddable":true,"href":"https:\/\/o-seznam.cz\/napoveda\/sreality\/wp-json\/wp\/v2\/comments?post=15"}],"version-history":[{"count":13,"href":"https:\/\/o-seznam.cz\/napoveda\/sreality\/wp-json\/wp\/v2\/pages\/15\/revisions"}],"predecessor-version":[{"id":1383,"href":"https:\/\/o-seznam.cz\/napoveda\/sreality\/wp-json\/wp\/v2\/pages\/15\/revisions\/1383"}],"up":[{"embeddable":true,"href":"https:\/\/o-seznam.cz\/napoveda\/sreality\/wp-json\/wp\/v2\/pages\/95"}],"wp:attachment":[{"href":"https:\/\/o-seznam.cz\/napoveda\/sreality\/wp-json\/wp\/v2\/media?parent=15"}],"wp:term":[{"taxonomy":"page_category","embeddable":true,"href":"https:\/\/o-seznam.cz\/napoveda\/sreality\/wp-json\/wp\/v2\/page_category?post=15"},{"taxonomy":"page_tag","embeddable":true,"href":"https:\/\/o-seznam.cz\/napoveda\/sreality\/wp-json\/wp\/v2\/page_tag?post=15"},{"taxonomy":"service_status_category","embeddable":true,"href":"https:\/\/o-seznam.cz\/napoveda\/sreality\/wp-json\/wp\/v2\/service_status_category?post=15"}],"curies":[{"name":"wp","href":"https:\/\/api.w.org\/{rel}","templated":true}]}}