{"id":1183,"date":"2024-09-05T01:31:42","date_gmt":"2024-09-04T23:31:42","guid":{"rendered":"https:\/\/o-seznam.cz\/napoveda\/sreality\/?page_id=1183"},"modified":"2025-05-23T12:55:15","modified_gmt":"2025-05-23T10:55:15","slug":"tip-developersky-projekt","status":"publish","type":"page","link":"https:\/\/o-seznam.cz\/napoveda\/sreality\/pro-realitni-kancelare\/tip-developersky-projekt\/","title":{"rendered":"Tip developersk\u00fd projekt"},"content":{"rendered":"\n<div class=\"wp-block-group is-layout-constrained wp-block-group-is-layout-constrained\">\n<p>Tip developersk\u00fd projekt je reklamn\u00ed form\u00e1t ve v\u00fdpisu inzer\u00e1t\u016f na Sreality.cz. Zobrazuje prezentaci developersk\u00e9ho projektu, podle konkr\u00e9tn\u00ed oblasti a kategorie nemovitosti.<\/p>\n<\/div>\n\n\n\n<div class=\"wp-block-group is-layout-constrained wp-block-group-is-layout-constrained\">\n<h2 class=\"wp-block-heading\">Kdy a kde se zobrazuje<\/h2>\n\n\n\n<ul class=\"wp-block-list\">\n<li>Tip developersk\u00fd projekt je reklamn\u00ed form\u00e1t na str\u00e1nk\u00e1ch Sreality.cz<\/li>\n\n\n\n<li>Zv\u00fdraz\u0148uje vybran\u00fd projekt ve vyhled\u00e1v\u00e1n\u00ed, podle region\u00e1ln\u00edho c\u00edlen\u00ed a\u017e do \u00farovn\u011b okresu (vybran\u00fdch okres\u016f)<\/li>\n\n\n\n<li>Zobrazuje se po cel\u00fd t\u00fdden na ka\u017ed\u00e9 str\u00e1nce v\u00fdpisu inzer\u00e1t\u016f, max. na jedn\u00e9 pozici<\/li>\n\n\n\n<li>Na zobrazen\u00ed nem\u00e1 zvolen\u00e9 \u0159azen\u00ed \u017e\u00e1dn\u00fd vliv (nap\u0159. dle ceny)<\/li>\n\n\n\n<li>Zakoupen\u00ed je mo\u017en\u00e9 max. 60dn\u00ed p\u0159edem<\/li>\n\n\n\n<li>K\u00a0zakoupen\u00e9mu Tipu se bude zobrazovat i logo spole\u010dnosti<\/li>\n<\/ul>\n<\/div>\n\n\n\n<div class=\"wp-block-group is-layout-constrained wp-block-group-is-layout-constrained\">\n<h2 class=\"wp-block-heading\">Jak ho objednat<\/h2>\n\n\n\n<ul class=\"wp-block-list\">\n<li>V administra\u010dn\u00edm rozhran\u00ed Srealit.cz \u2013 Dopl\u0148kov\u00e9 slu\u017eby<\/li>\n\n\n\n<li>Kategorie jsou: byty, domy, pozemky,&nbsp;komer\u010dn\u00ed<\/li>\n\n\n\n<li>Typ nab\u00eddky m\u016f\u017ee b\u00fdt pouze prodej<\/li>\n\n\n\n<li>Do objednan\u00e9ho Tipu m\u016f\u017eete vlo\u017eit v\u0161echny projekty, kter\u00e9 spadaj\u00ed do objednan\u00e9ho c\u00edlen\u00ed. Cena z\u016fstane stejn\u00e1<\/li>\n\n\n\n<li>Koupit lze pouze vybran\u00e9 lokality dle aktu\u00e1ln\u00edho cen\u00edku&nbsp;<\/li>\n<\/ul>\n<\/div>\n\n\n\n<div class=\"wp-block-group is-layout-constrained wp-block-group-is-layout-constrained\">\n<h2 class=\"wp-block-heading\">Jak zaplatit<\/h2>\n\n\n\n<ul class=\"wp-block-list\">\n<li>Platba prob\u011bhne v okam\u017eiku zakoupen\u00ed pozice&nbsp;z e-mailu Pen\u011b\u017eenky klienta<\/li>\n\n\n\n<li>Objednanou pozici nen\u00ed mo\u017en\u00e9 stornovat<\/li>\n\n\n\n<li>Pozici lze koupit s p\u0159edstihem max. 60 dn\u00ed. Term\u00edny se otev\u00edraj\u00ed v\u017edy ka\u017ed\u00fd t\u00fdden (v ned\u011bli o p\u016flnoci)<\/li>\n<\/ul>\n<\/div>\n\n\n\n<div class=\"wp-block-group is-layout-constrained wp-block-group-is-layout-constrained\">\n<h2 class=\"wp-block-heading\">N\u00e1vod na zakoupen\u00ed Tip developersk\u00e9ho projektu<\/h2>\n\n\n\n<p class=\"is-style-link-external\">Kompletn\u00ed n\u00e1vod v\u010detn\u011b n\u00e1hled\u016f najdete na\u00a0str\u00e1nce <a href=\"https:\/\/szno.cz\/cs\/b2b\/yx4ljxf0\/\">Sreality.cz &#8211; n\u00e1vod pro Tip developersk\u00fd projekt<\/a>.<\/p>\n<\/div>\n\n\n\n<h2 class=\"wp-block-heading\">Videon\u00e1vod<\/h2>\n\n\n\n<div class=\"wp-block-columns is-layout-flex wp-container-core-columns-is-layout-28f84493 wp-block-columns-is-layout-flex\">\n<div class=\"wp-block-column is-layout-flow wp-block-column-is-layout-flow\" style=\"flex-basis:100%\">\n<div class=\"wp-block-group is-layout-constrained wp-block-group-is-layout-constrained\">\n<div class=\"wp-block-columns is-layout-flex wp-container-core-columns-is-layout-28f84493 wp-block-columns-is-layout-flex\">\n<div class=\"wp-block-column is-layout-flow wp-block-column-is-layout-flow\" style=\"flex-basis:100%\">\n<div class=\"wp-block-group is-layout-constrained wp-block-group-is-layout-constrained\">\n<div class=\"wp-block-columns alignwide is-layout-flex wp-container-core-columns-is-layout-28f84493 wp-block-columns-is-layout-flex\">\n<div class=\"wp-block-column is-layout-flow wp-block-column-is-layout-flow\" style=\"flex-basis:100%\">\n<div class=\"wp-block-group is-layout-constrained wp-block-group-is-layout-constrained\"><div class=\"alignwide alignwide wp-block-seznam-stream\"><div class=\"streamAdvanced \">\n\t<button data-stream-video-advanced=\"65255300\">\n\t\t<img loading=\"lazy\" decoding=\"async\" width=\"1280\" height=\"720\" src=\"https:\/\/o-seznam.cz\/napoveda\/sreality\/wp-content\/uploads\/sites\/11\/2025\/03\/tip-developersky-projekt-scaled-1280x720.jpg\" class=\"attachment-ipq-1280x720-true size-ipq-1280x720-true\" alt=\"\" srcset=\"https:\/\/o-seznam.cz\/napoveda\/sreality\/wp-content\/uploads\/sites\/11\/2025\/03\/tip-developersky-projekt-scaled-1280x720.jpg 1280w, https:\/\/o-seznam.cz\/napoveda\/sreality\/wp-content\/uploads\/sites\/11\/2025\/03\/tip-developersky-projekt-320x181.jpg 320w, https:\/\/o-seznam.cz\/napoveda\/sreality\/wp-content\/uploads\/sites\/11\/2025\/03\/tip-developersky-projekt-scaled-992x558.jpg 992w\" sizes=\"auto, (max-width: 1280px) 100vw, 1280px\" \/>\t\t<div class=\"streamAdvanced__button\">\n\t\t\t<div>\n\t\t\t\tJak objednat Tip developersk\u00fd projekt\t\t\t\t\t\t\t<\/div>\n\t\t<\/div>\n\t<\/button>\n<\/div>\n<\/div><\/div>\n<\/div>\n<\/div>\n<\/div>\n<\/div>\n<\/div>\n<\/div>\n<\/div>\n<\/div>\n\n\n\n<p><\/p>\n","protected":false},"excerpt":{"rendered":"<p>Tip developersk\u00fd projekt je reklamn\u00ed form\u00e1t ve v\u00fdpisu inzer\u00e1t\u016f na Sreality.cz. Zobrazuje prezentaci developersk\u00e9ho projektu, podle konkr\u00e9tn\u00ed oblasti a kategorie nemovitosti. Kdy a kde se zobrazuje Jak ho objednat Jak zaplatit N\u00e1vod na zakoupen\u00ed Tip developersk\u00e9ho projektu Kompletn\u00ed n\u00e1vod v\u010detn\u011b n\u00e1hled\u016f najdete na\u00a0str\u00e1nce Sreality.cz &#8211; n\u00e1vod pro Tip developersk\u00fd projekt. Videon\u00e1vod<\/p>\n","protected":false},"author":6,"featured_media":1276,"parent":97,"menu_order":0,"comment_status":"closed","ping_status":"closed","template":"page-sidemenu","meta":{"_acf_changed":false,"_relevanssi_hide_post":"","_relevanssi_hide_content":"","_relevanssi_pin_for_all":"","_relevanssi_pin_keywords":"","_relevanssi_unpin_keywords":"","_relevanssi_related_keywords":"","_relevanssi_related_include_ids":"","_relevanssi_related_exclude_ids":"","_relevanssi_related_no_append":"","_relevanssi_related_not_related":"","_relevanssi_related_posts":"","_relevanssi_noindex_reason":"","footnotes":""},"page_category":[4],"page_tag":[],"service_status_category":[],"class_list":["post-1183","page","type-page","status-publish","has-post-thumbnail","hentry"],"acf":[],"_links":{"self":[{"href":"https:\/\/o-seznam.cz\/napoveda\/sreality\/wp-json\/wp\/v2\/pages\/1183","targetHints":{"allow":["GET"]}}],"collection":[{"href":"https:\/\/o-seznam.cz\/napoveda\/sreality\/wp-json\/wp\/v2\/pages"}],"about":[{"href":"https:\/\/o-seznam.cz\/napoveda\/sreality\/wp-json\/wp\/v2\/types\/page"}],"author":[{"embeddable":true,"href":"https:\/\/o-seznam.cz\/napoveda\/sreality\/wp-json\/wp\/v2\/users\/6"}],"replies":[{"embeddable":true,"href":"https:\/\/o-seznam.cz\/napoveda\/sreality\/wp-json\/wp\/v2\/comments?post=1183"}],"version-history":[{"count":9,"href":"https:\/\/o-seznam.cz\/napoveda\/sreality\/wp-json\/wp\/v2\/pages\/1183\/revisions"}],"predecessor-version":[{"id":1373,"href":"https:\/\/o-seznam.cz\/napoveda\/sreality\/wp-json\/wp\/v2\/pages\/1183\/revisions\/1373"}],"up":[{"embeddable":true,"href":"https:\/\/o-seznam.cz\/napoveda\/sreality\/wp-json\/wp\/v2\/pages\/97"}],"wp:featuredmedia":[{"embeddable":true,"href":"https:\/\/o-seznam.cz\/napoveda\/sreality\/wp-json\/wp\/v2\/media\/1276"}],"wp:attachment":[{"href":"https:\/\/o-seznam.cz\/napoveda\/sreality\/wp-json\/wp\/v2\/media?parent=1183"}],"wp:term":[{"taxonomy":"page_category","embeddable":true,"href":"https:\/\/o-seznam.cz\/napoveda\/sreality\/wp-json\/wp\/v2\/page_category?post=1183"},{"taxonomy":"page_tag","embeddable":true,"href":"https:\/\/o-seznam.cz\/napoveda\/sreality\/wp-json\/wp\/v2\/page_tag?post=1183"},{"taxonomy":"service_status_category","embeddable":true,"href":"https:\/\/o-seznam.cz\/napoveda\/sreality\/wp-json\/wp\/v2\/service_status_category?post=1183"}],"curies":[{"name":"wp","href":"https:\/\/api.w.org\/{rel}","templated":true}]}}