{"id":11,"date":"2024-09-05T00:45:03","date_gmt":"2024-09-04T22:45:03","guid":{"rendered":"https:\/\/o-seznam.cz\/napoveda\/sreality\/?page_id=11"},"modified":"2025-05-28T09:08:58","modified_gmt":"2025-05-28T07:08:58","slug":"vlozeni-inzeratu","status":"publish","type":"page","link":"https:\/\/o-seznam.cz\/napoveda\/sreality\/pro-uzivatele\/vlozeni-inzeratu\/","title":{"rendered":"Vlo\u017een\u00ed inzer\u00e1tu"},"content":{"rendered":"\n<div class=\"wp-block-group is-layout-constrained wp-block-group-is-layout-constrained\">\n<h2 class=\"wp-block-heading\"><strong>Snadn\u00e9 vytvo\u0159en\u00ed inzerce<\/strong><\/h2>\n\n\n\n<p>Na hlavn\u00ed stran\u011b Sreality.cz klikn\u011bte vlevo na \u201et\u0159i \u010d\u00e1rky\u201c (sbalen\u00e9 menu) a na \u201eVlo\u017eit\/upravit inzer\u00e1t\u201c \u2013 p\u0159ihlaste se e-mailem, pod kter\u00fdm chcete inzer\u00e1t zve\u0159ejnit.<\/p>\n\n\n\n<p><strong>+ Nov\u00fd inzer\u00e1t<\/strong><\/p>\n<\/div>\n\n\n\n<div class=\"wp-block-group is-layout-constrained wp-block-group-is-layout-constrained\">\n<h3 class=\"wp-block-heading\">Z\u00e1kladn\u00ed informace o nab\u00eddce<\/h3>\n\n\n\n<p>Obsahuje povinn\u00e9 polo\u017eky, kter\u00e9 je nutn\u00e9 zadat:<\/p>\n\n\n\n<ul class=\"wp-block-list\">\n<li>Vybrat typ (prodej \u010di pron\u00e1jem)<\/li>\n\n\n\n<li>Druh prodeje (mo\u017enosti v\u00fdb\u011bru \u2013 B\u011b\u017en\u00fd, Dra\u017eba, Pod\u00edl), kategorii a podkategorii inzer\u00e1tu<\/li>\n\n\n\n<li>Kategorie nemovitosti<\/li>\n\n\n\n<li>Lokalita:\n<ul class=\"wp-block-list\">\n<li>Zad\u00e1n\u00ed lokality je shodn\u00e9 s vyhled\u00e1n\u00edm adresy na Mapy.cz, UIR k\u00f3dy jsou p\u0159evzaty z datab\u00e1ze MPSV<\/li>\n\n\n\n<li>Zadejte p\u0159esnou adresu nemovitosti \u2013 ulici, \u010d.p. \/ \u010d.o. a m\u011bsto<\/li>\n\n\n\n<li>\u010c.p. \/ \u010d.o. se v detailu inzer\u00e1tu nezobrazuje, lokalitu je mo\u017en\u00e9 \u201erozost\u0159it\u201c na ulici, \u010d\u00e1st m\u011bsta, \u010di m\u011bsto<\/li>\n<\/ul>\n<\/li>\n\n\n\n<li>Cena:\n<ul class=\"wp-block-list\">\n<li>Zadejte cenu, vyberte m\u011bnu a jednotku (za nemovitost, za m\u00b2, za m\u011bs\u00edc atd.)<\/li>\n\n\n\n<li>P\u0159idat dal\u0161\u00ed parametry ceny \u2013 m\u016f\u017eete zadat up\u0159es\u0148uj\u00edc\u00ed \u00fadaje o n\u00e1kladech na bydlen\u00ed apod.<\/li>\n<\/ul>\n<\/li>\n<\/ul>\n<\/div>\n\n\n\n<div class=\"wp-block-group is-layout-constrained wp-block-group-is-layout-constrained\">\n<h3 class=\"wp-block-heading\">Fotografie a m\u00e9dia<\/h3>\n\n\n\n<ul class=\"wp-block-list\">\n<li>Obsahuje fotogalerii \u2013 povinn\u00e9 jsou 3 fotografie. V\u0161echny fotografie mus\u00ed b\u00fdt ve form\u00e1tu .jpg, minim\u00e1ln\u00ed rozli\u0161en\u00ed 480 \u00d7 360 px, do velikosti 10 MB. Min. po\u010det fotografi\u00ed jsou 3, max. 100.<\/li>\n\n\n\n<li>U fotografi\u00ed je mo\u017en\u00e9 m\u011bnit jejich po\u0159ad\u00ed pomoc\u00ed \u0161ipek u inzer\u00e1tu<\/li>\n\n\n\n<li>K inzer\u00e1tu m\u016f\u017eete vlo\u017eit i videoprohl\u00eddku. Je mo\u017en\u00e9 vlo\u017eit a\u017e 10 vide\u00ed, ka\u017ed\u00e9 video o max. velikost 3 GB. Podporujeme t\u00e9m\u011b\u0159 v\u0161echny form\u00e1ty<\/li>\n\n\n\n<li>Po vypln\u011bn\u00ed v\u0161ech povinn\u00fdch polo\u017eek se inzer\u00e1t p\u0159epne do stavu \u201e\u010dek\u00e1 na schv\u00e1len\u00ed\u201c, syst\u00e9m informace zpracuje do n\u011bkolika vte\u0159in. Po schv\u00e1len\u00ed syst\u00e9mem bude v\u00e1\u0161 inzer\u00e1t publikov\u00e1n na webov\u00fdch str\u00e1nk\u00e1ch<\/li>\n<\/ul>\n<\/div>\n\n\n\n<div class=\"wp-block-group is-layout-constrained wp-block-group-is-layout-constrained\">\n<h3 class=\"wp-block-heading\">Vlastnosti nemovitosti<\/h3>\n\n\n\n<ul class=\"wp-block-list\">\n<li>Podkategorie nemovitosti<\/li>\n\n\n\n<li>Z \u010deho je budova postaven\u00e1<\/li>\n\n\n\n<li>Jak\u00fd je stav budovy<\/li>\n\n\n\n<li>V jak\u00e9m je podla\u017e\u00ed<\/li>\n\n\n\n<li>U\u017eitn\u00e1 plocha<\/li>\n\n\n\n<li>Jak\u00fd je typ vlastnictv\u00ed<\/li>\n<\/ul>\n<\/div>\n\n\n\n<div class=\"wp-block-group is-layout-constrained wp-block-group-is-layout-constrained\">\n<h3 class=\"wp-block-heading\">Nastaven\u00ed inzer\u00e1tu<\/h3>\n\n\n\n<p>Obsahuje specifick\u00e9 polo\u017eky pro danou nemovitost \u2013 povinn\u00e9 polo\u017eky se m\u011bn\u00ed podle zvolen\u00e9 kategorie nemovitosti:<\/p>\n\n\n\n<ul class=\"wp-block-list\">\n<li>Podla\u017e\u00ed \u2013 informace o um\u00edst\u011bn\u00ed nemovitosti. Dle druhu nemovitosti jsou n\u011bkter\u00e9 polo\u017eky povinn\u00e9:\n<ul class=\"wp-block-list\">\n<li>Pro byty \u2013 po\u010det podla\u017e\u00ed, um\u00edst\u011bn\u00ed<\/li>\n\n\n\n<li>Pro domy \u2013 po\u010det podla\u017e\u00ed<\/li>\n\n\n\n<li>Podla\u017e\u00edm je my\u0161lena \u00farove\u0148 budovy nad nebo pod zem\u00ed. Nap\u0159. p\u0159\u00edzem\u00ed je 1. podla\u017e\u00ed<\/li>\n<\/ul>\n<\/li>\n\n\n\n<li>Povinn\u00e9 plochy (tato plocha se vypisuje do n\u00e1zvu inzer\u00e1tu, plochy zad\u00e1vejte v\u017edy v cel\u00fdch \u010d\u00edslech):\n<ul class=\"wp-block-list\">\n<li>Pro byty \u2013 u\u017eitn\u00e1 plocha<\/li>\n\n\n\n<li>Pro domy \u2013 u\u017eitn\u00e1 plocha, plocha pozemku<\/li>\n\n\n\n<li>Pro pozemky \u2013 plocha pozemku<\/li>\n\n\n\n<li>Pro komer\u010dn\u00ed, ostatn\u00ed \u2013 u\u017eitn\u00e1 plocha<\/li>\n<\/ul>\n<\/li>\n\n\n\n<li>Rozm\u011bry &#8211; zadejte rozm\u011bry nemovitosti<\/li>\n\n\n\n<li>Data &#8211; zadejte informace t\u00fdkaj\u00edc\u00ed se term\u00edn\u016f u nemovitosti<\/li>\n\n\n\n<li>Vybaven\u00ed \u2013 vypl\u0148te \u00fadaje o vybavenosti nemovitosti<\/li>\n<\/ul>\n<\/div>\n\n\n\n<div class=\"wp-block-group is-layout-constrained wp-block-group-is-layout-constrained\">\n<h3 class=\"wp-block-heading\">Popis nemovitosti<\/h3>\n\n\n\n<ul class=\"wp-block-list\">\n<li>Mo\u017enost vlo\u017eit a\u017e 3 000 znak\u016f<\/li>\n\n\n\n<li>Mo\u017enost generovat popis z parametr\u016f zadan\u00fdch p\u0159i zad\u00e1v\u00e1n\u00ed nab\u00eddky<\/li>\n<\/ul>\n<\/div>\n\n\n\n<h3 class=\"wp-block-heading\">Platba a platnost inzer\u00e1tu<\/h3>\n\n\n\n<ul class=\"wp-block-list\">\n<li>Mo\u017enost volby denn\u00ed platby nebo bal\u00ed\u010dku inzerce<\/li>\n\n\n\n<li>P\u0159i v\u00fdb\u011bru denn\u00ed platby se zde nastav\u00ed platnost inzerce<\/li>\n<\/ul>\n","protected":false},"excerpt":{"rendered":"<p>Snadn\u00e9 vytvo\u0159en\u00ed inzerce Na hlavn\u00ed stran\u011b Sreality.cz klikn\u011bte vlevo na \u201et\u0159i \u010d\u00e1rky\u201c (sbalen\u00e9 menu) a na \u201eVlo\u017eit\/upravit inzer\u00e1t\u201c \u2013 p\u0159ihlaste se e-mailem, pod kter\u00fdm chcete inzer\u00e1t zve\u0159ejnit. + Nov\u00fd inzer\u00e1t Z\u00e1kladn\u00ed informace o nab\u00eddce Obsahuje povinn\u00e9 polo\u017eky, kter\u00e9 je nutn\u00e9 zadat: Fotografie a m\u00e9dia Vlastnosti nemovitosti Nastaven\u00ed inzer\u00e1tu Obsahuje specifick\u00e9 polo\u017eky pro danou nemovitost \u2013 [&hellip;]<\/p>\n","protected":false},"author":6,"featured_media":0,"parent":95,"menu_order":0,"comment_status":"closed","ping_status":"closed","template":"page-sidemenu","meta":{"_acf_changed":false,"_relevanssi_hide_post":"","_relevanssi_hide_content":"","_relevanssi_pin_for_all":"","_relevanssi_pin_keywords":"","_relevanssi_unpin_keywords":"","_relevanssi_related_keywords":"","_relevanssi_related_include_ids":"","_relevanssi_related_exclude_ids":"","_relevanssi_related_no_append":"","_relevanssi_related_not_related":"","_relevanssi_related_posts":"","_relevanssi_noindex_reason":"","footnotes":""},"page_category":[5],"page_tag":[],"service_status_category":[],"class_list":["post-11","page","type-page","status-publish","hentry"],"acf":[],"_links":{"self":[{"href":"https:\/\/o-seznam.cz\/napoveda\/sreality\/wp-json\/wp\/v2\/pages\/11","targetHints":{"allow":["GET"]}}],"collection":[{"href":"https:\/\/o-seznam.cz\/napoveda\/sreality\/wp-json\/wp\/v2\/pages"}],"about":[{"href":"https:\/\/o-seznam.cz\/napoveda\/sreality\/wp-json\/wp\/v2\/types\/page"}],"author":[{"embeddable":true,"href":"https:\/\/o-seznam.cz\/napoveda\/sreality\/wp-json\/wp\/v2\/users\/6"}],"replies":[{"embeddable":true,"href":"https:\/\/o-seznam.cz\/napoveda\/sreality\/wp-json\/wp\/v2\/comments?post=11"}],"version-history":[{"count":16,"href":"https:\/\/o-seznam.cz\/napoveda\/sreality\/wp-json\/wp\/v2\/pages\/11\/revisions"}],"predecessor-version":[{"id":1418,"href":"https:\/\/o-seznam.cz\/napoveda\/sreality\/wp-json\/wp\/v2\/pages\/11\/revisions\/1418"}],"up":[{"embeddable":true,"href":"https:\/\/o-seznam.cz\/napoveda\/sreality\/wp-json\/wp\/v2\/pages\/95"}],"wp:attachment":[{"href":"https:\/\/o-seznam.cz\/napoveda\/sreality\/wp-json\/wp\/v2\/media?parent=11"}],"wp:term":[{"taxonomy":"page_category","embeddable":true,"href":"https:\/\/o-seznam.cz\/napoveda\/sreality\/wp-json\/wp\/v2\/page_category?post=11"},{"taxonomy":"page_tag","embeddable":true,"href":"https:\/\/o-seznam.cz\/napoveda\/sreality\/wp-json\/wp\/v2\/page_tag?post=11"},{"taxonomy":"service_status_category","embeddable":true,"href":"https:\/\/o-seznam.cz\/napoveda\/sreality\/wp-json\/wp\/v2\/service_status_category?post=11"}],"curies":[{"name":"wp","href":"https:\/\/api.w.org\/{rel}","templated":true}]}}