{"id":97,"date":"2024-11-18T00:50:29","date_gmt":"2024-11-17T23:50:29","guid":{"rendered":"https:\/\/o-seznam.cz\/napoveda\/seznam\/?page_id=97"},"modified":"2024-12-06T11:52:54","modified_gmt":"2024-12-06T10:52:54","slug":"oblibene-a-sdileni","status":"publish","type":"page","link":"https:\/\/o-seznam.cz\/napoveda\/seznam\/aplikace\/android\/oblibene-a-sdileni\/","title":{"rendered":"Obl\u00edben\u00e9 a sd\u00edlen\u00ed"},"content":{"rendered":"\n<div class=\"wp-block-group is-layout-constrained wp-block-group-is-layout-constrained\">\n<p>Aplikace Seznam.cz je internetov\u00fd prohl\u00ed\u017ee\u010d pro va\u0161e mobiln\u00ed telefony a tablety. Nab\u00edz\u00ed \u0159adu pro prohl\u00ed\u017ee\u010de b\u011b\u017en\u00fdch, ale i nadstandardn\u00edch funkc\u00ed. N\u00ed\u017ee si m\u016f\u017eete prohl\u00e9dnout n\u011bkter\u00e9 z nich.<\/p>\n<\/div>\n\n\n\n<div class=\"wp-block-group is-layout-constrained wp-block-group-is-layout-constrained\">\n<h2 class=\"wp-block-heading\">P\u0159id\u00e1n\u00ed str\u00e1nky mezi Obl\u00edben\u00e9<\/h2>\n\n\n\n<p>Na spodn\u00ed stran\u011b str\u00e1nky vid\u00edte li\u0161tu s tla\u010d\u00edtky, to spr\u00e1vn\u00e9 je tla\u010d\u00edtko s hv\u011bzdi\u010dkou: <\/p>\n\n\n\n<figure class=\"wp-block-image size-thumbnail\"><img loading=\"lazy\" decoding=\"async\" width=\"320\" height=\"49\" src=\"https:\/\/o-seznam.cz\/napoveda\/seznam\/wp-content\/uploads\/sites\/16\/2024\/11\/bottom-bar-320x49.png\" alt=\"\" class=\"wp-image-99\" srcset=\"https:\/\/o-seznam.cz\/napoveda\/seznam\/wp-content\/uploads\/sites\/16\/2024\/11\/bottom-bar-320x49.png 320w, https:\/\/o-seznam.cz\/napoveda\/seznam\/wp-content\/uploads\/sites\/16\/2024\/11\/bottom-bar.png 538w\" sizes=\"auto, (max-width: 320px) 100vw, 320px\" \/><\/figure>\n\n\n\n<p>V panelu Obl\u00edben\u00e9 sta\u010d\u00ed pot\u00e9 pou\u017e\u00edt \u010derven\u00e9 tla\u010d\u00edtko P\u0159idat otev\u0159enou str\u00e1nku do Obl\u00edben\u00fdch. Po kliknut\u00ed na n\u011bj se str\u00e1nka ihned p\u0159id\u00e1 mezi Obl\u00edben\u00e9.<\/p>\n\n\n\n<figure class=\"wp-block-image size-thumbnail\"><img loading=\"lazy\" decoding=\"async\" width=\"320\" height=\"116\" src=\"https:\/\/o-seznam.cz\/napoveda\/seznam\/wp-content\/uploads\/sites\/16\/2024\/11\/add-favourites-320x116.png\" alt=\"\" class=\"wp-image-100\" srcset=\"https:\/\/o-seznam.cz\/napoveda\/seznam\/wp-content\/uploads\/sites\/16\/2024\/11\/add-favourites-320x116.png 320w, https:\/\/o-seznam.cz\/napoveda\/seznam\/wp-content\/uploads\/sites\/16\/2024\/11\/add-favourites.png 482w\" sizes=\"auto, (max-width: 320px) 100vw, 320px\" \/><\/figure>\n\n\n\n<p>Obl\u00edben\u00e9 str\u00e1nky si tak\u00e9 m\u016f\u017eete t\u0159\u00eddit do slo\u017eek. Slo\u017eku vytvo\u0159\u00edte v panelu Obl\u00edben\u00fdch kliknut\u00edm na ikonu:<\/p>\n\n\n\n<figure class=\"wp-block-image size-full\"><img loading=\"lazy\" decoding=\"async\" width=\"65\" height=\"56\" src=\"https:\/\/o-seznam.cz\/napoveda\/seznam\/wp-content\/uploads\/sites\/16\/2024\/11\/fav-folder-ico.png\" alt=\"\" class=\"wp-image-101\"\/><\/figure>\n\n\n\n<p>Novou slo\u017eku je pot\u0159eba pojmenovat a pot\u00e9 kliknout na tla\u010d\u00edtko:<\/p>\n\n\n\n<figure class=\"wp-block-image size-full\"><img loading=\"lazy\" decoding=\"async\" width=\"59\" height=\"55\" src=\"https:\/\/o-seznam.cz\/napoveda\/seznam\/wp-content\/uploads\/sites\/16\/2024\/11\/fav-folder-ok.png\" alt=\"\" class=\"wp-image-102\"\/><\/figure>\n\n\n\n<figure class=\"wp-block-image size-thumbnail\"><img loading=\"lazy\" decoding=\"async\" width=\"320\" height=\"235\" src=\"https:\/\/o-seznam.cz\/napoveda\/seznam\/wp-content\/uploads\/sites\/16\/2024\/11\/fav-folder-320x235.png\" alt=\"\" class=\"wp-image-103\" srcset=\"https:\/\/o-seznam.cz\/napoveda\/seznam\/wp-content\/uploads\/sites\/16\/2024\/11\/fav-folder-320x235.png 320w, https:\/\/o-seznam.cz\/napoveda\/seznam\/wp-content\/uploads\/sites\/16\/2024\/11\/fav-folder.png 484w\" sizes=\"auto, (max-width: 320px) 100vw, 320px\" \/><\/figure>\n\n\n\n<p>Pokud chcete obl\u00edbenou str\u00e1nku p\u0159esunout do vytvo\u0159en\u00e9 slo\u017eky, ve v\u00fdpisu Obl\u00edben\u00fdch klikn\u011bte u p\u0159\u00edslu\u0161n\u00e9 str\u00e1nky na ikonu t\u0159\u00ed te\u010dek, kterou najdete u ka\u017ed\u00e9 polo\u017eky vlevo. Objev\u00ed se menu a v n\u011bm nab\u00eddka Upravit.<\/p>\n\n\n\n<p>Po kliknut\u00ed na tuto nab\u00eddku m\u016f\u017eete zvolit, do kter\u00e9 slo\u017eky chcete obl\u00edbenou str\u00e1nku p\u0159esunout. Um\u00edst\u011bn\u00ed pak potvr\u010fte kliknut\u00edm na tla\u010d\u00edtko:<\/p>\n\n\n\n<figure class=\"wp-block-image size-full\"><img loading=\"lazy\" decoding=\"async\" width=\"59\" height=\"55\" src=\"https:\/\/o-seznam.cz\/napoveda\/seznam\/wp-content\/uploads\/sites\/16\/2024\/11\/fav-folder-ok.png\" alt=\"\" class=\"wp-image-102\"\/><\/figure>\n\n\n\n<figure class=\"wp-block-image size-thumbnail\"><img loading=\"lazy\" decoding=\"async\" width=\"320\" height=\"320\" src=\"https:\/\/o-seznam.cz\/napoveda\/seznam\/wp-content\/uploads\/sites\/16\/2024\/11\/fav-move-320x320.png\" alt=\"\" class=\"wp-image-104\" srcset=\"https:\/\/o-seznam.cz\/napoveda\/seznam\/wp-content\/uploads\/sites\/16\/2024\/11\/fav-move-320x320.png 320w, https:\/\/o-seznam.cz\/napoveda\/seznam\/wp-content\/uploads\/sites\/16\/2024\/11\/fav-move-256x256.png 256w, https:\/\/o-seznam.cz\/napoveda\/seznam\/wp-content\/uploads\/sites\/16\/2024\/11\/fav-move.png 484w\" sizes=\"auto, (max-width: 320px) 100vw, 320px\" \/><\/figure>\n\n\n\n<p>A je to&#8230;<\/p>\n<\/div>\n\n\n\n<div class=\"wp-block-group is-layout-constrained wp-block-group-is-layout-constrained\">\n<h2 class=\"wp-block-heading\">Sd\u00edlen\u00ed<\/h2>\n\n\n\n<p>Str\u00e1nky m\u016f\u017eete jednodu\u0161e sd\u00edlet s p\u0159\u00e1teli a kamar\u00e1dy. Sta\u010d\u00ed rozkliknout menu <\/p>\n\n\n\n<figure class=\"wp-block-image size-full\"><img loading=\"lazy\" decoding=\"async\" width=\"49\" height=\"48\" src=\"https:\/\/o-seznam.cz\/napoveda\/seznam\/wp-content\/uploads\/sites\/16\/2024\/11\/menu-ico.png\" alt=\"\" class=\"wp-image-105\"\/><\/figure>\n\n\n\n<p>a zvolit mo\u017enost:<\/p>\n\n\n\n<figure class=\"wp-block-image size-full\"><img loading=\"lazy\" decoding=\"async\" width=\"169\" height=\"41\" src=\"https:\/\/o-seznam.cz\/napoveda\/seznam\/wp-content\/uploads\/sites\/16\/2024\/11\/share.png\" alt=\"\" class=\"wp-image-106\"\/><\/figure>\n\n\n\n<p>Pot\u00e9 z nab\u00eddky vyberte, kterou slu\u017ebu chcete pro sd\u00edlen\u00ed pou\u017e\u00edt.<\/p>\n\n\n\n<figure class=\"wp-block-image size-thumbnail\"><img loading=\"lazy\" decoding=\"async\" width=\"320\" height=\"170\" src=\"https:\/\/o-seznam.cz\/napoveda\/seznam\/wp-content\/uploads\/sites\/16\/2024\/11\/share-apps-320x170.png\" alt=\"\" class=\"wp-image-107\" srcset=\"https:\/\/o-seznam.cz\/napoveda\/seznam\/wp-content\/uploads\/sites\/16\/2024\/11\/share-apps-320x170.png 320w, https:\/\/o-seznam.cz\/napoveda\/seznam\/wp-content\/uploads\/sites\/16\/2024\/11\/share-apps.png 537w\" sizes=\"auto, (max-width: 320px) 100vw, 320px\" \/><\/figure>\n<\/div>\n","protected":false},"excerpt":{"rendered":"<p>Aplikace Seznam.cz je internetov\u00fd prohl\u00ed\u017ee\u010d pro va\u0161e mobiln\u00ed telefony a tablety. Nab\u00edz\u00ed \u0159adu pro prohl\u00ed\u017ee\u010de b\u011b\u017en\u00fdch, ale i nadstandardn\u00edch funkc\u00ed. N\u00ed\u017ee si m\u016f\u017eete prohl\u00e9dnout n\u011bkter\u00e9 z nich. P\u0159id\u00e1n\u00ed str\u00e1nky mezi Obl\u00edben\u00e9 Na spodn\u00ed stran\u011b str\u00e1nky vid\u00edte li\u0161tu s tla\u010d\u00edtky, to spr\u00e1vn\u00e9 je tla\u010d\u00edtko s hv\u011bzdi\u010dkou: V panelu Obl\u00edben\u00e9 sta\u010d\u00ed pot\u00e9 pou\u017e\u00edt \u010derven\u00e9 tla\u010d\u00edtko P\u0159idat otev\u0159enou [&hellip;]<\/p>\n","protected":false},"author":6,"featured_media":0,"parent":157,"menu_order":0,"comment_status":"closed","ping_status":"closed","template":"page-sidemenu","meta":{"_acf_changed":false,"_relevanssi_hide_post":"","_relevanssi_hide_content":"","_relevanssi_pin_for_all":"","_relevanssi_pin_keywords":"","_relevanssi_unpin_keywords":"","_relevanssi_related_keywords":"","_relevanssi_related_include_ids":"","_relevanssi_related_exclude_ids":"","_relevanssi_related_no_append":"","_relevanssi_related_not_related":"","_relevanssi_related_posts":"","_relevanssi_noindex_reason":"","footnotes":""},"page_category":[4],"page_tag":[],"service_status_category":[],"class_list":["post-97","page","type-page","status-publish","hentry"],"acf":[],"_links":{"self":[{"href":"https:\/\/o-seznam.cz\/napoveda\/seznam\/wp-json\/wp\/v2\/pages\/97","targetHints":{"allow":["GET"]}}],"collection":[{"href":"https:\/\/o-seznam.cz\/napoveda\/seznam\/wp-json\/wp\/v2\/pages"}],"about":[{"href":"https:\/\/o-seznam.cz\/napoveda\/seznam\/wp-json\/wp\/v2\/types\/page"}],"author":[{"embeddable":true,"href":"https:\/\/o-seznam.cz\/napoveda\/seznam\/wp-json\/wp\/v2\/users\/6"}],"replies":[{"embeddable":true,"href":"https:\/\/o-seznam.cz\/napoveda\/seznam\/wp-json\/wp\/v2\/comments?post=97"}],"version-history":[{"count":3,"href":"https:\/\/o-seznam.cz\/napoveda\/seznam\/wp-json\/wp\/v2\/pages\/97\/revisions"}],"predecessor-version":[{"id":256,"href":"https:\/\/o-seznam.cz\/napoveda\/seznam\/wp-json\/wp\/v2\/pages\/97\/revisions\/256"}],"up":[{"embeddable":true,"href":"https:\/\/o-seznam.cz\/napoveda\/seznam\/wp-json\/wp\/v2\/pages\/157"}],"wp:attachment":[{"href":"https:\/\/o-seznam.cz\/napoveda\/seznam\/wp-json\/wp\/v2\/media?parent=97"}],"wp:term":[{"taxonomy":"page_category","embeddable":true,"href":"https:\/\/o-seznam.cz\/napoveda\/seznam\/wp-json\/wp\/v2\/page_category?post=97"},{"taxonomy":"page_tag","embeddable":true,"href":"https:\/\/o-seznam.cz\/napoveda\/seznam\/wp-json\/wp\/v2\/page_tag?post=97"},{"taxonomy":"service_status_category","embeddable":true,"href":"https:\/\/o-seznam.cz\/napoveda\/seznam\/wp-json\/wp\/v2\/service_status_category?post=97"}],"curies":[{"name":"wp","href":"https:\/\/api.w.org\/{rel}","templated":true}]}}