{"id":87,"date":"2024-11-17T23:08:53","date_gmt":"2024-11-17T22:08:53","guid":{"rendered":"https:\/\/o-seznam.cz\/napoveda\/seznam\/?page_id=87"},"modified":"2026-02-24T08:44:40","modified_gmt":"2026-02-24T07:44:40","slug":"o-prohlizeci","status":"publish","type":"page","link":"https:\/\/o-seznam.cz\/napoveda\/seznam\/aplikace\/o-prohlizeci\/","title":{"rendered":"O prohl\u00ed\u017ee\u010di Seznam.cz"},"content":{"rendered":"\n<div class=\"wp-block-group is-layout-constrained wp-block-group-is-layout-constrained\">\n<figure class=\"wp-block-image size-full\"><img loading=\"lazy\" decoding=\"async\" width=\"106\" height=\"106\" src=\"https:\/\/o-seznam.cz\/napoveda\/seznam\/wp-content\/uploads\/sites\/16\/2024\/11\/seznam-logo.png\" alt=\"\" class=\"wp-image-88\"\/><\/figure>\n\n\n\n<p class=\"is-style-link-external\">Prohl\u00ed\u017ee\u010d Seznam.cz je <a href=\"https:\/\/www.seznam.cz\/prohlizec\" data-type=\"link\" data-id=\"https:\/\/www.seznam.cz\/prohlizec\" target=\"_blank\" rel=\"noreferrer noopener\">p\u0159ehledn\u00fd internetov\u00fd prohl\u00ed\u017ee\u010d<\/a> se snadn\u00fdm p\u0159\u00edstupem na slu\u017eby Seznamu.<\/p>\n\n\n\n<p>Vytvo\u0159ili jsme internetov\u00fd prohl\u00ed\u017ee\u010d s nejjednodu\u0161\u0161\u00edm p\u0159\u00edstupem na Seznam.cz. Sta\u010d\u00ed jeden klik a jste tam. Hledat, co nezn\u00e1te, m\u016f\u017eete chyt\u0159e p\u0159\u00edmo v adresn\u00edm \u0159\u00e1dku.<\/p>\n\n\n\n<p>A proto\u017ee jsme \u010ce\u0161i, v\u0161echna n\u00e1zvoslov\u00ed jsme pojmenovali tak, abyste k nim nepot\u0159ebovali anglicko-aj\u0165\u00e1ck\u00fd slovn\u00edk.<\/p>\n<\/div>\n\n\n\n<div class=\"wp-block-group is-layout-constrained wp-block-group-is-layout-constrained\">\n<h2 class=\"wp-block-heading\">Prohl\u00ed\u017ee\u010d je dostupn\u00fd pro syst\u00e9my:<\/h2>\n\n\n\n<div class=\"wp-block-columns is-layout-flex wp-container-core-columns-is-layout-28f84493 wp-block-columns-is-layout-flex\">\n<div class=\"wp-block-column is-layout-flow wp-block-column-is-layout-flow\">\n<div class=\"wp-block-seznam-box is-layout-flow wp-block-seznam-box-is-layout-flow\">\n<p><strong>Android<\/strong> 11.0 a vy\u0161\u0161\u00ed<\/p>\n\n\n\n<figure class=\"wp-block-image size-full\"><a href=\"https:\/\/play.google.com\/store\/apps\/details?id=cz.seznam.sbrowser&amp;hl=cs&amp;utm_source=Seznam.cz%2Faplikace&amp;utm_medium=odkaz&amp;utm_campaign=aplikace&amp;referrer=utm_campaign%3D14\"><img loading=\"lazy\" decoding=\"async\" width=\"172\" height=\"46\" src=\"https:\/\/o-seznam.cz\/napoveda\/seznam\/wp-content\/uploads\/sites\/16\/2024\/11\/dl-android.png\" alt=\"\" class=\"wp-image-89\"\/><\/a><\/figure>\n<\/div>\n\n\n\n<div class=\"wp-block-seznam-box is-layout-flow wp-block-seznam-box-is-layout-flow\">\n<p><strong>iOS<\/strong>&nbsp;17.0 a vy\u0161\u0161\u00ed<br><strong>iPadOS<\/strong>&nbsp;17.0 a vy\u0161\u0161\u00ed<\/p>\n\n\n\n<figure class=\"wp-block-image size-full\"><a href=\"https:\/\/itunes.apple.com\/cz\/app\/seznam.cz\/id950278657?mt=8\"><img loading=\"lazy\" decoding=\"async\" width=\"172\" height=\"46\" src=\"https:\/\/o-seznam.cz\/napoveda\/seznam\/wp-content\/uploads\/sites\/16\/2024\/11\/dl-ios-ipados.png\" alt=\"\" class=\"wp-image-92\"\/><\/a><\/figure>\n<\/div>\n\n\n\n<div class=\"wp-block-seznam-box is-layout-flow wp-block-seznam-box-is-layout-flow\">\n<p><strong>Microsoft Windows<\/strong> 10 21H2 (64bit) a vy\u0161\u0161\u00ed<\/p>\n\n\n\n<figure class=\"wp-block-image size-full\"><a href=\"https:\/\/seznam.cz\/prohlizec\"><img loading=\"lazy\" decoding=\"async\" width=\"172\" height=\"46\" src=\"https:\/\/o-seznam.cz\/napoveda\/seznam\/wp-content\/uploads\/sites\/16\/2024\/11\/dl-windows-2.png\" alt=\"\" class=\"wp-image-94\"\/><\/a><\/figure>\n<\/div>\n\n\n\n<div class=\"wp-block-seznam-box is-layout-flow wp-block-seznam-box-is-layout-flow\">\n<p><strong>Apple MacOS<\/strong> 12.0 Monterey (64bit) a vy\u0161\u0161\u00ed<\/p>\n\n\n\n<figure class=\"wp-block-image size-full\"><a href=\"https:\/\/seznam.cz\/prohlizec\"><img loading=\"lazy\" decoding=\"async\" width=\"172\" height=\"46\" src=\"https:\/\/o-seznam.cz\/napoveda\/seznam\/wp-content\/uploads\/sites\/16\/2024\/11\/dl-macos.png\" alt=\"\" class=\"wp-image-93\"\/><\/a><\/figure>\n<\/div>\n<\/div>\n\n\n\n<div class=\"wp-block-column is-layout-flow wp-block-column-is-layout-flow\">\n<figure class=\"wp-block-gallery has-nested-images columns-default is-cropped wp-block-gallery-1 is-layout-flex wp-block-gallery-is-layout-flex\">\n<figure class=\"wp-block-image size-full\"><img loading=\"lazy\" decoding=\"async\" width=\"1179\" height=\"2436\" data-id=\"529\" src=\"https:\/\/o-seznam.cz\/napoveda\/seznam\/wp-content\/uploads\/sites\/16\/2026\/02\/img-0179.jpg\" alt=\"\" class=\"wp-image-529\" srcset=\"https:\/\/o-seznam.cz\/napoveda\/seznam\/wp-content\/uploads\/sites\/16\/2026\/02\/img-0179.jpg 1179w, https:\/\/o-seznam.cz\/napoveda\/seznam\/wp-content\/uploads\/sites\/16\/2026\/02\/img-0179-480x992.jpg 480w, https:\/\/o-seznam.cz\/napoveda\/seznam\/wp-content\/uploads\/sites\/16\/2026\/02\/img-0179-960x1984.jpg 960w, https:\/\/o-seznam.cz\/napoveda\/seznam\/wp-content\/uploads\/sites\/16\/2026\/02\/img-0179-155x320.jpg 155w, https:\/\/o-seznam.cz\/napoveda\/seznam\/wp-content\/uploads\/sites\/16\/2026\/02\/img-0179-768x1587.jpg 768w, https:\/\/o-seznam.cz\/napoveda\/seznam\/wp-content\/uploads\/sites\/16\/2026\/02\/img-0179-743x1536.jpg 743w, https:\/\/o-seznam.cz\/napoveda\/seznam\/wp-content\/uploads\/sites\/16\/2026\/02\/img-0179-991x2048.jpg 991w\" sizes=\"auto, (max-width: 1179px) 100vw, 1179px\" \/><\/figure>\n<\/figure>\n<\/div>\n<\/div>\n<\/div>\n\n\n\n<div class=\"wp-block-group is-layout-constrained wp-block-group-is-layout-constrained\">\n<div class=\"wp-block-columns is-layout-flex wp-container-core-columns-is-layout-28f84493 wp-block-columns-is-layout-flex\">\n<div class=\"wp-block-column is-layout-flow wp-block-column-is-layout-flow\"><\/div>\n<\/div>\n<\/div>\n\n\n\n<p><\/p>\n","protected":false},"excerpt":{"rendered":"<p>Prohl\u00ed\u017ee\u010d Seznam.cz je p\u0159ehledn\u00fd internetov\u00fd prohl\u00ed\u017ee\u010d se snadn\u00fdm p\u0159\u00edstupem na slu\u017eby Seznamu. Vytvo\u0159ili jsme internetov\u00fd prohl\u00ed\u017ee\u010d s nejjednodu\u0161\u0161\u00edm p\u0159\u00edstupem na Seznam.cz. Sta\u010d\u00ed jeden klik a jste tam. Hledat, co nezn\u00e1te, m\u016f\u017eete chyt\u0159e p\u0159\u00edmo v adresn\u00edm \u0159\u00e1dku. A proto\u017ee jsme \u010ce\u0161i, v\u0161echna n\u00e1zvoslov\u00ed jsme pojmenovali tak, abyste k nim nepot\u0159ebovali anglicko-aj\u0165\u00e1ck\u00fd slovn\u00edk. Prohl\u00ed\u017ee\u010d je dostupn\u00fd pro [&hellip;]<\/p>\n","protected":false},"author":6,"featured_media":0,"parent":82,"menu_order":10,"comment_status":"closed","ping_status":"closed","template":"page-sidemenu","meta":{"_acf_changed":false,"_relevanssi_hide_post":"","_relevanssi_hide_content":"","_relevanssi_pin_for_all":"","_relevanssi_pin_keywords":"","_relevanssi_unpin_keywords":"","_relevanssi_related_keywords":"","_relevanssi_related_include_ids":"","_relevanssi_related_exclude_ids":"","_relevanssi_related_no_append":"","_relevanssi_related_not_related":"","_relevanssi_related_posts":"","_relevanssi_noindex_reason":"","footnotes":""},"page_category":[4],"page_tag":[],"service_status_category":[],"class_list":["post-87","page","type-page","status-publish","hentry"],"acf":[],"_links":{"self":[{"href":"https:\/\/o-seznam.cz\/napoveda\/seznam\/wp-json\/wp\/v2\/pages\/87","targetHints":{"allow":["GET"]}}],"collection":[{"href":"https:\/\/o-seznam.cz\/napoveda\/seznam\/wp-json\/wp\/v2\/pages"}],"about":[{"href":"https:\/\/o-seznam.cz\/napoveda\/seznam\/wp-json\/wp\/v2\/types\/page"}],"author":[{"embeddable":true,"href":"https:\/\/o-seznam.cz\/napoveda\/seznam\/wp-json\/wp\/v2\/users\/6"}],"replies":[{"embeddable":true,"href":"https:\/\/o-seznam.cz\/napoveda\/seznam\/wp-json\/wp\/v2\/comments?post=87"}],"version-history":[{"count":15,"href":"https:\/\/o-seznam.cz\/napoveda\/seznam\/wp-json\/wp\/v2\/pages\/87\/revisions"}],"predecessor-version":[{"id":535,"href":"https:\/\/o-seznam.cz\/napoveda\/seznam\/wp-json\/wp\/v2\/pages\/87\/revisions\/535"}],"up":[{"embeddable":true,"href":"https:\/\/o-seznam.cz\/napoveda\/seznam\/wp-json\/wp\/v2\/pages\/82"}],"wp:attachment":[{"href":"https:\/\/o-seznam.cz\/napoveda\/seznam\/wp-json\/wp\/v2\/media?parent=87"}],"wp:term":[{"taxonomy":"page_category","embeddable":true,"href":"https:\/\/o-seznam.cz\/napoveda\/seznam\/wp-json\/wp\/v2\/page_category?post=87"},{"taxonomy":"page_tag","embeddable":true,"href":"https:\/\/o-seznam.cz\/napoveda\/seznam\/wp-json\/wp\/v2\/page_tag?post=87"},{"taxonomy":"service_status_category","embeddable":true,"href":"https:\/\/o-seznam.cz\/napoveda\/seznam\/wp-json\/wp\/v2\/service_status_category?post=87"}],"curies":[{"name":"wp","href":"https:\/\/api.w.org\/{rel}","templated":true}]}}