{"id":82,"date":"2024-11-11T07:33:19","date_gmt":"2024-11-11T06:33:19","guid":{"rendered":"https:\/\/o-seznam.cz\/napoveda\/seznam\/?page_id=82"},"modified":"2026-03-17T09:52:30","modified_gmt":"2026-03-17T08:52:30","slug":"aplikace","status":"publish","type":"page","link":"https:\/\/o-seznam.cz\/napoveda\/seznam\/aplikace\/","title":{"rendered":"N\u00e1pov\u011bda Aplikace a prohl\u00ed\u017ee\u010d Seznam.cz"},"content":{"rendered":"\n<div class=\"wp-block-group alignwide is-layout-constrained wp-block-group-is-layout-constrained\">\n<div class=\"wp-block-group alignwide is-layout-constrained wp-block-group-is-layout-constrained\"><div class=\"alignwide alignwide wp-block-seznam-hero\"><div class=\"cover is-hero is-hero-default bg-neutral-40\"><img decoding=\"async\" src=\"https:\/\/o-seznam.cz\/napoveda\/seznam\/wp-content\/themes\/seznam\/patterns\/images\/seznam-cover.jpg\" class=\"cover__media\" alt=\"\" \/><div class=\"cover__dim\" style=\"opacity:0.45\"><\/div><div class=\"cover__content is-layout-constrained\">\n\n<h1 class=\"wp-block-heading has-text-align-left\">N\u00e1pov\u011bda<br>Aplikace Seznam.cz<\/h1>\n\n\n\n<div class=\"wp-block-group is-content-justification-left is-layout-constrained wp-container-core-group-is-layout-59d06cab wp-block-group-is-layout-constrained\">\n<p>Porad\u00edme, jak propojit obl\u00edben\u00e9 str\u00e1nky a hesla mezi za\u0159\u00edzen\u00edmi nebo nastavit upozorn\u011bn\u00ed na nov\u00e9 e-maily. A v\u011bd\u011bli jste, \u017ee ciz\u00ed webov\u00e9 str\u00e1nky si lze hned p\u0159ekl\u00e1dat?<\/p>\n<\/div>\n\n<\/div><\/div><\/div>\n\n\n<\/div>\n<\/div>\n\n\n\n<div class=\"wp-block-group is-layout-constrained wp-block-group-is-layout-constrained\">\n<h2 class=\"wp-block-heading\">Nej\u010dast\u011bj\u0161\u00ed dotazy<\/h2>\n\n\n\n<div class=\"accordion\">\n\t<div class=\"accordion__items\">\n\n<details class=\"expander is-style-default\">\n\t<summary data-datalayer-name=\"\" data-datalayer-text=\"Zmizely mi ulo\u017een\u00e9 z\u00e1lo\u017eky, je mo\u017en\u00e9 z\u00e1lo\u017eky obnovit?\">\n\t\t\t\t<strong>Zmizely mi ulo\u017een\u00e9 z\u00e1lo\u017eky, je mo\u017en\u00e9 z\u00e1lo\u017eky obnovit?<\/strong>\n\t\t\t<\/summary>\n\t<div class=\"inner-blocks\">\n\n<p>Pokud ulo\u017een\u00e9 z\u00e1lo\u017eky zmizely, nen\u00ed je mo\u017en\u00e9 obnovit.&nbsp;<\/p>\n\n<\/div><\/details>\n\n\n\n<details class=\"expander is-style-default\">\n\t<summary data-datalayer-name=\"\" data-datalayer-text=\"Je mo\u017en\u00e9 zobrazit, nebo exportovat z prohl\u00ed\u017ee\u010de ulo\u017een\u00e1 hesla? \">\n\t\t\t\t<strong>Je mo\u017en\u00e9 zobrazit, nebo exportovat z prohl\u00ed\u017ee\u010de ulo\u017een\u00e1 hesla? <\/strong>\n\t\t\t<\/summary>\n\t<div class=\"inner-blocks\">\n\n<p>Ulo\u017een\u00e1 hesla nen\u00ed mo\u017en\u00e9 v prohl\u00ed\u017ee\u010di zobrazit, ani exportovat.&nbsp;<\/p>\n\n<\/div><\/details>\n\n\n\n<details class=\"expander is-style-default\">\n\t<summary data-datalayer-name=\"\" data-datalayer-text=\"Cht\u011bl bych m\u00edt aplikaci Seznam.cz v telefonu, kde ji mohu st\u00e1hnout?\">\n\t\t\t\t<strong>Cht\u011bl bych m\u00edt aplikaci Seznam.cz v telefonu, kde ji mohu st\u00e1hnout?<\/strong>\n\t\t\t<\/summary>\n\t<div class=\"inner-blocks\">\n\n<p>Aplikaci m\u016f\u017eete jednodu\u0161e st\u00e1hnout z va\u0161eho obchodu s aplikacemi. Odkazy pro p\u0159\u00edm\u00e9 sta\u017een\u00ed z Obchodu Play a App Store najdete na str\u00e1nce <a href=\"https:\/\/www.seznam.cz\/aplikace\/\">https:\/\/www.seznam.cz\/aplikace\/<\/a><\/p>\n\n<\/div><\/details>\n\n<\/div><\/div>\n\n<\/div>\n\n\n\n<div class=\"wp-block-group is-layout-constrained wp-block-group-is-layout-constrained\">\n<h2 class=\"wp-block-heading\">N\u00e1pov\u011bda pro Aplikaci Seznam.cz<\/h2>\n\n\n\n<div class=\"wp-block-group is-layout-grid wp-container-core-group-is-layout-2931688a wp-block-group-is-layout-grid\">\n<div class=\"wp-block-group is-layout-constrained wp-block-group-is-layout-constrained\"><div class=\"block-boxlink\"><a class=\"boxlink boxlink--icon-none px-f4 py-f4\" href=\"https:\/\/o-seznam.cz\/napoveda\/seznam\/aplikace\/android\/\"><div class=\"inner-blocks\">\n<div class=\"boxlink-logo\">\n\t<img loading=\"lazy\" decoding=\"async\" width=\"920\" height=\"400\" src=\"https:\/\/o-seznam.cz\/napoveda\/seznam\/wp-content\/uploads\/sites\/16\/2024\/12\/seznam-aplikace-android.svg\" class=\"attachment-full size-full\" alt=\"\" \/><\/div>\n\n\t<div class=\"ml-f4\">\n\t\t<strong>Android aplikace<\/strong>\n\t<\/div>\n\n <\/div><\/a><\/div>\n\n<div class=\"wp-block-seznam-list-pages\"><div>\n<div class=\"buttons-line\">\n\t<ul>\n\t\t\t\t\t<li><a href=\"https:\/\/o-seznam.cz\/napoveda\/seznam\/aplikace\/android\/historie-a-mazani-dat\/\">Historie a maz\u00e1n\u00ed dat<\/a><\/li>\n\t\t\t\t\t<li><a href=\"https:\/\/o-seznam.cz\/napoveda\/seznam\/aplikace\/android\/nastaveni\/\">Nastaven\u00ed<\/a><\/li>\n\t\t\t\t\t<li><a href=\"https:\/\/o-seznam.cz\/napoveda\/seznam\/aplikace\/android\/oblibene-a-sdileni\/\">Obl\u00edben\u00e9 a sd\u00edlen\u00ed<\/a><\/li>\n\t\t\t\t\t<li><a href=\"https:\/\/o-seznam.cz\/napoveda\/seznam\/aplikace\/android\/panely\/\">Panely<\/a><\/li>\n\t\t\t\t\t<li><a href=\"https:\/\/o-seznam.cz\/napoveda\/seznam\/aplikace\/android\/prekladac\/\">P\u0159eklada\u010d<\/a><\/li>\n\t\t\t\t\t<li><a href=\"https:\/\/o-seznam.cz\/napoveda\/seznam\/aplikace\/android\/synchronizace-a-emaily\/\">Synchronizace a e-maily<\/a><\/li>\n\t\t\t<\/ul>\n<\/div>\n<\/div><\/div>\n<\/div>\n\n\n\n<div class=\"wp-block-group is-layout-constrained wp-block-group-is-layout-constrained\"><div class=\"block-boxlink\"><a class=\"boxlink boxlink--icon-none px-f4 py-f4\" href=\"https:\/\/o-seznam.cz\/napoveda\/seznam\/aplikace\/ios\/\"><div class=\"inner-blocks\">\n<div class=\"boxlink-logo\">\n\t<img loading=\"lazy\" decoding=\"async\" width=\"920\" height=\"400\" src=\"https:\/\/o-seznam.cz\/napoveda\/seznam\/wp-content\/uploads\/sites\/16\/2024\/12\/seznam-aplikace-ios.svg\" class=\"attachment-full size-full\" alt=\"\" \/><\/div>\n\n\t<div class=\"ml-f4\">\n\t\t<strong>iOS aplikace<\/strong>\n\t<\/div>\n\n <\/div><\/a><\/div>\n\n<div class=\"wp-block-seznam-list-pages\"><div>\n<div class=\"buttons-line\">\n\t<ul>\n\t\t\t\t\t<li><a href=\"https:\/\/o-seznam.cz\/napoveda\/seznam\/aplikace\/ios\/historie-a-mazani-dat\/\">Historie a maz\u00e1n\u00ed dat<\/a><\/li>\n\t\t\t\t\t<li><a href=\"https:\/\/o-seznam.cz\/napoveda\/seznam\/aplikace\/ios\/nastaveni\/\">Nastaven\u00ed<\/a><\/li>\n\t\t\t\t\t<li><a href=\"https:\/\/o-seznam.cz\/napoveda\/seznam\/aplikace\/ios\/oblibene-a-sdileni\/\">Obl\u00edben\u00e9 a sd\u00edlen\u00ed<\/a><\/li>\n\t\t\t\t\t<li><a href=\"https:\/\/o-seznam.cz\/napoveda\/seznam\/aplikace\/ios\/prekladac\/\">P\u0159eklada\u010d<\/a><\/li>\n\t\t\t<\/ul>\n<\/div>\n<\/div><\/div>\n<\/div>\n\n\n\n<div class=\"wp-block-group is-layout-constrained wp-block-group-is-layout-constrained\"><div class=\"block-boxlink\"><a class=\"boxlink boxlink--icon-none px-f4 py-f4\" href=\"https:\/\/o-seznam.cz\/napoveda\/seznam\/aplikace\/prohlizec\/\"><div class=\"inner-blocks\">\n<div class=\"boxlink-logo\">\n\t<img loading=\"lazy\" decoding=\"async\" width=\"249\" height=\"249\" src=\"https:\/\/o-seznam.cz\/napoveda\/seznam\/wp-content\/uploads\/sites\/16\/2024\/12\/seznam-aplikace.svg\" class=\"attachment-full size-full\" alt=\"\" \/><\/div>\n\n\t<div class=\"ml-f4\">\n\t\t<strong>Prohl\u00ed\u017ee\u010d pro po\u010d\u00edta\u010de<\/strong>\n\t<\/div>\n\n <\/div><\/a><\/div>\n\n<div class=\"wp-block-seznam-list-pages\"><div class=\"limiter\" data-limiter=\"5\" data-limiter-selector=\".buttons-line &gt; ul \">\n<div class=\"buttons-line\">\n\t<ul>\n\t\t\t\t\t<li><a href=\"https:\/\/o-seznam.cz\/napoveda\/seznam\/aplikace\/prohlizec\/klavesove-zkratky\/\">Kl\u00e1vesov\u00e9 zkratky<\/a><\/li>\n\t\t\t\t\t<li><a href=\"https:\/\/o-seznam.cz\/napoveda\/seznam\/aplikace\/prohlizec\/oblibene-stranky\/\">Obl\u00edben\u00e9 str\u00e1nky<\/a><\/li>\n\t\t\t\t\t<li><a href=\"https:\/\/o-seznam.cz\/napoveda\/seznam\/aplikace\/prohlizec\/prace-s-hesly\/\">Pr\u00e1ce s hesly<\/a><\/li>\n\t\t\t\t\t<li><a href=\"https:\/\/o-seznam.cz\/napoveda\/seznam\/aplikace\/prohlizec\/prekladac\/\">P\u0159eklada\u010d<\/a><\/li>\n\t\t\t\t\t<li><a href=\"https:\/\/o-seznam.cz\/napoveda\/seznam\/aplikace\/prohlizec\/prevodnik-men\/\">P\u0159evodn\u00edk m\u011bn<\/a><\/li>\n\t\t\t\t\t<li><a href=\"https:\/\/o-seznam.cz\/napoveda\/seznam\/aplikace\/prohlizec\/prihlaseni-a-synchronizace\/\">P\u0159ihl\u00e1\u0161en\u00ed a synchronizace<\/a><\/li>\n\t\t\t\t\t<li><a href=\"https:\/\/o-seznam.cz\/napoveda\/seznam\/aplikace\/prohlizec\/reseni-potizi\/\">\u0158e\u0161en\u00ed pot\u00ed\u017e\u00ed<\/a><\/li>\n\t\t\t\t\t<li><a href=\"https:\/\/o-seznam.cz\/napoveda\/seznam\/aplikace\/prohlizec\/rychla-volba\/\">Rychl\u00e1 volba<\/a><\/li>\n\t\t\t\t\t<li><a href=\"https:\/\/o-seznam.cz\/napoveda\/seznam\/aplikace\/prohlizec\/smluvni-podminky\/\">Smluvn\u00ed podm\u00ednky<\/a><\/li>\n\t\t\t\t\t<li><a href=\"https:\/\/o-seznam.cz\/napoveda\/seznam\/aplikace\/prohlizec\/upozornovani-na-emaily\/\">Upozor\u0148ov\u00e1n\u00ed na e-maily<\/a><\/li>\n\t\t\t<\/ul>\n<\/div>\n<\/div><\/div>\n<\/div>\n<\/div>\n<\/div>\n\n\n\n<div class=\"wp-block-group is-layout-constrained wp-block-group-is-layout-constrained\">\n<h2 class=\"wp-block-heading\">Mohlo by v\u00e1s zaj\u00edmat<\/h2>\n\n\n\n<div class=\"wp-block-seznam-tiles has-columns-2\" style=\"--seznam-tiles--columns:2\"><div class=\"inner-blocks\"><div class=\"block-boxlink\"><a class=\"boxlink boxlink--icon-external px-f8 py-f4\" href=\"https:\/\/www.seznam.cz\/aplikace\/\" target=\"_blank\"><div class=\"inner-blocks\">\n\n<p>V\u00edce o Aplikaci Seznam.cz<\/p>\n\n<\/div><\/a><\/div><\/div><\/div>\n<\/div>\n","protected":false},"excerpt":{"rendered":"<p>Nej\u010dast\u011bj\u0161\u00ed dotazy N\u00e1pov\u011bda pro Aplikaci Seznam.cz Mohlo by v\u00e1s zaj\u00edmat<\/p>\n","protected":false},"author":2,"featured_media":0,"parent":0,"menu_order":0,"comment_status":"closed","ping_status":"closed","template":"page-no-head","meta":{"_acf_changed":false,"_relevanssi_hide_post":"","_relevanssi_hide_content":"","_relevanssi_pin_for_all":"","_relevanssi_pin_keywords":"","_relevanssi_unpin_keywords":"","_relevanssi_related_keywords":"","_relevanssi_related_include_ids":"","_relevanssi_related_exclude_ids":"","_relevanssi_related_no_append":"","_relevanssi_related_not_related":"","_relevanssi_related_posts":"","_relevanssi_noindex_reason":"","footnotes":""},"page_category":[4],"page_tag":[],"service_status_category":[25,29,30,31,26],"class_list":["post-82","page","type-page","status-publish","hentry"],"acf":[],"_links":{"self":[{"href":"https:\/\/o-seznam.cz\/napoveda\/seznam\/wp-json\/wp\/v2\/pages\/82","targetHints":{"allow":["GET"]}}],"collection":[{"href":"https:\/\/o-seznam.cz\/napoveda\/seznam\/wp-json\/wp\/v2\/pages"}],"about":[{"href":"https:\/\/o-seznam.cz\/napoveda\/seznam\/wp-json\/wp\/v2\/types\/page"}],"author":[{"embeddable":true,"href":"https:\/\/o-seznam.cz\/napoveda\/seznam\/wp-json\/wp\/v2\/users\/2"}],"replies":[{"embeddable":true,"href":"https:\/\/o-seznam.cz\/napoveda\/seznam\/wp-json\/wp\/v2\/comments?post=82"}],"version-history":[{"count":36,"href":"https:\/\/o-seznam.cz\/napoveda\/seznam\/wp-json\/wp\/v2\/pages\/82\/revisions"}],"predecessor-version":[{"id":538,"href":"https:\/\/o-seznam.cz\/napoveda\/seznam\/wp-json\/wp\/v2\/pages\/82\/revisions\/538"}],"wp:attachment":[{"href":"https:\/\/o-seznam.cz\/napoveda\/seznam\/wp-json\/wp\/v2\/media?parent=82"}],"wp:term":[{"taxonomy":"page_category","embeddable":true,"href":"https:\/\/o-seznam.cz\/napoveda\/seznam\/wp-json\/wp\/v2\/page_category?post=82"},{"taxonomy":"page_tag","embeddable":true,"href":"https:\/\/o-seznam.cz\/napoveda\/seznam\/wp-json\/wp\/v2\/page_tag?post=82"},{"taxonomy":"service_status_category","embeddable":true,"href":"https:\/\/o-seznam.cz\/napoveda\/seznam\/wp-json\/wp\/v2\/service_status_category?post=82"}],"curies":[{"name":"wp","href":"https:\/\/api.w.org\/{rel}","templated":true}]}}