{"id":6,"date":"2024-08-28T18:02:24","date_gmt":"2024-08-28T16:02:24","guid":{"rendered":"https:\/\/o-seznam.cz\/napoveda\/seznam\/?page_id=6"},"modified":"2026-03-09T13:59:01","modified_gmt":"2026-03-09T12:59:01","slug":"napoveda-hp-seznam","status":"publish","type":"page","link":"https:\/\/o-seznam.cz\/napoveda\/seznam\/","title":{"rendered":"N\u00e1pov\u011bda Seznam.cz"},"content":{"rendered":"\n<div class=\"wp-block-group alignwide is-layout-constrained wp-block-group-is-layout-constrained\">\n<div class=\"wp-block-group alignwide is-layout-constrained wp-block-group-is-layout-constrained\"><div class=\"alignwide alignwide wp-block-seznam-hero\"><div class=\"cover is-hero is-hero-default bg-neutral-40\"><img decoding=\"async\" src=\"https:\/\/o-seznam.cz\/napoveda\/seznam\/wp-content\/themes\/seznam\/patterns\/images\/seznam-cover.jpg\" class=\"cover__media\" alt=\"\" \/><div class=\"cover__dim\" style=\"opacity:0.45\"><\/div><div class=\"cover__content is-layout-constrained\">\n\n<h1 class=\"wp-block-heading has-text-align-left\">N\u00e1pov\u011bda Seznam.cz<\/h1>\n\n\n\n<div class=\"wp-block-group is-content-justification-left is-layout-constrained wp-container-core-group-is-layout-59d06cab wp-block-group-is-layout-constrained\">\n<p>P\u0159ehledn\u00e9 n\u00e1vody, jak si p\u0159izp\u016fsobit domovskou str\u00e1nku, spravovat widgety a vyu\u017e\u00edvat v\u0161echny funkce na maximum, a\u0165 u\u017e hled\u00e1te informace nebo z\u00e1bavu.<\/p>\n<\/div>\n\n<\/div><\/div><\/div>\n\n\n<\/div>\n<\/div>\n\n\n\n<div class=\"wp-block-group is-layout-constrained wp-block-group-is-layout-constrained\">\n<h2 class=\"wp-block-heading\">Nej\u010dast\u011bj\u0161\u00ed dotazy<\/h2>\n\n\n\n<div class=\"accordion\">\n\t<div class=\"accordion__items\">\n\n<details class=\"expander is-style-default\">\n\t<summary data-datalayer-name=\"\" data-datalayer-text=\"Z domovsk\u00e9 str\u00e1nky Seznam mi zmizel box\u00edk Email.cz \u010di jin\u00e9 slu\u017eby, jak jej mohu nastavit zp\u011bt?\">\n\t\t\t\t<strong>Z domovsk\u00e9 str\u00e1nky Seznam mi zmizel box\u00edk Email.cz \u010di jin\u00e9 slu\u017eby, jak jej mohu nastavit zp\u011bt?<\/strong>\n\t\t\t<\/summary>\n\t<div class=\"inner-blocks\">\n\n<p>Box\u00edky lze upravovat pouze p\u0159i p\u0159ihl\u00e1\u0161en\u00ed u\u017eivatelsk\u00fdm \u00fa\u010dtem. Chyb\u011bj\u00edc\u00ed box\u00edk lze p\u0159idat po kliknut\u00ed na medailonek v prav\u00e9m rohu str\u00e1nky Seznam.cz. N\u00e1sledn\u011b je t\u0159eba kliknout na sekci Nastaven\u00ed , d\u00e1le zvolit sekci P\u0159idat box\u00edky a zde chyb\u011bj\u00edc\u00ed box\u00edk vyhledat a volbu pot\u00e9 ulo\u017eit skrze \u010derven\u00e9 tla\u010d\u00edtko. Zjednodu\u0161en\u00fdm postupem pak lze kliknout na odkaz <a class=\"is-style-link-external\" href=\"https:\/\/www.seznam.cz\/nastaveni\/pridat-boxik\">https:\/\/www.seznam.cz\/nastaveni\/pridat-boxik<\/a> , kter\u00fd rovnou p\u0159esm\u011bruje na editaci box\u00edk\u016f.&nbsp;<\/p>\n\n<\/div><\/details>\n\n\n\n<details class=\"expander is-style-default\">\n\t<summary data-datalayer-name=\"\" data-datalayer-text=\"Domovsk\u00e1 str\u00e1nka Seznam se mi zobrazuje chybn\u011b, bez prvk\u016f na str\u00e1nce, rozhozen\u00fdm p\u00edsmem, zobrazuj\u00ed se mi Seznam pejskov\u00e9 n\u011bkolikr\u00e1t na str\u00e1nce. Jak mohu situaci vy\u0159e\u0161it?\">\n\t\t\t\t<strong>Domovsk\u00e1 str\u00e1nka Seznam se mi zobrazuje chybn\u011b, bez prvk\u016f na str\u00e1nce, rozhozen\u00fdm p\u00edsmem, zobrazuj\u00ed se mi Seznam pejskov\u00e9 n\u011bkolikr\u00e1t na str\u00e1nce. Jak mohu situaci vy\u0159e\u0161it?<\/strong>\n\t\t\t<\/summary>\n\t<div class=\"inner-blocks\">\n\n<ul class=\"wp-block-list\">\n<li>V p\u0159\u00edpad\u011b chybn\u011b zobrazuj\u00edc\u00ed se str\u00e1nky Seznam.cz ve v\u011bt\u0161in\u011b p\u0159\u00edpad\u016f pom\u016f\u017ee promaz\u00e1n\u00ed soubor\u016f cookies a mezipam\u011bti prohl\u00ed\u017ee\u010de, kde se chov\u00e1n\u00ed projevuje. Postup na promaz\u00e1n\u00ed cookies prohl\u00ed\u017ee\u010de je uveden na na\u0161\u00ed <a href=\"https:\/\/o-seznam.cz\/napoveda\/prohlizece\/\">n\u00e1pov\u011bd\u011b<\/a>.<\/li>\n\n\n\n<li>U situace, kdy se zobrazuje ps\u00ed maskot Krasty na str\u00e1nce Seznam.cz n\u011bkolikr\u00e1t a zobrazen\u00ed \u010dl\u00e1nk\u016f je pak nepou\u017eiteln\u00e9, je chov\u00e1n\u00ed zp\u016fsobeno blok\u00e1tory reklam a podobn\u00fdmi dopl\u0148ky. Tyto dopl\u0148ky maj\u00ed vliv na funk\u010dnost str\u00e1nky, kter\u00e1 se pak m\u016f\u017ee zobrazovat nestandartn\u011b. Doporu\u010dujeme tedy prov\u00e9st kontrolu dopl\u0148k\u016f prohl\u00ed\u017ee\u010de, postup je uveden v na\u0161\u00ed n\u00e1pov\u011bd\u011b zde.<\/li>\n<\/ul>\n\n<\/div><\/details>\n\n\n\n<details class=\"expander is-style-default\">\n\t<summary data-datalayer-name=\"\" data-datalayer-text=\"Jak mohu zm\u011bnit vzhled a pozad\u00ed str\u00e1nky? \">\n\t\t\t\t<strong>Jak mohu zm\u011bnit vzhled a pozad\u00ed str\u00e1nky? <\/strong>\n\t\t\t<\/summary>\n\t<div class=\"inner-blocks\">\n\n<p>Vzhled domovsk\u00e9 str\u00e1nky m\u016f\u017eete zm\u011bnit v nastaven\u00ed, kter\u00e9 se nach\u00e1z\u00ed v prav\u00e9m horn\u00edm rohu pod profilov\u00fdm obr\u00e1zkem \/ \u0161ed\u00fdm kole\u010dkem s inici\u00e1ly u\u017eivatelsk\u00e9 adresy. Pro mo\u017enost zm\u011bny nastaven\u00ed domovsk\u00e9 str\u00e1nky je pot\u0159eba b\u00fdt p\u0159ihl\u00e1\u0161en\u00fd\/\u00e1 k u\u017eivatelsk\u00e9mu \u00fa\u010dtu. Pokud jste ji\u017e p\u0159ihl\u00e1\u0161eni, m\u016f\u017eete vyu\u017e\u00edt odkazu <a href=\"https:\/\/www.seznam.cz\/nastaveni\" target=\"_blank\" rel=\"noreferrer noopener\">https:\/\/www.seznam.cz\/nastaveni<\/a>.<\/p>\n\n<\/div><\/details>\n\n\n\n<details class=\"expander is-style-default\">\n\t<summary data-datalayer-name=\"\" data-datalayer-text=\"Jak mohu p\u0159idat na Seznam nov\u00fd box\u00edk? \">\n\t\t\t\t<strong>Jak mohu p\u0159idat na Seznam nov\u00fd box\u00edk? <\/strong>\n\t\t\t<\/summary>\n\t<div class=\"inner-blocks\">\n\n<p>Nov\u00fd box\u00edk m\u016f\u017eete p\u0159idat v nastaven\u00ed, kter\u00e9 se nach\u00e1z\u00ed v prav\u00e9m horn\u00edm rohu p\u0159i rozkliknut\u00ed&nbsp;profilov\u00e9ho obr\u00e1zku&nbsp;\/&nbsp;\u0161ed\u00e9ho kole\u010dka&nbsp;s inici\u00e1ly u\u017eivatelsk\u00e9 adresy. Pro mo\u017enost&nbsp;p\u0159id\u00e1n\u00ed nov\u00e9ho box\u00edku&nbsp;na&nbsp;domovskou str\u00e1nku&nbsp;je pot\u0159eba b\u00fdt p\u0159ihl\u00e1\u0161en\u00fd\/\u00e1 k u\u017eivatelsk\u00e9mu \u00fa\u010dtu. Pokud jste ji\u017e p\u0159ihl\u00e1\u0161eni, m\u016f\u017eete vyu\u017e\u00edt odkazu <a href=\"https:\/\/www.seznam.cz\/nastaveni\" target=\"_blank\" rel=\"noreferrer noopener\">https:\/\/www.seznam.cz\/nastaveni<\/a>&nbsp;.<\/p>\n\n<\/div><\/details>\n\n\n\n<details class=\"expander is-style-default\">\n\t<summary data-datalayer-name=\"\" data-datalayer-text=\"Daj\u00ed se skr\u00fdt \u010dl\u00e1nky, o kter\u00e9 nem\u00e1m z\u00e1jem? \">\n\t\t\t\t<strong>Daj\u00ed se skr\u00fdt \u010dl\u00e1nky, o kter\u00e9 nem\u00e1m z\u00e1jem? <\/strong>\n\t\t\t<\/summary>\n\t<div class=\"inner-blocks\">\n\n<p>\u010cl\u00e1nky, o kter\u00e9 nestoj\u00edte, m\u016f\u017eete skr\u00fdt pomoc\u00ed ikony k\u0159\u00ed\u017eku v prav\u00e9m horn\u00edm rohu \u010dl\u00e1nku. Po zvolen\u00ed t\u00e9to mo\u017enosti se v\u00e1m zobraz\u00ed na v\u00fdb\u011br i dal\u0161\u00ed mo\u017enosti, kde si m\u016f\u017eete zvolit, aby se v\u00e1m t\u0159eba ji\u017e nezobrazovaly \u017e\u00e1dn\u00e9 dal\u0161\u00ed \u010dl\u00e1nky z konkr\u00e9tn\u00edch str\u00e1nek. Tato mo\u017enost se t\u00fdk\u00e1 v\u0161ech \u010dl\u00e1nk\u016f zobrazuj\u00edc\u00edch se v nekone\u010dn\u00e9 \u010d\u00e1sti domovsk\u00e9 str\u00e1nky. &nbsp;<\/p>\n\n<\/div><\/details>\n\n\n\n<details class=\"expander is-style-default\">\n\t<summary data-datalayer-name=\"\" data-datalayer-text=\"Mohu vypnout sekci Kr\u00e1tk\u00e1 videa?\">\n\t\t\t\t<strong>Mohu vypnout sekci Kr\u00e1tk\u00e1 videa?<\/strong>\n\t\t\t<\/summary>\n\t<div class=\"inner-blocks\">\n\n<p>Celou sekci kr\u00e1tk\u00fdch vide\u00ed, nebo konkr\u00e9tn\u00ed kr\u00e1tk\u00e9 video nen\u00ed mo\u017en\u00e9 skr\u00fdt. P\u0159i zhl\u00e9dnut\u00ed \u010di rozkliknut\u00ed videa v\u0161ak dojde k jeho automatick\u00e9mu odstran\u011bn\u00ed z nab\u00eddky a nahrazen\u00ed jin\u00fdm videem.<\/p>\n\n<\/div><\/details>\n\n<\/div><\/div>\n\n<\/div>\n\n\n\n<div class=\"wp-block-group is-layout-constrained wp-block-group-is-layout-constrained\">\n<h2 class=\"wp-block-heading\">N\u00e1pov\u011bda pro Seznam.cz<\/h2>\n\n\n<div class=\"wp-block-seznam-list-pages\"><div>\n<div style=\"--seznam-tiles--columns:3\" class=\"wp-block-seznam-tiles has-columns-3\"><div class=\"inner-blocks\">\n<div class=\"block-boxlink\"><a class=\"boxlink boxlink--icon-arrow boxlink--align-y-center px-f8 py-f4\" href=\"https:\/\/o-seznam.cz\/napoveda\/seznam\/tlacitko-pridat-na-seznam\/\"><div class=\"inner-blocks\">\u201eP\u0159idat na Seznam\u201c<\/div><\/a><\/div><div class=\"block-boxlink\"><a class=\"boxlink boxlink--icon-arrow boxlink--align-y-center px-f8 py-f4\" href=\"https:\/\/o-seznam.cz\/napoveda\/seznam\/vse-o-hlavni-strance\/\"><div class=\"inner-blocks\">Hlavn\u00ed str\u00e1nka<\/div><\/a><\/div><div class=\"block-boxlink\"><a class=\"boxlink boxlink--icon-arrow boxlink--align-y-center px-f8 py-f4\" href=\"https:\/\/o-seznam.cz\/napoveda\/seznam\/nastaveni-boxiku\/\"><div class=\"inner-blocks\">Nastaven\u00ed box\u00edk\u016f<\/div><\/a><\/div><div class=\"block-boxlink\"><a class=\"boxlink boxlink--icon-arrow boxlink--align-y-center px-f8 py-f4\" href=\"https:\/\/o-seznam.cz\/napoveda\/seznam\/pokrocile-nastaveni\/\"><div class=\"inner-blocks\">Pokro\u010dil\u00e9 nastaven\u00ed\u00a0<\/div><\/a><\/div><div class=\"block-boxlink\"><a class=\"boxlink boxlink--icon-arrow boxlink--align-y-center px-f8 py-f4\" href=\"https:\/\/o-seznam.cz\/napoveda\/seznam\/precist-pozdeji-na-seznamu\/\"><div class=\"inner-blocks\">P\u0159e\u010d\u00edst pozd\u011bji<\/div><\/a><\/div><div class=\"block-boxlink\"><a class=\"boxlink boxlink--icon-arrow boxlink--align-y-center px-f8 py-f4\" href=\"https:\/\/o-seznam.cz\/napoveda\/seznam\/seznam-slovnik\/\"><div class=\"inner-blocks\">Seznam Slovn\u00edk<\/div><\/a><\/div><div class=\"block-boxlink\"><a class=\"boxlink boxlink--icon-arrow boxlink--align-y-center px-f8 py-f4\" href=\"https:\/\/o-seznam.cz\/napoveda\/seznam\/nastaveni-titulni-stranky\/\"><div class=\"inner-blocks\">Tituln\u00ed str\u00e1nka<\/div><\/a><\/div><div class=\"block-boxlink\"><a class=\"boxlink boxlink--icon-arrow boxlink--align-y-center px-f8 py-f4\" href=\"https:\/\/o-seznam.cz\/napoveda\/seznam\/zmena-vzhledu\/\"><div class=\"inner-blocks\">Zm\u011bna vzhledu<\/div><\/a><\/div><\/div><\/div>\n\n<\/div><\/div>\n<\/div>\n\n\n\n<div class=\"wp-block-group is-layout-constrained wp-block-group-is-layout-constrained\">\n<h2 class=\"wp-block-heading\">Souvisej\u00edc\u00ed n\u00e1pov\u011bda<\/h2>\n\n\n\n<div class=\"wp-block-seznam-tiles has-columns-3\" style=\"--seznam-tiles--columns:3\"><div class=\"inner-blocks\"><div class=\"block-boxlink\"><a class=\"boxlink boxlink--icon-none px-f4 py-f4\" href=\"https:\/\/o-seznam.cz\/napoveda\/seznam\/aplikace\/\"><div class=\"inner-blocks\">\n<div class=\"boxlink-logo\">\n\t<img loading=\"lazy\" decoding=\"async\" width=\"249\" height=\"249\" src=\"https:\/\/o-seznam.cz\/napoveda\/seznam\/wp-content\/uploads\/sites\/16\/2024\/12\/seznam-aplikace.svg\" class=\"attachment-full size-full\" alt=\"\" \/><\/div>\n\n\t<div class=\"ml-f4\">\n\t\t<strong>Aplikace a prohl\u00ed\u017ee\u010d<\/strong>\n\t<\/div>\n\n <\/div><\/a><\/div><\/div><\/div>\n<\/div>\n\n\n\n<div class=\"wp-block-group is-layout-constrained wp-block-group-is-layout-constrained\">\n<div class=\"accordion\">\n\t<div class=\"accordion__items\">\n\n<details class=\"expander is-style-box\">\n\t<summary data-datalayer-name=\"\" data-datalayer-text=\"Po\u010det aktivn\u00edch p\u0159\u00edjemc\u016f slu\u017eby\">\n\t\t\t\t<strong>Po\u010det aktivn\u00edch p\u0159\u00edjemc\u016f slu\u017eby<\/strong>\n\t\t\t<\/summary>\n\t<div class=\"inner-blocks\">\n\n<p>Pr\u016fm\u011brn\u00fd m\u011bs\u00ed\u010dn\u00ed po\u010det aktivn\u00edch p\u0159\u00edjemc\u016f slu\u017eby za rok 2025: 5 268 875<\/p>\n\n<\/div><\/details>\n\n<\/div><\/div>\n\n<\/div>\n","protected":false},"excerpt":{"rendered":"<p>Nej\u010dast\u011bj\u0161\u00ed dotazy N\u00e1pov\u011bda pro Seznam.cz Souvisej\u00edc\u00ed n\u00e1pov\u011bda<\/p>\n","protected":false},"author":2,"featured_media":0,"parent":0,"menu_order":0,"comment_status":"closed","ping_status":"closed","template":"page-no-head","meta":{"_acf_changed":false,"_relevanssi_hide_post":"","_relevanssi_hide_content":"","_relevanssi_pin_for_all":"","_relevanssi_pin_keywords":"","_relevanssi_unpin_keywords":"","_relevanssi_related_keywords":"","_relevanssi_related_include_ids":"","_relevanssi_related_exclude_ids":"","_relevanssi_related_no_append":"","_relevanssi_related_not_related":"","_relevanssi_related_posts":"","_relevanssi_noindex_reason":"","footnotes":""},"page_category":[],"page_tag":[],"service_status_category":[25,29,30,18,26],"class_list":["post-6","page","type-page","status-publish","hentry"],"acf":[],"_links":{"self":[{"href":"https:\/\/o-seznam.cz\/napoveda\/seznam\/wp-json\/wp\/v2\/pages\/6","targetHints":{"allow":["GET"]}}],"collection":[{"href":"https:\/\/o-seznam.cz\/napoveda\/seznam\/wp-json\/wp\/v2\/pages"}],"about":[{"href":"https:\/\/o-seznam.cz\/napoveda\/seznam\/wp-json\/wp\/v2\/types\/page"}],"author":[{"embeddable":true,"href":"https:\/\/o-seznam.cz\/napoveda\/seznam\/wp-json\/wp\/v2\/users\/2"}],"replies":[{"embeddable":true,"href":"https:\/\/o-seznam.cz\/napoveda\/seznam\/wp-json\/wp\/v2\/comments?post=6"}],"version-history":[{"count":35,"href":"https:\/\/o-seznam.cz\/napoveda\/seznam\/wp-json\/wp\/v2\/pages\/6\/revisions"}],"predecessor-version":[{"id":536,"href":"https:\/\/o-seznam.cz\/napoveda\/seznam\/wp-json\/wp\/v2\/pages\/6\/revisions\/536"}],"wp:attachment":[{"href":"https:\/\/o-seznam.cz\/napoveda\/seznam\/wp-json\/wp\/v2\/media?parent=6"}],"wp:term":[{"taxonomy":"page_category","embeddable":true,"href":"https:\/\/o-seznam.cz\/napoveda\/seznam\/wp-json\/wp\/v2\/page_category?post=6"},{"taxonomy":"page_tag","embeddable":true,"href":"https:\/\/o-seznam.cz\/napoveda\/seznam\/wp-json\/wp\/v2\/page_tag?post=6"},{"taxonomy":"service_status_category","embeddable":true,"href":"https:\/\/o-seznam.cz\/napoveda\/seznam\/wp-json\/wp\/v2\/service_status_category?post=6"}],"curies":[{"name":"wp","href":"https:\/\/api.w.org\/{rel}","templated":true}]}}