{"id":54,"date":"2024-10-31T00:40:00","date_gmt":"2024-10-30T23:40:00","guid":{"rendered":"https:\/\/o-seznam.cz\/napoveda\/seznam\/?page_id=54"},"modified":"2024-12-15T23:17:29","modified_gmt":"2024-12-15T22:17:29","slug":"precist-pozdeji-na-seznamu","status":"publish","type":"page","link":"https:\/\/o-seznam.cz\/napoveda\/seznam\/precist-pozdeji-na-seznamu\/","title":{"rendered":"P\u0159e\u010d\u00edst pozd\u011bji na Seznamu"},"content":{"rendered":"\n<div class=\"wp-block-group is-layout-constrained wp-block-group-is-layout-constrained\">\n<p>Tak\u00e9 p\u0159i proch\u00e1zen\u00ed internetu nach\u00e1z\u00edte \u010dl\u00e1nky a videa, kter\u00e9 byste si cht\u011bli p\u0159e\u010d\u00edst a prohl\u00e9dnout, ale pr\u00e1v\u011b na n\u011b nem\u00e1te \u010das a ukl\u00e1dat si odkazy nem\u016f\u017eete nebo na n\u011b pozd\u011bji zapomenete?<\/p>\n\n\n\n<p class=\"is-style-link-external\">Pr\u00e1v\u011b proto m\u00e1te nyn\u00ed mo\u017enost\u202fulo\u017eit si \u010dl\u00e1nky a videa na pozd\u011bji a vr\u00e1tit se k nim a\u017e tehdy, kdy na n\u011b budete m\u00edt skute\u010dn\u011b \u010das. Ulo\u017een\u00e9 \u010dl\u00e1nky naleznete v\u017edy na domovsk\u00e9 str\u00e1nce\u202f<a href=\"https:\/\/www.seznam.cz\/\" data-type=\"link\" data-id=\"https:\/\/www.seznam.cz\/\" target=\"_blank\" rel=\"noreferrer noopener\">Seznam.cz<\/a>, u\u017e se v\u00e1m nikam neztrat\u00ed a v\u017edy je tak budeme m\u00edt po ruce.<\/p>\n<\/div>\n\n\n\n<div class=\"wp-block-group is-layout-constrained wp-block-group-is-layout-constrained\">\n<p>Mo\u017enost ukl\u00e1dat si str\u00e1nky na pozd\u011bji naleznete v na\u0161em\u202fSeznam prohl\u00ed\u017ee\u010di\u202fna za\u0159\u00edzen\u00edch pro\u202fWindows, macOS, Android a iOS. Postup je velmi jednoduch\u00fd:<\/p>\n\n\n\n<p>1. P\u0159ihlaste se do Seznam prohl\u00ed\u017ee\u010de\u202fna po\u010d\u00edta\u010di nebo v aplikaci va\u0161\u00edm Seznam \u00fa\u010dtem.<\/p>\n\n\n\n<p>2. P\u0159ejd\u011bte v Seznam prohl\u00ed\u017ee\u010di na libovolnou str\u00e1nku a v adresn\u00edm \u0159\u00e1dku vlevo naho\u0159e klikn\u011bte na ikonku.<\/p>\n\n\n\n<p>V prohl\u00ed\u017ee\u010di na po\u010d\u00edta\u010di:<\/p>\n\n\n\n<figure class=\"wp-block-image size-full\"><img loading=\"lazy\" decoding=\"async\" width=\"323\" height=\"79\" src=\"https:\/\/o-seznam.cz\/napoveda\/seznam\/wp-content\/uploads\/sites\/16\/2024\/10\/seznam-pc-prohlizec.png\" alt=\"\" class=\"wp-image-55\" srcset=\"https:\/\/o-seznam.cz\/napoveda\/seznam\/wp-content\/uploads\/sites\/16\/2024\/10\/seznam-pc-prohlizec.png 323w, https:\/\/o-seznam.cz\/napoveda\/seznam\/wp-content\/uploads\/sites\/16\/2024\/10\/seznam-pc-prohlizec-320x78.png 320w\" sizes=\"auto, (max-width: 323px) 100vw, 323px\" \/><\/figure>\n\n\n\n<p>V mobiln\u00edm prohl\u00ed\u017ee\u010di:<\/p>\n\n\n\n<figure class=\"wp-block-image size-full\"><img loading=\"lazy\" decoding=\"async\" width=\"350\" height=\"46\" src=\"https:\/\/o-seznam.cz\/napoveda\/seznam\/wp-content\/uploads\/sites\/16\/2024\/10\/seznam-mobilni-prohlizec.png\" alt=\"\" class=\"wp-image-56\" srcset=\"https:\/\/o-seznam.cz\/napoveda\/seznam\/wp-content\/uploads\/sites\/16\/2024\/10\/seznam-mobilni-prohlizec.png 350w, https:\/\/o-seznam.cz\/napoveda\/seznam\/wp-content\/uploads\/sites\/16\/2024\/10\/seznam-mobilni-prohlizec-320x42.png 320w\" sizes=\"auto, (max-width: 350px) 100vw, 350px\" \/><\/figure>\n\n\n\n<p>Str\u00e1nka se p\u0159id\u00e1 do seznamu \u010dl\u00e1nk\u016f na pozd\u011bji.<\/p>\n\n\n\n<figure class=\"wp-block-image size-full\"><img loading=\"lazy\" decoding=\"async\" width=\"221\" height=\"143\" src=\"https:\/\/o-seznam.cz\/napoveda\/seznam\/wp-content\/uploads\/sites\/16\/2024\/10\/seznam-precist-pozdeji.png\" alt=\"\" class=\"wp-image-57\"\/><\/figure>\n\n\n\n<div class=\"wp-block-seznam-box is-layout-flow wp-block-seznam-box-is-layout-flow\">\n<p>Tip: P\u0159idat str\u00e1nku k p\u0159e\u010dten\u00ed na pozd\u011bji m\u016f\u017eete i kliknut\u00edm prav\u00fdm tla\u010d\u00edtkem na libovoln\u00fd odkaz na str\u00e1nce a volbou mo\u017enosti\u202fP\u0159e\u010d\u00edst pozd\u011bji na Seznamu.<\/p>\n<\/div>\n\n\n\n<p>3. Ulo\u017een\u00e9 \u010dl\u00e1nky n\u00e1sledn\u011b naleznete na sv\u00e9 p\u0159ihl\u00e1\u0161en\u00e9 str\u00e1nce\u202fSeznam.cz.<\/p>\n\n\n\n<p>Naleznete je v box\u00edku\u202fSlu\u017eby\u202fs \u010d\u00edslem nep\u0159e\u010dten\u00fdch p\u0159idan\u00fdch \u010dl\u00e1nk\u016f&#8230;<\/p>\n\n\n\n<figure class=\"wp-block-image size-full\"><img loading=\"lazy\" decoding=\"async\" width=\"497\" height=\"149\" src=\"https:\/\/o-seznam.cz\/napoveda\/seznam\/wp-content\/uploads\/sites\/16\/2024\/10\/seznam-boxik-sluzby.png\" alt=\"\" class=\"wp-image-58\" srcset=\"https:\/\/o-seznam.cz\/napoveda\/seznam\/wp-content\/uploads\/sites\/16\/2024\/10\/seznam-boxik-sluzby.png 497w, https:\/\/o-seznam.cz\/napoveda\/seznam\/wp-content\/uploads\/sites\/16\/2024\/10\/seznam-boxik-sluzby-320x96.png 320w\" sizes=\"auto, (max-width: 497px) 100vw, 497px\" \/><\/figure>\n\n\n\n<p>&#8230;a z\u00e1rove\u0148 se p\u0159idan\u00e9 \u010dl\u00e1nky na pozd\u011bji za\u0159ad\u00ed i mezi ostatn\u00ed\u202fDal\u0161\u00ed zaj\u00edmav\u00e9 \u010dl\u00e1nky z \u010desk\u00e9ho internetu.<\/p>\n\n\n\n<figure class=\"wp-block-image size-full\"><img loading=\"lazy\" decoding=\"async\" width=\"594\" height=\"249\" src=\"https:\/\/o-seznam.cz\/napoveda\/seznam\/wp-content\/uploads\/sites\/16\/2024\/10\/seznam-dalsi-zajimave-clanky.png\" alt=\"\" class=\"wp-image-59\" srcset=\"https:\/\/o-seznam.cz\/napoveda\/seznam\/wp-content\/uploads\/sites\/16\/2024\/10\/seznam-dalsi-zajimave-clanky.png 594w, https:\/\/o-seznam.cz\/napoveda\/seznam\/wp-content\/uploads\/sites\/16\/2024\/10\/seznam-dalsi-zajimave-clanky-320x134.png 320w\" sizes=\"auto, (max-width: 594px) 100vw, 594px\" \/><\/figure>\n\n\n\n<p>4. Po otev\u0159en\u00ed seznamu ulo\u017een\u00fdch \u010dl\u00e1nk\u016f z box\u00edku\u202fSlu\u017eby\u202fse zobraz\u00ed okno se v\u0161emi ulo\u017een\u00fdmi nep\u0159e\u010dten\u00fdmi \u010dl\u00e1nky i t\u011bmi ji\u017e p\u0159e\u010dten\u00fdmi, kter\u00e9 naleznete v z\u00e1lo\u017ece\u202fArchiv.<\/p>\n\n\n\n<figure class=\"wp-block-image size-full\"><img loading=\"lazy\" decoding=\"async\" width=\"454\" height=\"423\" src=\"https:\/\/o-seznam.cz\/napoveda\/seznam\/wp-content\/uploads\/sites\/16\/2024\/10\/seznam-na-pozdeji.png\" alt=\"\" class=\"wp-image-60\" srcset=\"https:\/\/o-seznam.cz\/napoveda\/seznam\/wp-content\/uploads\/sites\/16\/2024\/10\/seznam-na-pozdeji.png 454w, https:\/\/o-seznam.cz\/napoveda\/seznam\/wp-content\/uploads\/sites\/16\/2024\/10\/seznam-na-pozdeji-320x298.png 320w\" sizes=\"auto, (max-width: 454px) 100vw, 454px\" \/><\/figure>\n\n\n\n<p>Pot\u00e9, co otev\u0159ete \u010dl\u00e1nek, se tento automaticky za\u0159ad\u00ed do Archivu.<\/p>\n\n\n\n<figure class=\"wp-block-image size-full\"><img loading=\"lazy\" decoding=\"async\" width=\"605\" height=\"234\" src=\"https:\/\/o-seznam.cz\/napoveda\/seznam\/wp-content\/uploads\/sites\/16\/2024\/10\/seznam-na-pozdeji-archivovat.png\" alt=\"\" class=\"wp-image-61\" srcset=\"https:\/\/o-seznam.cz\/napoveda\/seznam\/wp-content\/uploads\/sites\/16\/2024\/10\/seznam-na-pozdeji-archivovat.png 605w, https:\/\/o-seznam.cz\/napoveda\/seznam\/wp-content\/uploads\/sites\/16\/2024\/10\/seznam-na-pozdeji-archivovat-320x124.png 320w\" sizes=\"auto, (max-width: 605px) 100vw, 605px\" \/><\/figure>\n\n\n\n<p>Pokud chcete ze seznamu n\u011bjak\u00fd \u010dl\u00e1nek odstranit, nebo z archivu vr\u00e1tit \u010dl\u00e1nek mezi nep\u0159e\u010dten\u00e9, sta\u010d\u00ed najet kurzorem my\u0161i do prav\u00e9 \u010d\u00e1sti u nadpisu, kliknout na zobrazenou \u0161ipe\u010dku a vybrat si z menu.<\/p>\n\n\n\n<figure class=\"wp-block-image size-full\"><img loading=\"lazy\" decoding=\"async\" width=\"605\" height=\"233\" src=\"https:\/\/o-seznam.cz\/napoveda\/seznam\/wp-content\/uploads\/sites\/16\/2024\/10\/seznam-na-pozdeji-smazat.png\" alt=\"\" class=\"wp-image-62\" srcset=\"https:\/\/o-seznam.cz\/napoveda\/seznam\/wp-content\/uploads\/sites\/16\/2024\/10\/seznam-na-pozdeji-smazat.png 605w, https:\/\/o-seznam.cz\/napoveda\/seznam\/wp-content\/uploads\/sites\/16\/2024\/10\/seznam-na-pozdeji-smazat-320x123.png 320w\" sizes=\"auto, (max-width: 605px) 100vw, 605px\" \/><\/figure>\n<\/div>\n","protected":false},"excerpt":{"rendered":"<p>Tak\u00e9 p\u0159i proch\u00e1zen\u00ed internetu nach\u00e1z\u00edte \u010dl\u00e1nky a videa, kter\u00e9 byste si cht\u011bli p\u0159e\u010d\u00edst a prohl\u00e9dnout, ale pr\u00e1v\u011b na n\u011b nem\u00e1te \u010das a ukl\u00e1dat si odkazy nem\u016f\u017eete nebo na n\u011b pozd\u011bji zapomenete? Pr\u00e1v\u011b proto m\u00e1te nyn\u00ed mo\u017enost\u202fulo\u017eit si \u010dl\u00e1nky a videa na pozd\u011bji a vr\u00e1tit se k nim a\u017e tehdy, kdy na n\u011b budete m\u00edt skute\u010dn\u011b [&hellip;]<\/p>\n","protected":false},"author":6,"featured_media":0,"parent":0,"menu_order":30,"comment_status":"closed","ping_status":"closed","template":"page-sidemenu","meta":{"_acf_changed":false,"_relevanssi_hide_post":"","_relevanssi_hide_content":"","_relevanssi_pin_for_all":"","_relevanssi_pin_keywords":"","_relevanssi_unpin_keywords":"","_relevanssi_related_keywords":"","_relevanssi_related_include_ids":"","_relevanssi_related_exclude_ids":"","_relevanssi_related_no_append":"","_relevanssi_related_not_related":"","_relevanssi_related_posts":"","_relevanssi_noindex_reason":"","footnotes":""},"page_category":[3],"page_tag":[],"service_status_category":[],"class_list":["post-54","page","type-page","status-publish","hentry"],"acf":[],"_links":{"self":[{"href":"https:\/\/o-seznam.cz\/napoveda\/seznam\/wp-json\/wp\/v2\/pages\/54","targetHints":{"allow":["GET"]}}],"collection":[{"href":"https:\/\/o-seznam.cz\/napoveda\/seznam\/wp-json\/wp\/v2\/pages"}],"about":[{"href":"https:\/\/o-seznam.cz\/napoveda\/seznam\/wp-json\/wp\/v2\/types\/page"}],"author":[{"embeddable":true,"href":"https:\/\/o-seznam.cz\/napoveda\/seznam\/wp-json\/wp\/v2\/users\/6"}],"replies":[{"embeddable":true,"href":"https:\/\/o-seznam.cz\/napoveda\/seznam\/wp-json\/wp\/v2\/comments?post=54"}],"version-history":[{"count":2,"href":"https:\/\/o-seznam.cz\/napoveda\/seznam\/wp-json\/wp\/v2\/pages\/54\/revisions"}],"predecessor-version":[{"id":459,"href":"https:\/\/o-seznam.cz\/napoveda\/seznam\/wp-json\/wp\/v2\/pages\/54\/revisions\/459"}],"wp:attachment":[{"href":"https:\/\/o-seznam.cz\/napoveda\/seznam\/wp-json\/wp\/v2\/media?parent=54"}],"wp:term":[{"taxonomy":"page_category","embeddable":true,"href":"https:\/\/o-seznam.cz\/napoveda\/seznam\/wp-json\/wp\/v2\/page_category?post=54"},{"taxonomy":"page_tag","embeddable":true,"href":"https:\/\/o-seznam.cz\/napoveda\/seznam\/wp-json\/wp\/v2\/page_tag?post=54"},{"taxonomy":"service_status_category","embeddable":true,"href":"https:\/\/o-seznam.cz\/napoveda\/seznam\/wp-json\/wp\/v2\/service_status_category?post=54"}],"curies":[{"name":"wp","href":"https:\/\/api.w.org\/{rel}","templated":true}]}}