{"id":44,"date":"2024-10-31T00:50:38","date_gmt":"2024-10-30T23:50:38","guid":{"rendered":"https:\/\/o-seznam.cz\/napoveda\/seznam\/?page_id=44"},"modified":"2024-12-15T23:14:07","modified_gmt":"2024-12-15T22:14:07","slug":"vse-o-hlavni-strance","status":"publish","type":"page","link":"https:\/\/o-seznam.cz\/napoveda\/seznam\/vse-o-hlavni-strance\/","title":{"rendered":"V\u0161e o hlavn\u00ed str\u00e1nce"},"content":{"rendered":"\n<div class=\"wp-block-group is-layout-constrained wp-block-group-is-layout-constrained\">\n<p>Seznam.cz\u202fje nejpou\u017e\u00edvan\u011bj\u0161\u00ed \u010desk\u00e1 internetov\u00e1 str\u00e1nka, kter\u00e1 p\u0159in\u00e1\u0161\u00ed vyhled\u00e1vac\u00ed slu\u017eby, p\u0159ehled d\u011bn\u00ed i z\u00e1bavu na jednom m\u00edst\u011b.<\/p>\n\n\n\n<p>Str\u00e1nce dominuje vyhled\u00e1vac\u00ed formul\u00e1\u0159, ve kter\u00e9m sta\u010d\u00ed vybrat spr\u00e1vnou z\u00e1lo\u017eku, vepsat co hled\u00e1te a zvolit navr\u017een\u00fd dotaz nebo stisknout tla\u010d\u00edtko\u202fVyhledat.<\/p>\n\n\n\n<figure class=\"wp-block-image size-full\"><img loading=\"lazy\" decoding=\"async\" width=\"605\" height=\"212\" src=\"https:\/\/o-seznam.cz\/napoveda\/seznam\/wp-content\/uploads\/sites\/16\/2024\/10\/seznam-vyhledat.png\" alt=\"\" class=\"wp-image-48\" srcset=\"https:\/\/o-seznam.cz\/napoveda\/seznam\/wp-content\/uploads\/sites\/16\/2024\/10\/seznam-vyhledat.png 605w, https:\/\/o-seznam.cz\/napoveda\/seznam\/wp-content\/uploads\/sites\/16\/2024\/10\/seznam-vyhledat-320x112.png 320w\" sizes=\"auto, (max-width: 605px) 100vw, 605px\" \/><\/figure>\n\n\n\n<p>Pod hledac\u00edm formul\u00e1\u0159em n\u00e1sleduje v lev\u00e9m sloupci box\u00edk s v\u00fdznamn\u00fdmi ud\u00e1lostmi a vpravo nab\u00eddkou dal\u0161\u00edch slu\u017eeb, kter\u00e9 provozuje Seznam.cz. V\u00fdb\u011brem odkazu p\u0159ejdete na zvolenou slu\u017ebu.<\/p>\n\n\n\n<figure class=\"wp-block-image size-full\"><img loading=\"lazy\" decoding=\"async\" width=\"259\" height=\"47\" src=\"https:\/\/o-seznam.cz\/napoveda\/seznam\/wp-content\/uploads\/sites\/16\/2024\/10\/seznam-zobrazit-prihlaseni.png\" alt=\"\" class=\"wp-image-49\" srcset=\"https:\/\/o-seznam.cz\/napoveda\/seznam\/wp-content\/uploads\/sites\/16\/2024\/10\/seznam-zobrazit-prihlaseni.png 259w, https:\/\/o-seznam.cz\/napoveda\/seznam\/wp-content\/uploads\/sites\/16\/2024\/10\/seznam-zobrazit-prihlaseni-256x47.png 256w\" sizes=\"auto, (max-width: 259px) 100vw, 259px\" \/><\/figure>\n\n\n\n<figure class=\"wp-block-image size-full\"><img loading=\"lazy\" decoding=\"async\" width=\"259\" height=\"94\" src=\"https:\/\/o-seznam.cz\/napoveda\/seznam\/wp-content\/uploads\/sites\/16\/2024\/10\/seznam-skryt-prihlaseni.png\" alt=\"\" class=\"wp-image-50\" srcset=\"https:\/\/o-seznam.cz\/napoveda\/seznam\/wp-content\/uploads\/sites\/16\/2024\/10\/seznam-skryt-prihlaseni.png 259w, https:\/\/o-seznam.cz\/napoveda\/seznam\/wp-content\/uploads\/sites\/16\/2024\/10\/seznam-skryt-prihlaseni-256x94.png 256w\" sizes=\"auto, (max-width: 259px) 100vw, 259px\" \/><\/figure>\n<\/div>\n\n\n\n<div class=\"wp-block-group is-layout-constrained wp-block-group-is-layout-constrained\">\n<h2 class=\"wp-block-heading\">P\u0159izp\u016fsoben\u00ed domovsk\u00e9 str\u00e1nky Seznam.cz&nbsp;<\/h2>\n\n\n\n<p>Celou str\u00e1nku\u202fSeznam.cz\u202fsi m\u016f\u017eete p\u0159izp\u016fsobit podle sv\u00fdch pot\u0159eb, a to jak po p\u0159ihl\u00e1\u0161en\u00ed, tak i bez nutnosti p\u0159ihla\u0161ov\u00e1n\u00ed. Na str\u00e1nce je mo\u017en\u00e9 vybrat si vzhled a rozlo\u017een\u00ed, p\u0159eskl\u00e1dat obsah str\u00e1nky dle va\u0161ich preferenc\u00ed, p\u0159idat si dal\u0161\u00ed box\u00edky s informaci i nastavit mno\u017estv\u00ed polo\u017eek v boxech.<\/p>\n\n\n\n<p>K nastaven\u00ed domovsk\u00e9 str\u00e1nky se lze prokliknout po p\u0159ihl\u00e1\u0161en\u00ed p\u0159es odkaz \u201eNastaven\u00ed\u201c v prav\u00e9m horn\u00edm rohu str\u00e1nky v nab\u00eddce po prokliku p\u0159es u\u017eivatelsk\u00fd avatar.<\/p>\n\n\n\n<figure class=\"wp-block-image size-full\"><img loading=\"lazy\" decoding=\"async\" width=\"300\" height=\"376\" src=\"https:\/\/o-seznam.cz\/napoveda\/seznam\/wp-content\/uploads\/sites\/16\/2024\/10\/seznam-nastaveni.png\" alt=\"\" class=\"wp-image-51\" srcset=\"https:\/\/o-seznam.cz\/napoveda\/seznam\/wp-content\/uploads\/sites\/16\/2024\/10\/seznam-nastaveni.png 300w, https:\/\/o-seznam.cz\/napoveda\/seznam\/wp-content\/uploads\/sites\/16\/2024\/10\/seznam-nastaveni-255x320.png 255w\" sizes=\"auto, (max-width: 300px) 100vw, 300px\" \/><\/figure>\n\n\n\n<p>V zobrazen\u00e9 nab\u00eddce Nastaven\u00ed je mo\u017en\u00e9 upravovat volby ve t\u0159ech \u010d\u00e1stech. Pro podrobn\u011bj\u0161\u00ed popis pros\u00edm klikn\u011bte na jeden z n\u00e1sleduj\u00edc\u00edch odkaz\u016f:<\/p>\n\n\n\n<div class=\"wp-block-columns is-layout-flex wp-container-core-columns-is-layout-28f84493 wp-block-columns-is-layout-flex\">\n<div class=\"wp-block-column is-layout-flow wp-block-column-is-layout-flow\"><div class=\"block-boxlink\"><a class=\"boxlink boxlink--icon-arrow px-f8 py-f4\" href=\"https:\/\/o-seznam.cz\/napoveda\/seznam\/nastaveni-boxiku\/#pridani-boxu\"><div class=\"inner-blocks\">\n\n<p>P\u0159idat box\u00edky<\/p>\n\n<\/div><\/a><\/div><\/div>\n\n\n\n<div class=\"wp-block-column is-layout-flow wp-block-column-is-layout-flow\"><div class=\"block-boxlink\"><a class=\"boxlink boxlink--icon-arrow px-f8 py-f4\" href=\"https:\/\/o-seznam.cz\/napoveda\/seznam\/zmena-vzhledu\/\"><div class=\"inner-blocks\">\n\n<p>Zm\u011bnit vzhled<\/p>\n\n<\/div><\/a><\/div><\/div>\n\n\n\n<div class=\"wp-block-column is-layout-flow wp-block-column-is-layout-flow\"><div class=\"block-boxlink\"><a class=\"boxlink boxlink--icon-arrow px-f8 py-f4\" href=\"https:\/\/o-seznam.cz\/napoveda\/seznam\/pokrocile-nastaveni\/\"><div class=\"inner-blocks\">\n\n<p>Pokro\u010dil\u00e9<\/p>\n\n<\/div><\/a><\/div><\/div>\n<\/div>\n\n\n\n<figure class=\"wp-block-image size-full\"><img loading=\"lazy\" decoding=\"async\" width=\"454\" height=\"244\" src=\"https:\/\/o-seznam.cz\/napoveda\/seznam\/wp-content\/uploads\/sites\/16\/2024\/10\/seznam-nastaveni-volby.png\" alt=\"\" class=\"wp-image-52\" srcset=\"https:\/\/o-seznam.cz\/napoveda\/seznam\/wp-content\/uploads\/sites\/16\/2024\/10\/seznam-nastaveni-volby.png 454w, https:\/\/o-seznam.cz\/napoveda\/seznam\/wp-content\/uploads\/sites\/16\/2024\/10\/seznam-nastaveni-volby-320x172.png 320w\" sizes=\"auto, (max-width: 454px) 100vw, 454px\" \/><\/figure>\n<\/div>\n","protected":false},"excerpt":{"rendered":"<p>Seznam.cz\u202fje nejpou\u017e\u00edvan\u011bj\u0161\u00ed \u010desk\u00e1 internetov\u00e1 str\u00e1nka, kter\u00e1 p\u0159in\u00e1\u0161\u00ed vyhled\u00e1vac\u00ed slu\u017eby, p\u0159ehled d\u011bn\u00ed i z\u00e1bavu na jednom m\u00edst\u011b. Str\u00e1nce dominuje vyhled\u00e1vac\u00ed formul\u00e1\u0159, ve kter\u00e9m sta\u010d\u00ed vybrat spr\u00e1vnou z\u00e1lo\u017eku, vepsat co hled\u00e1te a zvolit navr\u017een\u00fd dotaz nebo stisknout tla\u010d\u00edtko\u202fVyhledat. Pod hledac\u00edm formul\u00e1\u0159em n\u00e1sleduje v lev\u00e9m sloupci box\u00edk s v\u00fdznamn\u00fdmi ud\u00e1lostmi a vpravo nab\u00eddkou dal\u0161\u00edch slu\u017eeb, kter\u00e9 provozuje Seznam.cz. [&hellip;]<\/p>\n","protected":false},"author":6,"featured_media":0,"parent":0,"menu_order":10,"comment_status":"closed","ping_status":"closed","template":"page-sidemenu","meta":{"_acf_changed":false,"_relevanssi_hide_post":"","_relevanssi_hide_content":"","_relevanssi_pin_for_all":"","_relevanssi_pin_keywords":"","_relevanssi_unpin_keywords":"","_relevanssi_related_keywords":"","_relevanssi_related_include_ids":"","_relevanssi_related_exclude_ids":"","_relevanssi_related_no_append":"","_relevanssi_related_not_related":"","_relevanssi_related_posts":"","_relevanssi_noindex_reason":"","footnotes":""},"page_category":[3],"page_tag":[],"service_status_category":[],"class_list":["post-44","page","type-page","status-publish","hentry"],"acf":[],"_links":{"self":[{"href":"https:\/\/o-seznam.cz\/napoveda\/seznam\/wp-json\/wp\/v2\/pages\/44","targetHints":{"allow":["GET"]}}],"collection":[{"href":"https:\/\/o-seznam.cz\/napoveda\/seznam\/wp-json\/wp\/v2\/pages"}],"about":[{"href":"https:\/\/o-seznam.cz\/napoveda\/seznam\/wp-json\/wp\/v2\/types\/page"}],"author":[{"embeddable":true,"href":"https:\/\/o-seznam.cz\/napoveda\/seznam\/wp-json\/wp\/v2\/users\/6"}],"replies":[{"embeddable":true,"href":"https:\/\/o-seznam.cz\/napoveda\/seznam\/wp-json\/wp\/v2\/comments?post=44"}],"version-history":[{"count":4,"href":"https:\/\/o-seznam.cz\/napoveda\/seznam\/wp-json\/wp\/v2\/pages\/44\/revisions"}],"predecessor-version":[{"id":457,"href":"https:\/\/o-seznam.cz\/napoveda\/seznam\/wp-json\/wp\/v2\/pages\/44\/revisions\/457"}],"wp:attachment":[{"href":"https:\/\/o-seznam.cz\/napoveda\/seznam\/wp-json\/wp\/v2\/media?parent=44"}],"wp:term":[{"taxonomy":"page_category","embeddable":true,"href":"https:\/\/o-seznam.cz\/napoveda\/seznam\/wp-json\/wp\/v2\/page_category?post=44"},{"taxonomy":"page_tag","embeddable":true,"href":"https:\/\/o-seznam.cz\/napoveda\/seznam\/wp-json\/wp\/v2\/page_tag?post=44"},{"taxonomy":"service_status_category","embeddable":true,"href":"https:\/\/o-seznam.cz\/napoveda\/seznam\/wp-json\/wp\/v2\/service_status_category?post=44"}],"curies":[{"name":"wp","href":"https:\/\/api.w.org\/{rel}","templated":true}]}}