{"id":371,"date":"2024-11-22T09:02:30","date_gmt":"2024-11-22T08:02:30","guid":{"rendered":"https:\/\/o-seznam.cz\/napoveda\/seznam\/?page_id=371"},"modified":"2025-09-15T08:25:56","modified_gmt":"2025-09-15T06:25:56","slug":"smluvni-podminky","status":"publish","type":"page","link":"https:\/\/o-seznam.cz\/napoveda\/seznam\/aplikace\/prohlizec\/smluvni-podminky\/","title":{"rendered":"Smluvn\u00ed podm\u00ednky"},"content":{"rendered":"\n<h2 class=\"wp-block-heading\"><strong>Smluvn\u00ed podm\u00ednky ve zkratce<\/strong><\/h2>\n\n\n\n<ol class=\"wp-block-list\">\n<li>Prohl\u00ed\u017ee\u010d, spou\u0161t\u011bn\u00e9 programy a v\u0161echny p\u0159idru\u017een\u00e9 soubory dokumentace poskytujeme tak, jak jsou, v\u010detn\u011b<br>p\u0159\u00edpadn\u00fdch chyb.<\/li>\n\n\n\n<li>Pokud sd\u011bl\u00edte sv\u00e1 hesla t\u0159et\u00edm osob\u00e1m, neneseme odpov\u011bdnost za jejich p\u0159\u00edpadn\u00e9 zneu\u017eit\u00ed.<\/li>\n\n\n\n<li>Spolu s prohl\u00ed\u017ee\u010dem se spou\u0161t\u00ed tyto programy: Electron, WebM, DirectX, H264, AAC, kter\u00e9 se \u0159\u00edd\u00ed licen\u010dn\u00edmi podm\u00ednkami uveden\u00fdmi v textu.<\/li>\n<\/ol>\n\n\n\n<h2 class=\"wp-block-heading\"><strong>Smluvn\u00ed podm\u00ednky pro u\u017eit\u00ed prohl\u00ed\u017ee\u010de Seznam.cz<\/strong><\/h2>\n\n\n\n<h5 class=\"wp-block-heading\">1. \u00davod<\/h5>\n\n\n\n<ol class=\"wp-block-list\">\n<li>Spole\u010dnost Seznam.cz, a.s., se s\u00eddlem Praha 5, Radlick\u00e1 3294\/10, PS\u010c: 150 00, I\u010cO: 26168685, zapsan\u00e1 v obchodn\u00edm rejst\u0159\u00edku veden\u00e9m M\u011bstsk\u00fdm soudem v Praze, odd\u00edl B, vlo\u017eka 6493 (d\u00e1le jen &#8222;Provozovatel&#8220;) je provozovatelem internetov\u00e9ho prohl\u00ed\u017ee\u010de Seznam.cz (d\u00e1le jen &#8222;Prohl\u00ed\u017ee\u010d&#8220;) a vykon\u00e1v\u00e1 k n\u011bmu p\u0159\u00edslu\u0161n\u00e1 autorsk\u00e1 majetkov\u00e1 pr\u00e1va.<\/li>\n\n\n\n<li>Prohl\u00ed\u017ee\u010d si mohou u\u017eivatel\u00e9 bezplatn\u011b nainstalovat na adrese: <a href=\"https:\/\/www.seznam.cz\/prohlizec\"><\/a><a class=\"is-style-link-external\" href=\"https:\/\/www.seznam.cz\/prohlizec\">www.seznam.cz\/prohlizec<\/a>.<\/li>\n\n\n\n<li>Instalac\u00ed a n\u00e1sledn\u00fdm u\u017eit\u00edm Prohl\u00ed\u017ee\u010de souhlas\u00edte se smluvn\u00edmi podm\u00ednkami a zavazujete se je dodr\u017eovat.<\/li>\n<\/ol>\n\n\n\n<h5 class=\"wp-block-heading\">2. Poskytnut\u00ed licence<\/h5>\n\n\n\n<ol class=\"wp-block-list\">\n<li>Odsouhlasen\u00edm t\u011bchto podm\u00ednek poskytuje Provozovatel ka\u017ed\u00e9mu u\u017eivateli, kter\u00fd si nainstaluje Prohl\u00ed\u017ee\u010d, pr\u00e1vo u\u017e\u00edvat nainstalovanou kopii Prohl\u00ed\u017ee\u010de a p\u0159idru\u017een\u00e9 soubory dokumentace (d\u00e1le jen &#8222;Licence&#8220;).<\/li>\n\n\n\n<li>Licence je:\n<ul class=\"wp-block-list\">\n<li>a) neomezen\u00e1 co do zp\u016fsobu u\u017eit\u00ed (u\u017eivatel m\u016f\u017ee vytv\u00e1\u0159et kopie, upravovat, slu\u010dovat, zpracov\u00e1vat, publikovat, distribuovat, ud\u011blovat podlicence v rozsahu t\u00e9to Licence),<\/li>\n\n\n\n<li>b) \u00fazemn\u011b neomezen\u00e1,<\/li>\n\n\n\n<li>c) mno\u017estevn\u011b neomezen\u00e1, pro neomezen\u00fd po\u010det u\u017eivatel\u016f,<\/li>\n\n\n\n<li>d) nev\u00fdhradn\u00ed,<\/li>\n\n\n\n<li>e) na dobu trv\u00e1n\u00ed autorsk\u00fdch majetkov\u00fdch pr\u00e1v,<\/li>\n\n\n\n<li>f) bezplatn\u00e1.<\/li>\n<\/ul>\n<\/li>\n\n\n\n<li>P\u0159i jak\u00e9koliv zm\u011bn\u011b softwaru u\u017eivatelem je povinnost odstranit ve\u0161ker\u00e9 ochrann\u00e9 prvky Provozovatele (nap\u0159. logo, grafick\u00e9 ozna\u010den\u00ed).<\/li>\n\n\n\n<li>U\u017eivatel sm\u00ed software u\u017e\u00edvat a \u0161\u00ed\u0159it pouze v souladu s t\u011bmito podm\u00ednkami a v rozsahu ud\u011blen\u00e9 Licence.<\/li>\n<\/ol>\n\n\n\n<h5 class=\"wp-block-heading\">3. Dal\u0161\u00ed ujedn\u00e1n\u00ed<\/h5>\n\n\n\n<ol class=\"wp-block-list\">\n<li>Prohl\u00ed\u017ee\u010d a p\u0159idru\u017een\u00e9 soubory dokumentace jsou poskytov\u00e1ny tak, jak jsou, v\u010detn\u011b v\u0161ech vad. Licence a kopie Prohl\u00ed\u017ee\u010de jsou poskytov\u00e1ny bez jak\u00fdchkoliv z\u00e1ruk.<\/li>\n\n\n\n<li>Provozovatel neodpov\u00edd\u00e1 za vady Prohl\u00ed\u017ee\u010de ani za \u0161kody, kter\u00e9 by u\u017eivatel\u016fm mohly vzniknout. Nelze uplat\u0148ovat \u017e\u00e1dn\u00e9 n\u00e1roky na n\u00e1hradu \u0161kody nebo jin\u00e9 n\u00e1roky vznikl\u00e9 v souvislosti s Prohl\u00ed\u017ee\u010dem.<\/li>\n\n\n\n<li>Provozovatel nenese odpov\u011bdnost za zneu\u017eit\u00ed hesla u\u017eivatele, pokud u\u017eivatel sd\u011blil sv\u00e9 heslo t\u0159et\u00ed osob\u011b nebo j\u00ed umo\u017enil p\u0159\u00edstup. U\u017eivatel odpov\u00edd\u00e1 za to, \u017ee jeho heslo bude dostate\u010dn\u011b siln\u00e9.<\/li>\n\n\n\n<li>Ve v\u0161ech kopi\u00edch softwaru mus\u00ed b\u00fdt uvedeno prohl\u00e1\u0161en\u00ed a v\u00fdhrada autorsk\u00e9ho pr\u00e1va Provozovatele.<\/li>\n\n\n\n<li>S u\u017eit\u00edm Prohl\u00ed\u017ee\u010de doch\u00e1z\u00ed k u\u017eit\u00ed n\u00e1sleduj\u00edc\u00edch softwar\u016f: Electron, WebM, DirectX, H264, AAC. Prohl\u00ed\u017ee\u010d lze u\u017e\u00edvat pouze zp\u016fsoby uveden\u00e9 v t\u011bchto podm\u00ednk\u00e1ch a v souladu s nimi a pouze p\u0159i dodr\u017een\u00ed n\u00e1sleduj\u00edc\u00edch licen\u010dn\u00edch podm\u00ednek:\n<ul class=\"wp-block-list\">\n<li>Electron: <a href=\"https:\/\/github.com\/electron\/electron\/blob\/main\/LICENSE\"><\/a><a class=\"is-style-link-external\" href=\"https:\/\/github.com\/electron\/electron\/blob\/main\/LICENSE\">https:\/\/github.com\/electron\/electron\/blob\/main\/LICENSE<\/a><\/li>\n\n\n\n<li>Castlabs Electron: <a href=\"https:\/\/github.com\/castlabs\/electron-releases\/blob\/master\/LICENSE\"><\/a><a class=\"is-style-link-external\" href=\"https:\/\/github.com\/castlabs\/electron-releases\/blob\/master\/LICENSE\">https:\/\/github.com\/castlabs\/electron-releases\/blob\/master\/LICENSE<\/a><\/li>\n\n\n\n<li>MIT: <a href=\"https:\/\/opensource.org\/license\/mit\"><\/a><a class=\"is-style-link-external\" href=\"https:\/\/opensource.org\/license\/mit\">https:\/\/opensource.org\/license\/mit<\/a><\/li>\n\n\n\n<li>Apache 2.0: <a href=\"https:\/\/www.apache.org\/licenses\/LICENSE-2.0\"><\/a><a class=\"is-style-link-external\" href=\"https:\/\/www.apache.org\/licenses\/LICENSE-2.0\">https:\/\/www.apache.org\/licenses\/LICENSE-2.0<\/a><\/li>\n\n\n\n<li>SQLite3: <a href=\"https:\/\/raw.githubusercontent.com\/tryghost\/node-sqlite3\/master\/LICENSE\"><\/a><a class=\"is-style-link-external\" href=\"https:\/\/raw.githubusercontent.com\/tryghost\/node-sqlite3\/master\/LICENSE\">https:\/\/raw.githubusercontent.com\/tryghost\/node-sqlite3\/master\/LICENSE<\/a><\/li>\n\n\n\n<li>WebM Codec: <a href=\"https:\/\/www.webmproject.org\/license\"><\/a><a class=\"is-style-link-external\" href=\"https:\/\/www.webmproject.org\/license\">https:\/\/www.webmproject.org\/license<\/a><\/li>\n\n\n\n<li>DirectX: <a href=\"https:\/\/github.com\/apitrace\/dxsdk\/blob\/master\/Documentation\/License Agreements\/DirectX SDK EULA.txt\"><\/a><a class=\"is-style-link-external\" href=\"https:\/\/github.com\/apitrace\/dxsdk\/blob\/master\/Documentation\/License Agreements\/DirectX SDK EULA.txt\">https:\/\/github.com\/apitrace\/dxsdk\/blob\/master\/Documentation\/License Agreements\/DirectX SDK EULA.txt<\/a><\/li>\n\n\n\n<li>Via LA: <a href=\"https:\/\/www.via-la.com\/terms-of-use\"><\/a><a class=\"is-style-link-external\" href=\"https:\/\/www.via-la.com\/terms-of-use\">https:\/\/www.via-la.com\/terms-of-use<\/a><\/li>\n\n\n\n<li>Via LA AAC: <a href=\"https:\/\/www.via-la.com\/licensing-2\/aac\"><\/a><a class=\"is-style-link-external\" href=\"https:\/\/www.via-la.com\/licensing-2\/aac\">https:\/\/www.via-la.com\/licensing-2\/aac<\/a><\/li>\n<\/ul>\n<\/li>\n\n\n\n<li>U\u017eivatel\u00e9 nejsou opr\u00e1vn\u011bni u\u017e\u00edvat tyto softwary, kter\u00e9 jsou sou\u010d\u00e1st\u00ed Prohl\u00ed\u017ee\u010de: H264, AAC, DirectX, s v\u00fdjimkou p\u0159\u00edpad\u016f, kdy u\u017e\u00edvaj\u00ed Prohl\u00ed\u017ee\u010d v p\u016fvodn\u00ed nezm\u011bn\u011bn\u00e9 verzi poskytnut\u00e9 Provozovatelem.<\/li>\n\n\n\n<li>Provozovatel vyu\u017e\u00edv\u00e1 v r\u00e1mci Prohl\u00ed\u017ee\u010de Google Maps API. Podm\u00ednky u\u017eit\u00ed Google Maps API jsou na: <a href=\"https:\/\/developers.google.com\/maps\/terms\"><\/a><a class=\"is-style-link-external\" href=\"https:\/\/developers.google.com\/maps\/terms\">https:\/\/developers.google.com\/maps\/terms<\/a> a u\u017eivatel se zavazuje je dodr\u017eovat.<\/li>\n\n\n\n<li>Pou\u017e\u00edv\u00e1n\u00ed Google Maps API se d\u00e1le \u0159\u00edd\u00ed Podm\u00ednkami ochrany soukrom\u00ed Google: <a href=\"https:\/\/policies.google.com\/privacy\"><\/a><a class=\"is-style-link-external\" href=\"https:\/\/policies.google.com\/privacy\">https:\/\/policies.google.com\/privacy<\/a>.<\/li>\n\n\n\n<li>U\u017eivatel bere na v\u011bdom\u00ed, \u017ee Provozovatel bude shroma\u017e\u010fovat \u00fadaje o jeho lokaci, p\u0159\u00edpadn\u011b o lokaci jeho za\u0159\u00edzen\u00ed, a tyto \u00fadaje pou\u017eije za \u00fa\u010delem zkvalitn\u011bn\u00ed slu\u017eeb. \u00dadaje o lokaci budou p\u0159ed\u00e1v\u00e1ny spole\u010dnosti Google Ireland Limited v anonymizovan\u00e9 podob\u011b.<\/li>\n\n\n\n<li>Funkce p\u0159evod m\u011bn je \u0159\u00edzena aktu\u00e1ln\u00edm kurzem \u010cNB: <a href=\"https:\/\/www.cnb.cz\/cs\/financni_trhy\/devizovy_trh\/kurzy_devizoveho_trhu\/denni_kurz.txt\"><\/a><a class=\"is-style-link-external\" href=\"https:\/\/www.cnb.cz\/cs\/financni_trhy\/devizovy_trh\/kurzy_devizoveho_trhu\/denni_kurz.txt\">https:\/\/www.cnb.cz\/cs\/financni_trhy\/devizovy_trh\/kurzy_devizoveho_trhu\/denni_kurz.txt<\/a><\/li>\n<\/ol>\n\n\n\n<h5 class=\"wp-block-heading\">4. Osobn\u00ed \u00fadaje<\/h5>\n\n\n\n<ol class=\"wp-block-list\">\n<li>Pokud p\u0159i u\u017e\u00edv\u00e1n\u00ed Prohl\u00ed\u017ee\u010de doch\u00e1z\u00ed ke zpracov\u00e1n\u00ed osobn\u00edch \u00fadaj\u016f, \u0159\u00edd\u00ed se toto zpracov\u00e1n\u00ed Na\u0159\u00edzen\u00edm (EU) 2016\/679 (GDPR), z\u00e1konem o zpracov\u00e1n\u00ed osobn\u00edch \u00fadaj\u016f a dal\u0161\u00edmi pr\u00e1vn\u00edmi p\u0159edpisy.<\/li>\n\n\n\n<li>Pro \u00fa\u010dely u\u017e\u00edv\u00e1n\u00ed slu\u017eeb je Provozovatel opr\u00e1vn\u011bn zpracov\u00e1vat osobn\u00ed \u00fadaje u\u017eivatele nebo \u00fadaje poskytnut\u00e9 \u010di zadan\u00e9 u\u017eivatelem p\u0159i u\u017e\u00edv\u00e1n\u00ed slu\u017eby (zejm\u00e9na adresn\u00ed a popisn\u00e9 \u00fadaje).<\/li>\n\n\n\n<li>Takov\u00e9 zpracov\u00e1n\u00ed je z\u00e1konn\u00e9, proto\u017ee je nezbytn\u00e9 pro pln\u011bn\u00ed smlouvy, jej\u00ed\u017e smluvn\u00ed stranou je u\u017eivatel.<\/li>\n\n\n\n<li>U\u017eivatel ud\u011bluje Provozovateli souhlas se zas\u00edl\u00e1n\u00edm obchodn\u00edch sd\u011blen\u00ed na poskytnutou e-mailovou adresu.<\/li>\n\n\n\n<li>Pokud u\u017eivatel p\u0159edal Provozovateli osobn\u00ed \u00fadaje jin\u00fdch osob, je povinen je informovat o zpracov\u00e1n\u00ed a zajistit z\u00e1konnost zpracov\u00e1n\u00ed. V opa\u010dn\u00e9m p\u0159\u00edpad\u011b odpov\u00edd\u00e1 za zp\u016fsobenou \u0161kodu.<\/li>\n\n\n\n<li>Podrobn\u00e9 informace o nakl\u00e1d\u00e1n\u00ed s osobn\u00edmi \u00fadaji jsou uvedeny na str\u00e1nk\u00e1ch Provozovatele v p\u0159\u00edslu\u0161n\u00e9 sekci.<\/li>\n<\/ol>\n\n\n\n<h5 class=\"wp-block-heading\">5. Z\u00e1v\u011bre\u010dn\u00e1 ustanoven\u00ed<\/h5>\n\n\n\n<ol class=\"wp-block-list\">\n<li>Smluvn\u00ed vztah se \u0159\u00edd\u00ed z\u00e1konem \u010d. 89\/2012 Sb., ob\u010dansk\u00fd z\u00e1kon\u00edk, a z\u00e1konem \u010d. 121\/2000 Sb., autorsk\u00fd z\u00e1kon, v platn\u00e9m zn\u011bn\u00ed.<\/li>\n\n\n\n<li>Provozovatel si vyhrazuje pr\u00e1vo jednostrann\u011b m\u011bnit tyto podm\u00ednky, nov\u00e9 zn\u011bn\u00ed zve\u0159ejn\u00ed na <a href=\"http:\/\/www.seznam.cz\/prohlizec\/licence\"><\/a><a class=\"is-style-link-external\" href=\"http:\/\/www.seznam.cz\/prohlizec\/licence\">http:\/\/www.seznam.cz\/prohlizec\/licence<\/a>.<\/li>\n\n\n\n<li>Tyto podm\u00ednky nab\u00fdvaj\u00ed platnosti a \u00fa\u010dinnosti dne 1. 9. 2025.<\/li>\n<\/ol>\n","protected":false},"excerpt":{"rendered":"<p>Smluvn\u00ed podm\u00ednky ve zkratce Smluvn\u00ed podm\u00ednky pro u\u017eit\u00ed prohl\u00ed\u017ee\u010de Seznam.cz 1. \u00davod 2. Poskytnut\u00ed licence 3. Dal\u0161\u00ed ujedn\u00e1n\u00ed 4. Osobn\u00ed \u00fadaje 5. Z\u00e1v\u011bre\u010dn\u00e1 ustanoven\u00ed<\/p>\n","protected":false},"author":12,"featured_media":0,"parent":161,"menu_order":10,"comment_status":"closed","ping_status":"closed","template":"page-sidemenu","meta":{"_acf_changed":false,"_relevanssi_hide_post":"","_relevanssi_hide_content":"","_relevanssi_pin_for_all":"","_relevanssi_pin_keywords":"","_relevanssi_unpin_keywords":"","_relevanssi_related_keywords":"","_relevanssi_related_include_ids":"","_relevanssi_related_exclude_ids":"","_relevanssi_related_no_append":"","_relevanssi_related_not_related":"","_relevanssi_related_posts":"","_relevanssi_noindex_reason":"","footnotes":""},"page_category":[4],"page_tag":[],"service_status_category":[],"class_list":["post-371","page","type-page","status-publish","hentry"],"acf":[],"_links":{"self":[{"href":"https:\/\/o-seznam.cz\/napoveda\/seznam\/wp-json\/wp\/v2\/pages\/371","targetHints":{"allow":["GET"]}}],"collection":[{"href":"https:\/\/o-seznam.cz\/napoveda\/seznam\/wp-json\/wp\/v2\/pages"}],"about":[{"href":"https:\/\/o-seznam.cz\/napoveda\/seznam\/wp-json\/wp\/v2\/types\/page"}],"author":[{"embeddable":true,"href":"https:\/\/o-seznam.cz\/napoveda\/seznam\/wp-json\/wp\/v2\/users\/12"}],"replies":[{"embeddable":true,"href":"https:\/\/o-seznam.cz\/napoveda\/seznam\/wp-json\/wp\/v2\/comments?post=371"}],"version-history":[{"count":7,"href":"https:\/\/o-seznam.cz\/napoveda\/seznam\/wp-json\/wp\/v2\/pages\/371\/revisions"}],"predecessor-version":[{"id":511,"href":"https:\/\/o-seznam.cz\/napoveda\/seznam\/wp-json\/wp\/v2\/pages\/371\/revisions\/511"}],"up":[{"embeddable":true,"href":"https:\/\/o-seznam.cz\/napoveda\/seznam\/wp-json\/wp\/v2\/pages\/161"}],"wp:attachment":[{"href":"https:\/\/o-seznam.cz\/napoveda\/seznam\/wp-json\/wp\/v2\/media?parent=371"}],"wp:term":[{"taxonomy":"page_category","embeddable":true,"href":"https:\/\/o-seznam.cz\/napoveda\/seznam\/wp-json\/wp\/v2\/page_category?post=371"},{"taxonomy":"page_tag","embeddable":true,"href":"https:\/\/o-seznam.cz\/napoveda\/seznam\/wp-json\/wp\/v2\/page_tag?post=371"},{"taxonomy":"service_status_category","embeddable":true,"href":"https:\/\/o-seznam.cz\/napoveda\/seznam\/wp-json\/wp\/v2\/service_status_category?post=371"}],"curies":[{"name":"wp","href":"https:\/\/api.w.org\/{rel}","templated":true}]}}