{"id":35,"date":"2024-10-31T00:35:46","date_gmt":"2024-10-30T23:35:46","guid":{"rendered":"https:\/\/o-seznam.cz\/napoveda\/seznam\/?page_id=35"},"modified":"2024-10-31T01:29:43","modified_gmt":"2024-10-31T00:29:43","slug":"nastaveni-boxiku","status":"publish","type":"page","link":"https:\/\/o-seznam.cz\/napoveda\/seznam\/nastaveni-boxiku\/","title":{"rendered":"Nastaven\u00ed box\u00edk\u016f"},"content":{"rendered":"\n<div class=\"wp-block-group is-layout-constrained wp-block-group-is-layout-constrained\">\n<p>Ka\u017ed\u00fd si m\u016f\u017ee domovskou str\u00e1nku Seznam.cz p\u0159izp\u016fsobit dle sv\u00e9ho gusta. Jednotliv\u00e9 boxy maj\u00ed n\u011bkolik mo\u017enost\u00ed nastaven\u00ed:<\/p>\n\n\n\n<ul class=\"wp-block-list\">\n<li>P\u0159esunut\u00ed na libovolnou pozici<\/li>\n\n\n\n<li>Nastaven\u00ed obsahu<\/li>\n\n\n\n<li>P\u0159id\u00e1n\u00ed nebo odebr\u00e1n\u00ed boxu<\/li>\n<\/ul>\n\n\n\n<div class=\"wp-block-seznam-box is-layout-flow wp-block-seznam-box-is-layout-flow\">\n<p>Pozn\u00e1mka: Zm\u011bnu, kterou provedete jako nep\u0159ihl\u00e1\u0161en\u00fd u\u017eivatel, ukl\u00e1d\u00e1me pouze k v\u00e1m na po\u010d\u00edta\u010d (zm\u011bnu ukl\u00e1d\u00e1me do cookie a je tak nutn\u00e9 m\u00edt povolen\u00e9 cookies a nemazat je po zav\u0159en\u00ed prohl\u00ed\u017ee\u010de).<\/p>\n<\/div>\n<\/div>\n\n\n\n<div class=\"wp-block-group is-layout-constrained wp-block-group-is-layout-constrained\">\n<h2 class=\"wp-block-heading\" id=\"presouvani-boxu\">P\u0159esouv\u00e1n\u00ed box\u016f<\/h2>\n\n\n\n<p>Ka\u017ed\u00fd box je mo\u017eno p\u0159esunout na libovolnou pozici na str\u00e1nce. K p\u0159eta\u017een\u00ed boxu je nutno um\u00edstit kurzor my\u0161i na horn\u00ed li\u0161tu, co\u017e je indikov\u00e1no zm\u011bnou kurzoru na k\u0159\u00ed\u017eek. P\u0159idr\u017een\u00edm lev\u00e9ho tla\u010d\u00edtka my\u0161i box uchop\u00edte a posunem kurzoru posouv\u00e1te cel\u00fd blok. C\u00edlov\u00e1 poloha je v\u017edy nazna\u010dena posouv\u00e1n\u00edm ostatn\u00edch box\u00edk\u016f a slab\u00fdm n\u00e1hledem na nov\u00e9 pozici boxu.<\/p>\n\n\n\n<figure class=\"wp-block-image size-full\"><img loading=\"lazy\" decoding=\"async\" width=\"551\" height=\"263\" src=\"https:\/\/o-seznam.cz\/napoveda\/seznam\/wp-content\/uploads\/sites\/16\/2024\/10\/seznam-presouvani-boxu.png\" alt=\"\" class=\"wp-image-36\" srcset=\"https:\/\/o-seznam.cz\/napoveda\/seznam\/wp-content\/uploads\/sites\/16\/2024\/10\/seznam-presouvani-boxu.png 551w, https:\/\/o-seznam.cz\/napoveda\/seznam\/wp-content\/uploads\/sites\/16\/2024\/10\/seznam-presouvani-boxu-320x153.png 320w\" sizes=\"auto, (max-width: 551px) 100vw, 551px\" \/><\/figure>\n<\/div>\n\n\n\n<div class=\"wp-block-group is-layout-constrained wp-block-group-is-layout-constrained\">\n<h2 class=\"wp-block-heading\" id=\"nastaveni-obsahu-odstraneni-boxu\">Nastaven\u00ed obsahu a odstran\u011bn\u00ed boxu<\/h2>\n\n\n\n<p>N\u011bkter\u00e9 box\u00edky maj\u00ed mo\u017enost vlastn\u00edho nastaven\u00ed. To se zobraz\u00ed p\u0159i najet\u00ed kurzorem my\u0161i na nadpis boxu ve form\u011b mal\u00e9 \u0161ipe\u010dky v prav\u00e9 \u010d\u00e1sti nadpisu.<\/p>\n\n\n\n<figure class=\"wp-block-image size-full\"><img loading=\"lazy\" decoding=\"async\" width=\"431\" height=\"69\" src=\"https:\/\/o-seznam.cz\/napoveda\/seznam\/wp-content\/uploads\/sites\/16\/2024\/10\/seznam-vlastni-nastaveni.png\" alt=\"\" class=\"wp-image-37\" srcset=\"https:\/\/o-seznam.cz\/napoveda\/seznam\/wp-content\/uploads\/sites\/16\/2024\/10\/seznam-vlastni-nastaveni.png 431w, https:\/\/o-seznam.cz\/napoveda\/seznam\/wp-content\/uploads\/sites\/16\/2024\/10\/seznam-vlastni-nastaveni-320x51.png 320w\" sizes=\"auto, (max-width: 431px) 100vw, 431px\" \/><\/figure>\n\n\n\n<p>Kliknut\u00edm na \u0161ipe\u010dku se otev\u0159e nab\u00eddka s mo\u017enostmi pro zvolen\u00fd box. Zm\u011bny potvrd\u00edte tla\u010d\u00edtkem \u201eUlo\u017eit\u201c, nebo zru\u0161\u00edte tla\u010d\u00edtkem \u201eStorno\u201c.<\/p>\n\n\n\n<p>Box\u00edk lze v t\u00e9to nab\u00eddce tak\u00e9 odstranit kliknut\u00edm na tla\u010d\u00edtko \u201eOdebrat box\u00edk\u201c.<\/p>\n\n\n\n<figure class=\"wp-block-image size-full\"><img loading=\"lazy\" decoding=\"async\" width=\"288\" height=\"224\" src=\"https:\/\/o-seznam.cz\/napoveda\/seznam\/wp-content\/uploads\/sites\/16\/2024\/10\/seznam-odebrat-boxik.png\" alt=\"\" class=\"wp-image-38\"\/><\/figure>\n<\/div>\n\n\n\n<div class=\"wp-block-group is-layout-constrained wp-block-group-is-layout-constrained\">\n<h2 class=\"wp-block-heading\" id=\"pridani-boxu\">P\u0159id\u00e1n\u00ed nov\u00e9ho boxu<\/h2>\n\n\n\n<p>Na str\u00e1nce si m\u016f\u017eete nastavit boxy dle vlastn\u00edho v\u00fdb\u011bru a preferenc\u00ed t\u00e9mat. Nab\u00eddku dal\u0161\u00edch box\u00edk\u016f a t\u00e9mat naleznete v\u202fNastaven\u00ed\u202fpod tla\u010d\u00edtkem \u201eP\u0159idat box\u00edky\u201c.<\/p>\n\n\n\n<figure class=\"wp-block-image size-full\"><img loading=\"lazy\" decoding=\"async\" width=\"133\" height=\"155\" src=\"https:\/\/o-seznam.cz\/napoveda\/seznam\/wp-content\/uploads\/sites\/16\/2024\/10\/seznam-pridani-boxu.png\" alt=\"\" class=\"wp-image-39\"\/><\/figure>\n\n\n\n<p>V zobrazen\u00e9 nab\u00eddce si za\u0161krtejte po\u017eadovan\u00e9 box\u00edky (p\u0159\u00edpadn\u011b zru\u0161te za\u0161krtnut\u00ed u t\u011bch, kter\u00e9 chcete odstranit) a nastaven\u00ed na konci str\u00e1nky potvr\u010fte \u201eUlo\u017eit\u201c.<\/p>\n\n\n\n<figure class=\"wp-block-image size-full\"><img loading=\"lazy\" decoding=\"async\" width=\"454\" height=\"364\" src=\"https:\/\/o-seznam.cz\/napoveda\/seznam\/wp-content\/uploads\/sites\/16\/2024\/10\/seznam-zaskrtnuti-boxu.png\" alt=\"\" class=\"wp-image-40\" srcset=\"https:\/\/o-seznam.cz\/napoveda\/seznam\/wp-content\/uploads\/sites\/16\/2024\/10\/seznam-zaskrtnuti-boxu.png 454w, https:\/\/o-seznam.cz\/napoveda\/seznam\/wp-content\/uploads\/sites\/16\/2024\/10\/seznam-zaskrtnuti-boxu-320x257.png 320w\" sizes=\"auto, (max-width: 454px) 100vw, 454px\" \/><\/figure>\n\n\n\n<p>Nechcete-li proch\u00e1zet cel\u00fd katalog, m\u016f\u017eete RSS zdroj jednodu\u0161e vyhledat. Z v\u00fdsledk\u016f si vyberete zatr\u017een\u00edm \u010dtvere\u010dku vpravo a nastaven\u00ed potvr\u010fte na konci str\u00e1nky tla\u010d\u00edtkem \u201eUlo\u017eit\u201c.<\/p>\n\n\n\n<figure class=\"wp-block-image size-full\"><img loading=\"lazy\" decoding=\"async\" width=\"454\" height=\"198\" src=\"https:\/\/o-seznam.cz\/napoveda\/seznam\/wp-content\/uploads\/sites\/16\/2024\/10\/seznam-rss-vyhledat.png\" alt=\"\" class=\"wp-image-41\" srcset=\"https:\/\/o-seznam.cz\/napoveda\/seznam\/wp-content\/uploads\/sites\/16\/2024\/10\/seznam-rss-vyhledat.png 454w, https:\/\/o-seznam.cz\/napoveda\/seznam\/wp-content\/uploads\/sites\/16\/2024\/10\/seznam-rss-vyhledat-320x140.png 320w\" sizes=\"auto, (max-width: 454px) 100vw, 454px\" \/><\/figure>\n\n\n\n<p>Pokud zn\u00e1te URL adresu\u202fRSS kan\u00e1lu, sta\u010d\u00ed ji\u202fvlo\u017eit do hledac\u00edho pole a stisknout tla\u010d\u00edtko \u201eVyhledat\u201c. Aplikace sama pozn\u00e1, \u017ee byla vlo\u017eena adresa\u202fRSS feedu\u202fa nab\u00eddne jej\u202fke p\u0159id\u00e1n\u00ed. Z nab\u00eddky vyberete zatr\u017een\u00edm \u010dtvere\u010dku vpravo a nastaven\u00ed potvr\u010fte na konci str\u00e1nky tla\u010d\u00edtkem \u201eUlo\u017eit\u201c.<\/p>\n\n\n\n<figure class=\"wp-block-image size-full\"><img loading=\"lazy\" decoding=\"async\" width=\"454\" height=\"111\" src=\"https:\/\/o-seznam.cz\/napoveda\/seznam\/wp-content\/uploads\/sites\/16\/2024\/10\/seznam-rss-ulozit.png\" alt=\"\" class=\"wp-image-42\" srcset=\"https:\/\/o-seznam.cz\/napoveda\/seznam\/wp-content\/uploads\/sites\/16\/2024\/10\/seznam-rss-ulozit.png 454w, https:\/\/o-seznam.cz\/napoveda\/seznam\/wp-content\/uploads\/sites\/16\/2024\/10\/seznam-rss-ulozit-320x78.png 320w\" sizes=\"auto, (max-width: 454px) 100vw, 454px\" \/><\/figure>\n\n\n\n<div class=\"wp-block-seznam-box is-layout-flow wp-block-seznam-box-is-layout-flow\">\n<p>Pozn\u00e1mka: Nastaven\u00ed vlastn\u00edch RSS kan\u00e1l\u016f m\u016f\u017ee upravovat pouze p\u0159ihl\u00e1\u0161en\u00fd u\u017eivatel. Toto nastaven\u00ed se neukl\u00e1d\u00e1 do cookies, ale p\u0159\u00edmo k \u00fa\u010dtu na server. Nep\u0159ihl\u00e1\u0161en\u00ed u\u017eivatel\u00e9 tedy nemohou p\u0159id\u00e1vat vlastn\u00ed RSS kan\u00e1ly.<\/p>\n<\/div>\n<\/div>\n","protected":false},"excerpt":{"rendered":"<p>Ka\u017ed\u00fd si m\u016f\u017ee domovskou str\u00e1nku Seznam.cz p\u0159izp\u016fsobit dle sv\u00e9ho gusta. Jednotliv\u00e9 boxy maj\u00ed n\u011bkolik mo\u017enost\u00ed nastaven\u00ed: P\u0159esouv\u00e1n\u00ed box\u016f Ka\u017ed\u00fd box je mo\u017eno p\u0159esunout na libovolnou pozici na str\u00e1nce. K p\u0159eta\u017een\u00ed boxu je nutno um\u00edstit kurzor my\u0161i na horn\u00ed li\u0161tu, co\u017e je indikov\u00e1no zm\u011bnou kurzoru na k\u0159\u00ed\u017eek. P\u0159idr\u017een\u00edm lev\u00e9ho tla\u010d\u00edtka my\u0161i box uchop\u00edte a posunem kurzoru [&hellip;]<\/p>\n","protected":false},"author":6,"featured_media":0,"parent":0,"menu_order":0,"comment_status":"closed","ping_status":"closed","template":"page-sidemenu","meta":{"_acf_changed":false,"_relevanssi_hide_post":"","_relevanssi_hide_content":"","_relevanssi_pin_for_all":"","_relevanssi_pin_keywords":"","_relevanssi_unpin_keywords":"","_relevanssi_related_keywords":"","_relevanssi_related_include_ids":"","_relevanssi_related_exclude_ids":"","_relevanssi_related_no_append":"","_relevanssi_related_not_related":"","_relevanssi_related_posts":"","_relevanssi_noindex_reason":"","footnotes":""},"page_category":[3],"page_tag":[],"service_status_category":[],"class_list":["post-35","page","type-page","status-publish","hentry"],"acf":[],"_links":{"self":[{"href":"https:\/\/o-seznam.cz\/napoveda\/seznam\/wp-json\/wp\/v2\/pages\/35","targetHints":{"allow":["GET"]}}],"collection":[{"href":"https:\/\/o-seznam.cz\/napoveda\/seznam\/wp-json\/wp\/v2\/pages"}],"about":[{"href":"https:\/\/o-seznam.cz\/napoveda\/seznam\/wp-json\/wp\/v2\/types\/page"}],"author":[{"embeddable":true,"href":"https:\/\/o-seznam.cz\/napoveda\/seznam\/wp-json\/wp\/v2\/users\/6"}],"replies":[{"embeddable":true,"href":"https:\/\/o-seznam.cz\/napoveda\/seznam\/wp-json\/wp\/v2\/comments?post=35"}],"version-history":[{"count":3,"href":"https:\/\/o-seznam.cz\/napoveda\/seznam\/wp-json\/wp\/v2\/pages\/35\/revisions"}],"predecessor-version":[{"id":73,"href":"https:\/\/o-seznam.cz\/napoveda\/seznam\/wp-json\/wp\/v2\/pages\/35\/revisions\/73"}],"wp:attachment":[{"href":"https:\/\/o-seznam.cz\/napoveda\/seznam\/wp-json\/wp\/v2\/media?parent=35"}],"wp:term":[{"taxonomy":"page_category","embeddable":true,"href":"https:\/\/o-seznam.cz\/napoveda\/seznam\/wp-json\/wp\/v2\/page_category?post=35"},{"taxonomy":"page_tag","embeddable":true,"href":"https:\/\/o-seznam.cz\/napoveda\/seznam\/wp-json\/wp\/v2\/page_tag?post=35"},{"taxonomy":"service_status_category","embeddable":true,"href":"https:\/\/o-seznam.cz\/napoveda\/seznam\/wp-json\/wp\/v2\/service_status_category?post=35"}],"curies":[{"name":"wp","href":"https:\/\/api.w.org\/{rel}","templated":true}]}}