{"id":33,"date":"2024-10-31T00:45:55","date_gmt":"2024-10-30T23:45:55","guid":{"rendered":"https:\/\/o-seznam.cz\/napoveda\/seznam\/?page_id=33"},"modified":"2024-12-15T23:16:56","modified_gmt":"2024-12-15T22:16:56","slug":"nastaveni-titulni-stranky","status":"publish","type":"page","link":"https:\/\/o-seznam.cz\/napoveda\/seznam\/nastaveni-titulni-stranky\/","title":{"rendered":"Nastaven\u00ed tituln\u00ed str\u00e1nky"},"content":{"rendered":"\n<div class=\"wp-block-group is-layout-constrained wp-block-group-is-layout-constrained\">\n<p class=\"is-style-link-external\">Nastaven\u00ed domovsk\u00e9 str\u00e1nky se prov\u00e1d\u00ed p\u0159\u00edmo v prohl\u00ed\u017ee\u010di, ve kter\u00e9m si prohl\u00ed\u017e\u00edte internetov\u00e9 str\u00e1nky. Pro nastaven\u00ed Seznam.cz jako domovsk\u00e9 str\u00e1nky\u202f<a href=\"https:\/\/www.seznam.cz\/prohlizec\/\" target=\"_blank\" rel=\"noreferrer noopener\">ve va\u0161em prohl\u00ed\u017ee\u010di<\/a>\u202fpros\u00edm pokra\u010dujte kliknut\u00edm na n\u00e1sleduj\u00edc\u00ed odkaz:\u202f&nbsp;<\/p>\n\n\n\n<p class=\"is-style-link-external\"><a href=\"https:\/\/www.seznam.cz\/nastavit-jako-domovskou-stranku\" target=\"_blank\" rel=\"noreferrer noopener\">Chci nastavit Seznam.cz jako domovskou str\u00e1nku<\/a>\u00a0<\/p>\n<\/div>\n","protected":false},"excerpt":{"rendered":"<p>Nastaven\u00ed domovsk\u00e9 str\u00e1nky se prov\u00e1d\u00ed p\u0159\u00edmo v prohl\u00ed\u017ee\u010di, ve kter\u00e9m si prohl\u00ed\u017e\u00edte internetov\u00e9 str\u00e1nky. Pro nastaven\u00ed Seznam.cz jako domovsk\u00e9 str\u00e1nky\u202fve va\u0161em prohl\u00ed\u017ee\u010di\u202fpros\u00edm pokra\u010dujte kliknut\u00edm na n\u00e1sleduj\u00edc\u00ed odkaz:\u202f&nbsp; Chci nastavit Seznam.cz jako domovskou str\u00e1nku\u00a0<\/p>\n","protected":false},"author":6,"featured_media":0,"parent":0,"menu_order":20,"comment_status":"closed","ping_status":"closed","template":"page-sidemenu","meta":{"_acf_changed":false,"_relevanssi_hide_post":"","_relevanssi_hide_content":"","_relevanssi_pin_for_all":"","_relevanssi_pin_keywords":"","_relevanssi_unpin_keywords":"","_relevanssi_related_keywords":"","_relevanssi_related_include_ids":"","_relevanssi_related_exclude_ids":"","_relevanssi_related_no_append":"","_relevanssi_related_not_related":"","_relevanssi_related_posts":"","_relevanssi_noindex_reason":"","footnotes":""},"page_category":[3],"page_tag":[],"service_status_category":[],"class_list":["post-33","page","type-page","status-publish","hentry"],"acf":[],"_links":{"self":[{"href":"https:\/\/o-seznam.cz\/napoveda\/seznam\/wp-json\/wp\/v2\/pages\/33","targetHints":{"allow":["GET"]}}],"collection":[{"href":"https:\/\/o-seznam.cz\/napoveda\/seznam\/wp-json\/wp\/v2\/pages"}],"about":[{"href":"https:\/\/o-seznam.cz\/napoveda\/seznam\/wp-json\/wp\/v2\/types\/page"}],"author":[{"embeddable":true,"href":"https:\/\/o-seznam.cz\/napoveda\/seznam\/wp-json\/wp\/v2\/users\/6"}],"replies":[{"embeddable":true,"href":"https:\/\/o-seznam.cz\/napoveda\/seznam\/wp-json\/wp\/v2\/comments?post=33"}],"version-history":[{"count":3,"href":"https:\/\/o-seznam.cz\/napoveda\/seznam\/wp-json\/wp\/v2\/pages\/33\/revisions"}],"predecessor-version":[{"id":458,"href":"https:\/\/o-seznam.cz\/napoveda\/seznam\/wp-json\/wp\/v2\/pages\/33\/revisions\/458"}],"wp:attachment":[{"href":"https:\/\/o-seznam.cz\/napoveda\/seznam\/wp-json\/wp\/v2\/media?parent=33"}],"wp:term":[{"taxonomy":"page_category","embeddable":true,"href":"https:\/\/o-seznam.cz\/napoveda\/seznam\/wp-json\/wp\/v2\/page_category?post=33"},{"taxonomy":"page_tag","embeddable":true,"href":"https:\/\/o-seznam.cz\/napoveda\/seznam\/wp-json\/wp\/v2\/page_tag?post=33"},{"taxonomy":"service_status_category","embeddable":true,"href":"https:\/\/o-seznam.cz\/napoveda\/seznam\/wp-json\/wp\/v2\/service_status_category?post=33"}],"curies":[{"name":"wp","href":"https:\/\/api.w.org\/{rel}","templated":true}]}}