{"id":30,"date":"2024-10-31T00:20:47","date_gmt":"2024-10-30T23:20:47","guid":{"rendered":"https:\/\/o-seznam.cz\/napoveda\/seznam\/?page_id=30"},"modified":"2025-10-20T10:21:54","modified_gmt":"2025-10-20T08:21:54","slug":"tlacitko-pridat-na-seznam","status":"publish","type":"page","link":"https:\/\/o-seznam.cz\/napoveda\/seznam\/tlacitko-pridat-na-seznam\/","title":{"rendered":"Tla\u010d\u00edtko \u201eP\u0159idat na Seznam\u201c\u00a0"},"content":{"rendered":"\n<div class=\"wp-block-group is-layout-constrained wp-block-group-is-layout-constrained\">\n<p>Spravujete a vytv\u00e1\u0159\u00edte vlastn\u00ed web a r\u00e1di byste m\u011bli sv\u016fj box\u00edk na hlavn\u00ed str\u00e1nce Seznam.cz?<\/p>\n\n\n\n<p>Umo\u017en\u011bte sv\u00fdm \u010dten\u00e1\u0159\u016fm si takov\u00fd box\u00edk s informacemi a \u010dl\u00e1nky z va\u0161eho webu jednodu\u0161e p\u0159idat:<\/p>\n\n\n\n<ul class=\"wp-block-list\">\n<li>Na t\u00e9to URL <a href=\"https:\/\/www.seznam.cz\/nastaveni\/boxiky\/pridat-na-seznam\">https:\/\/www.seznam.cz\/nastaveni\/boxiky\/pridat-na-seznam<\/a><\/li>\n\n\n\n<li>Vlo\u017ete URL adresu va\u0161eho RSS feedu do pol\u00ed\u010dka a klikn\u011bte na tla\u010d\u00edtko \u201eVygenerovat\u201c<\/li>\n\n\n\n<li>Vygenerovan\u00fd k\u00f3d vlo\u017ete do zdrojov\u00e9ho k\u00f3du sv\u00fdch str\u00e1nek<\/li>\n<\/ul>\n\n\n\n<p>Na va\u0161em webu se n\u00e1sledn\u011b bude zobrazovat tla\u010d\u00edtko \u201e+ P\u0159idat na Seznam.cz\u201c. Kliknut\u00edm na tla\u010d\u00edtko si u\u017eivatel na svoji str\u00e1nku Seznam.cz p\u0159id\u00e1 box\u00edk s \u010dl\u00e1nky z va\u0161eho webu.<\/p>\n\n\n\n<p class=\"is-style-link-external\">Pokud chcete p\u0159idat va\u0161e \u010dl\u00e1nky do spodn\u00ed sekce domovsk\u00e9 str\u00e1nky zn\u00e1me jako \u201eNewsfeed\u201c, postupujte podle n\u00e1vodu na t\u00e9to <a href=\"https:\/\/partner.seznam.cz\/postup-pridani-webu\/\" data-type=\"link\" data-id=\"https:\/\/partner.seznam.cz\/postup-pridani-webu\/\">microsite<\/a>. <\/p>\n<\/div>\n","protected":false},"excerpt":{"rendered":"<p>Spravujete a vytv\u00e1\u0159\u00edte vlastn\u00ed web a r\u00e1di byste m\u011bli sv\u016fj box\u00edk na hlavn\u00ed str\u00e1nce Seznam.cz? Umo\u017en\u011bte sv\u00fdm \u010dten\u00e1\u0159\u016fm si takov\u00fd box\u00edk s informacemi a \u010dl\u00e1nky z va\u0161eho webu jednodu\u0161e p\u0159idat: Na va\u0161em webu se n\u00e1sledn\u011b bude zobrazovat tla\u010d\u00edtko \u201e+ P\u0159idat na Seznam.cz\u201c. Kliknut\u00edm na tla\u010d\u00edtko si u\u017eivatel na svoji str\u00e1nku Seznam.cz p\u0159id\u00e1 box\u00edk s \u010dl\u00e1nky [&hellip;]<\/p>\n","protected":false},"author":6,"featured_media":0,"parent":0,"menu_order":0,"comment_status":"closed","ping_status":"closed","template":"page-sidemenu","meta":{"_acf_changed":false,"_relevanssi_hide_post":"","_relevanssi_hide_content":"","_relevanssi_pin_for_all":"","_relevanssi_pin_keywords":"","_relevanssi_unpin_keywords":"","_relevanssi_related_keywords":"","_relevanssi_related_include_ids":"","_relevanssi_related_exclude_ids":"","_relevanssi_related_no_append":"","_relevanssi_related_not_related":"","_relevanssi_related_posts":"","_relevanssi_noindex_reason":"","footnotes":""},"page_category":[3],"page_tag":[],"service_status_category":[],"class_list":["post-30","page","type-page","status-publish","hentry"],"acf":[],"_links":{"self":[{"href":"https:\/\/o-seznam.cz\/napoveda\/seznam\/wp-json\/wp\/v2\/pages\/30","targetHints":{"allow":["GET"]}}],"collection":[{"href":"https:\/\/o-seznam.cz\/napoveda\/seznam\/wp-json\/wp\/v2\/pages"}],"about":[{"href":"https:\/\/o-seznam.cz\/napoveda\/seznam\/wp-json\/wp\/v2\/types\/page"}],"author":[{"embeddable":true,"href":"https:\/\/o-seznam.cz\/napoveda\/seznam\/wp-json\/wp\/v2\/users\/6"}],"replies":[{"embeddable":true,"href":"https:\/\/o-seznam.cz\/napoveda\/seznam\/wp-json\/wp\/v2\/comments?post=30"}],"version-history":[{"count":3,"href":"https:\/\/o-seznam.cz\/napoveda\/seznam\/wp-json\/wp\/v2\/pages\/30\/revisions"}],"predecessor-version":[{"id":515,"href":"https:\/\/o-seznam.cz\/napoveda\/seznam\/wp-json\/wp\/v2\/pages\/30\/revisions\/515"}],"wp:attachment":[{"href":"https:\/\/o-seznam.cz\/napoveda\/seznam\/wp-json\/wp\/v2\/media?parent=30"}],"wp:term":[{"taxonomy":"page_category","embeddable":true,"href":"https:\/\/o-seznam.cz\/napoveda\/seznam\/wp-json\/wp\/v2\/page_category?post=30"},{"taxonomy":"page_tag","embeddable":true,"href":"https:\/\/o-seznam.cz\/napoveda\/seznam\/wp-json\/wp\/v2\/page_tag?post=30"},{"taxonomy":"service_status_category","embeddable":true,"href":"https:\/\/o-seznam.cz\/napoveda\/seznam\/wp-json\/wp\/v2\/service_status_category?post=30"}],"curies":[{"name":"wp","href":"https:\/\/api.w.org\/{rel}","templated":true}]}}