{"id":25,"date":"2024-10-31T00:25:28","date_gmt":"2024-10-30T23:25:28","guid":{"rendered":"https:\/\/o-seznam.cz\/napoveda\/seznam\/?page_id=25"},"modified":"2024-10-31T01:33:30","modified_gmt":"2024-10-31T00:33:30","slug":"pokrocile-nastaveni","status":"publish","type":"page","link":"https:\/\/o-seznam.cz\/napoveda\/seznam\/pokrocile-nastaveni\/","title":{"rendered":"Pokro\u010dil\u00e9 nastaven\u00ed\u00a0"},"content":{"rendered":"\n<div class=\"wp-block-group is-layout-constrained wp-block-group-is-layout-constrained\">\n<p>V\u202fPokro\u010dil\u00e9m nastaven\u00ed\u202fje nab\u00edzena mo\u017enost zm\u011bny zm\u011bny rozvr\u017een\u00ed vzhledu str\u00e1nky, tedy zda se v\u00e1m bude zobrazovat obsah str\u00e1nky ve dvou nebo t\u0159ech sloupc\u00edch.\u00a0<br>\u00a0<br>\u00a0Pro pokro\u010dil\u00e9 nastaven\u00ed klikn\u011bte v\u202fNastaven\u00ed\u202fna tla\u010d\u00edtko \u201ePokro\u010dil\u00e9\u201c.<\/p>\n\n\n\n<figure class=\"wp-block-image size-full\"><img loading=\"lazy\" decoding=\"async\" width=\"130\" height=\"153\" src=\"https:\/\/o-seznam.cz\/napoveda\/seznam\/wp-content\/uploads\/sites\/16\/2024\/10\/seznam-pokrocile.png\" alt=\"\" class=\"wp-image-26\"\/><\/figure>\n<\/div>\n\n\n\n<div class=\"wp-block-group is-layout-constrained wp-block-group-is-layout-constrained\">\n<h2 class=\"wp-block-heading\">Rozvr\u017een\u00ed str\u00e1nky&nbsp;<\/h2>\n\n\n\n<p>Zvolit si lze dv\u011b mo\u017en\u00e1 rozvr\u017een\u00ed str\u00e1nky: dvou- a t\u0159\u00edsloupcov\u00e9. Vyberete je kliknut\u00edm na odpov\u00eddaj\u00edc\u00ed obr\u00e1zek a potvrzen\u00edm tla\u010d\u00edtkem \u201eUlo\u017eit\u201c.<\/p>\n\n\n\n<figure class=\"wp-block-image size-full\"><img loading=\"lazy\" decoding=\"async\" width=\"454\" height=\"308\" src=\"https:\/\/o-seznam.cz\/napoveda\/seznam\/wp-content\/uploads\/sites\/16\/2024\/10\/seznam-rozvrzeni-stranky.png\" alt=\"\" class=\"wp-image-27\" srcset=\"https:\/\/o-seznam.cz\/napoveda\/seznam\/wp-content\/uploads\/sites\/16\/2024\/10\/seznam-rozvrzeni-stranky.png 454w, https:\/\/o-seznam.cz\/napoveda\/seznam\/wp-content\/uploads\/sites\/16\/2024\/10\/seznam-rozvrzeni-stranky-320x217.png 320w\" sizes=\"auto, (max-width: 454px) 100vw, 454px\" \/><\/figure>\n\n\n\n<p>V\u00edce sloupc\u016f m\u016f\u017ee b\u00fdt pou\u017eito nap\u0159. u \u0161iroko\u00fahl\u00fdch monitor\u016f, kdy se tak na obrazovku vejde v\u00edce informac\u00ed a box\u00edk\u016f.&nbsp;<\/p>\n\n\n\n<figure class=\"wp-block-image size-full\"><img loading=\"lazy\" decoding=\"async\" width=\"500\" height=\"420\" src=\"https:\/\/o-seznam.cz\/napoveda\/seznam\/wp-content\/uploads\/sites\/16\/2024\/10\/seznam-sloupce.png\" alt=\"\" class=\"wp-image-28\" srcset=\"https:\/\/o-seznam.cz\/napoveda\/seznam\/wp-content\/uploads\/sites\/16\/2024\/10\/seznam-sloupce.png 500w, https:\/\/o-seznam.cz\/napoveda\/seznam\/wp-content\/uploads\/sites\/16\/2024\/10\/seznam-sloupce-320x269.png 320w\" sizes=\"auto, (max-width: 500px) 100vw, 500px\" \/><\/figure>\n<\/div>\n","protected":false},"excerpt":{"rendered":"<p>V\u202fPokro\u010dil\u00e9m nastaven\u00ed\u202fje nab\u00edzena mo\u017enost zm\u011bny zm\u011bny rozvr\u017een\u00ed vzhledu str\u00e1nky, tedy zda se v\u00e1m bude zobrazovat obsah str\u00e1nky ve dvou nebo t\u0159ech sloupc\u00edch.\u00a0\u00a0\u00a0Pro pokro\u010dil\u00e9 nastaven\u00ed klikn\u011bte v\u202fNastaven\u00ed\u202fna tla\u010d\u00edtko \u201ePokro\u010dil\u00e9\u201c. Rozvr\u017een\u00ed str\u00e1nky&nbsp; Zvolit si lze dv\u011b mo\u017en\u00e1 rozvr\u017een\u00ed str\u00e1nky: dvou- a t\u0159\u00edsloupcov\u00e9. Vyberete je kliknut\u00edm na odpov\u00eddaj\u00edc\u00ed obr\u00e1zek a potvrzen\u00edm tla\u010d\u00edtkem \u201eUlo\u017eit\u201c. V\u00edce sloupc\u016f m\u016f\u017ee b\u00fdt pou\u017eito [&hellip;]<\/p>\n","protected":false},"author":6,"featured_media":0,"parent":0,"menu_order":0,"comment_status":"closed","ping_status":"closed","template":"page-sidemenu","meta":{"_acf_changed":false,"_relevanssi_hide_post":"","_relevanssi_hide_content":"","_relevanssi_pin_for_all":"","_relevanssi_pin_keywords":"","_relevanssi_unpin_keywords":"","_relevanssi_related_keywords":"","_relevanssi_related_include_ids":"","_relevanssi_related_exclude_ids":"","_relevanssi_related_no_append":"","_relevanssi_related_not_related":"","_relevanssi_related_posts":"","_relevanssi_noindex_reason":"","footnotes":""},"page_category":[3],"page_tag":[],"service_status_category":[],"class_list":["post-25","page","type-page","status-publish","hentry"],"acf":[],"_links":{"self":[{"href":"https:\/\/o-seznam.cz\/napoveda\/seznam\/wp-json\/wp\/v2\/pages\/25","targetHints":{"allow":["GET"]}}],"collection":[{"href":"https:\/\/o-seznam.cz\/napoveda\/seznam\/wp-json\/wp\/v2\/pages"}],"about":[{"href":"https:\/\/o-seznam.cz\/napoveda\/seznam\/wp-json\/wp\/v2\/types\/page"}],"author":[{"embeddable":true,"href":"https:\/\/o-seznam.cz\/napoveda\/seznam\/wp-json\/wp\/v2\/users\/6"}],"replies":[{"embeddable":true,"href":"https:\/\/o-seznam.cz\/napoveda\/seznam\/wp-json\/wp\/v2\/comments?post=25"}],"version-history":[{"count":2,"href":"https:\/\/o-seznam.cz\/napoveda\/seznam\/wp-json\/wp\/v2\/pages\/25\/revisions"}],"predecessor-version":[{"id":77,"href":"https:\/\/o-seznam.cz\/napoveda\/seznam\/wp-json\/wp\/v2\/pages\/25\/revisions\/77"}],"wp:attachment":[{"href":"https:\/\/o-seznam.cz\/napoveda\/seznam\/wp-json\/wp\/v2\/media?parent=25"}],"wp:term":[{"taxonomy":"page_category","embeddable":true,"href":"https:\/\/o-seznam.cz\/napoveda\/seznam\/wp-json\/wp\/v2\/page_category?post=25"},{"taxonomy":"page_tag","embeddable":true,"href":"https:\/\/o-seznam.cz\/napoveda\/seznam\/wp-json\/wp\/v2\/page_tag?post=25"},{"taxonomy":"service_status_category","embeddable":true,"href":"https:\/\/o-seznam.cz\/napoveda\/seznam\/wp-json\/wp\/v2\/service_status_category?post=25"}],"curies":[{"name":"wp","href":"https:\/\/api.w.org\/{rel}","templated":true}]}}