{"id":211,"date":"2024-11-18T02:00:58","date_gmt":"2024-11-18T01:00:58","guid":{"rendered":"https:\/\/o-seznam.cz\/napoveda\/seznam\/?page_id=211"},"modified":"2024-12-06T11:52:54","modified_gmt":"2024-12-06T10:52:54","slug":"prevodnik-men","status":"publish","type":"page","link":"https:\/\/o-seznam.cz\/napoveda\/seznam\/aplikace\/prohlizec\/prevodnik-men\/","title":{"rendered":"P\u0159evodn\u00edk m\u011bn"},"content":{"rendered":"\n<div class=\"wp-block-group is-layout-constrained wp-block-group-is-layout-constrained\">\n<p>Jednoduch\u00e1 funkce umo\u017en\u00ed z\u00edskat p\u0159ehled o \u010d\u00e1stk\u00e1ch zobrazovan\u00fdch v \u010dl\u00e1nc\u00edch v ciz\u00edch m\u011bn\u00e1ch.<\/p>\n\n\n\n<p>Na libovoln\u00e9 str\u00e1nce posta\u010d\u00ed kliknout prav\u00fdm tla\u010d\u00edtkem my\u0161i na uv\u00e1d\u011bnou \u010d\u00e1stku v textu. V kontextov\u00e9 nab\u00eddce se zobraz\u00ed orienta\u010dn\u00ed p\u0159evod do \u010desk\u00e9 m\u011bny i v\u010detn\u011b pou\u017eit\u00e9ho kurzu.<\/p>\n\n\n\n<figure class=\"wp-block-image size-full\"><img loading=\"lazy\" decoding=\"async\" width=\"478\" height=\"245\" src=\"https:\/\/o-seznam.cz\/napoveda\/seznam\/wp-content\/uploads\/sites\/16\/2024\/11\/seznam-pc-prevodnikmen.png\" alt=\"\" class=\"wp-image-212\" srcset=\"https:\/\/o-seznam.cz\/napoveda\/seznam\/wp-content\/uploads\/sites\/16\/2024\/11\/seznam-pc-prevodnikmen.png 478w, https:\/\/o-seznam.cz\/napoveda\/seznam\/wp-content\/uploads\/sites\/16\/2024\/11\/seznam-pc-prevodnikmen-320x164.png 320w\" sizes=\"auto, (max-width: 478px) 100vw, 478px\" \/><\/figure>\n\n\n\n<p class=\"is-style-link-external\">Informace o denn\u00edch kurzech jsou z\u00edsk\u00e1v\u00e1ny od <a href=\"https:\/\/www.cnb.cz\/cs\/financni-trhy\/devizovy-trh\/kurzy-devizoveho-trhu\/kurzy-devizoveho-trhu\/\" data-type=\"link\" data-id=\"https:\/\/www.cnb.cz\/cs\/financni-trhy\/devizovy-trh\/kurzy-devizoveho-trhu\/kurzy-devizoveho-trhu\/\" target=\"_blank\" rel=\"noreferrer noopener\">\u010cesk\u00e9 n\u00e1rodn\u00ed banky<\/a>.<\/p>\n<\/div>\n","protected":false},"excerpt":{"rendered":"<p>Jednoduch\u00e1 funkce umo\u017en\u00ed z\u00edskat p\u0159ehled o \u010d\u00e1stk\u00e1ch zobrazovan\u00fdch v \u010dl\u00e1nc\u00edch v ciz\u00edch m\u011bn\u00e1ch. Na libovoln\u00e9 str\u00e1nce posta\u010d\u00ed kliknout prav\u00fdm tla\u010d\u00edtkem my\u0161i na uv\u00e1d\u011bnou \u010d\u00e1stku v textu. V kontextov\u00e9 nab\u00eddce se zobraz\u00ed orienta\u010dn\u00ed p\u0159evod do \u010desk\u00e9 m\u011bny i v\u010detn\u011b pou\u017eit\u00e9ho kurzu. Informace o denn\u00edch kurzech jsou z\u00edsk\u00e1v\u00e1ny od \u010cesk\u00e9 n\u00e1rodn\u00ed banky.<\/p>\n","protected":false},"author":6,"featured_media":0,"parent":161,"menu_order":0,"comment_status":"closed","ping_status":"closed","template":"page-sidemenu","meta":{"_acf_changed":false,"_relevanssi_hide_post":"","_relevanssi_hide_content":"","_relevanssi_pin_for_all":"","_relevanssi_pin_keywords":"","_relevanssi_unpin_keywords":"","_relevanssi_related_keywords":"","_relevanssi_related_include_ids":"","_relevanssi_related_exclude_ids":"","_relevanssi_related_no_append":"","_relevanssi_related_not_related":"","_relevanssi_related_posts":"","_relevanssi_noindex_reason":"","footnotes":""},"page_category":[4],"page_tag":[],"service_status_category":[],"class_list":["post-211","page","type-page","status-publish","hentry"],"acf":[],"_links":{"self":[{"href":"https:\/\/o-seznam.cz\/napoveda\/seznam\/wp-json\/wp\/v2\/pages\/211","targetHints":{"allow":["GET"]}}],"collection":[{"href":"https:\/\/o-seznam.cz\/napoveda\/seznam\/wp-json\/wp\/v2\/pages"}],"about":[{"href":"https:\/\/o-seznam.cz\/napoveda\/seznam\/wp-json\/wp\/v2\/types\/page"}],"author":[{"embeddable":true,"href":"https:\/\/o-seznam.cz\/napoveda\/seznam\/wp-json\/wp\/v2\/users\/6"}],"replies":[{"embeddable":true,"href":"https:\/\/o-seznam.cz\/napoveda\/seznam\/wp-json\/wp\/v2\/comments?post=211"}],"version-history":[{"count":1,"href":"https:\/\/o-seznam.cz\/napoveda\/seznam\/wp-json\/wp\/v2\/pages\/211\/revisions"}],"predecessor-version":[{"id":213,"href":"https:\/\/o-seznam.cz\/napoveda\/seznam\/wp-json\/wp\/v2\/pages\/211\/revisions\/213"}],"up":[{"embeddable":true,"href":"https:\/\/o-seznam.cz\/napoveda\/seznam\/wp-json\/wp\/v2\/pages\/161"}],"wp:attachment":[{"href":"https:\/\/o-seznam.cz\/napoveda\/seznam\/wp-json\/wp\/v2\/media?parent=211"}],"wp:term":[{"taxonomy":"page_category","embeddable":true,"href":"https:\/\/o-seznam.cz\/napoveda\/seznam\/wp-json\/wp\/v2\/page_category?post=211"},{"taxonomy":"page_tag","embeddable":true,"href":"https:\/\/o-seznam.cz\/napoveda\/seznam\/wp-json\/wp\/v2\/page_tag?post=211"},{"taxonomy":"service_status_category","embeddable":true,"href":"https:\/\/o-seznam.cz\/napoveda\/seznam\/wp-json\/wp\/v2\/service_status_category?post=211"}],"curies":[{"name":"wp","href":"https:\/\/api.w.org\/{rel}","templated":true}]}}