{"id":209,"date":"2024-11-18T02:10:32","date_gmt":"2024-11-18T01:10:32","guid":{"rendered":"https:\/\/o-seznam.cz\/napoveda\/seznam\/?page_id=209"},"modified":"2024-12-06T11:52:54","modified_gmt":"2024-12-06T10:52:54","slug":"prekladac","status":"publish","type":"page","link":"https:\/\/o-seznam.cz\/napoveda\/seznam\/aplikace\/prohlizec\/prekladac\/","title":{"rendered":"P\u0159eklada\u010d"},"content":{"rendered":"\n<div class=\"wp-block-group is-layout-constrained wp-block-group-is-layout-constrained\">\n<p class=\"is-style-link-external\">Pomoc\u00ed p\u0159eklada\u010de si p\u0159elo\u017e\u00edte do \u010de\u0161tiny celou str\u00e1nku, \u010d\u00e1st textu nebo jednotliv\u00e1 slova p\u0159\u00edmo v <a href=\"https:\/\/www.seznam.cz\/prohlizec\" data-type=\"link\" data-id=\"https:\/\/www.seznam.cz\/prohlizec\" target=\"_blank\" rel=\"noreferrer noopener\">Seznam prohl\u00ed\u017ee\u010di<\/a>.<\/p>\n\n\n\n<p>P\u0159eklada\u010d um\u00ed p\u0159ekl\u00e1dat z angli\u010dtiny, n\u011bm\u010diny, francouz\u0161tiny, \u0161pan\u011bl\u0161tiny a ru\u0161tiny.<\/p>\n<\/div>\n\n\n\n<div class=\"wp-block-group is-layout-constrained wp-block-group-is-layout-constrained\">\n<h2 class=\"wp-block-heading\">P\u0159eklad cel\u00e9 str\u00e1nky<\/h2>\n\n\n\n<p>Kdy\u017e nav\u0161t\u00edv\u00edte cizojazy\u010dnou str\u00e1nku, v adresn\u00edm \u0159\u00e1dku se objev\u00ed pomocn\u00edk Krasty s nab\u00eddkou p\u0159ekladu. Kliknut\u00edm na tuto nab\u00eddku si celou str\u00e1nku p\u0159elo\u017e\u00edte do \u010de\u0161tiny.<\/p>\n\n\n\n<figure class=\"wp-block-image size-full\"><img loading=\"lazy\" decoding=\"async\" width=\"637\" height=\"429\" src=\"https:\/\/o-seznam.cz\/napoveda\/seznam\/wp-content\/uploads\/sites\/16\/2024\/11\/do-anglictiny.png\" alt=\"\" class=\"wp-image-337\" srcset=\"https:\/\/o-seznam.cz\/napoveda\/seznam\/wp-content\/uploads\/sites\/16\/2024\/11\/do-anglictiny.png 637w, https:\/\/o-seznam.cz\/napoveda\/seznam\/wp-content\/uploads\/sites\/16\/2024\/11\/do-anglictiny-320x216.png 320w\" sizes=\"auto, (max-width: 637px) 100vw, 637px\" \/><\/figure>\n\n\n\n<p>P\u016fvodn\u00ed text si pak m\u016f\u017eete zobrazit stejn\u011b snadno kliknut\u00edm na nab\u00eddku \u201eVr\u00e1tit p\u0159eklad\u201c.<\/p>\n\n\n\n<figure class=\"wp-block-image size-full\"><img loading=\"lazy\" decoding=\"async\" width=\"636\" height=\"402\" src=\"https:\/\/o-seznam.cz\/napoveda\/seznam\/wp-content\/uploads\/sites\/16\/2024\/11\/do-cestiny.png\" alt=\"\" class=\"wp-image-338\" srcset=\"https:\/\/o-seznam.cz\/napoveda\/seznam\/wp-content\/uploads\/sites\/16\/2024\/11\/do-cestiny.png 636w, https:\/\/o-seznam.cz\/napoveda\/seznam\/wp-content\/uploads\/sites\/16\/2024\/11\/do-cestiny-320x202.png 320w\" sizes=\"auto, (max-width: 636px) 100vw, 636px\" \/><\/figure>\n<\/div>\n\n\n\n<div class=\"wp-block-group is-layout-constrained wp-block-group-is-layout-constrained\">\n<h2 class=\"wp-block-heading\">P\u0159eklad \u010d\u00e1sti textu<\/h2>\n\n\n\n<p>Pokud si chcete p\u0159elo\u017eit jen ur\u010ditou \u010d\u00e1st textu, ozna\u010dte ji my\u0161\u00ed, klikn\u011bte na ozna\u010denou pas\u00e1\u017e prav\u00fdm tla\u010d\u00edtkem my\u0161i a zvolte \u201eP\u0159elo\u017eit vybran\u00fd text\u201c. P\u0159eklad se zobraz\u00ed m\u00edsto p\u016fvodn\u00edho textu. Pro zobrazen\u00ed p\u016fvodn\u00edho textu sta\u010d\u00ed znovu kliknout prav\u00fdm tla\u010d\u00edtkem a zvolit \u201eVr\u00e1tit p\u0159eklad\u201c.<\/p>\n\n\n\n<div class=\"wp-block-columns is-layout-flex wp-container-core-columns-is-layout-28f84493 wp-block-columns-is-layout-flex\">\n<div class=\"wp-block-column is-layout-flow wp-block-column-is-layout-flow\">\n<figure class=\"wp-block-image size-full\"><img loading=\"lazy\" decoding=\"async\" width=\"267\" height=\"243\" src=\"https:\/\/o-seznam.cz\/napoveda\/seznam\/wp-content\/uploads\/sites\/16\/2024\/11\/seznam-pc-translate1.png\" alt=\"\" class=\"wp-image-340\"\/><\/figure>\n<\/div>\n\n\n\n<div class=\"wp-block-column is-layout-flow wp-block-column-is-layout-flow\">\n<figure class=\"wp-block-image size-full\"><img loading=\"lazy\" decoding=\"async\" width=\"327\" height=\"257\" src=\"https:\/\/o-seznam.cz\/napoveda\/seznam\/wp-content\/uploads\/sites\/16\/2024\/11\/seznam-pc-translate2.png\" alt=\"\" class=\"wp-image-341\" srcset=\"https:\/\/o-seznam.cz\/napoveda\/seznam\/wp-content\/uploads\/sites\/16\/2024\/11\/seznam-pc-translate2.png 327w, https:\/\/o-seznam.cz\/napoveda\/seznam\/wp-content\/uploads\/sites\/16\/2024\/11\/seznam-pc-translate2-320x251.png 320w\" sizes=\"auto, (max-width: 327px) 100vw, 327px\" \/><\/figure>\n<\/div>\n<\/div>\n<\/div>\n\n\n\n<div class=\"wp-block-group is-layout-constrained wp-block-group-is-layout-constrained\">\n<h2 class=\"wp-block-heading\">P\u0159eklad slov<\/h2>\n\n\n\n<p>Pro p\u0159eklad jednotliv\u00fdch slov sta\u010d\u00ed najet my\u0161\u00ed na zvolen\u00e9 slovo a kliknout prav\u00fdm tla\u010d\u00edtkem. P\u0159eklad se zobraz\u00ed p\u0159\u00edmo v kontextov\u00e9 nab\u00eddce.<\/p>\n\n\n\n<figure class=\"wp-block-image size-full\"><img loading=\"lazy\" decoding=\"async\" width=\"365\" height=\"353\" src=\"https:\/\/o-seznam.cz\/napoveda\/seznam\/wp-content\/uploads\/sites\/16\/2024\/11\/prohl-prekl-word.jpg\" alt=\"\" class=\"wp-image-339\" srcset=\"https:\/\/o-seznam.cz\/napoveda\/seznam\/wp-content\/uploads\/sites\/16\/2024\/11\/prohl-prekl-word.jpg 365w, https:\/\/o-seznam.cz\/napoveda\/seznam\/wp-content\/uploads\/sites\/16\/2024\/11\/prohl-prekl-word-320x309.jpg 320w\" sizes=\"auto, (max-width: 365px) 100vw, 365px\" \/><\/figure>\n<\/div>\n","protected":false},"excerpt":{"rendered":"<p>Pomoc\u00ed p\u0159eklada\u010de si p\u0159elo\u017e\u00edte do \u010de\u0161tiny celou str\u00e1nku, \u010d\u00e1st textu nebo jednotliv\u00e1 slova p\u0159\u00edmo v Seznam prohl\u00ed\u017ee\u010di. P\u0159eklada\u010d um\u00ed p\u0159ekl\u00e1dat z angli\u010dtiny, n\u011bm\u010diny, francouz\u0161tiny, \u0161pan\u011bl\u0161tiny a ru\u0161tiny. P\u0159eklad cel\u00e9 str\u00e1nky Kdy\u017e nav\u0161t\u00edv\u00edte cizojazy\u010dnou str\u00e1nku, v adresn\u00edm \u0159\u00e1dku se objev\u00ed pomocn\u00edk Krasty s nab\u00eddkou p\u0159ekladu. Kliknut\u00edm na tuto nab\u00eddku si celou str\u00e1nku p\u0159elo\u017e\u00edte do \u010de\u0161tiny. P\u016fvodn\u00ed [&hellip;]<\/p>\n","protected":false},"author":6,"featured_media":0,"parent":161,"menu_order":0,"comment_status":"closed","ping_status":"closed","template":"page-sidemenu","meta":{"_acf_changed":false,"_relevanssi_hide_post":"","_relevanssi_hide_content":"","_relevanssi_pin_for_all":"","_relevanssi_pin_keywords":"","_relevanssi_unpin_keywords":"","_relevanssi_related_keywords":"","_relevanssi_related_include_ids":"","_relevanssi_related_exclude_ids":"","_relevanssi_related_no_append":"","_relevanssi_related_not_related":"","_relevanssi_related_posts":"","_relevanssi_noindex_reason":"","footnotes":""},"page_category":[4],"page_tag":[],"service_status_category":[],"class_list":["post-209","page","type-page","status-publish","hentry"],"acf":[],"_links":{"self":[{"href":"https:\/\/o-seznam.cz\/napoveda\/seznam\/wp-json\/wp\/v2\/pages\/209","targetHints":{"allow":["GET"]}}],"collection":[{"href":"https:\/\/o-seznam.cz\/napoveda\/seznam\/wp-json\/wp\/v2\/pages"}],"about":[{"href":"https:\/\/o-seznam.cz\/napoveda\/seznam\/wp-json\/wp\/v2\/types\/page"}],"author":[{"embeddable":true,"href":"https:\/\/o-seznam.cz\/napoveda\/seznam\/wp-json\/wp\/v2\/users\/6"}],"replies":[{"embeddable":true,"href":"https:\/\/o-seznam.cz\/napoveda\/seznam\/wp-json\/wp\/v2\/comments?post=209"}],"version-history":[{"count":3,"href":"https:\/\/o-seznam.cz\/napoveda\/seznam\/wp-json\/wp\/v2\/pages\/209\/revisions"}],"predecessor-version":[{"id":343,"href":"https:\/\/o-seznam.cz\/napoveda\/seznam\/wp-json\/wp\/v2\/pages\/209\/revisions\/343"}],"up":[{"embeddable":true,"href":"https:\/\/o-seznam.cz\/napoveda\/seznam\/wp-json\/wp\/v2\/pages\/161"}],"wp:attachment":[{"href":"https:\/\/o-seznam.cz\/napoveda\/seznam\/wp-json\/wp\/v2\/media?parent=209"}],"wp:term":[{"taxonomy":"page_category","embeddable":true,"href":"https:\/\/o-seznam.cz\/napoveda\/seznam\/wp-json\/wp\/v2\/page_category?post=209"},{"taxonomy":"page_tag","embeddable":true,"href":"https:\/\/o-seznam.cz\/napoveda\/seznam\/wp-json\/wp\/v2\/page_tag?post=209"},{"taxonomy":"service_status_category","embeddable":true,"href":"https:\/\/o-seznam.cz\/napoveda\/seznam\/wp-json\/wp\/v2\/service_status_category?post=209"}],"curies":[{"name":"wp","href":"https:\/\/api.w.org\/{rel}","templated":true}]}}