{"id":207,"date":"2024-11-18T02:19:37","date_gmt":"2024-11-18T01:19:37","guid":{"rendered":"https:\/\/o-seznam.cz\/napoveda\/seznam\/?page_id=207"},"modified":"2024-12-06T11:52:54","modified_gmt":"2024-12-06T10:52:54","slug":"rychla-volba","status":"publish","type":"page","link":"https:\/\/o-seznam.cz\/napoveda\/seznam\/aplikace\/prohlizec\/rychla-volba\/","title":{"rendered":"Rychl\u00e1 volba"},"content":{"rendered":"\n<div class=\"wp-block-group is-layout-constrained wp-block-group-is-layout-constrained\">\n<p class=\"is-style-link-external\">Rychl\u00e1 volba je dla\u017edicov\u00fd seznam va\u0161ich nejnav\u0161t\u011bvovan\u011bj\u0161\u00edch str\u00e1nek, kter\u00fd se objev\u00ed na ka\u017ed\u00e9m nov\u00e9m panelu. Nov\u00fd panel otev\u0159ete tla\u010d\u00edtkem \u201e+\u201c v horn\u00ed \u010d\u00e1sti <a href=\"https:\/\/www.seznam.cz\/prohlizec\/\" data-type=\"link\" data-id=\"https:\/\/www.seznam.cz\/prohlizec\/\" target=\"_blank\" rel=\"noreferrer noopener\">prohl\u00ed\u017ee\u010de<\/a>.<\/p>\n\n\n\n<figure class=\"wp-block-image size-full\"><img loading=\"lazy\" decoding=\"async\" width=\"353\" height=\"100\" src=\"https:\/\/o-seznam.cz\/napoveda\/seznam\/wp-content\/uploads\/sites\/16\/2024\/11\/rychlavolba.jpg\" alt=\"\" class=\"wp-image-331\" srcset=\"https:\/\/o-seznam.cz\/napoveda\/seznam\/wp-content\/uploads\/sites\/16\/2024\/11\/rychlavolba.jpg 353w, https:\/\/o-seznam.cz\/napoveda\/seznam\/wp-content\/uploads\/sites\/16\/2024\/11\/rychlavolba-320x91.jpg 320w\" sizes=\"auto, (max-width: 353px) 100vw, 353px\" \/><\/figure>\n\n\n\n<p>Do rychl\u00e9 volby se v\u00e1m budou automaticky \u0159adit str\u00e1nky, kter\u00e9 nav\u0161t\u011bvujete nej\u010dast\u011bji. Po\u0159ad\u00ed polo\u017eek m\u016f\u017eete p\u0159eta\u017een\u00edm my\u0161i m\u011bnit.<\/p>\n\n\n\n<p>Str\u00e1nky v Rychl\u00e9 volb\u011b se \u0159ad\u00ed automaticky na z\u00e1klad\u011b toho, jak \u010dasto str\u00e1nku nav\u0161t\u011bvujete. Jakmile si ale v Rychl\u00e9 volb\u011b str\u00e1nku my\u0161\u00ed uchop\u00edte a p\u0159et\u00e1hnete na jinou pozici, dan\u00e1 str\u00e1nka se ji\u017e na pozici usad\u00ed a pozici si zapamatuje i do budoucna.<\/p>\n\n\n\n<p>Ka\u017ed\u00e1 polo\u017eka m\u00e1 p\u0159i najet\u00ed kurzorem my\u0161i v prav\u00e9m horn\u00edm rohu mal\u00fd k\u0159\u00ed\u017eek, kter\u00fdm m\u016f\u017eete str\u00e1nku smazat.<\/p>\n\n\n\n<figure class=\"wp-block-image size-full\"><img loading=\"lazy\" decoding=\"async\" width=\"603\" height=\"277\" src=\"https:\/\/o-seznam.cz\/napoveda\/seznam\/wp-content\/uploads\/sites\/16\/2024\/11\/seznam-rychla-volba03.png\" alt=\"\" class=\"wp-image-332\" srcset=\"https:\/\/o-seznam.cz\/napoveda\/seznam\/wp-content\/uploads\/sites\/16\/2024\/11\/seznam-rychla-volba03.png 603w, https:\/\/o-seznam.cz\/napoveda\/seznam\/wp-content\/uploads\/sites\/16\/2024\/11\/seznam-rychla-volba03-320x147.png 320w\" sizes=\"auto, (max-width: 603px) 100vw, 603px\" \/><\/figure>\n\n\n\n<p>Pomoc\u00ed nejspodn\u011bj\u0161\u00edho panelu \u201e+\u201c si m\u016f\u017eete do rychl\u00e9 volby p\u0159idat libovoln\u00fd po\u010det vlastn\u00edch polo\u017eek, a to v\u00fdb\u011brem z nab\u00eddky dal\u0161\u00edch nejnav\u0161t\u011bvovan\u011bj\u0161\u00edch str\u00e1nek&#8230;<\/p>\n\n\n\n<figure class=\"wp-block-image size-full\"><img loading=\"lazy\" decoding=\"async\" width=\"679\" height=\"501\" src=\"https:\/\/o-seznam.cz\/napoveda\/seznam\/wp-content\/uploads\/sites\/16\/2024\/11\/seznam-rychla-volba04.png\" alt=\"\" class=\"wp-image-333\" srcset=\"https:\/\/o-seznam.cz\/napoveda\/seznam\/wp-content\/uploads\/sites\/16\/2024\/11\/seznam-rychla-volba04.png 679w, https:\/\/o-seznam.cz\/napoveda\/seznam\/wp-content\/uploads\/sites\/16\/2024\/11\/seznam-rychla-volba04-320x236.png 320w\" sizes=\"auto, (max-width: 679px) 100vw, 679px\" \/><\/figure>\n\n\n\n<p>&#8230;nebo zad\u00e1n\u00edm URL \u010di n\u00e1zvu str\u00e1nky do p\u0159\u00edslu\u0161n\u00e9ho pole.<\/p>\n\n\n\n<figure class=\"wp-block-image size-full\"><img loading=\"lazy\" decoding=\"async\" width=\"676\" height=\"182\" src=\"https:\/\/o-seznam.cz\/napoveda\/seznam\/wp-content\/uploads\/sites\/16\/2024\/11\/seznam-rychla-volba05.png\" alt=\"\" class=\"wp-image-334\" srcset=\"https:\/\/o-seznam.cz\/napoveda\/seznam\/wp-content\/uploads\/sites\/16\/2024\/11\/seznam-rychla-volba05.png 676w, https:\/\/o-seznam.cz\/napoveda\/seznam\/wp-content\/uploads\/sites\/16\/2024\/11\/seznam-rychla-volba05-320x86.png 320w\" sizes=\"auto, (max-width: 676px) 100vw, 676px\" \/><\/figure>\n\n\n\n<p>P\u0159i vepisov\u00e1n\u00ed n\u00e1zv\u016f \u010di adresy str\u00e1nek se bude zobrazovat na\u0161ept\u00e1va\u010d, nab\u00edzej\u00edc\u00ed v\u00fdsledky z historie d\u0159\u00edve nav\u0161t\u00edven\u00fdch web\u016f.<\/p>\n<\/div>\n","protected":false},"excerpt":{"rendered":"<p>Rychl\u00e1 volba je dla\u017edicov\u00fd seznam va\u0161ich nejnav\u0161t\u011bvovan\u011bj\u0161\u00edch str\u00e1nek, kter\u00fd se objev\u00ed na ka\u017ed\u00e9m nov\u00e9m panelu. Nov\u00fd panel otev\u0159ete tla\u010d\u00edtkem \u201e+\u201c v horn\u00ed \u010d\u00e1sti prohl\u00ed\u017ee\u010de. Do rychl\u00e9 volby se v\u00e1m budou automaticky \u0159adit str\u00e1nky, kter\u00e9 nav\u0161t\u011bvujete nej\u010dast\u011bji. Po\u0159ad\u00ed polo\u017eek m\u016f\u017eete p\u0159eta\u017een\u00edm my\u0161i m\u011bnit. Str\u00e1nky v Rychl\u00e9 volb\u011b se \u0159ad\u00ed automaticky na z\u00e1klad\u011b toho, jak \u010dasto str\u00e1nku [&hellip;]<\/p>\n","protected":false},"author":6,"featured_media":0,"parent":161,"menu_order":0,"comment_status":"closed","ping_status":"closed","template":"page-sidemenu","meta":{"_acf_changed":false,"_relevanssi_hide_post":"","_relevanssi_hide_content":"","_relevanssi_pin_for_all":"","_relevanssi_pin_keywords":"","_relevanssi_unpin_keywords":"","_relevanssi_related_keywords":"","_relevanssi_related_include_ids":"","_relevanssi_related_exclude_ids":"","_relevanssi_related_no_append":"","_relevanssi_related_not_related":"","_relevanssi_related_posts":"","_relevanssi_noindex_reason":"","footnotes":""},"page_category":[4],"page_tag":[],"service_status_category":[],"class_list":["post-207","page","type-page","status-publish","hentry"],"acf":[],"_links":{"self":[{"href":"https:\/\/o-seznam.cz\/napoveda\/seznam\/wp-json\/wp\/v2\/pages\/207","targetHints":{"allow":["GET"]}}],"collection":[{"href":"https:\/\/o-seznam.cz\/napoveda\/seznam\/wp-json\/wp\/v2\/pages"}],"about":[{"href":"https:\/\/o-seznam.cz\/napoveda\/seznam\/wp-json\/wp\/v2\/types\/page"}],"author":[{"embeddable":true,"href":"https:\/\/o-seznam.cz\/napoveda\/seznam\/wp-json\/wp\/v2\/users\/6"}],"replies":[{"embeddable":true,"href":"https:\/\/o-seznam.cz\/napoveda\/seznam\/wp-json\/wp\/v2\/comments?post=207"}],"version-history":[{"count":2,"href":"https:\/\/o-seznam.cz\/napoveda\/seznam\/wp-json\/wp\/v2\/pages\/207\/revisions"}],"predecessor-version":[{"id":335,"href":"https:\/\/o-seznam.cz\/napoveda\/seznam\/wp-json\/wp\/v2\/pages\/207\/revisions\/335"}],"up":[{"embeddable":true,"href":"https:\/\/o-seznam.cz\/napoveda\/seznam\/wp-json\/wp\/v2\/pages\/161"}],"wp:attachment":[{"href":"https:\/\/o-seznam.cz\/napoveda\/seznam\/wp-json\/wp\/v2\/media?parent=207"}],"wp:term":[{"taxonomy":"page_category","embeddable":true,"href":"https:\/\/o-seznam.cz\/napoveda\/seznam\/wp-json\/wp\/v2\/page_category?post=207"},{"taxonomy":"page_tag","embeddable":true,"href":"https:\/\/o-seznam.cz\/napoveda\/seznam\/wp-json\/wp\/v2\/page_tag?post=207"},{"taxonomy":"service_status_category","embeddable":true,"href":"https:\/\/o-seznam.cz\/napoveda\/seznam\/wp-json\/wp\/v2\/service_status_category?post=207"}],"curies":[{"name":"wp","href":"https:\/\/api.w.org\/{rel}","templated":true}]}}