{"id":205,"date":"2024-11-18T02:29:46","date_gmt":"2024-11-18T01:29:46","guid":{"rendered":"https:\/\/o-seznam.cz\/napoveda\/seznam\/?page_id=205"},"modified":"2024-12-06T11:52:54","modified_gmt":"2024-12-06T10:52:54","slug":"upozornovani-na-emaily","status":"publish","type":"page","link":"https:\/\/o-seznam.cz\/napoveda\/seznam\/aplikace\/prohlizec\/upozornovani-na-emaily\/","title":{"rendered":"Upozor\u0148ov\u00e1n\u00ed na e-maily"},"content":{"rendered":"\n<div class=\"wp-block-group is-layout-constrained wp-block-group-is-layout-constrained\">\n<p class=\"is-style-link-external\">Aby v\u00e1s Seznam.cz <a href=\"https:\/\/www.seznam.cz\/prohlizec\/\" data-type=\"link\" data-id=\"https:\/\/www.seznam.cz\/prohlizec\/\" target=\"_blank\" rel=\"noreferrer noopener\">prohl\u00ed\u017ee\u010d<\/a> upozor\u0148oval na nov\u00e9 e-maily, je pot\u0159eba se do n\u011bj p\u0159ihl\u00e1sit.<\/p>\n\n\n\n<p>P\u0159ihl\u00e1\u0161en\u00ed provedete bu\u010fto prvn\u00ed polo\u017ekou v menu, P\u0159ihl\u00e1sit se.<\/p>\n\n\n\n<p>Nebo v Nastaven\u00ed v \u010d\u00e1sti <a href=\"https:\/\/o-seznam.cz\/napoveda\/seznam\/prohlizec-pro-pc\/prihlaseni-a-synchronizace\/\" data-type=\"page\" data-id=\"197\">P\u0159ihl\u00e1\u0161en\u00ed do prohl\u00ed\u017ee\u010de<\/a> za\u0161krtnut\u00edm mo\u017enosti Upozor\u0148ovat na nov\u00e9 e-maily.<\/p>\n\n\n\n<figure class=\"wp-block-image size-full\"><img loading=\"lazy\" decoding=\"async\" width=\"424\" height=\"520\" src=\"https:\/\/o-seznam.cz\/napoveda\/seznam\/wp-content\/uploads\/sites\/16\/2024\/11\/seznam-pc-emailcheck2.png\" alt=\"\" class=\"wp-image-324\" srcset=\"https:\/\/o-seznam.cz\/napoveda\/seznam\/wp-content\/uploads\/sites\/16\/2024\/11\/seznam-pc-emailcheck2.png 424w, https:\/\/o-seznam.cz\/napoveda\/seznam\/wp-content\/uploads\/sites\/16\/2024\/11\/seznam-pc-emailcheck2-261x320.png 261w\" sizes=\"auto, (max-width: 424px) 100vw, 424px\" \/><\/figure>\n<\/div>\n\n\n\n<div class=\"wp-block-group is-layout-constrained wp-block-group-is-layout-constrained\">\n<p>Upozor\u0148ov\u00e1ni na nov\u00e9 zpr\u00e1vy pot\u00e9 budete hned n\u011bkolika zp\u016fsoby:<\/p>\n\n\n\n<p>V horn\u00ed \u010d\u00e1sti prohl\u00ed\u017ee\u010de se bude u ikonky ob\u00e1lky zobrazovat po\u010det nep\u0159e\u010dten\u00fdch zpr\u00e1v ve schr\u00e1nce.<\/p>\n\n\n\n<figure class=\"wp-block-image size-full\"><img loading=\"lazy\" decoding=\"async\" width=\"409\" height=\"71\" src=\"https:\/\/o-seznam.cz\/napoveda\/seznam\/wp-content\/uploads\/sites\/16\/2024\/11\/seznam-pc-notifikace1.png\" alt=\"\" class=\"wp-image-325\" srcset=\"https:\/\/o-seznam.cz\/napoveda\/seznam\/wp-content\/uploads\/sites\/16\/2024\/11\/seznam-pc-notifikace1.png 409w, https:\/\/o-seznam.cz\/napoveda\/seznam\/wp-content\/uploads\/sites\/16\/2024\/11\/seznam-pc-notifikace1-320x56.png 320w\" sizes=\"auto, (max-width: 409px) 100vw, 409px\" \/><\/figure>\n\n\n\n<p>Ikonka prohl\u00ed\u017ee\u010de na pracovn\u00ed plo\u0161e bude m\u00edt u sebe \u010dervenou te\u010dku.<\/p>\n\n\n\n<figure class=\"wp-block-image size-full\"><img loading=\"lazy\" decoding=\"async\" width=\"128\" height=\"128\" src=\"https:\/\/o-seznam.cz\/napoveda\/seznam\/wp-content\/uploads\/sites\/16\/2024\/11\/seznam-pc-notifikace2.png\" alt=\"\" class=\"wp-image-326\"\/><\/figure>\n\n\n\n<p>Ikonka prohl\u00ed\u017ee\u010de na li\u0161t\u011b dole u hodin (v oznamovac\u00ed oblasti) u sebe tak\u00e9 zobraz\u00ed \u010dervenou te\u010dku.<\/p>\n\n\n\n<figure class=\"wp-block-image size-full\"><img loading=\"lazy\" decoding=\"async\" width=\"179\" height=\"47\" src=\"https:\/\/o-seznam.cz\/napoveda\/seznam\/wp-content\/uploads\/sites\/16\/2024\/11\/seznam-pc-notifikace3.png\" alt=\"\" class=\"wp-image-327\"\/><\/figure>\n\n\n\n<p>A p\u0159i p\u0159\u00edchodu nov\u00e9 zpr\u00e1vy v\u00e1s prohl\u00ed\u017ee\u010d upozorn\u00ed mal\u00fdm vyj\u00ed\u017ed\u011bj\u00edc\u00edm ok\u00e9nkem a pokud m\u00e1te zapnut\u00e9 zvuky, zazn\u00ed i t\u00f3n upozorn\u011bn\u00ed na novou notifikaci.<\/p>\n\n\n\n<figure class=\"wp-block-image size-full\"><img loading=\"lazy\" decoding=\"async\" width=\"364\" height=\"120\" src=\"https:\/\/o-seznam.cz\/napoveda\/seznam\/wp-content\/uploads\/sites\/16\/2024\/11\/seznam-pc-notifikace4.png\" alt=\"\" class=\"wp-image-328\" srcset=\"https:\/\/o-seznam.cz\/napoveda\/seznam\/wp-content\/uploads\/sites\/16\/2024\/11\/seznam-pc-notifikace4.png 364w, https:\/\/o-seznam.cz\/napoveda\/seznam\/wp-content\/uploads\/sites\/16\/2024\/11\/seznam-pc-notifikace4-320x105.png 320w\" sizes=\"auto, (max-width: 364px) 100vw, 364px\" \/><\/figure>\n<\/div>\n","protected":false},"excerpt":{"rendered":"<p>Aby v\u00e1s Seznam.cz prohl\u00ed\u017ee\u010d upozor\u0148oval na nov\u00e9 e-maily, je pot\u0159eba se do n\u011bj p\u0159ihl\u00e1sit. P\u0159ihl\u00e1\u0161en\u00ed provedete bu\u010fto prvn\u00ed polo\u017ekou v menu, P\u0159ihl\u00e1sit se. Nebo v Nastaven\u00ed v \u010d\u00e1sti P\u0159ihl\u00e1\u0161en\u00ed do prohl\u00ed\u017ee\u010de za\u0161krtnut\u00edm mo\u017enosti Upozor\u0148ovat na nov\u00e9 e-maily. Upozor\u0148ov\u00e1ni na nov\u00e9 zpr\u00e1vy pot\u00e9 budete hned n\u011bkolika zp\u016fsoby: V horn\u00ed \u010d\u00e1sti prohl\u00ed\u017ee\u010de se bude u ikonky ob\u00e1lky [&hellip;]<\/p>\n","protected":false},"author":6,"featured_media":0,"parent":161,"menu_order":0,"comment_status":"closed","ping_status":"closed","template":"page-sidemenu","meta":{"_acf_changed":false,"_relevanssi_hide_post":"","_relevanssi_hide_content":"","_relevanssi_pin_for_all":"","_relevanssi_pin_keywords":"","_relevanssi_unpin_keywords":"","_relevanssi_related_keywords":"","_relevanssi_related_include_ids":"","_relevanssi_related_exclude_ids":"","_relevanssi_related_no_append":"","_relevanssi_related_not_related":"","_relevanssi_related_posts":"","_relevanssi_noindex_reason":"","footnotes":""},"page_category":[4],"page_tag":[],"service_status_category":[],"class_list":["post-205","page","type-page","status-publish","hentry"],"acf":[],"_links":{"self":[{"href":"https:\/\/o-seznam.cz\/napoveda\/seznam\/wp-json\/wp\/v2\/pages\/205","targetHints":{"allow":["GET"]}}],"collection":[{"href":"https:\/\/o-seznam.cz\/napoveda\/seznam\/wp-json\/wp\/v2\/pages"}],"about":[{"href":"https:\/\/o-seznam.cz\/napoveda\/seznam\/wp-json\/wp\/v2\/types\/page"}],"author":[{"embeddable":true,"href":"https:\/\/o-seznam.cz\/napoveda\/seznam\/wp-json\/wp\/v2\/users\/6"}],"replies":[{"embeddable":true,"href":"https:\/\/o-seznam.cz\/napoveda\/seznam\/wp-json\/wp\/v2\/comments?post=205"}],"version-history":[{"count":4,"href":"https:\/\/o-seznam.cz\/napoveda\/seznam\/wp-json\/wp\/v2\/pages\/205\/revisions"}],"predecessor-version":[{"id":345,"href":"https:\/\/o-seznam.cz\/napoveda\/seznam\/wp-json\/wp\/v2\/pages\/205\/revisions\/345"}],"up":[{"embeddable":true,"href":"https:\/\/o-seznam.cz\/napoveda\/seznam\/wp-json\/wp\/v2\/pages\/161"}],"wp:attachment":[{"href":"https:\/\/o-seznam.cz\/napoveda\/seznam\/wp-json\/wp\/v2\/media?parent=205"}],"wp:term":[{"taxonomy":"page_category","embeddable":true,"href":"https:\/\/o-seznam.cz\/napoveda\/seznam\/wp-json\/wp\/v2\/page_category?post=205"},{"taxonomy":"page_tag","embeddable":true,"href":"https:\/\/o-seznam.cz\/napoveda\/seznam\/wp-json\/wp\/v2\/page_tag?post=205"},{"taxonomy":"service_status_category","embeddable":true,"href":"https:\/\/o-seznam.cz\/napoveda\/seznam\/wp-json\/wp\/v2\/service_status_category?post=205"}],"curies":[{"name":"wp","href":"https:\/\/api.w.org\/{rel}","templated":true}]}}