{"id":199,"date":"2024-11-18T02:49:22","date_gmt":"2024-11-18T01:49:22","guid":{"rendered":"https:\/\/o-seznam.cz\/napoveda\/seznam\/?page_id=199"},"modified":"2024-12-06T11:52:54","modified_gmt":"2024-12-06T10:52:54","slug":"oblibene-stranky","status":"publish","type":"page","link":"https:\/\/o-seznam.cz\/napoveda\/seznam\/aplikace\/prohlizec\/oblibene-stranky\/","title":{"rendered":"Obl\u00edben\u00e9 str\u00e1nky"},"content":{"rendered":"\n<div class=\"wp-block-group is-layout-constrained wp-block-group-is-layout-constrained\">\n<p>Do obl\u00edben\u00fdch se p\u0159id\u00e1vaj\u00ed polo\u017eky ikonou hv\u011bzdi\u010dky vedle adresn\u00edho \u0159\u00e1dku a n\u00e1sledn\u00fdm kliknut\u00edm na tla\u010d\u00edtko<\/p>\n\n\n\n<p>\u201e+&nbsp;P\u0159idat otev\u0159enou str\u00e1nku do Obl\u00edben\u00fdch\u201c.<\/p>\n\n\n\n<figure class=\"wp-block-image size-full\"><img loading=\"lazy\" decoding=\"async\" width=\"349\" height=\"557\" src=\"https:\/\/o-seznam.cz\/napoveda\/seznam\/wp-content\/uploads\/sites\/16\/2024\/11\/seznam-pc3.png\" alt=\"\" class=\"wp-image-200\" srcset=\"https:\/\/o-seznam.cz\/napoveda\/seznam\/wp-content\/uploads\/sites\/16\/2024\/11\/seznam-pc3.png 349w, https:\/\/o-seznam.cz\/napoveda\/seznam\/wp-content\/uploads\/sites\/16\/2024\/11\/seznam-pc3-201x320.png 201w\" sizes=\"auto, (max-width: 349px) 100vw, 349px\" \/><\/figure>\n\n\n\n<p class=\"is-style-link-external\">Pokud jste po p\u0159ihl\u00e1\u0161en\u00ed do <a href=\"https:\/\/www.seznam.cz\/prohlizec\" data-type=\"link\" data-id=\"https:\/\/www.seznam.cz\/prohlizec\" target=\"_blank\" rel=\"noreferrer noopener\">prohl\u00ed\u017ee\u010de<\/a> vybrali mo\u017enost Synchronizovat obl\u00edben\u00e9 str\u00e1nky, budete je m\u00edt dostupn\u00e9 i na ostatn\u00edch za\u0159\u00edzen\u00edch, kde jste tuto funkci povolili.<\/p>\n\n\n\n<p>Synchronizaci kdykoli zapnete \u010di vypnete v Nastaven\u00ed v \u010d\u00e1sti <a href=\"https:\/\/o-seznam.cz\/napoveda\/seznam\/prohlizec-pro-pc\/prihlaseni-a-synchronizace\/\" data-type=\"page\" data-id=\"197\">P\u0159ihl\u00e1\u0161en\u00ed do prohl\u00ed\u017ee\u010de<\/a> a za\u0161krtnut\u00edm \u010di od\u0161krtnut\u00edm mo\u017enosti Synchronizovat obl\u00edben\u00e9 str\u00e1nky.<\/p>\n\n\n\n<figure class=\"wp-block-image size-full\"><img loading=\"lazy\" decoding=\"async\" width=\"422\" height=\"520\" src=\"https:\/\/o-seznam.cz\/napoveda\/seznam\/wp-content\/uploads\/sites\/16\/2024\/11\/seznam-pc-sync-oblibene.png\" alt=\"\" class=\"wp-image-201\" srcset=\"https:\/\/o-seznam.cz\/napoveda\/seznam\/wp-content\/uploads\/sites\/16\/2024\/11\/seznam-pc-sync-oblibene.png 422w, https:\/\/o-seznam.cz\/napoveda\/seznam\/wp-content\/uploads\/sites\/16\/2024\/11\/seznam-pc-sync-oblibene-260x320.png 260w\" sizes=\"auto, (max-width: 422px) 100vw, 422px\" \/><\/figure>\n<\/div>\n","protected":false},"excerpt":{"rendered":"<p>Do obl\u00edben\u00fdch se p\u0159id\u00e1vaj\u00ed polo\u017eky ikonou hv\u011bzdi\u010dky vedle adresn\u00edho \u0159\u00e1dku a n\u00e1sledn\u00fdm kliknut\u00edm na tla\u010d\u00edtko \u201e+&nbsp;P\u0159idat otev\u0159enou str\u00e1nku do Obl\u00edben\u00fdch\u201c. Pokud jste po p\u0159ihl\u00e1\u0161en\u00ed do prohl\u00ed\u017ee\u010de vybrali mo\u017enost Synchronizovat obl\u00edben\u00e9 str\u00e1nky, budete je m\u00edt dostupn\u00e9 i na ostatn\u00edch za\u0159\u00edzen\u00edch, kde jste tuto funkci povolili. Synchronizaci kdykoli zapnete \u010di vypnete v Nastaven\u00ed v \u010d\u00e1sti P\u0159ihl\u00e1\u0161en\u00ed do [&hellip;]<\/p>\n","protected":false},"author":6,"featured_media":0,"parent":161,"menu_order":0,"comment_status":"closed","ping_status":"closed","template":"page-sidemenu","meta":{"_acf_changed":false,"_relevanssi_hide_post":"","_relevanssi_hide_content":"","_relevanssi_pin_for_all":"","_relevanssi_pin_keywords":"","_relevanssi_unpin_keywords":"","_relevanssi_related_keywords":"","_relevanssi_related_include_ids":"","_relevanssi_related_exclude_ids":"","_relevanssi_related_no_append":"","_relevanssi_related_not_related":"","_relevanssi_related_posts":"","_relevanssi_noindex_reason":"","footnotes":""},"page_category":[4],"page_tag":[],"service_status_category":[],"class_list":["post-199","page","type-page","status-publish","hentry"],"acf":[],"_links":{"self":[{"href":"https:\/\/o-seznam.cz\/napoveda\/seznam\/wp-json\/wp\/v2\/pages\/199","targetHints":{"allow":["GET"]}}],"collection":[{"href":"https:\/\/o-seznam.cz\/napoveda\/seznam\/wp-json\/wp\/v2\/pages"}],"about":[{"href":"https:\/\/o-seznam.cz\/napoveda\/seznam\/wp-json\/wp\/v2\/types\/page"}],"author":[{"embeddable":true,"href":"https:\/\/o-seznam.cz\/napoveda\/seznam\/wp-json\/wp\/v2\/users\/6"}],"replies":[{"embeddable":true,"href":"https:\/\/o-seznam.cz\/napoveda\/seznam\/wp-json\/wp\/v2\/comments?post=199"}],"version-history":[{"count":2,"href":"https:\/\/o-seznam.cz\/napoveda\/seznam\/wp-json\/wp\/v2\/pages\/199\/revisions"}],"predecessor-version":[{"id":321,"href":"https:\/\/o-seznam.cz\/napoveda\/seznam\/wp-json\/wp\/v2\/pages\/199\/revisions\/321"}],"up":[{"embeddable":true,"href":"https:\/\/o-seznam.cz\/napoveda\/seznam\/wp-json\/wp\/v2\/pages\/161"}],"wp:attachment":[{"href":"https:\/\/o-seznam.cz\/napoveda\/seznam\/wp-json\/wp\/v2\/media?parent=199"}],"wp:term":[{"taxonomy":"page_category","embeddable":true,"href":"https:\/\/o-seznam.cz\/napoveda\/seznam\/wp-json\/wp\/v2\/page_category?post=199"},{"taxonomy":"page_tag","embeddable":true,"href":"https:\/\/o-seznam.cz\/napoveda\/seznam\/wp-json\/wp\/v2\/page_tag?post=199"},{"taxonomy":"service_status_category","embeddable":true,"href":"https:\/\/o-seznam.cz\/napoveda\/seznam\/wp-json\/wp\/v2\/service_status_category?post=199"}],"curies":[{"name":"wp","href":"https:\/\/api.w.org\/{rel}","templated":true}]}}