{"id":197,"date":"2024-11-18T02:59:21","date_gmt":"2024-11-18T01:59:21","guid":{"rendered":"https:\/\/o-seznam.cz\/napoveda\/seznam\/?page_id=197"},"modified":"2024-12-15T23:11:42","modified_gmt":"2024-12-15T22:11:42","slug":"prihlaseni-a-synchronizace","status":"publish","type":"page","link":"https:\/\/o-seznam.cz\/napoveda\/seznam\/aplikace\/prohlizec\/prihlaseni-a-synchronizace\/","title":{"rendered":"P\u0159ihl\u00e1\u0161en\u00ed do prohl\u00ed\u017ee\u010de a synchronizace"},"content":{"rendered":"\n<div class=\"wp-block-group is-layout-constrained wp-block-group-is-layout-constrained\">\n<p class=\"is-style-link-external\"><a href=\"https:\/\/www.seznam.cz\/prohlizec\" data-type=\"link\" data-id=\"https:\/\/www.seznam.cz\/prohlizec\" target=\"_blank\" rel=\"noreferrer noopener\">Seznam prohl\u00ed\u017ee\u010d<\/a> v\u00e1s upozorn\u00ed na nov\u00e9 emaily a budete m\u00edt po ruce obl\u00edben\u00e9 str\u00e1nky a hesla, a\u0165 se p\u0159ihl\u00e1s\u00edte odkudkoli. I z mobilu.<\/p>\n<\/div>\n\n\n\n<div class=\"wp-block-group is-layout-constrained wp-block-group-is-layout-constrained\">\n<h2 class=\"wp-block-heading\">P\u0159ihl\u00e1\u0161en\u00ed do prohl\u00ed\u017ee\u010de<\/h2>\n\n\n\n<p>Do prohl\u00ed\u017ee\u010de se p\u0159ihl\u00e1s\u00edte prvn\u00ed polo\u017ekou v menu (P\u0159ihl\u00e1sit se) nebo v Nastaven\u00ed. P\u0159ihl\u00e1\u0161en\u00ed na webov\u00e9 str\u00e1nce Seznam.cz nen\u00ed tot\u00e9\u017e jako p\u0159ihl\u00e1\u0161en\u00ed do prohl\u00ed\u017ee\u010de. Je t\u0159eba se p\u0159ihl\u00e1sit zvl\u00e1\u0161\u0165.<\/p>\n\n\n\n<figure class=\"wp-block-image size-full\"><img loading=\"lazy\" decoding=\"async\" width=\"269\" height=\"157\" src=\"https:\/\/o-seznam.cz\/napoveda\/seznam\/wp-content\/uploads\/sites\/16\/2024\/11\/seznam-pc1.png\" alt=\"\" class=\"wp-image-315\"\/><\/figure>\n\n\n\n<p>Po \u00fasp\u011b\u0161n\u00e9m p\u0159ihl\u00e1\u0161en\u00ed si vyberte, jak\u00e9 funkce si p\u0159ejete zapnout.<\/p>\n\n\n\n<div class=\"wp-block-columns is-layout-flex wp-container-core-columns-is-layout-28f84493 wp-block-columns-is-layout-flex\">\n<div class=\"wp-block-column is-layout-flow wp-block-column-is-layout-flow\">\n<figure class=\"wp-block-image size-full\"><img loading=\"lazy\" decoding=\"async\" width=\"345\" height=\"405\" src=\"https:\/\/o-seznam.cz\/napoveda\/seznam\/wp-content\/uploads\/sites\/16\/2024\/11\/seznam-pc2a.png\" alt=\"\" class=\"wp-image-316\" srcset=\"https:\/\/o-seznam.cz\/napoveda\/seznam\/wp-content\/uploads\/sites\/16\/2024\/11\/seznam-pc2a.png 345w, https:\/\/o-seznam.cz\/napoveda\/seznam\/wp-content\/uploads\/sites\/16\/2024\/11\/seznam-pc2a-273x320.png 273w\" sizes=\"auto, (max-width: 345px) 100vw, 345px\" \/><\/figure>\n<\/div>\n\n\n\n<div class=\"wp-block-column is-layout-flow wp-block-column-is-layout-flow\">\n<figure class=\"wp-block-image size-full\"><img loading=\"lazy\" decoding=\"async\" width=\"345\" height=\"425\" src=\"https:\/\/o-seznam.cz\/napoveda\/seznam\/wp-content\/uploads\/sites\/16\/2024\/11\/seznam-pc2.png\" alt=\"\" class=\"wp-image-317\" srcset=\"https:\/\/o-seznam.cz\/napoveda\/seznam\/wp-content\/uploads\/sites\/16\/2024\/11\/seznam-pc2.png 345w, https:\/\/o-seznam.cz\/napoveda\/seznam\/wp-content\/uploads\/sites\/16\/2024\/11\/seznam-pc2-260x320.png 260w\" sizes=\"auto, (max-width: 345px) 100vw, 345px\" \/><\/figure>\n<\/div>\n<\/div>\n<\/div>\n\n\n\n<div class=\"wp-block-group is-layout-constrained wp-block-group-is-layout-constrained\">\n<h2 class=\"wp-block-heading\">Synchronizace<\/h2>\n\n\n\n<p>V okn\u011b Co si p\u0159ejete propojit s \u00fa\u010dtem si m\u016f\u017eete tak\u00e9 nastavit, jak\u00e9 informace a \u00fadaje si chcete synchronizovat.<\/p>\n\n\n\n<p>Synchronizac\u00ed se m\u00e1 na mysli funkce, kdy stejn\u00e9 informace a \u00fadaje naleznete na v\u0161ech Seznam prohl\u00ed\u017ee\u010d\u00edch, ve kter\u00fdch budete p\u0159ihl\u00e1\u0161eni stejn\u00fdm u\u017eivatelsk\u00fdm \u00fa\u010dtem \u2013 a to jak na prohl\u00ed\u017ee\u010d\u00edch na po\u010d\u00edta\u010di, tak v prohl\u00ed\u017ee\u010di na mobiln\u00edm za\u0159\u00edzen\u00ed <a href=\"https:\/\/o-seznam.cz\/napoveda\/seznam\/prohlizec-pro-android\/oblibene-a-sdileni\/\" data-type=\"page\" data-id=\"97\">Android<\/a> nebo <a href=\"https:\/\/o-seznam.cz\/napoveda\/seznam\/prohlizec-pro-ios\/oblibene-a-sdileni\/\" data-type=\"page\" data-id=\"189\">iOS<\/a>.<\/p>\n\n\n\n<h3 class=\"wp-block-heading\">Synchronizace obl\u00edben\u00fdch str\u00e1nek: <\/h3>\n\n\n\n<p>Str\u00e1nky, kter\u00e9 \u010dasto nav\u0161t\u011bvujete anebo jsou pro v\u00e1s i jinak zaj\u00edmav\u00e9 si m\u016f\u017eete ulo\u017eit do <a href=\"https:\/\/o-seznam.cz\/napoveda\/seznam\/prohlizec-pro-pc\/oblibene-stranky\/\" data-type=\"page\" data-id=\"199\">Obl\u00edben\u00fdch<\/a>. Pokud si synchronizaci Obl\u00edben\u00fdch nastav\u00edte, automaticky tyt\u00e9\u017e Obl\u00edben\u00e9 naleznete po p\u0159ihl\u00e1\u0161en\u00ed i v jin\u00e9m Seznam prohl\u00ed\u017ee\u010di nebo jeho mobiln\u00ed verzi.<\/p>\n\n\n\n<h3 class=\"wp-block-heading\">Synchronizace zapamatovan\u00fdch hesel: <\/h3>\n\n\n\n<p>Pokud pou\u017e\u00edv\u00e1te na internetu v\u00edce slu\u017eeb, ke kter\u00fdch se p\u0159ihla\u0161ujete a m\u00e1te tak i v\u00edce hesel, nemus\u00edte si je v\u0161echna pamatovat, m\u016f\u017eete si pou\u017e\u00edvan\u00e1 hesla ulo\u017eit a nechat si je zapamatovat Seznam prohl\u00ed\u017ee\u010d. Pokud si synchronizaci zapamatovan\u00fdch hesel nastav\u00edte, automaticky si je po p\u0159ihl\u00e1\u0161en\u00ed bude pamatovat i jin\u00fd pou\u017e\u00edvan\u00fd Seznam prohl\u00ed\u017ee\u010d nebo jeho mobiln\u00ed verze.<\/p>\n\n\n\n<h3 class=\"wp-block-heading\">Synchronizace otev\u0159en\u00fdch panel\u016f: <\/h3>\n\n\n\n<p>Tuto funkci nelze nastavit, je zapnut\u00e1 automaticky. Pokud jste v prohl\u00ed\u017ee\u010di p\u0159ihl\u00e1\u0161eni a m\u00e1te otev\u0159eny n\u011bjak\u00e9 panely se str\u00e1nkami, m\u016f\u017eete si tyt\u00e9\u017e panely zobrazit i v jin\u00e9m p\u0159ihl\u00e1\u0161en\u00e9m prohl\u00ed\u017ee\u010di na po\u010d\u00edta\u010di \u010di v mobiln\u00edm za\u0159\u00edzen\u00ed.<\/p>\n<\/div>\n\n\n\n<div class=\"wp-block-group is-layout-constrained wp-block-group-is-layout-constrained\">\n<p>Pokud jsou takov\u00e9 synchronizovan\u00e9 panely z jin\u00e9ho p\u0159ihl\u00e1\u0161en\u00e9ho prohl\u00ed\u017ee\u010de dostupn\u00e9, zobraz\u00ed se v prav\u00e9 horn\u00ed \u010d\u00e1sti prohl\u00ed\u017ee\u010de tato ikonka:<\/p>\n\n\n\n<figure class=\"wp-block-image size-full\"><img loading=\"lazy\" decoding=\"async\" width=\"220\" height=\"87\" src=\"https:\/\/o-seznam.cz\/napoveda\/seznam\/wp-content\/uploads\/sites\/16\/2024\/11\/seznam-pc-sync-panely1.png\" alt=\"\" class=\"wp-image-318\"\/><\/figure>\n\n\n\n<p>Kliknut\u00edm na ikonku se zobraz\u00ed seznam dal\u0161\u00edch p\u0159ihl\u00e1\u0161en\u00fdch prohl\u00ed\u017ee\u010d\u016f a za\u0159\u00edzen\u00ed a u ka\u017ed\u00e9ho naleznete seznam otev\u0159en\u00fdch panel\u016f.<\/p>\n\n\n\n<p>Kliknut\u00edm na n\u011bkter\u00fd zobrazen\u00fd panel si ten stejn\u00fd panel a str\u00e1nku otev\u0159ete tak\u00e9 na sv\u00e9m aktu\u00e1ln\u00edm Seznam prohl\u00ed\u017ee\u010di.<\/p>\n\n\n\n<figure class=\"wp-block-image size-full\"><img loading=\"lazy\" decoding=\"async\" width=\"327\" height=\"327\" src=\"https:\/\/o-seznam.cz\/napoveda\/seznam\/wp-content\/uploads\/sites\/16\/2024\/11\/seznam-pc-sync-panely2.png\" alt=\"\" class=\"wp-image-319\" srcset=\"https:\/\/o-seznam.cz\/napoveda\/seznam\/wp-content\/uploads\/sites\/16\/2024\/11\/seznam-pc-sync-panely2.png 327w, https:\/\/o-seznam.cz\/napoveda\/seznam\/wp-content\/uploads\/sites\/16\/2024\/11\/seznam-pc-sync-panely2-320x320.png 320w, https:\/\/o-seznam.cz\/napoveda\/seznam\/wp-content\/uploads\/sites\/16\/2024\/11\/seznam-pc-sync-panely2-256x256.png 256w\" sizes=\"auto, (max-width: 327px) 100vw, 327px\" \/><\/figure>\n<\/div>\n","protected":false},"excerpt":{"rendered":"<p>Seznam prohl\u00ed\u017ee\u010d v\u00e1s upozorn\u00ed na nov\u00e9 emaily a budete m\u00edt po ruce obl\u00edben\u00e9 str\u00e1nky a hesla, a\u0165 se p\u0159ihl\u00e1s\u00edte odkudkoli. I z mobilu. P\u0159ihl\u00e1\u0161en\u00ed do prohl\u00ed\u017ee\u010de Do prohl\u00ed\u017ee\u010de se p\u0159ihl\u00e1s\u00edte prvn\u00ed polo\u017ekou v menu (P\u0159ihl\u00e1sit se) nebo v Nastaven\u00ed. P\u0159ihl\u00e1\u0161en\u00ed na webov\u00e9 str\u00e1nce Seznam.cz nen\u00ed tot\u00e9\u017e jako p\u0159ihl\u00e1\u0161en\u00ed do prohl\u00ed\u017ee\u010de. Je t\u0159eba se p\u0159ihl\u00e1sit zvl\u00e1\u0161\u0165. [&hellip;]<\/p>\n","protected":false},"author":6,"featured_media":0,"parent":161,"menu_order":0,"comment_status":"closed","ping_status":"closed","template":"page-sidemenu","meta":{"_acf_changed":false,"_relevanssi_hide_post":"","_relevanssi_hide_content":"","_relevanssi_pin_for_all":"","_relevanssi_pin_keywords":"","_relevanssi_unpin_keywords":"","_relevanssi_related_keywords":"","_relevanssi_related_include_ids":"","_relevanssi_related_exclude_ids":"","_relevanssi_related_no_append":"","_relevanssi_related_not_related":"","_relevanssi_related_posts":"","_relevanssi_noindex_reason":"","footnotes":""},"page_category":[4],"page_tag":[],"service_status_category":[],"class_list":["post-197","page","type-page","status-publish","hentry"],"acf":[],"_links":{"self":[{"href":"https:\/\/o-seznam.cz\/napoveda\/seznam\/wp-json\/wp\/v2\/pages\/197","targetHints":{"allow":["GET"]}}],"collection":[{"href":"https:\/\/o-seznam.cz\/napoveda\/seznam\/wp-json\/wp\/v2\/pages"}],"about":[{"href":"https:\/\/o-seznam.cz\/napoveda\/seznam\/wp-json\/wp\/v2\/types\/page"}],"author":[{"embeddable":true,"href":"https:\/\/o-seznam.cz\/napoveda\/seznam\/wp-json\/wp\/v2\/users\/6"}],"replies":[{"embeddable":true,"href":"https:\/\/o-seznam.cz\/napoveda\/seznam\/wp-json\/wp\/v2\/comments?post=197"}],"version-history":[{"count":4,"href":"https:\/\/o-seznam.cz\/napoveda\/seznam\/wp-json\/wp\/v2\/pages\/197\/revisions"}],"predecessor-version":[{"id":455,"href":"https:\/\/o-seznam.cz\/napoveda\/seznam\/wp-json\/wp\/v2\/pages\/197\/revisions\/455"}],"up":[{"embeddable":true,"href":"https:\/\/o-seznam.cz\/napoveda\/seznam\/wp-json\/wp\/v2\/pages\/161"}],"wp:attachment":[{"href":"https:\/\/o-seznam.cz\/napoveda\/seznam\/wp-json\/wp\/v2\/media?parent=197"}],"wp:term":[{"taxonomy":"page_category","embeddable":true,"href":"https:\/\/o-seznam.cz\/napoveda\/seznam\/wp-json\/wp\/v2\/page_category?post=197"},{"taxonomy":"page_tag","embeddable":true,"href":"https:\/\/o-seznam.cz\/napoveda\/seznam\/wp-json\/wp\/v2\/page_tag?post=197"},{"taxonomy":"service_status_category","embeddable":true,"href":"https:\/\/o-seznam.cz\/napoveda\/seznam\/wp-json\/wp\/v2\/service_status_category?post=197"}],"curies":[{"name":"wp","href":"https:\/\/api.w.org\/{rel}","templated":true}]}}