{"id":193,"date":"2024-11-18T02:28:13","date_gmt":"2024-11-18T01:28:13","guid":{"rendered":"https:\/\/o-seznam.cz\/napoveda\/seznam\/?page_id=193"},"modified":"2024-12-06T11:52:54","modified_gmt":"2024-12-06T10:52:54","slug":"nastaveni","status":"publish","type":"page","link":"https:\/\/o-seznam.cz\/napoveda\/seznam\/aplikace\/ios\/nastaveni\/","title":{"rendered":"Nastaven\u00ed"},"content":{"rendered":"\n<div class=\"wp-block-group is-layout-constrained wp-block-group-is-layout-constrained\">\n<p>\u0164uknut\u00edm na ikonku t\u0159\u00ed te\u010dek v prav\u00e9m doln\u00edm rohu aplikace si zobraz\u00edte hlavn\u00ed nab\u00eddku.<\/p>\n\n\n\n<figure class=\"wp-block-image size-thumbnail\"><img loading=\"lazy\" decoding=\"async\" width=\"320\" height=\"38\" src=\"https:\/\/o-seznam.cz\/napoveda\/seznam\/wp-content\/uploads\/sites\/16\/2024\/11\/bottom-bar-ios-320x38.png\" alt=\"\" class=\"wp-image-234\" srcset=\"https:\/\/o-seznam.cz\/napoveda\/seznam\/wp-content\/uploads\/sites\/16\/2024\/11\/bottom-bar-ios-320x38.png 320w, https:\/\/o-seznam.cz\/napoveda\/seznam\/wp-content\/uploads\/sites\/16\/2024\/11\/bottom-bar-ios.png 750w\" sizes=\"auto, (max-width: 320px) 100vw, 320px\" \/><\/figure>\n\n\n\n<p>V n\u00ed naleznete krom\u011b nab\u00eddky pro <a href=\"https:\/\/o-seznam.cz\/napoveda\/seznam\/prohlizec-pro-ios\/oblibene-a-sdileni\/\" data-type=\"page\" data-id=\"189\">ulo\u017een\u00ed obl\u00edben\u00e9 str\u00e1nky<\/a>, <a href=\"https:\/\/o-seznam.cz\/napoveda\/seznam\/prohlizec-pro-ios\/historie-a-mazani-dat\/\" data-type=\"page\" data-id=\"191\">zobrazen\u00ed historie proch\u00e1zen\u00ed<\/a>, mo\u017enosti sd\u00edlen\u00ed odkazu a odkazu na n\u00e1pov\u011bdu tak\u00e9 volbu \u201eNastaven\u00ed\u201c.<\/p>\n\n\n\n<figure class=\"wp-block-image size-thumbnail\"><img loading=\"lazy\" decoding=\"async\" width=\"279\" height=\"320\" src=\"https:\/\/o-seznam.cz\/napoveda\/seznam\/wp-content\/uploads\/sites\/16\/2024\/11\/menu-279x320.png\" alt=\"\" class=\"wp-image-219\" srcset=\"https:\/\/o-seznam.cz\/napoveda\/seznam\/wp-content\/uploads\/sites\/16\/2024\/11\/menu-279x320.png 279w, https:\/\/o-seznam.cz\/napoveda\/seznam\/wp-content\/uploads\/sites\/16\/2024\/11\/menu.png 721w\" sizes=\"auto, (max-width: 279px) 100vw, 279px\" \/><\/figure>\n<\/div>\n\n\n\n<div class=\"wp-block-group is-layout-constrained wp-block-group-is-layout-constrained\">\n<p>Samotn\u00e9 nastaven\u00ed aplikace Seznam.cz nab\u00edz\u00ed n\u011bkolik jednoduch\u00fdch voleb:<\/p>\n\n\n\n<ul class=\"wp-block-list\">\n<li>P\u0159ihl\u00e1\u0161en\u00ed se do aplikace, kdy je mo\u017en\u00e9 n\u00e1sledn\u011b sd\u00edlet \u00fadaje se <a href=\"https:\/\/o-seznam.cz\/napoveda\/seznam\/prohlizec-pro-pc\/prihlaseni-a-synchronizace\/\" data-type=\"page\" data-id=\"197\">Seznam.cz aplikac\u00ed pro po\u010d\u00edta\u010de<\/a><\/li>\n\n\n\n<li>Neukl\u00e1d\u00e1n\u00ed lechtiv\u00fdch str\u00e1nek do historie nab\u00eddne automatick\u00e9 p\u0159epnut\u00ed do anonymn\u00edho re\u017eimu u detekovan\u00fdch konkr\u00e9tn\u00edch str\u00e1nek \ud83d\ude09<\/li>\n\n\n\n<li><a href=\"https:\/\/o-seznam.cz\/napoveda\/seznam\/prohlizec-pro-ios\/prekladac\/#prekladac-stranek\">P\u0159eklad cel\u00fdch str\u00e1nek<\/a> a <a href=\"https:\/\/o-seznam.cz\/napoveda\/seznam\/prohlizec-pro-ios\/prekladac\/#prekladac-slov\">P\u0159eklad slov<\/a> umo\u017en\u00ed p\u0159elo\u017een\u00ed cel\u00e9ho textu webov\u00e9 str\u00e1nky z n\u011bkolika nab\u00edzen\u00fdch jazyk\u016f do \u010de\u0161tiny, p\u0159\u00edpadn\u011b zobrazen\u00ed p\u0159ekladu pro konkr\u00e9tn\u00ed ciz\u00ed slov\u00ed\u010dko, na kter\u00e9m chv\u00edli podr\u017e\u00edte prst<\/li>\n\n\n\n<li>Velikost p\u00edsma umo\u017e\u0148uje upravit velikost fontu textu na str\u00e1nk\u00e1ch tak, aby se v\u00e1m \u010detl co nejp\u0159\u00edjemn\u011bji<\/li>\n\n\n\n<li>Verze webu pro PC umo\u017en\u00ed prohl\u00ed\u017ee\u010di zobrazit str\u00e1nky takov\u00e9, jak\u00e9 by se zobrazily v prohl\u00ed\u017ee\u010di na po\u010d\u00edta\u010di. N\u011bkter\u00e9 str\u00e1nky mohou m\u00edt rozd\u00edln\u00e9 verze pro mobiln\u00ed a po\u010d\u00edta\u010dov\u00e9 prohl\u00ed\u017ee\u010de<\/li>\n\n\n\n<li>Spr\u00e1va dvouf\u00e1zov\u00e9ho ov\u011b\u0159ov\u00e1n\u00ed \u00fa\u010dt\u016f nab\u00edz\u00ed dal\u0161\u00ed mo\u017enost vy\u0161\u0161\u00edho <a href=\"https:\/\/o-seznam.cz\/napoveda\/ucet\/dvoufazove-overeni\/co-to-je\/\" data-type=\"link\" data-id=\"https:\/\/o-seznam.cz\/napoveda\/ucet\/dvoufazove-overeni\/co-to-je\/\" target=\"_blank\" rel=\"noreferrer noopener\">zabezpe\u010den\u00ed p\u0159\u00edstupu k va\u0161emu u\u017eivatelsk\u00e9mu \u00fa\u010dtu na Seznamu<\/a><\/li>\n\n\n\n<li><a href=\"https:\/\/o-seznam.cz\/napoveda\/seznam\/prohlizec-pro-ios\/historie-a-mazani-dat\/\" data-type=\"page\" data-id=\"191\">Smazat \u00fadaje o prohl\u00ed\u017een\u00ed<\/a> umo\u017en\u00ed promaz\u00e1n\u00ed do\u010dasn\u00fdch soubor\u016f, kter\u00e9 si prohl\u00ed\u017ee\u010d zapamatoval<\/li>\n\n\n\n<li>Odes\u00edl\u00e1n\u00edm dat diagnostiky umo\u017e\u0148ujete zas\u00edl\u00e1n\u00ed anonymn\u00edch informac\u00ed a statistik pou\u017e\u00edv\u00e1n\u00ed a pot\u00ed\u017e\u00ed aplikace. D\u00edky t\u011bmto \u00fadaj\u016fm m\u016f\u017eeme pr\u016fb\u011b\u017en\u011b vylep\u0161ovat chov\u00e1n\u00ed a funkce aplikace<\/li>\n<\/ul>\n\n\n\n<figure class=\"wp-block-image size-thumbnail\"><img loading=\"lazy\" decoding=\"async\" width=\"271\" height=\"320\" src=\"https:\/\/o-seznam.cz\/napoveda\/seznam\/wp-content\/uploads\/sites\/16\/2024\/11\/settings-271x320.png\" alt=\"\" class=\"wp-image-235\" srcset=\"https:\/\/o-seznam.cz\/napoveda\/seznam\/wp-content\/uploads\/sites\/16\/2024\/11\/settings-271x320.png 271w, https:\/\/o-seznam.cz\/napoveda\/seznam\/wp-content\/uploads\/sites\/16\/2024\/11\/settings.png 747w\" sizes=\"auto, (max-width: 271px) 100vw, 271px\" \/><\/figure>\n<\/div>\n\n\n\n<div class=\"wp-block-group is-layout-constrained wp-block-group-is-layout-constrained\">\n<p>V aplikaci Seznam.cz se m\u016f\u017eete p\u0159ihl\u00e1sit sv\u00fdm u\u017eivatelsk\u00fdm \u00fa\u010dtem, d\u00edky \u010demu\u017e z\u00edsk\u00e1te mo\u017enost:<\/p>\n\n\n\n<ul class=\"wp-block-list\">\n<li><a href=\"#synchronizace\">Synchronizace<\/a>\n<ul class=\"wp-block-list\">\n<li>synchronizovat obl\u00edben\u00e9 str\u00e1nky a hesla mezi mobiln\u00ed aplikac\u00ed a aplikac\u00ed pro po\u010d\u00edta\u010de<\/li>\n<\/ul>\n<\/li>\n\n\n\n<li><a href=\"#upozorneni\">Upozor\u0148ov\u00e1n\u00ed na nov\u00e9 e-maily<\/a>\n<ul class=\"wp-block-list\">\n<li>zm\u011bnou ikonky na spodn\u00ed li\u0161t\u011b se bude upozor\u0148ovat na nov\u00e9 zpr\u00e1vy ve va\u0161\u00ed schr\u00e1nce Seznam Emailu<\/li>\n<\/ul>\n<\/li>\n<\/ul>\n<\/div>\n\n\n\n<div class=\"wp-block-group is-layout-constrained wp-block-group-is-layout-constrained\">\n<h2 class=\"wp-block-heading\" id=\"synchronizace\">Synchronizace<\/h2>\n\n\n\n<p>Na spodn\u00ed li\u0161t\u011b \u0165ukn\u011bte na tla\u010d\u00edtko se t\u0159emi te\u010dkami a n\u00e1sledn\u011b vyberte mo\u017enost \u201eNastaven\u00ed\u201c.<\/p>\n\n\n\n<figure class=\"wp-block-image size-thumbnail\"><img loading=\"lazy\" decoding=\"async\" width=\"320\" height=\"38\" src=\"https:\/\/o-seznam.cz\/napoveda\/seznam\/wp-content\/uploads\/sites\/16\/2024\/11\/bottom-bar-ios-320x38.png\" alt=\"\" class=\"wp-image-234\" srcset=\"https:\/\/o-seznam.cz\/napoveda\/seznam\/wp-content\/uploads\/sites\/16\/2024\/11\/bottom-bar-ios-320x38.png 320w, https:\/\/o-seznam.cz\/napoveda\/seznam\/wp-content\/uploads\/sites\/16\/2024\/11\/bottom-bar-ios.png 750w\" sizes=\"auto, (max-width: 320px) 100vw, 320px\" \/><\/figure>\n\n\n\n<p>V zobrazen\u00e9 nab\u00eddce \u0165ukn\u011bte na \u201eNastaven\u00ed\u201c.<\/p>\n\n\n\n<figure class=\"wp-block-image size-thumbnail\"><img loading=\"lazy\" decoding=\"async\" width=\"279\" height=\"320\" src=\"https:\/\/o-seznam.cz\/napoveda\/seznam\/wp-content\/uploads\/sites\/16\/2024\/11\/menu-279x320.png\" alt=\"\" class=\"wp-image-219\" srcset=\"https:\/\/o-seznam.cz\/napoveda\/seznam\/wp-content\/uploads\/sites\/16\/2024\/11\/menu-279x320.png 279w, https:\/\/o-seznam.cz\/napoveda\/seznam\/wp-content\/uploads\/sites\/16\/2024\/11\/menu.png 721w\" sizes=\"auto, (max-width: 279px) 100vw, 279px\" \/><\/figure>\n\n\n\n<p>Prvn\u00ed polo\u017ekou v nastaven\u00ed je \u201eP\u0159ihl\u00e1\u0161en\u00ed do prohl\u00ed\u017ee\u010de\u201c, \u0164ukn\u011bte tedy na \u201eP\u0159ihl\u00e1sit se\u201c a v n\u00e1sleduj\u00edc\u00edm okn\u011b znovu.<\/p>\n\n\n\n<div class=\"wp-block-columns is-layout-flex wp-container-core-columns-is-layout-28f84493 wp-block-columns-is-layout-flex\">\n<div class=\"wp-block-column is-layout-flow wp-block-column-is-layout-flow\">\n<figure class=\"wp-block-image size-thumbnail\"><img loading=\"lazy\" decoding=\"async\" width=\"271\" height=\"320\" src=\"https:\/\/o-seznam.cz\/napoveda\/seznam\/wp-content\/uploads\/sites\/16\/2024\/11\/settings-271x320.png\" alt=\"\" class=\"wp-image-235\" srcset=\"https:\/\/o-seznam.cz\/napoveda\/seznam\/wp-content\/uploads\/sites\/16\/2024\/11\/settings-271x320.png 271w, https:\/\/o-seznam.cz\/napoveda\/seznam\/wp-content\/uploads\/sites\/16\/2024\/11\/settings.png 747w\" sizes=\"auto, (max-width: 271px) 100vw, 271px\" \/><\/figure>\n<\/div>\n\n\n\n<div class=\"wp-block-column is-layout-flow wp-block-column-is-layout-flow\">\n<figure class=\"wp-block-image size-thumbnail\"><img loading=\"lazy\" decoding=\"async\" width=\"200\" height=\"320\" src=\"https:\/\/o-seznam.cz\/napoveda\/seznam\/wp-content\/uploads\/sites\/16\/2024\/11\/synchro-setup-200x320.png\" alt=\"\" class=\"wp-image-300\" srcset=\"https:\/\/o-seznam.cz\/napoveda\/seznam\/wp-content\/uploads\/sites\/16\/2024\/11\/synchro-setup-200x320.png 200w, https:\/\/o-seznam.cz\/napoveda\/seznam\/wp-content\/uploads\/sites\/16\/2024\/11\/synchro-setup-619x992.png 619w, https:\/\/o-seznam.cz\/napoveda\/seznam\/wp-content\/uploads\/sites\/16\/2024\/11\/synchro-setup.png 749w\" sizes=\"auto, (max-width: 200px) 100vw, 200px\" \/><\/figure>\n<\/div>\n<\/div>\n\n\n\n<p>Do formul\u00e1\u0159e zadejte sv\u00e9 u\u017eivatelsk\u00e9 jm\u00e9no (v p\u0159\u00edpad\u011b adres @email.cz a @post.cz celou adresu) a p\u0159ihlaste se.<\/p>\n\n\n\n<p>V n\u00e1sleduj\u00edc\u00edm okn\u011b si zvolte, kter\u00e9 z mo\u017enost\u00ed si p\u0159ejete vyu\u017e\u00edvat, a \u0165ukn\u011bte na \u201eDokon\u010dit\u201c.<\/p>\n\n\n\n<div class=\"wp-block-columns is-layout-flex wp-container-core-columns-is-layout-28f84493 wp-block-columns-is-layout-flex\">\n<div class=\"wp-block-column is-layout-flow wp-block-column-is-layout-flow\">\n<figure class=\"wp-block-image size-thumbnail\"><img loading=\"lazy\" decoding=\"async\" width=\"282\" height=\"320\" src=\"https:\/\/o-seznam.cz\/napoveda\/seznam\/wp-content\/uploads\/sites\/16\/2024\/11\/login-282x320.png\" alt=\"\" class=\"wp-image-301\" srcset=\"https:\/\/o-seznam.cz\/napoveda\/seznam\/wp-content\/uploads\/sites\/16\/2024\/11\/login-282x320.png 282w, https:\/\/o-seznam.cz\/napoveda\/seznam\/wp-content\/uploads\/sites\/16\/2024\/11\/login.png 749w\" sizes=\"auto, (max-width: 282px) 100vw, 282px\" \/><\/figure>\n<\/div>\n\n\n\n<div class=\"wp-block-column is-layout-flow wp-block-column-is-layout-flow\">\n<figure class=\"wp-block-image size-thumbnail\"><img loading=\"lazy\" decoding=\"async\" width=\"204\" height=\"320\" src=\"https:\/\/o-seznam.cz\/napoveda\/seznam\/wp-content\/uploads\/sites\/16\/2024\/11\/synchro-setup2-204x320.png\" alt=\"\" class=\"wp-image-302\" srcset=\"https:\/\/o-seznam.cz\/napoveda\/seznam\/wp-content\/uploads\/sites\/16\/2024\/11\/synchro-setup2-204x320.png 204w, https:\/\/o-seznam.cz\/napoveda\/seznam\/wp-content\/uploads\/sites\/16\/2024\/11\/synchro-setup2-632x992.png 632w, https:\/\/o-seznam.cz\/napoveda\/seznam\/wp-content\/uploads\/sites\/16\/2024\/11\/synchro-setup2.png 747w\" sizes=\"auto, (max-width: 204px) 100vw, 204px\" \/><\/figure>\n<\/div>\n<\/div>\n\n\n\n<p>Pokud ji\u017e v aplikaci n\u011bjak\u00e9 obl\u00edben\u00e9 str\u00e1nky ulo\u017eeny m\u00e1te, zobraz\u00ed se je\u0161t\u011b upozorn\u011bn\u00ed, zda skute\u010dn\u011b chcete i tyto str\u00e1nky nahr\u00e1t na server a zobrazit i aplikaci na po\u010d\u00edta\u010di.<\/p>\n\n\n\n<p>V nastaven\u00ed n\u00e1sledn\u011b ji\u017e vid\u00edte informaci o p\u0159ihl\u00e1\u0161en\u00e9m \u00fa\u010dtu.<\/p>\n\n\n\n<figure class=\"wp-block-image size-thumbnail\"><img loading=\"lazy\" decoding=\"async\" width=\"320\" height=\"128\" src=\"https:\/\/o-seznam.cz\/napoveda\/seznam\/wp-content\/uploads\/sites\/16\/2024\/11\/logged-in-320x128.png\" alt=\"\" class=\"wp-image-303\" srcset=\"https:\/\/o-seznam.cz\/napoveda\/seznam\/wp-content\/uploads\/sites\/16\/2024\/11\/logged-in-320x128.png 320w, https:\/\/o-seznam.cz\/napoveda\/seznam\/wp-content\/uploads\/sites\/16\/2024\/11\/logged-in.png 749w\" sizes=\"auto, (max-width: 320px) 100vw, 320px\" \/><\/figure>\n<\/div>\n\n\n\n<div class=\"wp-block-group is-layout-constrained wp-block-group-is-layout-constrained\">\n<h2 class=\"wp-block-heading\" id=\"upozorneni\">Upozorn\u011bn\u00ed na nov\u00e9 e-maily<\/h2>\n\n\n\n<p>Pokud si p\u0159i p\u0159ihl\u00e1\u0161en\u00ed do aplikace zvol\u00edte tak\u00e9 mo\u017enost upozorn\u011bn\u00ed na nov\u00e9 zpr\u00e1vy, zobraz\u00ed se v\u00e1m na ikonce ob\u00e1lky um\u00edst\u011bn\u00e9 vlevo na spodn\u00ed li\u0161t\u011b aplikace v\u017edy po\u010det nov\u00fdch nep\u0159e\u010dten\u00fdch zpr\u00e1v. \u0164uknut\u00edm na ikonku se p\u0159epnete p\u0159\u00edmo do p\u0159ihl\u00e1\u0161en\u00e9 e-mailov\u00e9 schr\u00e1nky.<\/p>\n\n\n\n<figure class=\"wp-block-image size-thumbnail\"><img loading=\"lazy\" decoding=\"async\" width=\"320\" height=\"37\" src=\"https:\/\/o-seznam.cz\/napoveda\/seznam\/wp-content\/uploads\/sites\/16\/2024\/11\/bottom-bar-panels-320x37.png\" alt=\"\" class=\"wp-image-299\" srcset=\"https:\/\/o-seznam.cz\/napoveda\/seznam\/wp-content\/uploads\/sites\/16\/2024\/11\/bottom-bar-panels-320x37.png 320w, https:\/\/o-seznam.cz\/napoveda\/seznam\/wp-content\/uploads\/sites\/16\/2024\/11\/bottom-bar-panels.png 750w\" sizes=\"auto, (max-width: 320px) 100vw, 320px\" \/><\/figure>\n<\/div>\n","protected":false},"excerpt":{"rendered":"<p>\u0164uknut\u00edm na ikonku t\u0159\u00ed te\u010dek v prav\u00e9m doln\u00edm rohu aplikace si zobraz\u00edte hlavn\u00ed nab\u00eddku. V n\u00ed naleznete krom\u011b nab\u00eddky pro ulo\u017een\u00ed obl\u00edben\u00e9 str\u00e1nky, zobrazen\u00ed historie proch\u00e1zen\u00ed, mo\u017enosti sd\u00edlen\u00ed odkazu a odkazu na n\u00e1pov\u011bdu tak\u00e9 volbu \u201eNastaven\u00ed\u201c. Samotn\u00e9 nastaven\u00ed aplikace Seznam.cz nab\u00edz\u00ed n\u011bkolik jednoduch\u00fdch voleb: V aplikaci Seznam.cz se m\u016f\u017eete p\u0159ihl\u00e1sit sv\u00fdm u\u017eivatelsk\u00fdm \u00fa\u010dtem, d\u00edky \u010demu\u017e [&hellip;]<\/p>\n","protected":false},"author":6,"featured_media":0,"parent":159,"menu_order":0,"comment_status":"closed","ping_status":"closed","template":"page-sidemenu","meta":{"_acf_changed":false,"_relevanssi_hide_post":"","_relevanssi_hide_content":"","_relevanssi_pin_for_all":"","_relevanssi_pin_keywords":"","_relevanssi_unpin_keywords":"","_relevanssi_related_keywords":"","_relevanssi_related_include_ids":"","_relevanssi_related_exclude_ids":"","_relevanssi_related_no_append":"","_relevanssi_related_not_related":"","_relevanssi_related_posts":"","_relevanssi_noindex_reason":"","footnotes":""},"page_category":[4],"page_tag":[],"service_status_category":[],"class_list":["post-193","page","type-page","status-publish","hentry"],"acf":[],"_links":{"self":[{"href":"https:\/\/o-seznam.cz\/napoveda\/seznam\/wp-json\/wp\/v2\/pages\/193","targetHints":{"allow":["GET"]}}],"collection":[{"href":"https:\/\/o-seznam.cz\/napoveda\/seznam\/wp-json\/wp\/v2\/pages"}],"about":[{"href":"https:\/\/o-seznam.cz\/napoveda\/seznam\/wp-json\/wp\/v2\/types\/page"}],"author":[{"embeddable":true,"href":"https:\/\/o-seznam.cz\/napoveda\/seznam\/wp-json\/wp\/v2\/users\/6"}],"replies":[{"embeddable":true,"href":"https:\/\/o-seznam.cz\/napoveda\/seznam\/wp-json\/wp\/v2\/comments?post=193"}],"version-history":[{"count":4,"href":"https:\/\/o-seznam.cz\/napoveda\/seznam\/wp-json\/wp\/v2\/pages\/193\/revisions"}],"predecessor-version":[{"id":304,"href":"https:\/\/o-seznam.cz\/napoveda\/seznam\/wp-json\/wp\/v2\/pages\/193\/revisions\/304"}],"up":[{"embeddable":true,"href":"https:\/\/o-seznam.cz\/napoveda\/seznam\/wp-json\/wp\/v2\/pages\/159"}],"wp:attachment":[{"href":"https:\/\/o-seznam.cz\/napoveda\/seznam\/wp-json\/wp\/v2\/media?parent=193"}],"wp:term":[{"taxonomy":"page_category","embeddable":true,"href":"https:\/\/o-seznam.cz\/napoveda\/seznam\/wp-json\/wp\/v2\/page_category?post=193"},{"taxonomy":"page_tag","embeddable":true,"href":"https:\/\/o-seznam.cz\/napoveda\/seznam\/wp-json\/wp\/v2\/page_tag?post=193"},{"taxonomy":"service_status_category","embeddable":true,"href":"https:\/\/o-seznam.cz\/napoveda\/seznam\/wp-json\/wp\/v2\/service_status_category?post=193"}],"curies":[{"name":"wp","href":"https:\/\/api.w.org\/{rel}","templated":true}]}}