{"id":191,"date":"2024-11-18T02:38:03","date_gmt":"2024-11-18T01:38:03","guid":{"rendered":"https:\/\/o-seznam.cz\/napoveda\/seznam\/?page_id=191"},"modified":"2024-12-06T11:52:54","modified_gmt":"2024-12-06T10:52:54","slug":"historie-a-mazani-dat","status":"publish","type":"page","link":"https:\/\/o-seznam.cz\/napoveda\/seznam\/aplikace\/ios\/historie-a-mazani-dat\/","title":{"rendered":"Historie a maz\u00e1n\u00ed dat"},"content":{"rendered":"\n<div class=\"wp-block-group is-layout-constrained wp-block-group-is-layout-constrained\">\n<p>M\u016f\u017ee nastat situace, kdy se v\u00e1m str\u00e1nka v aplikaci zobraz\u00ed chybn\u011b nebo se objev\u00ed n\u011bjak\u00e9 pot\u00ed\u017ee s p\u0159ihl\u00e1\u0161en\u00edm k r\u016fzn\u00fdm internetov\u00fdm slu\u017eb\u00e1m. To m\u016f\u017ee b\u00fdt d\u016fsledek star\u00fdch a chybn\u011b zapamatovan\u00fdch informac\u00ed, kter\u00e9 si prohl\u00ed\u017ee\u010d p\u0159i proch\u00e1zen\u00ed internetu b\u011b\u017en\u011b ukl\u00e1d\u00e1 (do\u010dasn\u00e9 soubory, cookies). Takov\u00e9 informace m\u016f\u017eete odstranit a smazat.<\/p>\n<\/div>\n\n\n\n<div class=\"wp-block-group is-layout-constrained wp-block-group-is-layout-constrained\">\n<h2 class=\"wp-block-heading\">Odstran\u011bn\u00ed historie a cookies<\/h2>\n\n\n\n<p>Ve spodn\u00ed li\u0161t\u011b na displeji \u0165ukn\u011bte na ikonu:<\/p>\n\n\n\n<figure class=\"wp-block-image size-full\"><img loading=\"lazy\" decoding=\"async\" width=\"97\" height=\"87\" src=\"https:\/\/o-seznam.cz\/napoveda\/seznam\/wp-content\/uploads\/sites\/16\/2024\/11\/menu-ico-1.png\" alt=\"\" class=\"wp-image-216\"\/><\/figure>\n\n\n\n<p>V nab\u00eddce zvolte polo\u017eku \u201eHistorie\u201c.<\/p>\n\n\n\n<p>V seznamu historie nav\u0161t\u00edven\u00fdch str\u00e1nek \u0165ukn\u011bte vpravo naho\u0159e na ikonku ko\u0161e.<\/p>\n\n\n\n<p>V zobrazen\u00e9m dotazu zvolte obdob\u00ed ke smaz\u00e1n\u00ed.<\/p>\n<\/div>\n\n\n\n<div class=\"wp-block-columns is-layout-flex wp-container-core-columns-is-layout-28f84493 wp-block-columns-is-layout-flex\">\n<div class=\"wp-block-column is-layout-flow wp-block-column-is-layout-flow\">\n<figure class=\"wp-block-image size-thumbnail\"><img loading=\"lazy\" decoding=\"async\" width=\"320\" height=\"280\" src=\"https:\/\/o-seznam.cz\/napoveda\/seznam\/wp-content\/uploads\/sites\/16\/2024\/11\/history-del-320x280.png\" alt=\"\" class=\"wp-image-217\" srcset=\"https:\/\/o-seznam.cz\/napoveda\/seznam\/wp-content\/uploads\/sites\/16\/2024\/11\/history-del-320x280.png 320w, https:\/\/o-seznam.cz\/napoveda\/seznam\/wp-content\/uploads\/sites\/16\/2024\/11\/history-del.png 673w\" sizes=\"auto, (max-width: 320px) 100vw, 320px\" \/><\/figure>\n<\/div>\n\n\n\n<div class=\"wp-block-column is-layout-flow wp-block-column-is-layout-flow\">\n<figure class=\"wp-block-image size-thumbnail\"><img loading=\"lazy\" decoding=\"async\" width=\"320\" height=\"266\" src=\"https:\/\/o-seznam.cz\/napoveda\/seznam\/wp-content\/uploads\/sites\/16\/2024\/11\/history-del2-320x266.png\" alt=\"\" class=\"wp-image-218\" srcset=\"https:\/\/o-seznam.cz\/napoveda\/seznam\/wp-content\/uploads\/sites\/16\/2024\/11\/history-del2-320x266.png 320w, https:\/\/o-seznam.cz\/napoveda\/seznam\/wp-content\/uploads\/sites\/16\/2024\/11\/history-del2.png 722w\" sizes=\"auto, (max-width: 320px) 100vw, 320px\" \/><\/figure>\n<\/div>\n<\/div>\n\n\n\n<div class=\"wp-block-group is-layout-constrained wp-block-group-is-layout-constrained\">\n<h2 class=\"wp-block-heading\">Odstran\u011bn\u00ed cookies<\/h2>\n\n\n\n<p>V aplikaci si m\u016f\u017eete odstranit i pouze samotn\u00e9 soubory cookies bez nutnosti smaz\u00e1n\u00ed historie prohl\u00ed\u017ee\u010de. Toto se m\u016f\u017ee hodit v\u00a0p\u0159\u00edpadech, kdy se nap\u0159. p\u0159i p\u0159ihla\u0161ov\u00e1n\u00ed na slu\u017eby vyskytnou n\u011bjak\u00e9 pot\u00ed\u017ee.<\/p>\n\n\n\n<p>Na spodn\u00ed stran\u011b str\u00e1nky vid\u00edte li\u0161tu s tla\u010d\u00edtky, to spr\u00e1vn\u00e9 je posledn\u00ed tla\u010d\u00edtko se t\u0159emi te\u010dkami:<\/p>\n\n\n\n<figure class=\"wp-block-image size-full\"><img loading=\"lazy\" decoding=\"async\" width=\"538\" height=\"82\" src=\"https:\/\/o-seznam.cz\/napoveda\/seznam\/wp-content\/uploads\/sites\/16\/2024\/11\/bottom-bar.png\" alt=\"\" class=\"wp-image-99\" srcset=\"https:\/\/o-seznam.cz\/napoveda\/seznam\/wp-content\/uploads\/sites\/16\/2024\/11\/bottom-bar.png 538w, https:\/\/o-seznam.cz\/napoveda\/seznam\/wp-content\/uploads\/sites\/16\/2024\/11\/bottom-bar-320x49.png 320w\" sizes=\"auto, (max-width: 538px) 100vw, 538px\" \/><\/figure>\n\n\n\n<p>V zobrazen\u00e9 nab\u00eddce \u0165ukn\u011bte na \u201eNastaven\u00ed\u201c.<\/p>\n\n\n\n<figure class=\"wp-block-image size-thumbnail\"><img loading=\"lazy\" decoding=\"async\" width=\"279\" height=\"320\" src=\"https:\/\/o-seznam.cz\/napoveda\/seznam\/wp-content\/uploads\/sites\/16\/2024\/11\/menu-279x320.png\" alt=\"\" class=\"wp-image-219\" srcset=\"https:\/\/o-seznam.cz\/napoveda\/seznam\/wp-content\/uploads\/sites\/16\/2024\/11\/menu-279x320.png 279w, https:\/\/o-seznam.cz\/napoveda\/seznam\/wp-content\/uploads\/sites\/16\/2024\/11\/menu.png 721w\" sizes=\"auto, (max-width: 279px) 100vw, 279px\" \/><\/figure>\n\n\n\n<p>V Nastaven\u00ed v \u010d\u00e1sti Obecn\u00e9 nastaven\u00ed \u0165ukn\u011bte na volbu \u201eSmazat \u00fadaje o prohl\u00ed\u017een\u00ed\u201c.<\/p>\n\n\n\n<p>V nab\u00eddce zvolte polo\u017eky ke smaz\u00e1n\u00ed.<\/p>\n\n\n\n<p>Smaz\u00e1n\u00ed potvr\u010fte tla\u010d\u00edtkem \u201eSmazat\u201c.<\/p>\n<\/div>\n\n\n\n<div class=\"wp-block-columns is-layout-flex wp-container-core-columns-is-layout-28f84493 wp-block-columns-is-layout-flex\">\n<div class=\"wp-block-column is-layout-flow wp-block-column-is-layout-flow\">\n<figure class=\"wp-block-image size-full\"><img loading=\"lazy\" decoding=\"async\" width=\"749\" height=\"903\" src=\"https:\/\/o-seznam.cz\/napoveda\/seznam\/wp-content\/uploads\/sites\/16\/2024\/11\/cookies-del.png\" alt=\"\" class=\"wp-image-220\" srcset=\"https:\/\/o-seznam.cz\/napoveda\/seznam\/wp-content\/uploads\/sites\/16\/2024\/11\/cookies-del.png 749w, https:\/\/o-seznam.cz\/napoveda\/seznam\/wp-content\/uploads\/sites\/16\/2024\/11\/cookies-del-265x320.png 265w\" sizes=\"auto, (max-width: 749px) 100vw, 749px\" \/><\/figure>\n<\/div>\n\n\n\n<div class=\"wp-block-column is-layout-flow wp-block-column-is-layout-flow\">\n<figure class=\"wp-block-image size-full\"><img loading=\"lazy\" decoding=\"async\" width=\"747\" height=\"555\" src=\"https:\/\/o-seznam.cz\/napoveda\/seznam\/wp-content\/uploads\/sites\/16\/2024\/11\/cookies-del2.png\" alt=\"\" class=\"wp-image-221\" srcset=\"https:\/\/o-seznam.cz\/napoveda\/seznam\/wp-content\/uploads\/sites\/16\/2024\/11\/cookies-del2.png 747w, https:\/\/o-seznam.cz\/napoveda\/seznam\/wp-content\/uploads\/sites\/16\/2024\/11\/cookies-del2-320x238.png 320w\" sizes=\"auto, (max-width: 747px) 100vw, 747px\" \/><\/figure>\n<\/div>\n\n\n\n<div class=\"wp-block-column is-layout-flow wp-block-column-is-layout-flow\">\n<figure class=\"wp-block-image size-full\"><img loading=\"lazy\" decoding=\"async\" width=\"547\" height=\"290\" src=\"https:\/\/o-seznam.cz\/napoveda\/seznam\/wp-content\/uploads\/sites\/16\/2024\/11\/cookies-del3.png\" alt=\"\" class=\"wp-image-222\" srcset=\"https:\/\/o-seznam.cz\/napoveda\/seznam\/wp-content\/uploads\/sites\/16\/2024\/11\/cookies-del3.png 547w, https:\/\/o-seznam.cz\/napoveda\/seznam\/wp-content\/uploads\/sites\/16\/2024\/11\/cookies-del3-320x170.png 320w\" sizes=\"auto, (max-width: 547px) 100vw, 547px\" \/><\/figure>\n<\/div>\n<\/div>\n","protected":false},"excerpt":{"rendered":"<p>M\u016f\u017ee nastat situace, kdy se v\u00e1m str\u00e1nka v aplikaci zobraz\u00ed chybn\u011b nebo se objev\u00ed n\u011bjak\u00e9 pot\u00ed\u017ee s p\u0159ihl\u00e1\u0161en\u00edm k r\u016fzn\u00fdm internetov\u00fdm slu\u017eb\u00e1m. To m\u016f\u017ee b\u00fdt d\u016fsledek star\u00fdch a chybn\u011b zapamatovan\u00fdch informac\u00ed, kter\u00e9 si prohl\u00ed\u017ee\u010d p\u0159i proch\u00e1zen\u00ed internetu b\u011b\u017en\u011b ukl\u00e1d\u00e1 (do\u010dasn\u00e9 soubory, cookies). Takov\u00e9 informace m\u016f\u017eete odstranit a smazat. Odstran\u011bn\u00ed historie a cookies Ve spodn\u00ed li\u0161t\u011b [&hellip;]<\/p>\n","protected":false},"author":6,"featured_media":0,"parent":159,"menu_order":0,"comment_status":"closed","ping_status":"closed","template":"page-sidemenu","meta":{"_acf_changed":false,"_relevanssi_hide_post":"","_relevanssi_hide_content":"","_relevanssi_pin_for_all":"","_relevanssi_pin_keywords":"","_relevanssi_unpin_keywords":"","_relevanssi_related_keywords":"","_relevanssi_related_include_ids":"","_relevanssi_related_exclude_ids":"","_relevanssi_related_no_append":"","_relevanssi_related_not_related":"","_relevanssi_related_posts":"","_relevanssi_noindex_reason":"","footnotes":""},"page_category":[4],"page_tag":[],"service_status_category":[],"class_list":["post-191","page","type-page","status-publish","hentry"],"acf":[],"_links":{"self":[{"href":"https:\/\/o-seznam.cz\/napoveda\/seznam\/wp-json\/wp\/v2\/pages\/191","targetHints":{"allow":["GET"]}}],"collection":[{"href":"https:\/\/o-seznam.cz\/napoveda\/seznam\/wp-json\/wp\/v2\/pages"}],"about":[{"href":"https:\/\/o-seznam.cz\/napoveda\/seznam\/wp-json\/wp\/v2\/types\/page"}],"author":[{"embeddable":true,"href":"https:\/\/o-seznam.cz\/napoveda\/seznam\/wp-json\/wp\/v2\/users\/6"}],"replies":[{"embeddable":true,"href":"https:\/\/o-seznam.cz\/napoveda\/seznam\/wp-json\/wp\/v2\/comments?post=191"}],"version-history":[{"count":4,"href":"https:\/\/o-seznam.cz\/napoveda\/seznam\/wp-json\/wp\/v2\/pages\/191\/revisions"}],"predecessor-version":[{"id":347,"href":"https:\/\/o-seznam.cz\/napoveda\/seznam\/wp-json\/wp\/v2\/pages\/191\/revisions\/347"}],"up":[{"embeddable":true,"href":"https:\/\/o-seznam.cz\/napoveda\/seznam\/wp-json\/wp\/v2\/pages\/159"}],"wp:attachment":[{"href":"https:\/\/o-seznam.cz\/napoveda\/seznam\/wp-json\/wp\/v2\/media?parent=191"}],"wp:term":[{"taxonomy":"page_category","embeddable":true,"href":"https:\/\/o-seznam.cz\/napoveda\/seznam\/wp-json\/wp\/v2\/page_category?post=191"},{"taxonomy":"page_tag","embeddable":true,"href":"https:\/\/o-seznam.cz\/napoveda\/seznam\/wp-json\/wp\/v2\/page_tag?post=191"},{"taxonomy":"service_status_category","embeddable":true,"href":"https:\/\/o-seznam.cz\/napoveda\/seznam\/wp-json\/wp\/v2\/service_status_category?post=191"}],"curies":[{"name":"wp","href":"https:\/\/api.w.org\/{rel}","templated":true}]}}