{"id":189,"date":"2024-11-18T02:48:10","date_gmt":"2024-11-18T01:48:10","guid":{"rendered":"https:\/\/o-seznam.cz\/napoveda\/seznam\/?page_id=189"},"modified":"2024-12-06T11:52:54","modified_gmt":"2024-12-06T10:52:54","slug":"oblibene-a-sdileni","status":"publish","type":"page","link":"https:\/\/o-seznam.cz\/napoveda\/seznam\/aplikace\/ios\/oblibene-a-sdileni\/","title":{"rendered":"Obl\u00edben\u00e9 a sd\u00edlen\u00ed"},"content":{"rendered":"\n<div class=\"wp-block-group is-layout-constrained wp-block-group-is-layout-constrained\">\n<p>Aplikace Seznam.cz je internetov\u00fd prohl\u00ed\u017ee\u010d pro va\u0161e mobiln\u00ed telefony a tablety. Nab\u00edz\u00ed \u0159adu pro prohl\u00ed\u017ee\u010de b\u011b\u017en\u00fdch, ale i nadstandardn\u00edch funkc\u00ed. N\u00ed\u017ee si m\u016f\u017eete prohl\u00e9dnout n\u011bkter\u00e9 z nich.<\/p>\n<\/div>\n\n\n\n<div class=\"wp-block-group is-layout-constrained wp-block-group-is-layout-constrained\">\n<h2 class=\"wp-block-heading\">P\u0159id\u00e1n\u00ed str\u00e1nky mezi Obl\u00edben\u00e9<\/h2>\n\n\n\n<p>Na spodn\u00ed stran\u011b str\u00e1nky vid\u00edte li\u0161tu s tla\u010d\u00edtky, to spr\u00e1vn\u00e9 je posledn\u00ed tla\u010d\u00edtko se t\u0159emi te\u010dkami.<\/p>\n\n\n\n<figure class=\"wp-block-image size-full\"><img loading=\"lazy\" decoding=\"async\" width=\"538\" height=\"82\" src=\"https:\/\/o-seznam.cz\/napoveda\/seznam\/wp-content\/uploads\/sites\/16\/2024\/11\/bottom-bar.png\" alt=\"\" class=\"wp-image-99\" srcset=\"https:\/\/o-seznam.cz\/napoveda\/seznam\/wp-content\/uploads\/sites\/16\/2024\/11\/bottom-bar.png 538w, https:\/\/o-seznam.cz\/napoveda\/seznam\/wp-content\/uploads\/sites\/16\/2024\/11\/bottom-bar-320x49.png 320w\" sizes=\"auto, (max-width: 538px) 100vw, 538px\" \/><\/figure>\n\n\n\n<p>V zobrazen\u00e9 nab\u00eddce zvolte mo\u017enost \u201eObl\u00edben\u00e9\u201c.<\/p>\n\n\n\n<figure class=\"wp-block-image size-thumbnail\"><img loading=\"lazy\" decoding=\"async\" width=\"279\" height=\"320\" src=\"https:\/\/o-seznam.cz\/napoveda\/seznam\/wp-content\/uploads\/sites\/16\/2024\/11\/menu-279x320.png\" alt=\"\" class=\"wp-image-219\" srcset=\"https:\/\/o-seznam.cz\/napoveda\/seznam\/wp-content\/uploads\/sites\/16\/2024\/11\/menu-279x320.png 279w, https:\/\/o-seznam.cz\/napoveda\/seznam\/wp-content\/uploads\/sites\/16\/2024\/11\/menu.png 721w\" sizes=\"auto, (max-width: 279px) 100vw, 279px\" \/><\/figure>\n\n\n\n<p>V panelu, kter\u00fd se zobraz\u00ed, pak sta\u010d\u00ed jen kliknout na \u010derven\u00e9 tla\u010d\u00edtko \u201eP\u0159idat otev\u0159enou str\u00e1nku do Obl\u00edben\u00fdch\u201c. Po kliknut\u00ed na n\u011bj se str\u00e1nka ihned p\u0159id\u00e1 mezi va\u0161e obl\u00edben\u00e9 str\u00e1nky.<\/p>\n\n\n\n<figure class=\"wp-block-image size-thumbnail\"><img loading=\"lazy\" decoding=\"async\" width=\"320\" height=\"232\" src=\"https:\/\/o-seznam.cz\/napoveda\/seznam\/wp-content\/uploads\/sites\/16\/2024\/11\/favourites-320x232.png\" alt=\"\" class=\"wp-image-227\" srcset=\"https:\/\/o-seznam.cz\/napoveda\/seznam\/wp-content\/uploads\/sites\/16\/2024\/11\/favourites-320x232.png 320w, https:\/\/o-seznam.cz\/napoveda\/seznam\/wp-content\/uploads\/sites\/16\/2024\/11\/favourites.png 674w\" sizes=\"auto, (max-width: 320px) 100vw, 320px\" \/><\/figure>\n\n\n\n<p>Obl\u00edben\u00e9 str\u00e1nky si tak\u00e9 m\u016f\u017eete t\u0159\u00eddit do slo\u017eek. Slo\u017eku vytvo\u0159\u00edte kliknut\u00edm na ikonu v panelu Obl\u00edben\u00fdch. Novou slo\u017eku je pot\u0159eba pojmenovat a ulo\u017eit kliknut\u00edm na tla\u010d\u00edtko \u201eHotovo\u201c.<\/p>\n\n\n\n<figure class=\"wp-block-image size-thumbnail\"><img loading=\"lazy\" decoding=\"async\" width=\"320\" height=\"267\" src=\"https:\/\/o-seznam.cz\/napoveda\/seznam\/wp-content\/uploads\/sites\/16\/2024\/11\/fav-folder-1-320x267.png\" alt=\"\" class=\"wp-image-228\" srcset=\"https:\/\/o-seznam.cz\/napoveda\/seznam\/wp-content\/uploads\/sites\/16\/2024\/11\/fav-folder-1-320x267.png 320w, https:\/\/o-seznam.cz\/napoveda\/seznam\/wp-content\/uploads\/sites\/16\/2024\/11\/fav-folder-1.png 675w\" sizes=\"auto, (max-width: 320px) 100vw, 320px\" \/><\/figure>\n\n\n\n<p>Pokud chcete obl\u00edbenou str\u00e1nku upravit, p\u0159esunout nebo smazat, klikn\u011bte na ikonu:<\/p>\n\n\n\n<figure class=\"wp-block-image size-full\"><img loading=\"lazy\" decoding=\"async\" width=\"80\" height=\"79\" src=\"https:\/\/o-seznam.cz\/napoveda\/seznam\/wp-content\/uploads\/sites\/16\/2024\/11\/fav-edit-ico.png\" alt=\"\" class=\"wp-image-229\"\/><\/figure>\n\n\n\n<p>U ka\u017ed\u00e9 obl\u00edben\u00e9 str\u00e1nky ve v\u00fdpisu se zobraz\u00ed \u010derven\u00e9 tla\u010d\u00edtko pro smaz\u00e1n\u00ed a ikona t\u0159\u00ed \u010d\u00e1rek pro p\u0159esunut\u00ed. Kliknut\u00edm p\u0159\u00edmo na polo\u017eku se otev\u0159e formul\u00e1\u0159, ve kter\u00e9m m\u016f\u017eete upravit n\u00e1zev, URL a um\u00edst\u011bn\u00ed polo\u017eky.<\/p>\n\n\n\n<figure class=\"wp-block-image size-thumbnail\"><img loading=\"lazy\" decoding=\"async\" width=\"320\" height=\"189\" src=\"https:\/\/o-seznam.cz\/napoveda\/seznam\/wp-content\/uploads\/sites\/16\/2024\/11\/fav-edit-320x189.png\" alt=\"\" class=\"wp-image-230\" srcset=\"https:\/\/o-seznam.cz\/napoveda\/seznam\/wp-content\/uploads\/sites\/16\/2024\/11\/fav-edit-320x189.png 320w, https:\/\/o-seznam.cz\/napoveda\/seznam\/wp-content\/uploads\/sites\/16\/2024\/11\/fav-edit.png 575w\" sizes=\"auto, (max-width: 320px) 100vw, 320px\" \/><\/figure>\n<\/div>\n\n\n\n<div class=\"wp-block-group is-layout-constrained wp-block-group-is-layout-constrained\">\n<h2 class=\"wp-block-heading\">Sd\u00edlen\u00ed<\/h2>\n\n\n\n<p>Str\u00e1nky m\u016f\u017eete tak\u00e9 jednodu\u0161e sd\u00edlet s ostatn\u00edmi, p\u0159\u00e1teli a kamar\u00e1dy.<\/p>\n\n\n\n<p>Na spodn\u00ed stran\u011b str\u00e1nky vid\u00edte li\u0161tu s tla\u010d\u00edtky, to spr\u00e1vn\u00e9 je posledn\u00ed tla\u010d\u00edtko se t\u0159emi te\u010dkami.<\/p>\n\n\n\n<figure class=\"wp-block-image size-full\"><img loading=\"lazy\" decoding=\"async\" width=\"538\" height=\"82\" src=\"https:\/\/o-seznam.cz\/napoveda\/seznam\/wp-content\/uploads\/sites\/16\/2024\/11\/bottom-bar.png\" alt=\"\" class=\"wp-image-99\" srcset=\"https:\/\/o-seznam.cz\/napoveda\/seznam\/wp-content\/uploads\/sites\/16\/2024\/11\/bottom-bar.png 538w, https:\/\/o-seznam.cz\/napoveda\/seznam\/wp-content\/uploads\/sites\/16\/2024\/11\/bottom-bar-320x49.png 320w\" sizes=\"auto, (max-width: 538px) 100vw, 538px\" \/><\/figure>\n\n\n\n<p>V zobrazen\u00e9 nab\u00eddce zvolte mo\u017enost \u201eSd\u00edlet\u201c.<\/p>\n\n\n\n<figure class=\"wp-block-image size-thumbnail\"><img loading=\"lazy\" decoding=\"async\" width=\"279\" height=\"320\" src=\"https:\/\/o-seznam.cz\/napoveda\/seznam\/wp-content\/uploads\/sites\/16\/2024\/11\/menu-279x320.png\" alt=\"\" class=\"wp-image-219\" srcset=\"https:\/\/o-seznam.cz\/napoveda\/seznam\/wp-content\/uploads\/sites\/16\/2024\/11\/menu-279x320.png 279w, https:\/\/o-seznam.cz\/napoveda\/seznam\/wp-content\/uploads\/sites\/16\/2024\/11\/menu.png 721w\" sizes=\"auto, (max-width: 279px) 100vw, 279px\" \/><\/figure>\n\n\n\n<p>Z nab\u00eddky pot\u00e9 sta\u010d\u00ed zvolit, kterou aplikaci chcete pro sd\u00edlen\u00ed pou\u017e\u00edt.<\/p>\n\n\n\n<figure class=\"wp-block-image size-thumbnail\"><img loading=\"lazy\" decoding=\"async\" width=\"320\" height=\"293\" src=\"https:\/\/o-seznam.cz\/napoveda\/seznam\/wp-content\/uploads\/sites\/16\/2024\/11\/share-1-320x293.png\" alt=\"\" class=\"wp-image-231\" srcset=\"https:\/\/o-seznam.cz\/napoveda\/seznam\/wp-content\/uploads\/sites\/16\/2024\/11\/share-1-320x293.png 320w, https:\/\/o-seznam.cz\/napoveda\/seznam\/wp-content\/uploads\/sites\/16\/2024\/11\/share-1.png 729w\" sizes=\"auto, (max-width: 320px) 100vw, 320px\" \/><\/figure>\n<\/div>\n","protected":false},"excerpt":{"rendered":"<p>Aplikace Seznam.cz je internetov\u00fd prohl\u00ed\u017ee\u010d pro va\u0161e mobiln\u00ed telefony a tablety. Nab\u00edz\u00ed \u0159adu pro prohl\u00ed\u017ee\u010de b\u011b\u017en\u00fdch, ale i nadstandardn\u00edch funkc\u00ed. N\u00ed\u017ee si m\u016f\u017eete prohl\u00e9dnout n\u011bkter\u00e9 z nich. P\u0159id\u00e1n\u00ed str\u00e1nky mezi Obl\u00edben\u00e9 Na spodn\u00ed stran\u011b str\u00e1nky vid\u00edte li\u0161tu s tla\u010d\u00edtky, to spr\u00e1vn\u00e9 je posledn\u00ed tla\u010d\u00edtko se t\u0159emi te\u010dkami. V zobrazen\u00e9 nab\u00eddce zvolte mo\u017enost \u201eObl\u00edben\u00e9\u201c. V panelu, [&hellip;]<\/p>\n","protected":false},"author":6,"featured_media":0,"parent":159,"menu_order":0,"comment_status":"closed","ping_status":"closed","template":"page-sidemenu","meta":{"_acf_changed":false,"_relevanssi_hide_post":"","_relevanssi_hide_content":"","_relevanssi_pin_for_all":"","_relevanssi_pin_keywords":"","_relevanssi_unpin_keywords":"","_relevanssi_related_keywords":"","_relevanssi_related_include_ids":"","_relevanssi_related_exclude_ids":"","_relevanssi_related_no_append":"","_relevanssi_related_not_related":"","_relevanssi_related_posts":"","_relevanssi_noindex_reason":"","footnotes":""},"page_category":[4],"page_tag":[],"service_status_category":[],"class_list":["post-189","page","type-page","status-publish","hentry"],"acf":[],"_links":{"self":[{"href":"https:\/\/o-seznam.cz\/napoveda\/seznam\/wp-json\/wp\/v2\/pages\/189","targetHints":{"allow":["GET"]}}],"collection":[{"href":"https:\/\/o-seznam.cz\/napoveda\/seznam\/wp-json\/wp\/v2\/pages"}],"about":[{"href":"https:\/\/o-seznam.cz\/napoveda\/seznam\/wp-json\/wp\/v2\/types\/page"}],"author":[{"embeddable":true,"href":"https:\/\/o-seznam.cz\/napoveda\/seznam\/wp-json\/wp\/v2\/users\/6"}],"replies":[{"embeddable":true,"href":"https:\/\/o-seznam.cz\/napoveda\/seznam\/wp-json\/wp\/v2\/comments?post=189"}],"version-history":[{"count":2,"href":"https:\/\/o-seznam.cz\/napoveda\/seznam\/wp-json\/wp\/v2\/pages\/189\/revisions"}],"predecessor-version":[{"id":232,"href":"https:\/\/o-seznam.cz\/napoveda\/seznam\/wp-json\/wp\/v2\/pages\/189\/revisions\/232"}],"up":[{"embeddable":true,"href":"https:\/\/o-seznam.cz\/napoveda\/seznam\/wp-json\/wp\/v2\/pages\/159"}],"wp:attachment":[{"href":"https:\/\/o-seznam.cz\/napoveda\/seznam\/wp-json\/wp\/v2\/media?parent=189"}],"wp:term":[{"taxonomy":"page_category","embeddable":true,"href":"https:\/\/o-seznam.cz\/napoveda\/seznam\/wp-json\/wp\/v2\/page_category?post=189"},{"taxonomy":"page_tag","embeddable":true,"href":"https:\/\/o-seznam.cz\/napoveda\/seznam\/wp-json\/wp\/v2\/page_tag?post=189"},{"taxonomy":"service_status_category","embeddable":true,"href":"https:\/\/o-seznam.cz\/napoveda\/seznam\/wp-json\/wp\/v2\/service_status_category?post=189"}],"curies":[{"name":"wp","href":"https:\/\/api.w.org\/{rel}","templated":true}]}}