{"id":180,"date":"2024-11-18T00:01:39","date_gmt":"2024-11-17T23:01:39","guid":{"rendered":"https:\/\/o-seznam.cz\/napoveda\/seznam\/?page_id=180"},"modified":"2024-12-06T11:52:54","modified_gmt":"2024-12-06T10:52:54","slug":"prekladac","status":"publish","type":"page","link":"https:\/\/o-seznam.cz\/napoveda\/seznam\/aplikace\/android\/prekladac\/","title":{"rendered":"P\u0159eklada\u010d"},"content":{"rendered":"\n<div class=\"wp-block-group is-layout-constrained wp-block-group-is-layout-constrained\">\n<p>Pomoc\u00ed p\u0159eklada\u010de si p\u0159elo\u017e\u00edte do \u010de\u0161tiny celou str\u00e1nku nebo jednotliv\u00e1 slova p\u0159\u00edmo v aplikaci Seznam.cz. P\u0159eklada\u010d um\u00ed p\u0159ekl\u00e1dat z t\u011bchto jazyk\u016f:<\/p>\n\n\n\n<figure class=\"wp-block-image size-full\"><img loading=\"lazy\" decoding=\"async\" width=\"180\" height=\"196\" src=\"https:\/\/o-seznam.cz\/napoveda\/seznam\/wp-content\/uploads\/sites\/16\/2024\/11\/prekladac-jazyky.png\" alt=\"\" class=\"wp-image-182\"\/><\/figure>\n<\/div>\n\n\n\n<div class=\"wp-block-group is-layout-constrained wp-block-group-is-layout-constrained\">\n<h2 class=\"wp-block-heading\" id=\"prekladac-stranek\">P\u0159eklada\u010d cel\u00fdch str\u00e1nek<\/h2>\n\n\n\n<p>Kdy\u017e nav\u0161t\u00edv\u00edte cizojazy\u010dnou str\u00e1nku, v adresn\u00edm \u0159\u00e1dku se zobraz\u00ed pejsek Krasty s \u010deskou vlaje\u010dkou. Po kliknut\u00ed na n\u011bj se str\u00e1nka p\u0159elo\u017e\u00ed do \u010de\u0161tiny.<\/p>\n\n\n\n<p>Stejn\u011b tak snadno m\u016f\u017eete p\u0159elo\u017eenou str\u00e1nku vr\u00e1tit do p\u016fvodn\u00edho zn\u011bn\u00ed, dal\u0161\u00edm kliknut\u00edm na ikonku pejska Krastyho s vlaje\u010dkou.<\/p>\n\n\n\n<figure class=\"wp-block-image size-thumbnail\"><img loading=\"lazy\" decoding=\"async\" width=\"191\" height=\"320\" src=\"https:\/\/o-seznam.cz\/napoveda\/seznam\/wp-content\/uploads\/sites\/16\/2024\/11\/videoframe-2410-191x320.png\" alt=\"\" class=\"wp-image-306\" srcset=\"https:\/\/o-seznam.cz\/napoveda\/seznam\/wp-content\/uploads\/sites\/16\/2024\/11\/videoframe-2410-191x320.png 191w, https:\/\/o-seznam.cz\/napoveda\/seznam\/wp-content\/uploads\/sites\/16\/2024\/11\/videoframe-2410-593x992.png 593w, https:\/\/o-seznam.cz\/napoveda\/seznam\/wp-content\/uploads\/sites\/16\/2024\/11\/videoframe-2410-768x1286.png 768w, https:\/\/o-seznam.cz\/napoveda\/seznam\/wp-content\/uploads\/sites\/16\/2024\/11\/videoframe-2410-918x1536.png 918w, https:\/\/o-seznam.cz\/napoveda\/seznam\/wp-content\/uploads\/sites\/16\/2024\/11\/videoframe-2410.png 1080w\" sizes=\"auto, (max-width: 191px) 100vw, 191px\" \/><\/figure>\n<\/div>\n\n\n\n<div class=\"wp-block-group is-layout-constrained wp-block-group-is-layout-constrained\">\n<h2 class=\"wp-block-heading\" id=\"prekladac-slov\">P\u0159eklada\u010d jednotliv\u00fdch slov<\/h2>\n\n\n\n<p>Pokud pot\u0159ebujete p\u0159elo\u017eit jen ur\u010dit\u00e9 slovo, sta\u010d\u00ed na n\u011b v textu kliknout a objev\u00ed se bublina s \u010desk\u00fdm p\u0159ekladem.<\/p>\n\n\n\n<p>Kliknut\u00edm do str\u00e1nky mimo bublinu se bublina zav\u0159e.<\/p>\n\n\n\n<p>Kliknut\u00ed na bublinu v\u00e1s pak p\u0159esm\u011bruje na str\u00e1nky Seznam Slovn\u00edku, kde najdete dal\u0161\u00ed v\u00fdznamy vybran\u00e9ho slova a z\u00e1kladn\u00ed fr\u00e1ze, ve kter\u00fdch se dan\u00e9 slovo vyskytuje.<\/p>\n\n\n\n<figure class=\"wp-block-image size-full\"><img loading=\"lazy\" decoding=\"async\" width=\"345\" height=\"186\" src=\"https:\/\/o-seznam.cz\/napoveda\/seznam\/wp-content\/uploads\/sites\/16\/2024\/11\/seznam-android-preklad2.png\" alt=\"\" class=\"wp-image-184\" srcset=\"https:\/\/o-seznam.cz\/napoveda\/seznam\/wp-content\/uploads\/sites\/16\/2024\/11\/seznam-android-preklad2.png 345w, https:\/\/o-seznam.cz\/napoveda\/seznam\/wp-content\/uploads\/sites\/16\/2024\/11\/seznam-android-preklad2-320x173.png 320w\" sizes=\"auto, (max-width: 345px) 100vw, 345px\" \/><\/figure>\n<\/div>\n\n\n\n<div class=\"wp-block-group is-layout-constrained wp-block-group-is-layout-constrained\">\n<h2 class=\"wp-block-heading\">Nastaven\u00ed p\u0159eklada\u010de<\/h2>\n\n\n\n<p>Pokud chcete zm\u011bnit nastaven\u00ed p\u0159eklada\u010de, na spodn\u00ed li\u0161t\u011b prohl\u00ed\u017ee\u010de \u0165ukn\u011bte na tla\u010d\u00edtko se t\u0159emi te\u010dkami a n\u00e1sledn\u011b vyberte mo\u017enost Nastaven\u00ed.<\/p>\n\n\n\n<p>V \u010d\u00e1sti nastaven\u00ed v\u011bnovan\u00e9 p\u0159eklada\u010di si pomoc\u00ed za\u0161krt\u00e1vac\u00edch pol\u00ed zvolte, ze kter\u00fdch z dostupn\u00fdch jazyk\u016f si p\u0159ejete p\u0159ekl\u00e1dat cel\u00e9 str\u00e1nky.<\/p>\n\n\n\n<p>Zvolit si m\u016f\u017eete i to, zda si p\u0159ejete p\u0159ekl\u00e1dat slova klepnut\u00edm \u010di nikoliv.<\/p>\n\n\n\n<div class=\"wp-block-columns is-layout-flex wp-container-core-columns-is-layout-28f84493 wp-block-columns-is-layout-flex\">\n<div class=\"wp-block-column is-layout-flow wp-block-column-is-layout-flow\">\n<figure class=\"wp-block-image size-full\"><img loading=\"lazy\" decoding=\"async\" width=\"345\" height=\"206\" src=\"https:\/\/o-seznam.cz\/napoveda\/seznam\/wp-content\/uploads\/sites\/16\/2024\/11\/seznam-android-preklad3.png\" alt=\"\" class=\"wp-image-185\" srcset=\"https:\/\/o-seznam.cz\/napoveda\/seznam\/wp-content\/uploads\/sites\/16\/2024\/11\/seznam-android-preklad3.png 345w, https:\/\/o-seznam.cz\/napoveda\/seznam\/wp-content\/uploads\/sites\/16\/2024\/11\/seznam-android-preklad3-320x191.png 320w\" sizes=\"auto, (max-width: 345px) 100vw, 345px\" \/><\/figure>\n<\/div>\n\n\n\n<div class=\"wp-block-column is-layout-flow wp-block-column-is-layout-flow\">\n<figure class=\"wp-block-image size-full\"><img loading=\"lazy\" decoding=\"async\" width=\"345\" height=\"365\" src=\"https:\/\/o-seznam.cz\/napoveda\/seznam\/wp-content\/uploads\/sites\/16\/2024\/11\/seznam-android-preklad4.png\" alt=\"\" class=\"wp-image-186\" srcset=\"https:\/\/o-seznam.cz\/napoveda\/seznam\/wp-content\/uploads\/sites\/16\/2024\/11\/seznam-android-preklad4.png 345w, https:\/\/o-seznam.cz\/napoveda\/seznam\/wp-content\/uploads\/sites\/16\/2024\/11\/seznam-android-preklad4-302x320.png 302w\" sizes=\"auto, (max-width: 345px) 100vw, 345px\" \/><\/figure>\n<\/div>\n<\/div>\n<\/div>\n","protected":false},"excerpt":{"rendered":"<p>Pomoc\u00ed p\u0159eklada\u010de si p\u0159elo\u017e\u00edte do \u010de\u0161tiny celou str\u00e1nku nebo jednotliv\u00e1 slova p\u0159\u00edmo v aplikaci Seznam.cz. P\u0159eklada\u010d um\u00ed p\u0159ekl\u00e1dat z t\u011bchto jazyk\u016f: P\u0159eklada\u010d cel\u00fdch str\u00e1nek Kdy\u017e nav\u0161t\u00edv\u00edte cizojazy\u010dnou str\u00e1nku, v adresn\u00edm \u0159\u00e1dku se zobraz\u00ed pejsek Krasty s \u010deskou vlaje\u010dkou. Po kliknut\u00ed na n\u011bj se str\u00e1nka p\u0159elo\u017e\u00ed do \u010de\u0161tiny. Stejn\u011b tak snadno m\u016f\u017eete p\u0159elo\u017eenou str\u00e1nku vr\u00e1tit do [&hellip;]<\/p>\n","protected":false},"author":6,"featured_media":0,"parent":157,"menu_order":0,"comment_status":"closed","ping_status":"closed","template":"page-sidemenu","meta":{"_acf_changed":false,"_relevanssi_hide_post":"","_relevanssi_hide_content":"","_relevanssi_pin_for_all":"","_relevanssi_pin_keywords":"","_relevanssi_unpin_keywords":"","_relevanssi_related_keywords":"","_relevanssi_related_include_ids":"","_relevanssi_related_exclude_ids":"","_relevanssi_related_no_append":"","_relevanssi_related_not_related":"","_relevanssi_related_posts":"","_relevanssi_noindex_reason":"","footnotes":""},"page_category":[4],"page_tag":[],"service_status_category":[],"class_list":["post-180","page","type-page","status-publish","hentry"],"acf":[],"_links":{"self":[{"href":"https:\/\/o-seznam.cz\/napoveda\/seznam\/wp-json\/wp\/v2\/pages\/180","targetHints":{"allow":["GET"]}}],"collection":[{"href":"https:\/\/o-seznam.cz\/napoveda\/seznam\/wp-json\/wp\/v2\/pages"}],"about":[{"href":"https:\/\/o-seznam.cz\/napoveda\/seznam\/wp-json\/wp\/v2\/types\/page"}],"author":[{"embeddable":true,"href":"https:\/\/o-seznam.cz\/napoveda\/seznam\/wp-json\/wp\/v2\/users\/6"}],"replies":[{"embeddable":true,"href":"https:\/\/o-seznam.cz\/napoveda\/seznam\/wp-json\/wp\/v2\/comments?post=180"}],"version-history":[{"count":3,"href":"https:\/\/o-seznam.cz\/napoveda\/seznam\/wp-json\/wp\/v2\/pages\/180\/revisions"}],"predecessor-version":[{"id":308,"href":"https:\/\/o-seznam.cz\/napoveda\/seznam\/wp-json\/wp\/v2\/pages\/180\/revisions\/308"}],"up":[{"embeddable":true,"href":"https:\/\/o-seznam.cz\/napoveda\/seznam\/wp-json\/wp\/v2\/pages\/157"}],"wp:attachment":[{"href":"https:\/\/o-seznam.cz\/napoveda\/seznam\/wp-json\/wp\/v2\/media?parent=180"}],"wp:term":[{"taxonomy":"page_category","embeddable":true,"href":"https:\/\/o-seznam.cz\/napoveda\/seznam\/wp-json\/wp\/v2\/page_category?post=180"},{"taxonomy":"page_tag","embeddable":true,"href":"https:\/\/o-seznam.cz\/napoveda\/seznam\/wp-json\/wp\/v2\/page_tag?post=180"},{"taxonomy":"service_status_category","embeddable":true,"href":"https:\/\/o-seznam.cz\/napoveda\/seznam\/wp-json\/wp\/v2\/service_status_category?post=180"}],"curies":[{"name":"wp","href":"https:\/\/api.w.org\/{rel}","templated":true}]}}