{"id":170,"date":"2024-11-18T00:10:00","date_gmt":"2024-11-17T23:10:00","guid":{"rendered":"https:\/\/o-seznam.cz\/napoveda\/seznam\/?page_id=170"},"modified":"2024-12-15T23:09:36","modified_gmt":"2024-12-15T22:09:36","slug":"synchronizace-a-emaily","status":"publish","type":"page","link":"https:\/\/o-seznam.cz\/napoveda\/seznam\/aplikace\/android\/synchronizace-a-emaily\/","title":{"rendered":"Synchronizace a e-mailov\u00e9 zpr\u00e1vy"},"content":{"rendered":"\n<div class=\"wp-block-group is-layout-constrained wp-block-group-is-layout-constrained\">\n<p>V aplikaci Seznam.cz se m\u016f\u017eete p\u0159ihl\u00e1sit sv\u00fdm u\u017eivatelsk\u00fdm \u00fa\u010dtem, d\u00edky \u010demu\u017e z\u00edsk\u00e1te mo\u017enost:<\/p>\n\n\n\n<ul class=\"wp-block-list\">\n<li><a href=\"#synchronizace\">Synchronizace<\/a>\n<ul class=\"wp-block-list\">\n<li>synchronizovat obl\u00edben\u00e9 str\u00e1nky a hesla mezi mobiln\u00ed aplikac\u00ed a aplikac\u00ed pro po\u010d\u00edta\u010de<\/li>\n<\/ul>\n<\/li>\n\n\n\n<li><a href=\"#upozorneni\">Upozor\u0148ov\u00e1n\u00ed na nov\u00e9 e-maily<\/a>\n<ul class=\"wp-block-list\">\n<li>zm\u011bnou ikonky na spodn\u00ed li\u0161t\u011b v\u00e1s bude aplikace upozor\u0148ovat na nov\u00e9 zpr\u00e1vy ve va\u0161i schr\u00e1nce Seznam Emailu<\/li>\n<\/ul>\n<\/li>\n<\/ul>\n<\/div>\n\n\n\n<div class=\"wp-block-group is-layout-constrained wp-block-group-is-layout-constrained\">\n<h2 class=\"wp-block-heading\" id=\"synchronizace\">Synchronizace<\/h2>\n\n\n\n<p>Na spodn\u00ed li\u0161t\u011b \u0165ukn\u011bte na tla\u010d\u00edtko se t\u0159emi te\u010dkami a n\u00e1sledn\u011b vyberte mo\u017enost Nastaven\u00ed.<\/p>\n\n\n\n<p>Prvn\u00ed polo\u017ekou v nastaven\u00ed je P\u0159ihl\u00e1\u0161en\u00ed do aplikace, \u0165ukn\u011bte na P\u0159ihl\u00e1sit se a v n\u00e1sleduj\u00edc\u00edm okn\u011b znovu.<\/p>\n\n\n\n<div class=\"wp-block-columns is-layout-flex wp-container-core-columns-is-layout-28f84493 wp-block-columns-is-layout-flex\">\n<div class=\"wp-block-column is-layout-flow wp-block-column-is-layout-flow\">\n<figure class=\"wp-block-image size-full\"><img loading=\"lazy\" decoding=\"async\" width=\"345\" height=\"552\" src=\"https:\/\/o-seznam.cz\/napoveda\/seznam\/wp-content\/uploads\/sites\/16\/2024\/11\/seznam-android-nastaveni1.png\" alt=\"\" class=\"wp-image-167\" srcset=\"https:\/\/o-seznam.cz\/napoveda\/seznam\/wp-content\/uploads\/sites\/16\/2024\/11\/seznam-android-nastaveni1.png 345w, https:\/\/o-seznam.cz\/napoveda\/seznam\/wp-content\/uploads\/sites\/16\/2024\/11\/seznam-android-nastaveni1-200x320.png 200w\" sizes=\"auto, (max-width: 345px) 100vw, 345px\" \/><\/figure>\n<\/div>\n\n\n\n<div class=\"wp-block-column is-layout-flow wp-block-column-is-layout-flow\">\n<figure class=\"wp-block-image size-full\"><img loading=\"lazy\" decoding=\"async\" width=\"345\" height=\"552\" src=\"https:\/\/o-seznam.cz\/napoveda\/seznam\/wp-content\/uploads\/sites\/16\/2024\/11\/seznam-android-prihlaseni1.png\" alt=\"\" class=\"wp-image-173\" srcset=\"https:\/\/o-seznam.cz\/napoveda\/seznam\/wp-content\/uploads\/sites\/16\/2024\/11\/seznam-android-prihlaseni1.png 345w, https:\/\/o-seznam.cz\/napoveda\/seznam\/wp-content\/uploads\/sites\/16\/2024\/11\/seznam-android-prihlaseni1-200x320.png 200w\" sizes=\"auto, (max-width: 345px) 100vw, 345px\" \/><\/figure>\n<\/div>\n<\/div>\n\n\n\n<p>Do formul\u00e1\u0159e zadejte sv\u00e9 u\u017eivatelsk\u00e9 jm\u00e9no (v p\u0159\u00edpad\u011b adres @email.cz a @post.cz celou adresu) a p\u0159ihlaste se.<\/p>\n\n\n\n<p>V n\u00e1sleduj\u00edc\u00edm okn\u011b si zvolte, kterou z mo\u017enost\u00ed si p\u0159ejete vyu\u017e\u00edvat, a \u0165ukn\u011bte na Dokon\u010dit.<\/p>\n\n\n\n<div class=\"wp-block-columns is-layout-flex wp-container-core-columns-is-layout-28f84493 wp-block-columns-is-layout-flex\">\n<div class=\"wp-block-column is-layout-flow wp-block-column-is-layout-flow\">\n<figure class=\"wp-block-image size-full\"><img loading=\"lazy\" decoding=\"async\" width=\"345\" height=\"552\" src=\"https:\/\/o-seznam.cz\/napoveda\/seznam\/wp-content\/uploads\/sites\/16\/2024\/11\/seznam-android-prihlaseni2.png\" alt=\"\" class=\"wp-image-175\" srcset=\"https:\/\/o-seznam.cz\/napoveda\/seznam\/wp-content\/uploads\/sites\/16\/2024\/11\/seznam-android-prihlaseni2.png 345w, https:\/\/o-seznam.cz\/napoveda\/seznam\/wp-content\/uploads\/sites\/16\/2024\/11\/seznam-android-prihlaseni2-200x320.png 200w\" sizes=\"auto, (max-width: 345px) 100vw, 345px\" \/><\/figure>\n<\/div>\n\n\n\n<div class=\"wp-block-column is-layout-flow wp-block-column-is-layout-flow\">\n<figure class=\"wp-block-image size-full\"><img loading=\"lazy\" decoding=\"async\" width=\"345\" height=\"552\" src=\"https:\/\/o-seznam.cz\/napoveda\/seznam\/wp-content\/uploads\/sites\/16\/2024\/11\/seznam-android-sync.png\" alt=\"\" class=\"wp-image-176\" srcset=\"https:\/\/o-seznam.cz\/napoveda\/seznam\/wp-content\/uploads\/sites\/16\/2024\/11\/seznam-android-sync.png 345w, https:\/\/o-seznam.cz\/napoveda\/seznam\/wp-content\/uploads\/sites\/16\/2024\/11\/seznam-android-sync-200x320.png 200w\" sizes=\"auto, (max-width: 345px) 100vw, 345px\" \/><\/figure>\n<\/div>\n<\/div>\n\n\n\n<p>Pokud ji\u017e v aplikaci n\u011bjak\u00e9 obl\u00edben\u00e9 str\u00e1nky ulo\u017eeny m\u00e1te, zobraz\u00ed se je\u0161t\u011b upozorn\u011bn\u00ed, zda skute\u010dn\u011b chcete i tyto str\u00e1nky nahr\u00e1t na server a zobrazit i v aplikaci na po\u010d\u00edta\u010di.<\/p>\n\n\n\n<p>V nastaven\u00ed n\u00e1sledn\u011b ji\u017e vid\u00edte informaci o p\u0159ihl\u00e1\u0161en\u00e9m \u00fa\u010dtu.<\/p>\n\n\n\n<figure class=\"wp-block-image size-full\"><img loading=\"lazy\" decoding=\"async\" width=\"345\" height=\"219\" src=\"https:\/\/o-seznam.cz\/napoveda\/seznam\/wp-content\/uploads\/sites\/16\/2024\/11\/seznam-android-prihlaseni3.png\" alt=\"\" class=\"wp-image-178\" srcset=\"https:\/\/o-seznam.cz\/napoveda\/seznam\/wp-content\/uploads\/sites\/16\/2024\/11\/seznam-android-prihlaseni3.png 345w, https:\/\/o-seznam.cz\/napoveda\/seznam\/wp-content\/uploads\/sites\/16\/2024\/11\/seznam-android-prihlaseni3-320x203.png 320w\" sizes=\"auto, (max-width: 345px) 100vw, 345px\" \/><\/figure>\n<\/div>\n\n\n\n<div class=\"wp-block-group is-layout-constrained wp-block-group-is-layout-constrained\">\n<h2 class=\"wp-block-heading\" id=\"upozorneni\">Upozorn\u011bn\u00ed na nov\u00e9 e-maily<\/h2>\n\n\n\n<p>Pokud si p\u0159i p\u0159ihl\u00e1\u0161en\u00ed do aplikace zvol\u00edte tak\u00e9 mo\u017enost upozorn\u011bn\u00ed na nov\u00e9 zpr\u00e1vy, zobraz\u00ed se v\u00e1m na ikonce ob\u00e1lky, um\u00edst\u011bn\u00e9 vlevo na spodn\u00ed li\u0161t\u011b aplikace, v\u017edy po\u010det nov\u00fdch nep\u0159e\u010dten\u00fdch zpr\u00e1v. \u0164uknut\u00edm na ikonku se p\u0159epnete p\u0159\u00edmo do p\u0159ihl\u00e1\u0161en\u00e9 e-mailov\u00e9 schr\u00e1nky.<\/p>\n\n\n\n<figure class=\"wp-block-image size-full\"><img loading=\"lazy\" decoding=\"async\" width=\"345\" height=\"99\" src=\"https:\/\/o-seznam.cz\/napoveda\/seznam\/wp-content\/uploads\/sites\/16\/2024\/11\/seznam-android-notifikace1.png\" alt=\"\" class=\"wp-image-171\" srcset=\"https:\/\/o-seznam.cz\/napoveda\/seznam\/wp-content\/uploads\/sites\/16\/2024\/11\/seznam-android-notifikace1.png 345w, https:\/\/o-seznam.cz\/napoveda\/seznam\/wp-content\/uploads\/sites\/16\/2024\/11\/seznam-android-notifikace1-320x92.png 320w\" sizes=\"auto, (max-width: 345px) 100vw, 345px\" \/><\/figure>\n\n\n\n<p>Na po\u010det nep\u0159e\u010dten\u00fdch zpr\u00e1v budete v\u017edy i upozorn\u011bni v notifika\u010dn\u00ed oblasti s ka\u017ed\u00fdm nov\u00fdm doru\u010den\u00fdm e-mailem.<\/p>\n\n\n\n<figure class=\"wp-block-image size-full\"><img loading=\"lazy\" decoding=\"async\" width=\"345\" height=\"160\" src=\"https:\/\/o-seznam.cz\/napoveda\/seznam\/wp-content\/uploads\/sites\/16\/2024\/11\/seznam-android-notifikace2.png\" alt=\"\" class=\"wp-image-172\" srcset=\"https:\/\/o-seznam.cz\/napoveda\/seznam\/wp-content\/uploads\/sites\/16\/2024\/11\/seznam-android-notifikace2.png 345w, https:\/\/o-seznam.cz\/napoveda\/seznam\/wp-content\/uploads\/sites\/16\/2024\/11\/seznam-android-notifikace2-320x148.png 320w\" sizes=\"auto, (max-width: 345px) 100vw, 345px\" \/><\/figure>\n<\/div>\n","protected":false},"excerpt":{"rendered":"<p>V aplikaci Seznam.cz se m\u016f\u017eete p\u0159ihl\u00e1sit sv\u00fdm u\u017eivatelsk\u00fdm \u00fa\u010dtem, d\u00edky \u010demu\u017e z\u00edsk\u00e1te mo\u017enost: Synchronizace Na spodn\u00ed li\u0161t\u011b \u0165ukn\u011bte na tla\u010d\u00edtko se t\u0159emi te\u010dkami a n\u00e1sledn\u011b vyberte mo\u017enost Nastaven\u00ed. Prvn\u00ed polo\u017ekou v nastaven\u00ed je P\u0159ihl\u00e1\u0161en\u00ed do aplikace, \u0165ukn\u011bte na P\u0159ihl\u00e1sit se a v n\u00e1sleduj\u00edc\u00edm okn\u011b znovu. Do formul\u00e1\u0159e zadejte sv\u00e9 u\u017eivatelsk\u00e9 jm\u00e9no (v p\u0159\u00edpad\u011b adres @email.cz [&hellip;]<\/p>\n","protected":false},"author":6,"featured_media":0,"parent":157,"menu_order":0,"comment_status":"closed","ping_status":"closed","template":"page-sidemenu","meta":{"_acf_changed":false,"_relevanssi_hide_post":"","_relevanssi_hide_content":"","_relevanssi_pin_for_all":"","_relevanssi_pin_keywords":"","_relevanssi_unpin_keywords":"","_relevanssi_related_keywords":"","_relevanssi_related_include_ids":"","_relevanssi_related_exclude_ids":"","_relevanssi_related_no_append":"","_relevanssi_related_not_related":"","_relevanssi_related_posts":"","_relevanssi_noindex_reason":"","footnotes":""},"page_category":[4],"page_tag":[],"service_status_category":[],"class_list":["post-170","page","type-page","status-publish","hentry"],"acf":[],"_links":{"self":[{"href":"https:\/\/o-seznam.cz\/napoveda\/seznam\/wp-json\/wp\/v2\/pages\/170","targetHints":{"allow":["GET"]}}],"collection":[{"href":"https:\/\/o-seznam.cz\/napoveda\/seznam\/wp-json\/wp\/v2\/pages"}],"about":[{"href":"https:\/\/o-seznam.cz\/napoveda\/seznam\/wp-json\/wp\/v2\/types\/page"}],"author":[{"embeddable":true,"href":"https:\/\/o-seznam.cz\/napoveda\/seznam\/wp-json\/wp\/v2\/users\/6"}],"replies":[{"embeddable":true,"href":"https:\/\/o-seznam.cz\/napoveda\/seznam\/wp-json\/wp\/v2\/comments?post=170"}],"version-history":[{"count":3,"href":"https:\/\/o-seznam.cz\/napoveda\/seznam\/wp-json\/wp\/v2\/pages\/170\/revisions"}],"predecessor-version":[{"id":454,"href":"https:\/\/o-seznam.cz\/napoveda\/seznam\/wp-json\/wp\/v2\/pages\/170\/revisions\/454"}],"up":[{"embeddable":true,"href":"https:\/\/o-seznam.cz\/napoveda\/seznam\/wp-json\/wp\/v2\/pages\/157"}],"wp:attachment":[{"href":"https:\/\/o-seznam.cz\/napoveda\/seznam\/wp-json\/wp\/v2\/media?parent=170"}],"wp:term":[{"taxonomy":"page_category","embeddable":true,"href":"https:\/\/o-seznam.cz\/napoveda\/seznam\/wp-json\/wp\/v2\/page_category?post=170"},{"taxonomy":"page_tag","embeddable":true,"href":"https:\/\/o-seznam.cz\/napoveda\/seznam\/wp-json\/wp\/v2\/page_tag?post=170"},{"taxonomy":"service_status_category","embeddable":true,"href":"https:\/\/o-seznam.cz\/napoveda\/seznam\/wp-json\/wp\/v2\/service_status_category?post=170"}],"curies":[{"name":"wp","href":"https:\/\/api.w.org\/{rel}","templated":true}]}}