{"id":163,"date":"2024-11-18T00:20:49","date_gmt":"2024-11-17T23:20:49","guid":{"rendered":"https:\/\/o-seznam.cz\/napoveda\/seznam\/?page_id=163"},"modified":"2024-12-06T11:52:54","modified_gmt":"2024-12-06T10:52:54","slug":"nastaveni","status":"publish","type":"page","link":"https:\/\/o-seznam.cz\/napoveda\/seznam\/aplikace\/android\/nastaveni\/","title":{"rendered":"Nastaven\u00ed"},"content":{"rendered":"\n<div class=\"wp-block-group is-layout-constrained wp-block-group-is-layout-constrained\">\n<p>\u0164uknut\u00edm na ikonku t\u0159\u00ed te\u010dek v prav\u00e9m doln\u00edm rohu aplikace si zobraz\u00edte hlavn\u00ed nab\u00eddku.<\/p>\n\n\n\n<figure class=\"wp-block-image size-full\"><img loading=\"lazy\" decoding=\"async\" width=\"538\" height=\"82\" src=\"https:\/\/o-seznam.cz\/napoveda\/seznam\/wp-content\/uploads\/sites\/16\/2024\/11\/bottom-bar.png\" alt=\"\" class=\"wp-image-99\" srcset=\"https:\/\/o-seznam.cz\/napoveda\/seznam\/wp-content\/uploads\/sites\/16\/2024\/11\/bottom-bar.png 538w, https:\/\/o-seznam.cz\/napoveda\/seznam\/wp-content\/uploads\/sites\/16\/2024\/11\/bottom-bar-320x49.png 320w\" sizes=\"auto, (max-width: 538px) 100vw, 538px\" \/><\/figure>\n\n\n\n<p>V n\u00ed naleznete krom\u011b dal\u0161\u00edch nab\u00eddek polo\u017eku Nastaven\u00ed.<\/p>\n\n\n\n<figure class=\"wp-block-image size-full\"><img loading=\"lazy\" decoding=\"async\" width=\"345\" height=\"277\" src=\"https:\/\/o-seznam.cz\/napoveda\/seznam\/wp-content\/uploads\/sites\/16\/2024\/11\/image.png\" alt=\"Tento obr\u00e1zek nem\u00e1 vypln\u011bn\u00fd atribut alt; n\u00e1zev souboru je seznam-android-mainmenu-1.png.\" class=\"wp-image-166\" srcset=\"https:\/\/o-seznam.cz\/napoveda\/seznam\/wp-content\/uploads\/sites\/16\/2024\/11\/image.png 345w, https:\/\/o-seznam.cz\/napoveda\/seznam\/wp-content\/uploads\/sites\/16\/2024\/11\/image-320x257.png 320w\" sizes=\"auto, (max-width: 345px) 100vw, 345px\" \/><\/figure>\n<\/div>\n\n\n\n<div class=\"wp-block-group is-layout-constrained wp-block-group-is-layout-constrained\">\n<h2 class=\"wp-block-heading\">Nastaven\u00ed<\/h2>\n\n\n\n<p>Samotn\u00e9 nastaven\u00ed aplikace Seznam.cz nab\u00edz\u00ed n\u011bkolik jednoduch\u00fdch voleb:<\/p>\n\n\n\n<ul class=\"wp-block-list\">\n<li>P\u0159ihl\u00e1\u0161en\u00ed se do aplikace, kdy je mo\u017en\u00e9 n\u00e1sledn\u011b sd\u00edlet \u00fadaje se <a href=\"https:\/\/o-seznam.cz\/napoveda\/seznam\/prohlizec-pro-pc\/prihlaseni-a-synchronizace\/\" data-type=\"page\" data-id=\"197\">Seznam.cz aplikac\u00ed pro po\u010d\u00edta\u010de<\/a><\/li>\n\n\n\n<li>P\u0159enos kontakt\u016f, pomoc\u00ed kter\u00e9ho si m\u016f\u017eete vytvo\u0159it z\u00e1lohu kontakt\u016f z aktu\u00e1ln\u00edho telefonu a n\u00e1sledn\u011b si ji nahr\u00e1t na nov\u00fd telefon<\/li>\n\n\n\n<li>Neukl\u00e1d\u00e1n\u00ed lechtiv\u00fdch str\u00e1nek do historie nab\u00eddne automatick\u00e9 p\u0159epnut\u00ed do anonymn\u00edho re\u017eimu u detekovan\u00fdch konkr\u00e9tn\u00edch str\u00e1nek \ud83d\ude09<\/li>\n\n\n\n<li><a href=\"https:\/\/o-seznam.cz\/napoveda\/seznam\/prohlizec-pro-android\/prekladac\/#prekladac-stranek\">P\u0159eklad cel\u00fdch str\u00e1nek<\/a> a <a href=\"https:\/\/o-seznam.cz\/napoveda\/seznam\/prohlizec-pro-android\/prekladac\/#prekladac-slov\">P\u0159eklad slov<\/a> umo\u017en\u00ed p\u0159elo\u017een\u00ed cel\u00e9ho textu webov\u00e9 str\u00e1nky z n\u011bkolika nab\u00edzen\u00fdch jazyk\u016f do \u010de\u0161tiny, p\u0159\u00edpadn\u011b zobrazen\u00ed p\u0159ekladu pro konkr\u00e9tn\u00ed ciz\u00ed slov\u00ed\u010dko, na kter\u00e9m chv\u00edli podr\u017e\u00edte prst<\/li>\n\n\n\n<li>Jazyk aplikace d\u00e1v\u00e1 na v\u00fdb\u011br, zda bude rozhran\u00ed aplikace v \u010de\u0161tin\u011b, angli\u010dtin\u011b nebo sloven\u0161tin\u011b<\/li>\n\n\n\n<li>Vzhled d\u00e1v\u00e1 na v\u00fdb\u011br, jestli bude rozhran\u00ed aplikace ve sv\u011btl\u00e9m nebo tmav\u00e9m t\u00e9matu<\/li>\n\n\n\n<li>Velikost p\u00edsma umo\u017e\u0148uje upravit velikost fontu textu na str\u00e1nk\u00e1ch tak, aby se v\u00e1m \u010detl co nejp\u0159\u00edjemn\u011bji<\/li>\n\n\n\n<li>Verze webu pro PC umo\u017en\u00ed prohl\u00ed\u017ee\u010di zobrazit str\u00e1nky takov\u00e9, jak\u00e9 by se zobrazily v prohl\u00ed\u017ee\u010di na po\u010d\u00edta\u010di. N\u011bkter\u00e9 str\u00e1nky mohou m\u00edt rozd\u00edln\u00e9 verze pro mobiln\u00ed a po\u010d\u00edta\u010dov\u00e9 prohl\u00ed\u017ee\u010de<\/li>\n\n\n\n<li>Spr\u00e1va dvouf\u00e1zov\u00e9ho ov\u011b\u0159ov\u00e1n\u00ed \u00fa\u010dt\u016f nab\u00edz\u00ed dal\u0161\u00ed mo\u017enost vy\u0161\u0161\u00edho <a href=\"https:\/\/o-seznam.cz\/napoveda\/ucet\/dvoufazove-overeni\/co-to-je\/\" data-type=\"link\" data-id=\"https:\/\/o-seznam.cz\/napoveda\/ucet\/dvoufazove-overeni\/co-to-je\/\" target=\"_blank\" rel=\"noreferrer noopener\">zabezpe\u010den\u00ed p\u0159\u00edstupu k va\u0161emu u\u017eivatelsk\u00e9mu \u00fa\u010dtu na Seznamu<\/a><\/li>\n\n\n\n<li><a href=\"https:\/\/o-seznam.cz\/napoveda\/seznam\/prohlizec-pro-android\/historie-a-mazani-dat\/\" data-type=\"page\" data-id=\"110\">Smazat \u00fadaje o prohl\u00ed\u017een\u00ed<\/a> umo\u017en\u00ed promaz\u00e1n\u00ed do\u010dasn\u00fdch soubor\u016f, kter\u00e9 si prohl\u00ed\u017ee\u010d zapamatoval<\/li>\n\n\n\n<li>Odes\u00edl\u00e1n\u00edm dat diagnostiky umo\u017e\u0148ujete zas\u00edl\u00e1n\u00ed anonymn\u00edch informac\u00ed a statistik pou\u017e\u00edv\u00e1n\u00ed a pot\u00ed\u017e\u00ed aplikace. D\u00edky t\u011bmto \u00fadaj\u016fm m\u016f\u017eeme pr\u016fb\u011b\u017en\u011b vylep\u0161ovat chov\u00e1n\u00ed a funkce aplikace<\/li>\n<\/ul>\n\n\n\n<div class=\"wp-block-columns is-layout-flex wp-container-core-columns-is-layout-28f84493 wp-block-columns-is-layout-flex\">\n<div class=\"wp-block-column is-layout-flow wp-block-column-is-layout-flow\">\n<figure class=\"wp-block-image size-full\"><img loading=\"lazy\" decoding=\"async\" width=\"345\" height=\"552\" src=\"https:\/\/o-seznam.cz\/napoveda\/seznam\/wp-content\/uploads\/sites\/16\/2024\/11\/seznam-android-nastaveni1.png\" alt=\"\" class=\"wp-image-167\" srcset=\"https:\/\/o-seznam.cz\/napoveda\/seznam\/wp-content\/uploads\/sites\/16\/2024\/11\/seznam-android-nastaveni1.png 345w, https:\/\/o-seznam.cz\/napoveda\/seznam\/wp-content\/uploads\/sites\/16\/2024\/11\/seznam-android-nastaveni1-200x320.png 200w\" sizes=\"auto, (max-width: 345px) 100vw, 345px\" \/><\/figure>\n<\/div>\n\n\n\n<div class=\"wp-block-column is-layout-flow wp-block-column-is-layout-flow\">\n<figure class=\"wp-block-image size-full\"><img loading=\"lazy\" decoding=\"async\" width=\"345\" height=\"515\" src=\"https:\/\/o-seznam.cz\/napoveda\/seznam\/wp-content\/uploads\/sites\/16\/2024\/11\/seznam-android-nastaveni2.png\" alt=\"\" class=\"wp-image-168\" srcset=\"https:\/\/o-seznam.cz\/napoveda\/seznam\/wp-content\/uploads\/sites\/16\/2024\/11\/seznam-android-nastaveni2.png 345w, https:\/\/o-seznam.cz\/napoveda\/seznam\/wp-content\/uploads\/sites\/16\/2024\/11\/seznam-android-nastaveni2-214x320.png 214w\" sizes=\"auto, (max-width: 345px) 100vw, 345px\" \/><\/figure>\n<\/div>\n<\/div>\n<\/div>\n","protected":false},"excerpt":{"rendered":"<p>\u0164uknut\u00edm na ikonku t\u0159\u00ed te\u010dek v prav\u00e9m doln\u00edm rohu aplikace si zobraz\u00edte hlavn\u00ed nab\u00eddku. V n\u00ed naleznete krom\u011b dal\u0161\u00edch nab\u00eddek polo\u017eku Nastaven\u00ed. Nastaven\u00ed Samotn\u00e9 nastaven\u00ed aplikace Seznam.cz nab\u00edz\u00ed n\u011bkolik jednoduch\u00fdch voleb:<\/p>\n","protected":false},"author":6,"featured_media":0,"parent":157,"menu_order":0,"comment_status":"closed","ping_status":"closed","template":"page-sidemenu","meta":{"_acf_changed":false,"_relevanssi_hide_post":"","_relevanssi_hide_content":"","_relevanssi_pin_for_all":"","_relevanssi_pin_keywords":"","_relevanssi_unpin_keywords":"","_relevanssi_related_keywords":"","_relevanssi_related_include_ids":"","_relevanssi_related_exclude_ids":"","_relevanssi_related_no_append":"","_relevanssi_related_not_related":"","_relevanssi_related_posts":"","_relevanssi_noindex_reason":"","footnotes":""},"page_category":[4],"page_tag":[],"service_status_category":[],"class_list":["post-163","page","type-page","status-publish","hentry"],"acf":[],"_links":{"self":[{"href":"https:\/\/o-seznam.cz\/napoveda\/seznam\/wp-json\/wp\/v2\/pages\/163","targetHints":{"allow":["GET"]}}],"collection":[{"href":"https:\/\/o-seznam.cz\/napoveda\/seznam\/wp-json\/wp\/v2\/pages"}],"about":[{"href":"https:\/\/o-seznam.cz\/napoveda\/seznam\/wp-json\/wp\/v2\/types\/page"}],"author":[{"embeddable":true,"href":"https:\/\/o-seznam.cz\/napoveda\/seznam\/wp-json\/wp\/v2\/users\/6"}],"replies":[{"embeddable":true,"href":"https:\/\/o-seznam.cz\/napoveda\/seznam\/wp-json\/wp\/v2\/comments?post=163"}],"version-history":[{"count":6,"href":"https:\/\/o-seznam.cz\/napoveda\/seznam\/wp-json\/wp\/v2\/pages\/163\/revisions"}],"predecessor-version":[{"id":359,"href":"https:\/\/o-seznam.cz\/napoveda\/seznam\/wp-json\/wp\/v2\/pages\/163\/revisions\/359"}],"up":[{"embeddable":true,"href":"https:\/\/o-seznam.cz\/napoveda\/seznam\/wp-json\/wp\/v2\/pages\/157"}],"wp:attachment":[{"href":"https:\/\/o-seznam.cz\/napoveda\/seznam\/wp-json\/wp\/v2\/media?parent=163"}],"wp:term":[{"taxonomy":"page_category","embeddable":true,"href":"https:\/\/o-seznam.cz\/napoveda\/seznam\/wp-json\/wp\/v2\/page_category?post=163"},{"taxonomy":"page_tag","embeddable":true,"href":"https:\/\/o-seznam.cz\/napoveda\/seznam\/wp-json\/wp\/v2\/page_tag?post=163"},{"taxonomy":"service_status_category","embeddable":true,"href":"https:\/\/o-seznam.cz\/napoveda\/seznam\/wp-json\/wp\/v2\/service_status_category?post=163"}],"curies":[{"name":"wp","href":"https:\/\/api.w.org\/{rel}","templated":true}]}}