{"id":149,"date":"2024-11-18T01:01:52","date_gmt":"2024-11-18T00:01:52","guid":{"rendered":"https:\/\/o-seznam.cz\/napoveda\/seznam\/?page_id=149"},"modified":"2024-12-06T11:52:54","modified_gmt":"2024-12-06T10:52:54","slug":"reseni-potizi","status":"publish","type":"page","link":"https:\/\/o-seznam.cz\/napoveda\/seznam\/aplikace\/prohlizec\/reseni-potizi\/","title":{"rendered":"\u0158e\u0161en\u00ed pot\u00ed\u017e\u00ed"},"content":{"rendered":"\n<div class=\"wp-block-group is-layout-constrained wp-block-group-is-layout-constrained\">\n<h2 class=\"wp-block-heading\">Pot\u00ed\u017ee s p\u0159ehr\u00e1v\u00e1n\u00edm vide\u00ed na internetu<\/h2>\n<\/div>\n\n\n\n<div class=\"wp-block-group is-layout-constrained wp-block-group-is-layout-constrained\">\n<h3 class=\"wp-block-heading\">Situace:<\/h3>\n\n\n\n<p>P\u0159i p\u0159ehr\u00e1v\u00e1n\u00ed vide\u00ed se nezobrazuje \u017e\u00e1dn\u00fd obraz a\/nebo se nep\u0159ehr\u00e1v\u00e1 zvuk. Je vid\u011bt pouze okno p\u0159ehr\u00e1va\u010de s b\u00edl\u00fdm nebo \u010dern\u00fdm pozad\u00edm.<\/p>\n\n\n\n<div class=\"wp-block-columns is-layout-flex wp-container-core-columns-is-layout-28f84493 wp-block-columns-is-layout-flex\">\n<div class=\"wp-block-column is-layout-flow wp-block-column-is-layout-flow\">\n<figure class=\"wp-block-image size-full\"><img loading=\"lazy\" decoding=\"async\" width=\"345\" height=\"198\" src=\"https:\/\/o-seznam.cz\/napoveda\/seznam\/wp-content\/uploads\/sites\/16\/2024\/11\/seznam-pc-potize1s.png\" alt=\"\" class=\"wp-image-150\" srcset=\"https:\/\/o-seznam.cz\/napoveda\/seznam\/wp-content\/uploads\/sites\/16\/2024\/11\/seznam-pc-potize1s.png 345w, https:\/\/o-seznam.cz\/napoveda\/seznam\/wp-content\/uploads\/sites\/16\/2024\/11\/seznam-pc-potize1s-320x184.png 320w\" sizes=\"auto, (max-width: 345px) 100vw, 345px\" \/><\/figure>\n<\/div>\n\n\n\n<div class=\"wp-block-column is-layout-flow wp-block-column-is-layout-flow\">\n<figure class=\"wp-block-image size-full\"><img loading=\"lazy\" decoding=\"async\" width=\"345\" height=\"205\" src=\"https:\/\/o-seznam.cz\/napoveda\/seznam\/wp-content\/uploads\/sites\/16\/2024\/11\/seznam-pc-potize2s.png\" alt=\"\" class=\"wp-image-151\" srcset=\"https:\/\/o-seznam.cz\/napoveda\/seznam\/wp-content\/uploads\/sites\/16\/2024\/11\/seznam-pc-potize2s.png 345w, https:\/\/o-seznam.cz\/napoveda\/seznam\/wp-content\/uploads\/sites\/16\/2024\/11\/seznam-pc-potize2s-320x190.png 320w\" sizes=\"auto, (max-width: 345px) 100vw, 345px\" \/><\/figure>\n<\/div>\n<\/div>\n<\/div>\n\n\n\n<div class=\"wp-block-group is-layout-constrained wp-block-group-is-layout-constrained\">\n<h3 class=\"wp-block-heading\">Co za to m\u016f\u017ee:<\/h3>\n\n\n\n<p>S podobnou situac\u00ed se m\u016f\u017eete setkat u star\u0161\u00edch za\u0159\u00edzen\u00ed se star\u0161\u00edmi grafick\u00fdmi kartami \u010di grafick\u00fdmi kartami s neaktu\u00e1ln\u00edmi ovlada\u010di.<\/p>\n<\/div>\n\n\n\n<div class=\"wp-block-group is-layout-constrained wp-block-group-is-layout-constrained\">\n<h3 class=\"wp-block-heading\">\u0158e\u0161en\u00ed:<\/h3>\n\n\n\n<ol class=\"wp-block-list\">\n<li>Pokuste se u sv\u00e9ho za\u0159\u00edzen\u00ed aktualizovat ovlada\u010de grafick\u00e9 karty<\/li>\n\n\n\n<li>V Seznam.cz prohl\u00ed\u017ee\u010di vypn\u011bte podporu funkce Hardwarov\u00e1 akcelerace videa<\/li>\n<\/ol>\n\n\n\n<p>P\u0159ejd\u011bte v Seznam.cz prohl\u00ed\u017ee\u010di do Nastaven\u00ed.<\/p>\n\n\n\n<figure class=\"wp-block-image size-full\"><img loading=\"lazy\" decoding=\"async\" width=\"256\" height=\"353\" src=\"https:\/\/o-seznam.cz\/napoveda\/seznam\/wp-content\/uploads\/sites\/16\/2024\/11\/seznam-pc-potize-hwakcelerace1.png\" alt=\"\" class=\"wp-image-152\" srcset=\"https:\/\/o-seznam.cz\/napoveda\/seznam\/wp-content\/uploads\/sites\/16\/2024\/11\/seznam-pc-potize-hwakcelerace1.png 256w, https:\/\/o-seznam.cz\/napoveda\/seznam\/wp-content\/uploads\/sites\/16\/2024\/11\/seznam-pc-potize-hwakcelerace1-232x320.png 232w\" sizes=\"auto, (max-width: 256px) 100vw, 256px\" \/><\/figure>\n\n\n\n<p>V \u010d\u00e1sti Pokro\u010dil\u00e9 naleznete polo\u017eku Hardwarov\u00e1 akcelerace videa.<\/p>\n\n\n\n<figure class=\"wp-block-image size-full\"><img loading=\"lazy\" decoding=\"async\" width=\"434\" height=\"78\" src=\"https:\/\/o-seznam.cz\/napoveda\/seznam\/wp-content\/uploads\/sites\/16\/2024\/11\/seznam-pc-potize-hwakcelerace2.png\" alt=\"\" class=\"wp-image-153\" srcset=\"https:\/\/o-seznam.cz\/napoveda\/seznam\/wp-content\/uploads\/sites\/16\/2024\/11\/seznam-pc-potize-hwakcelerace2.png 434w, https:\/\/o-seznam.cz\/napoveda\/seznam\/wp-content\/uploads\/sites\/16\/2024\/11\/seznam-pc-potize-hwakcelerace2-320x58.png 320w\" sizes=\"auto, (max-width: 434px) 100vw, 434px\" \/><\/figure>\n\n\n\n<p>Kliknut\u00edm zru\u0161te volbu Zapnout a pot\u00e9 klikn\u011bte na zobrazen\u00fd odkaz Restartovat?.<\/p>\n\n\n\n<figure class=\"wp-block-image size-full\"><img loading=\"lazy\" decoding=\"async\" width=\"436\" height=\"81\" src=\"https:\/\/o-seznam.cz\/napoveda\/seznam\/wp-content\/uploads\/sites\/16\/2024\/11\/seznam-pc-potize-hwakcelerace3.png\" alt=\"\" class=\"wp-image-154\" srcset=\"https:\/\/o-seznam.cz\/napoveda\/seznam\/wp-content\/uploads\/sites\/16\/2024\/11\/seznam-pc-potize-hwakcelerace3.png 436w, https:\/\/o-seznam.cz\/napoveda\/seznam\/wp-content\/uploads\/sites\/16\/2024\/11\/seznam-pc-potize-hwakcelerace3-320x59.png 320w\" sizes=\"auto, (max-width: 436px) 100vw, 436px\" \/><\/figure>\n\n\n\n<p>Prohl\u00ed\u017ee\u010d se s\u00e1m ukon\u010d\u00ed a znovu spust\u00ed ji\u017e s vypnutou podporou akcelerace videa.<\/p>\n<\/div>\n","protected":false},"excerpt":{"rendered":"<p>Pot\u00ed\u017ee s p\u0159ehr\u00e1v\u00e1n\u00edm vide\u00ed na internetu Situace: P\u0159i p\u0159ehr\u00e1v\u00e1n\u00ed vide\u00ed se nezobrazuje \u017e\u00e1dn\u00fd obraz a\/nebo se nep\u0159ehr\u00e1v\u00e1 zvuk. Je vid\u011bt pouze okno p\u0159ehr\u00e1va\u010de s b\u00edl\u00fdm nebo \u010dern\u00fdm pozad\u00edm. Co za to m\u016f\u017ee: S podobnou situac\u00ed se m\u016f\u017eete setkat u star\u0161\u00edch za\u0159\u00edzen\u00ed se star\u0161\u00edmi grafick\u00fdmi kartami \u010di grafick\u00fdmi kartami s neaktu\u00e1ln\u00edmi ovlada\u010di. \u0158e\u0161en\u00ed: P\u0159ejd\u011bte v Seznam.cz [&hellip;]<\/p>\n","protected":false},"author":6,"featured_media":0,"parent":161,"menu_order":0,"comment_status":"closed","ping_status":"closed","template":"page-sidemenu","meta":{"_acf_changed":false,"_relevanssi_hide_post":"","_relevanssi_hide_content":"","_relevanssi_pin_for_all":"","_relevanssi_pin_keywords":"","_relevanssi_unpin_keywords":"","_relevanssi_related_keywords":"","_relevanssi_related_include_ids":"","_relevanssi_related_exclude_ids":"","_relevanssi_related_no_append":"","_relevanssi_related_not_related":"","_relevanssi_related_posts":"","_relevanssi_noindex_reason":"","footnotes":""},"page_category":[4],"page_tag":[],"service_status_category":[],"class_list":["post-149","page","type-page","status-publish","hentry"],"acf":[],"_links":{"self":[{"href":"https:\/\/o-seznam.cz\/napoveda\/seznam\/wp-json\/wp\/v2\/pages\/149","targetHints":{"allow":["GET"]}}],"collection":[{"href":"https:\/\/o-seznam.cz\/napoveda\/seznam\/wp-json\/wp\/v2\/pages"}],"about":[{"href":"https:\/\/o-seznam.cz\/napoveda\/seznam\/wp-json\/wp\/v2\/types\/page"}],"author":[{"embeddable":true,"href":"https:\/\/o-seznam.cz\/napoveda\/seznam\/wp-json\/wp\/v2\/users\/6"}],"replies":[{"embeddable":true,"href":"https:\/\/o-seznam.cz\/napoveda\/seznam\/wp-json\/wp\/v2\/comments?post=149"}],"version-history":[{"count":1,"href":"https:\/\/o-seznam.cz\/napoveda\/seznam\/wp-json\/wp\/v2\/pages\/149\/revisions"}],"predecessor-version":[{"id":155,"href":"https:\/\/o-seznam.cz\/napoveda\/seznam\/wp-json\/wp\/v2\/pages\/149\/revisions\/155"}],"up":[{"embeddable":true,"href":"https:\/\/o-seznam.cz\/napoveda\/seznam\/wp-json\/wp\/v2\/pages\/161"}],"wp:attachment":[{"href":"https:\/\/o-seznam.cz\/napoveda\/seznam\/wp-json\/wp\/v2\/media?parent=149"}],"wp:term":[{"taxonomy":"page_category","embeddable":true,"href":"https:\/\/o-seznam.cz\/napoveda\/seznam\/wp-json\/wp\/v2\/page_category?post=149"},{"taxonomy":"page_tag","embeddable":true,"href":"https:\/\/o-seznam.cz\/napoveda\/seznam\/wp-json\/wp\/v2\/page_tag?post=149"},{"taxonomy":"service_status_category","embeddable":true,"href":"https:\/\/o-seznam.cz\/napoveda\/seznam\/wp-json\/wp\/v2\/service_status_category?post=149"}],"curies":[{"name":"wp","href":"https:\/\/api.w.org\/{rel}","templated":true}]}}