{"id":141,"date":"2024-11-18T01:10:51","date_gmt":"2024-11-18T00:10:51","guid":{"rendered":"https:\/\/o-seznam.cz\/napoveda\/seznam\/?page_id=141"},"modified":"2024-12-06T11:52:54","modified_gmt":"2024-12-06T10:52:54","slug":"klavesove-zkratky","status":"publish","type":"page","link":"https:\/\/o-seznam.cz\/napoveda\/seznam\/aplikace\/prohlizec\/klavesove-zkratky\/","title":{"rendered":"Kl\u00e1vesov\u00e9 zkratky"},"content":{"rendered":"\n<div class=\"wp-block-group is-layout-constrained wp-block-group-is-layout-constrained\">\n<div class=\"wp-block-group is-layout-constrained wp-block-group-is-layout-constrained\">\n<p>Pokud se p\u0159i pr\u00e1ci kamar\u00e1d\u00edte v\u00edce s kl\u00e1vesami va\u0161\u00ed kl\u00e1vesnice, ne\u017e s my\u0161\u00ed \u010di touchpadem a st\u00e1le se n\u011bkde skr\u00fdvaj\u00edc\u00edm kurzorem, mohly by se v\u00e1m hodit n\u00e1sleduj\u00edc\u00ed dostupn\u00e9 kl\u00e1vesov\u00e9 zkratky pro ovl\u00e1d\u00e1n\u00ed Seznam prohl\u00ed\u017ee\u010de.<\/p>\n\n\n\n<p>Zvolte si v\u00e1mi pou\u017e\u00edvan\u00fd opera\u010dn\u00ed syst\u00e9m:<\/p>\n\n\n<nav class=\"menu-anchors\">\n<ul>\n\t<li><a href=\"#windows\">Kl\u00e1vesov\u00e9 zkratky v syst\u00e9mu Windows<\/a><\/li>\n<li><a href=\"#macos\">Kl\u00e1vesov\u00e9 zkratky v syst\u00e9mu MacOS<\/a><\/li>\n<\/ul>\n\n<\/nav>\n<\/div>\n<\/div>\n\n\n\n<div class=\"wp-block-group is-layout-constrained wp-block-group-is-layout-constrained\">\n<h2 class=\"wp-block-heading\" id=\"windows\">Kl\u00e1vesov\u00e9 zkratky v syst\u00e9mu Windows<\/h2>\n\n\n\n<figure class=\"wp-block-table\"><table class=\"has-fixed-layout\"><tbody><tr><td><strong>Zkratka<\/strong><\/td><td><strong>Akce<\/strong><\/td><td><strong>Zkratka<\/strong><\/td><td><strong>Akce<\/strong><\/td><\/tr><tr><td>Ctrl + PgDown<\/td><td>N\u00e1sleduj\u00edc\u00ed panel<\/td><td>Esc<\/td><td>P\u0159eru\u0161it na\u010d\u00edt\u00e1n\u00ed str\u00e1nky<\/td><\/tr><tr><td>Ctrl + PgUp<\/td><td>P\u0159edchoz\u00ed panel<\/td><td>Ctrl + w<\/td><td>Zav\u0159\u00edt aktivn\u00ed panel<\/td><\/tr><tr><td>Ctrl + Shift + t<\/td><td>Obnovit posledn\u00ed panel<\/td><td>Ctrl + Shift + w<\/td><td>Zav\u0159\u00edt okno<\/td><\/tr><tr><td>Ctrl + l<\/td><td>Adresn\u00ed \u0159\u00e1dek<\/td><td>Ctrl + t<\/td><td>Otev\u0159\u00edt nov\u00fd panel<\/td><\/tr><tr><td>Ctrl + f<\/td><td>Vyhledat na str\u00e1nce<\/td><td>Ctrl + k<\/td><td>Duplikovat panel<\/td><\/tr><tr><td>Ctrl + n<\/td><td>Otev\u0159\u00edt nov\u00e9 okno<\/td><td>Ctrl + Tab<\/td><td>N\u00e1sleduj\u00edc\u00ed panel<\/td><\/tr><tr><td>Ctrl + r<\/td><td>Obnovit str\u00e1nku<\/td><td>Ctrl + Shift + Tab<\/td><td>P\u0159edchoz\u00ed panel<\/td><\/tr><tr><td>Ctrl + Shift + r<\/td><td>Obnovit str\u00e1nku (vynucen\u011b)<\/td><td>Ctrl + h<\/td><td>Otev\u0159\u00edt panel historie<\/td><\/tr><tr><td>Ctrl + +<\/td><td>Zv\u011bt\u0161it str\u00e1nku<\/td><td>Ctrl + F5<\/td><td>Obnovit str\u00e1nku (vynucen\u011b)<\/td><\/tr><tr><td>Ctrl + =<\/td><td>Zv\u011bt\u0161it str\u00e1nku<\/td><td>Ctrl + i<\/td><td>Otev\u0159\u00edt panel obl\u00edben\u00fdch<\/td><\/tr><tr><td>Ctrl + &#8211;<\/td><td>Zmen\u0161it str\u00e1nku<\/td><td>Ctrl + j<\/td><td>Otev\u0159\u00edt panel stahov\u00e1n\u00ed<\/td><\/tr><tr><td>Ctrl + 0<\/td><td>Obnovit p\u0159ibl\u00ed\u017een\u00ed str\u00e1nky<\/td><td>Alt + d<\/td><td>Adresn\u00ed \u0159\u00e1dek<\/td><\/tr><tr><td>Ctrl + d<\/td><td>P\u0159idat str\u00e1nku do obl\u00edben\u00fdch<\/td><td>F5<\/td><td>Obnovit str\u00e1nku<\/td><\/tr><tr><td>Ctrl + p<\/td><td>Vytisknout str\u00e1nku<\/td><td>F11<\/td><td>Zobrazit \/ zav\u0159\u00edt fullscreen<\/td><\/tr><tr><td>Ctrl + Shift + n<\/td><td>Otev\u0159\u00edt nov\u00e9 anonymn\u00ed okno<\/td><td>F12<\/td><td>Otev\u0159\u00edt n\u00e1stroje pro v\u00fdvoj\u00e1\u0159e<\/td><\/tr><tr><td>Ctrl + q<\/td><td>Zav\u0159\u00edt aplikaci<\/td><td>Ctrl + Shift + i<\/td><td>Otev\u0159\u00edt n\u00e1stroje pro v\u00fdvoj\u00e1\u0159e<\/td><\/tr><tr><td>Alt + Home<\/td><td>P\u0159ej\u00edt na domovskou str\u00e1nku<\/td><td><\/td><td><\/td><\/tr><\/tbody><\/table><\/figure>\n<\/div>\n\n\n\n<div class=\"wp-block-group is-layout-constrained wp-block-group-is-layout-constrained\">\n<h2 class=\"wp-block-heading\" id=\"macos\">Kl\u00e1vesov\u00e9 zkratky v syst\u00e9mu MacOS<\/h2>\n\n\n\n<figure class=\"wp-block-table\"><table class=\"has-fixed-layout\"><tbody><tr><td><strong>Zkratka<\/strong><\/td><td><strong>Akce<\/strong><\/td><td><strong>Zkratka<\/strong><\/td><td><strong>Akce<\/strong><\/td><\/tr><tr><td>Ctrl + fn + \u2191<\/td><td>P\u0159edchoz\u00ed panel<\/td><td>\u2318 + w<\/td><td>Zav\u0159\u00edt aktivn\u00ed panel<\/td><\/tr><tr><td>Ctrl + fn + \u2193<\/td><td>N\u00e1sleduj\u00edc\u00ed panel<\/td><td>\u2318 + Shift + w<\/td><td>Zav\u0159\u00edt okno<\/td><\/tr><tr><td>\u2318 + Shift + t<\/td><td>Obnovit posledn\u00ed panel<\/td><td>\u2318 + t<\/td><td>Otev\u0159\u00edt nov\u00fd panel<\/td><\/tr><tr><td>\u2318 + f<\/td><td>Vyhledat na str\u00e1nce<\/td><td>\u2318 + k<\/td><td>Duplikovat panel<\/td><\/tr><tr><td>\u2318 + n<\/td><td>Otev\u0159\u00edt nov\u00e9 okno<\/td><td>Ctrl + Tab<\/td><td>N\u00e1sleduj\u00edc\u00ed panel<\/td><\/tr><tr><td>\u2318 + r<\/td><td>Obnovit str\u00e1nku<\/td><td>Ctrl + Shift + Tab<\/td><td>P\u0159edchoz\u00ed panel<\/td><\/tr><tr><td>\u2318 + Shift + r<\/td><td>Obnovit str\u00e1nku (vynucen\u011b)<\/td><td>\u2318 + Shift + h<\/td><td>Otev\u0159\u00edt panel historie<\/td><\/tr><tr><td>\u2318 + =<\/td><td>Zv\u011bt\u0161it str\u00e1nku<\/td><td>\u2318 + Shift + i<\/td><td>Otev\u0159\u00edt panel obl\u00edben\u00fdch<\/td><\/tr><tr><td>\u2318 + &#8211;<\/td><td>Zmen\u0161it str\u00e1nku<\/td><td>\u2318 + Shift + j<\/td><td>Otev\u0159\u00edt panel stahov\u00e1n\u00ed<\/td><\/tr><tr><td>\u2318 + 0<\/td><td>Obnovit p\u0159ibl\u00ed\u017een\u00ed str\u00e1nky<\/td><td>\u2318 + Alt + \u2192<\/td><td>N\u00e1sleduj\u00edc\u00ed panel<\/td><\/tr><tr><td>\u2318 + d<\/td><td>P\u0159idat str\u00e1nku do obl\u00edben\u00fdch<\/td><td>\u2318 + Alt + \u2190<\/td><td>P\u0159edchoz\u00ed panel<\/td><\/tr><tr><td>\u2318 + p<\/td><td>Vytisknout str\u00e1nku<\/td><td>\u2318 + Alt + i<\/td><td>Otev\u0159\u00edt n\u00e1stroje pro v\u00fdvoj\u00e1\u0159e<\/td><\/tr><tr><td>\u2318 + Shift + n<\/td><td>Otev\u0159\u00edt nov\u00e9 anonymn\u00ed okno<\/td><td>\u2318 + m<\/td><td>Minimalizovat okno<\/td><\/tr><tr><td>\u2318 + q<\/td><td>Zav\u0159\u00edt aplikaci<\/td><td>\u2318 + Shift + f<\/td><td>Zobrazit \/ zav\u0159\u00edt fullscreen<\/td><\/tr><tr><td>Alt + fn +<\/td><td>P\u0159ej\u00edt na domovskou str\u00e1nku<\/td><td>Ctrl + \u2318 + f<\/td><td>Zobrazit \/ zav\u0159\u00edt fullscreen<\/td><\/tr><tr><td>Esc<\/td><td>P\u0159eru\u0161it na\u010d\u00edt\u00e1n\u00ed str\u00e1nky<\/td><td><\/td><td><\/td><\/tr><\/tbody><\/table><\/figure>\n<\/div>\n","protected":false},"excerpt":{"rendered":"<p>Pokud se p\u0159i pr\u00e1ci kamar\u00e1d\u00edte v\u00edce s kl\u00e1vesami va\u0161\u00ed kl\u00e1vesnice, ne\u017e s my\u0161\u00ed \u010di touchpadem a st\u00e1le se n\u011bkde skr\u00fdvaj\u00edc\u00edm kurzorem, mohly by se v\u00e1m hodit n\u00e1sleduj\u00edc\u00ed dostupn\u00e9 kl\u00e1vesov\u00e9 zkratky pro ovl\u00e1d\u00e1n\u00ed Seznam prohl\u00ed\u017ee\u010de. Zvolte si v\u00e1mi pou\u017e\u00edvan\u00fd opera\u010dn\u00ed syst\u00e9m: Kl\u00e1vesov\u00e9 zkratky v syst\u00e9mu Windows Zkratka Akce Zkratka Akce Ctrl + PgDown N\u00e1sleduj\u00edc\u00ed panel Esc [&hellip;]<\/p>\n","protected":false},"author":6,"featured_media":0,"parent":161,"menu_order":0,"comment_status":"closed","ping_status":"closed","template":"page-sidemenu","meta":{"_acf_changed":false,"_relevanssi_hide_post":"","_relevanssi_hide_content":"","_relevanssi_pin_for_all":"","_relevanssi_pin_keywords":"","_relevanssi_unpin_keywords":"","_relevanssi_related_keywords":"","_relevanssi_related_include_ids":"","_relevanssi_related_exclude_ids":"","_relevanssi_related_no_append":"","_relevanssi_related_not_related":"","_relevanssi_related_posts":"","_relevanssi_noindex_reason":"","footnotes":""},"page_category":[4],"page_tag":[],"service_status_category":[],"class_list":["post-141","page","type-page","status-publish","hentry"],"acf":[],"_links":{"self":[{"href":"https:\/\/o-seznam.cz\/napoveda\/seznam\/wp-json\/wp\/v2\/pages\/141","targetHints":{"allow":["GET"]}}],"collection":[{"href":"https:\/\/o-seznam.cz\/napoveda\/seznam\/wp-json\/wp\/v2\/pages"}],"about":[{"href":"https:\/\/o-seznam.cz\/napoveda\/seznam\/wp-json\/wp\/v2\/types\/page"}],"author":[{"embeddable":true,"href":"https:\/\/o-seznam.cz\/napoveda\/seznam\/wp-json\/wp\/v2\/users\/6"}],"replies":[{"embeddable":true,"href":"https:\/\/o-seznam.cz\/napoveda\/seznam\/wp-json\/wp\/v2\/comments?post=141"}],"version-history":[{"count":5,"href":"https:\/\/o-seznam.cz\/napoveda\/seznam\/wp-json\/wp\/v2\/pages\/141\/revisions"}],"predecessor-version":[{"id":148,"href":"https:\/\/o-seznam.cz\/napoveda\/seznam\/wp-json\/wp\/v2\/pages\/141\/revisions\/148"}],"up":[{"embeddable":true,"href":"https:\/\/o-seznam.cz\/napoveda\/seznam\/wp-json\/wp\/v2\/pages\/161"}],"wp:attachment":[{"href":"https:\/\/o-seznam.cz\/napoveda\/seznam\/wp-json\/wp\/v2\/media?parent=141"}],"wp:term":[{"taxonomy":"page_category","embeddable":true,"href":"https:\/\/o-seznam.cz\/napoveda\/seznam\/wp-json\/wp\/v2\/page_category?post=141"},{"taxonomy":"page_tag","embeddable":true,"href":"https:\/\/o-seznam.cz\/napoveda\/seznam\/wp-json\/wp\/v2\/page_tag?post=141"},{"taxonomy":"service_status_category","embeddable":true,"href":"https:\/\/o-seznam.cz\/napoveda\/seznam\/wp-json\/wp\/v2\/service_status_category?post=141"}],"curies":[{"name":"wp","href":"https:\/\/api.w.org\/{rel}","templated":true}]}}