{"id":110,"date":"2024-11-18T00:40:15","date_gmt":"2024-11-17T23:40:15","guid":{"rendered":"https:\/\/o-seznam.cz\/napoveda\/seznam\/?page_id=110"},"modified":"2024-12-06T11:52:54","modified_gmt":"2024-12-06T10:52:54","slug":"historie-a-mazani-dat","status":"publish","type":"page","link":"https:\/\/o-seznam.cz\/napoveda\/seznam\/aplikace\/android\/historie-a-mazani-dat\/","title":{"rendered":"Historie a maz\u00e1n\u00ed dat"},"content":{"rendered":"\n<div class=\"wp-block-group is-layout-constrained wp-block-group-is-layout-constrained\">\n<p>M\u016f\u017ee nastat situace, kdy se v\u00e1m str\u00e1nka v aplikaci zobrhaz\u00ed chybn\u011b nebo se objev\u00ed n\u011bjak\u00e9 pot\u00ed\u017ee s p\u0159ihl\u00e1\u0161en\u00edm k r\u016fzn\u00fdm internetov\u00fdm slu\u017eb\u00e1m. To m\u016f\u017ee b\u00fdt d\u016fsledek star\u00fdch a chybn\u011b zapamatovan\u00fdch informac\u00ed, kter\u00e9 si prohl\u00ed\u017ee\u010d p\u0159i proch\u00e1zen\u00ed internetu b\u011b\u017en\u011b ukl\u00e1d\u00e1 (do\u010dasn\u00e9 soubory, cookies). Pomoci m\u016f\u017ee <a href=\"#odstraneni\">odstran\u011bn\u00ed t\u011bchto z\u00e1znam\u016f<\/a>.<\/p>\n\n\n\n<p>Aplikace nab\u00edz\u00ed i mo\u017enost proch\u00e1zen\u00ed sv\u00e9 <a href=\"#historie\">historie nav\u0161t\u011bvovan\u00fdch str\u00e1nek<\/a>.<\/p>\n<\/div>\n\n\n\n<div class=\"wp-block-group is-layout-constrained wp-block-group-is-layout-constrained\">\n<h2 class=\"wp-block-heading\" id=\"odstraneni\">Odstran\u011bn\u00ed \u00fadaj\u016f o prohl\u00ed\u017een\u00ed<\/h2>\n\n\n\n<p>V prav\u00e9m doln\u00edm rohu displeje \u0165ukn\u011bte na tla\u010d\u00edtko<\/p>\n\n\n\n<figure class=\"wp-block-image size-full\"><img loading=\"lazy\" decoding=\"async\" width=\"49\" height=\"48\" src=\"https:\/\/o-seznam.cz\/napoveda\/seznam\/wp-content\/uploads\/sites\/16\/2024\/11\/menu-ico.png\" alt=\"\" class=\"wp-image-105\"\/><\/figure>\n\n\n\n<p>a pot\u00e9 vyberte mo\u017enost Nastaven\u00ed.<\/p>\n\n\n\n<figure class=\"wp-block-image size-full\"><img loading=\"lazy\" decoding=\"async\" width=\"345\" height=\"277\" src=\"https:\/\/o-seznam.cz\/napoveda\/seznam\/wp-content\/uploads\/sites\/16\/2024\/11\/seznam-android-mainmenu.png\" alt=\"\" class=\"wp-image-112\" srcset=\"https:\/\/o-seznam.cz\/napoveda\/seznam\/wp-content\/uploads\/sites\/16\/2024\/11\/seznam-android-mainmenu.png 345w, https:\/\/o-seznam.cz\/napoveda\/seznam\/wp-content\/uploads\/sites\/16\/2024\/11\/seznam-android-mainmenu-320x257.png 320w\" sizes=\"auto, (max-width: 345px) 100vw, 345px\" \/><\/figure>\n\n\n\n<p>V Nastaven\u00ed klikn\u011bte na polo\u017eku Smazat \u00fadaje o prohl\u00ed\u017een\u00ed.<\/p>\n\n\n\n<p>V nab\u00eddce si zvolte, jak\u00e9 informace si p\u0159ejete odstranit, a volbu potvr\u010fte kliknut\u00edm na tla\u010d\u00edtko OK.<\/p>\n<\/div>\n\n\n\n<div class=\"wp-block-columns is-layout-flex wp-container-core-columns-is-layout-28f84493 wp-block-columns-is-layout-flex\">\n<div class=\"wp-block-column is-layout-flow wp-block-column-is-layout-flow\">\n<figure class=\"wp-block-image size-thumbnail\"><img loading=\"lazy\" decoding=\"async\" width=\"320\" height=\"269\" src=\"https:\/\/o-seznam.cz\/napoveda\/seznam\/wp-content\/uploads\/sites\/16\/2024\/11\/seznam-android-mazani-udaju1-320x269.png\" alt=\"\" class=\"wp-image-113\" srcset=\"https:\/\/o-seznam.cz\/napoveda\/seznam\/wp-content\/uploads\/sites\/16\/2024\/11\/seznam-android-mazani-udaju1-320x269.png 320w, https:\/\/o-seznam.cz\/napoveda\/seznam\/wp-content\/uploads\/sites\/16\/2024\/11\/seznam-android-mazani-udaju1.png 345w\" sizes=\"auto, (max-width: 320px) 100vw, 320px\" \/><\/figure>\n<\/div>\n\n\n\n<div class=\"wp-block-column is-layout-flow wp-block-column-is-layout-flow\">\n<figure class=\"wp-block-image size-thumbnail\"><img loading=\"lazy\" decoding=\"async\" width=\"315\" height=\"320\" src=\"https:\/\/o-seznam.cz\/napoveda\/seznam\/wp-content\/uploads\/sites\/16\/2024\/11\/seznam-android-mazani-udaju2-315x320.png\" alt=\"\" class=\"wp-image-114\" srcset=\"https:\/\/o-seznam.cz\/napoveda\/seznam\/wp-content\/uploads\/sites\/16\/2024\/11\/seznam-android-mazani-udaju2-315x320.png 315w, https:\/\/o-seznam.cz\/napoveda\/seznam\/wp-content\/uploads\/sites\/16\/2024\/11\/seznam-android-mazani-udaju2.png 345w\" sizes=\"auto, (max-width: 315px) 100vw, 315px\" \/><\/figure>\n<\/div>\n<\/div>\n\n\n\n<div class=\"wp-block-group is-layout-constrained wp-block-group-is-layout-constrained\">\n<h2 class=\"wp-block-heading\" id=\"historie\">Historie prohl\u00ed\u017een\u00ed<\/h2>\n\n\n\n<p>V aplikaci si m\u016f\u017eete zobrazit svoji historii proch\u00e1zen\u00ed a vr\u00e1tit se tak mj. i ke str\u00e1nce, kterou jste si prohl\u00ed\u017eeli t\u0159eba p\u0159ed t\u00fddnem.<\/p>\n\n\n\n<p>Sta\u010d\u00ed v prav\u00e9m doln\u00edm rohu displeje \u0165uknout na tla\u010d\u00edtko <\/p>\n\n\n\n<figure class=\"wp-block-image size-full\"><img loading=\"lazy\" decoding=\"async\" width=\"49\" height=\"48\" src=\"https:\/\/o-seznam.cz\/napoveda\/seznam\/wp-content\/uploads\/sites\/16\/2024\/11\/menu-ico.png\" alt=\"\" class=\"wp-image-105\"\/><\/figure>\n\n\n\n<p>a vybrat mo\u017enost Historie.<\/p>\n\n\n\n<p>Zobraz\u00ed se v\u00e1m seznam nav\u0161t\u00edven\u00fdch str\u00e1nek.<\/p>\n\n\n\n<p>Kliknut\u00edm na polo\u017eku v historii si str\u00e1nku otev\u0159ete.<\/p>\n\n\n\n<div class=\"wp-block-columns is-layout-flex wp-container-core-columns-is-layout-28f84493 wp-block-columns-is-layout-flex\">\n<div class=\"wp-block-column is-layout-flow wp-block-column-is-layout-flow\">\n<figure class=\"wp-block-image size-thumbnail\"><img loading=\"lazy\" decoding=\"async\" width=\"320\" height=\"257\" src=\"https:\/\/o-seznam.cz\/napoveda\/seznam\/wp-content\/uploads\/sites\/16\/2024\/11\/seznam-android-mainmenu-320x257.png\" alt=\"\" class=\"wp-image-112\" srcset=\"https:\/\/o-seznam.cz\/napoveda\/seznam\/wp-content\/uploads\/sites\/16\/2024\/11\/seznam-android-mainmenu-320x257.png 320w, https:\/\/o-seznam.cz\/napoveda\/seznam\/wp-content\/uploads\/sites\/16\/2024\/11\/seznam-android-mainmenu.png 345w\" sizes=\"auto, (max-width: 320px) 100vw, 320px\" \/><\/figure>\n<\/div>\n\n\n\n<div class=\"wp-block-column is-layout-flow wp-block-column-is-layout-flow\">\n<figure class=\"wp-block-image size-thumbnail\"><img loading=\"lazy\" decoding=\"async\" width=\"288\" height=\"320\" src=\"https:\/\/o-seznam.cz\/napoveda\/seznam\/wp-content\/uploads\/sites\/16\/2024\/11\/seznam-android-historie1-288x320.png\" alt=\"\" class=\"wp-image-111\" srcset=\"https:\/\/o-seznam.cz\/napoveda\/seznam\/wp-content\/uploads\/sites\/16\/2024\/11\/seznam-android-historie1-288x320.png 288w, https:\/\/o-seznam.cz\/napoveda\/seznam\/wp-content\/uploads\/sites\/16\/2024\/11\/seznam-android-historie1.png 345w\" sizes=\"auto, (max-width: 288px) 100vw, 288px\" \/><\/figure>\n<\/div>\n<\/div>\n\n\n\n<p>Kliknut\u00edm na t\u0159i te\u010dky vpravo od jednotliv\u00fdch polo\u017eek si zobraz\u00edte menu, kde si m\u016f\u017eete zvolit otev\u0159en\u00ed str\u00e1nky v nov\u00e9m nebo anonymn\u00edm panelu, p\u0159\u00edpadn\u011b tak m\u016f\u017eete jednotliv\u00e9 polo\u017eky historie i promaz\u00e1vat.<\/p>\n\n\n\n<p>Po \u0165uknut\u00ed na ikonku ko\u0161e v prav\u00e9m horn\u00edm rohu m\u016f\u017eete promazat celou historii za ur\u010dit\u00e9 obdob\u00ed.<\/p>\n\n\n\n<div class=\"wp-block-columns is-layout-flex wp-container-core-columns-is-layout-28f84493 wp-block-columns-is-layout-flex\">\n<div class=\"wp-block-column is-layout-flow wp-block-column-is-layout-flow\">\n<figure class=\"wp-block-image size-thumbnail\"><img loading=\"lazy\" decoding=\"async\" width=\"320\" height=\"234\" src=\"https:\/\/o-seznam.cz\/napoveda\/seznam\/wp-content\/uploads\/sites\/16\/2024\/11\/seznam-android-historie2-320x234.png\" alt=\"\" class=\"wp-image-116\" srcset=\"https:\/\/o-seznam.cz\/napoveda\/seznam\/wp-content\/uploads\/sites\/16\/2024\/11\/seznam-android-historie2-320x234.png 320w, https:\/\/o-seznam.cz\/napoveda\/seznam\/wp-content\/uploads\/sites\/16\/2024\/11\/seznam-android-historie2.png 345w\" sizes=\"auto, (max-width: 320px) 100vw, 320px\" \/><\/figure>\n<\/div>\n\n\n\n<div class=\"wp-block-column is-layout-flow wp-block-column-is-layout-flow\">\n<figure class=\"wp-block-image size-thumbnail\"><img loading=\"lazy\" decoding=\"async\" width=\"277\" height=\"320\" src=\"https:\/\/o-seznam.cz\/napoveda\/seznam\/wp-content\/uploads\/sites\/16\/2024\/11\/seznam-android-historie3-277x320.png\" alt=\"\" class=\"wp-image-117\" srcset=\"https:\/\/o-seznam.cz\/napoveda\/seznam\/wp-content\/uploads\/sites\/16\/2024\/11\/seznam-android-historie3-277x320.png 277w, https:\/\/o-seznam.cz\/napoveda\/seznam\/wp-content\/uploads\/sites\/16\/2024\/11\/seznam-android-historie3.png 345w\" sizes=\"auto, (max-width: 277px) 100vw, 277px\" \/><\/figure>\n<\/div>\n<\/div>\n<\/div>\n","protected":false},"excerpt":{"rendered":"<p>M\u016f\u017ee nastat situace, kdy se v\u00e1m str\u00e1nka v aplikaci zobrhaz\u00ed chybn\u011b nebo se objev\u00ed n\u011bjak\u00e9 pot\u00ed\u017ee s p\u0159ihl\u00e1\u0161en\u00edm k r\u016fzn\u00fdm internetov\u00fdm slu\u017eb\u00e1m. To m\u016f\u017ee b\u00fdt d\u016fsledek star\u00fdch a chybn\u011b zapamatovan\u00fdch informac\u00ed, kter\u00e9 si prohl\u00ed\u017ee\u010d p\u0159i proch\u00e1zen\u00ed internetu b\u011b\u017en\u011b ukl\u00e1d\u00e1 (do\u010dasn\u00e9 soubory, cookies). Pomoci m\u016f\u017ee odstran\u011bn\u00ed t\u011bchto z\u00e1znam\u016f. Aplikace nab\u00edz\u00ed i mo\u017enost proch\u00e1zen\u00ed sv\u00e9 historie nav\u0161t\u011bvovan\u00fdch [&hellip;]<\/p>\n","protected":false},"author":6,"featured_media":0,"parent":157,"menu_order":0,"comment_status":"closed","ping_status":"closed","template":"page-sidemenu","meta":{"_acf_changed":false,"_relevanssi_hide_post":"","_relevanssi_hide_content":"","_relevanssi_pin_for_all":"","_relevanssi_pin_keywords":"","_relevanssi_unpin_keywords":"","_relevanssi_related_keywords":"","_relevanssi_related_include_ids":"","_relevanssi_related_exclude_ids":"","_relevanssi_related_no_append":"","_relevanssi_related_not_related":"","_relevanssi_related_posts":"","_relevanssi_noindex_reason":"","footnotes":""},"page_category":[4],"page_tag":[],"service_status_category":[],"class_list":["post-110","page","type-page","status-publish","hentry"],"acf":[],"_links":{"self":[{"href":"https:\/\/o-seznam.cz\/napoveda\/seznam\/wp-json\/wp\/v2\/pages\/110","targetHints":{"allow":["GET"]}}],"collection":[{"href":"https:\/\/o-seznam.cz\/napoveda\/seznam\/wp-json\/wp\/v2\/pages"}],"about":[{"href":"https:\/\/o-seznam.cz\/napoveda\/seznam\/wp-json\/wp\/v2\/types\/page"}],"author":[{"embeddable":true,"href":"https:\/\/o-seznam.cz\/napoveda\/seznam\/wp-json\/wp\/v2\/users\/6"}],"replies":[{"embeddable":true,"href":"https:\/\/o-seznam.cz\/napoveda\/seznam\/wp-json\/wp\/v2\/comments?post=110"}],"version-history":[{"count":5,"href":"https:\/\/o-seznam.cz\/napoveda\/seznam\/wp-json\/wp\/v2\/pages\/110\/revisions"}],"predecessor-version":[{"id":260,"href":"https:\/\/o-seznam.cz\/napoveda\/seznam\/wp-json\/wp\/v2\/pages\/110\/revisions\/260"}],"up":[{"embeddable":true,"href":"https:\/\/o-seznam.cz\/napoveda\/seznam\/wp-json\/wp\/v2\/pages\/157"}],"wp:attachment":[{"href":"https:\/\/o-seznam.cz\/napoveda\/seznam\/wp-json\/wp\/v2\/media?parent=110"}],"wp:term":[{"taxonomy":"page_category","embeddable":true,"href":"https:\/\/o-seznam.cz\/napoveda\/seznam\/wp-json\/wp\/v2\/page_category?post=110"},{"taxonomy":"page_tag","embeddable":true,"href":"https:\/\/o-seznam.cz\/napoveda\/seznam\/wp-json\/wp\/v2\/page_tag?post=110"},{"taxonomy":"service_status_category","embeddable":true,"href":"https:\/\/o-seznam.cz\/napoveda\/seznam\/wp-json\/wp\/v2\/service_status_category?post=110"}],"curies":[{"name":"wp","href":"https:\/\/api.w.org\/{rel}","templated":true}]}}