{"id":6,"date":"2025-02-27T13:51:52","date_gmt":"2025-02-27T12:51:52","guid":{"rendered":"https:\/\/o-seznam.cz\/napoveda\/sdovolena\/?page_id=6"},"modified":"2026-02-26T12:22:06","modified_gmt":"2026-02-26T11:22:06","slug":"napoveda-sdovolena-cz","status":"publish","type":"page","link":"https:\/\/o-seznam.cz\/napoveda\/sdovolena\/","title":{"rendered":"N\u00e1pov\u011bda Sdovolen\u00e1.cz"},"content":{"rendered":"<div class=\"alignwide alignwide wp-block-seznam-hero\"><div class=\"cover is-hero is-hero-default bg-neutral-40\"><img decoding=\"async\" src=\"https:\/\/o-seznam.cz\/napoveda\/sdovolena\/wp-content\/themes\/seznam\/patterns\/images\/seznam-cover.jpg\" class=\"cover__media\" alt=\"\" \/><div class=\"cover__dim\" style=\"opacity:0.45\"><\/div><div class=\"cover__content is-layout-constrained\">\n\n<h1 class=\"wp-block-heading has-text-align-left\">N\u00e1pov\u011bda Sdovolen\u00e1.cz<\/h1>\n\n\n\n<div class=\"wp-block-group is-content-justification-left is-layout-constrained wp-container-core-group-is-layout-59d06cab wp-block-group-is-layout-constrained\">\n<p>Sdovolen\u00e1.cz je srovn\u00e1va\u010d z\u00e1jezd\u016f od Seznam.cz, jeho\u017e c\u00edlem je nab\u00eddnout u\u017eivatel\u016fm jednoduchou a p\u0159ehlednou slu\u017ebu. Cestovn\u00edm kancel\u00e1\u0159\u00edm poskytuje cenov\u011b v\u00fdhodn\u00fd a efektivn\u00ed n\u00e1stroj pro z\u00edsk\u00e1n\u00ed nov\u00fdch z\u00e1kazn\u00edk\u016f.<\/p>\n<\/div>\n\n<\/div><\/div><\/div>\n\n\n\n\n\n<div class=\"wp-block-group is-layout-constrained wp-block-group-is-layout-constrained\">\n<h2 class=\"wp-block-heading\">Nej\u010dast\u011bj\u0161\u00ed dotazy<\/h2>\n\n\n\n<div class=\"accordion\">\n\t<div class=\"accordion__items\">\n\n<details class=\"expander is-style-default\">\n\t<summary data-datalayer-name=\"\" data-datalayer-text=\"Chci na dovolenou. M\u016f\u017eete mi pomoci s v\u00fdb\u011brem z\u00e1jezdu?\">\n\t\t\t\t<strong>Chci na dovolenou. M\u016f\u017eete mi pomoci s v\u00fdb\u011brem z\u00e1jezdu?<\/strong>\n\t\t\t<\/summary>\n\t<div class=\"inner-blocks\">\n\n<p>Pokud odj\u00ed\u017ed\u00edte na dovolenou, tak jste u n\u00e1s spr\u00e1vn\u011b. Ka\u017ed\u00fd m\u00e1 ov\u0161em svoje individu\u00e1ln\u00ed p\u0159edstavy a p\u0159\u00e1n\u00ed. S t\u00edm V\u00e1m pom\u016f\u017ee pr\u00e1v\u011b srovn\u00e1n\u00ed z\u00e1jezd\u016f cestovn\u00edch kancel\u00e1\u0159\u00ed na Sdovolen\u00e1.cz. Pomoc\u00ed filtr\u016f zad\u00e1te svoje po\u017eadavky a z v\u00fdsledk\u016f srovn\u00e1n\u00ed si jist\u011b u\u017e vyberete tu pravou dovolenou pro V\u00e1s a Va\u0161e bl\u00edzk\u00e9.<\/p>\n\n<\/div><\/details>\n\n\n\n<details class=\"expander is-style-default\">\n\t<summary data-datalayer-name=\"\" data-datalayer-text=\"Kde mohu z\u00edskat podrobn\u011bj\u0161\u00ed informace a odpov\u011b\u010f na moje dotazy?\">\n\t\t\t\t<strong>Kde mohu z\u00edskat podrobn\u011bj\u0161\u00ed informace a odpov\u011b\u010f na moje dotazy?<\/strong>\n\t\t\t<\/summary>\n\t<div class=\"inner-blocks\">\n\n<p class=\"is-style-link-external\">Va\u0161e dotazy t\u00fdkaj\u00edc\u00ed se podrobn\u011bj\u0161\u00edch informac\u00ed o z\u00e1jezdu \u010di nab\u00eddce V\u00e1m r\u00e1d zodpov\u00ed p\u0159\u00edmo po\u0159adatel dan\u00e9ho z\u00e1jezdu, tedy cestovn\u00ed kancel\u00e1\u0159. Kontaktovat cestovn\u00ed kancel\u00e1\u0159 m\u016f\u017eete dv\u011bma zp\u016fsoby:<\/p>\n\n\n\n<ul class=\"wp-block-list\">\n<li>Pomoc\u00ed odkazu n\u00e1zvu cestovn\u00ed kancel\u00e1\u0159e, kter\u00fd V\u00e1m zobraz\u00ed kontaktn\u00ed \u00fadaje.<\/li>\n\n\n\n<li>Vyu\u017e\u00edt mo\u017enosti kontaktn\u00edho formul\u00e1\u0159e pod odkazem &#8222;<strong>Zeptat se CK na z\u00e1jezd<\/strong>&#8220; v hlavi\u010dce jak\u00e9hokoliv z\u00e1jezdu na Sdovolen\u00e1.cz<\/li>\n<\/ul>\n\n<\/div><\/details>\n\n\n\n<details class=\"expander is-style-default\">\n\t<summary data-datalayer-name=\"\" data-datalayer-text=\"Nalezl jsem nep\u0159esnou cenu \/ text \/ fotografii. Co m\u00e1m d\u011blat?\">\n\t\t\t\t<strong>Nalezl jsem nep\u0159esnou cenu \/ text \/ fotografii. Co m\u00e1m d\u011blat?<\/strong>\n\t\t\t<\/summary>\n\t<div class=\"inner-blocks\">\n\n<p>Ve\u0161ker\u00e9 informace o z\u00e1jezdech, cen\u00e1ch a fotografie poskytuj\u00ed cestovn\u00ed kancel\u00e1\u0159e. Z tohoto d\u016fvodu nejsme schopni garantovat bezchybnost. Proto jak\u00e9koliv nahl\u00e1\u0161en\u00ed nep\u0159esnosti uv\u00edt\u00e1me!<br>Pro informov\u00e1n\u00ed o chyb\u011b pou\u017eijte odkaz &#8222;<strong>Nahl\u00e1sit nep\u0159esnost v z\u00e1jezdu<\/strong>&#8222;, kde m\u016f\u017eete za\u0161krnout typ chyby, dopl\u0148uj\u00edc\u00ed \u00fadaje a chcete-li kontaktn\u00ed \u00fadaje na V\u00e1s. Bu\u010fte konkr\u00e9tn\u00ed &#8211; \u010d\u00edm v\u00edce informac\u00ed od V\u00e1s obdr\u017e\u00edme, t\u00edm rychleji budeme schopni zajistit n\u00e1pravu.<\/p>\n\n<\/div><\/details>\n\n\n\n<details class=\"expander is-style-default\">\n\t<summary data-datalayer-name=\"\" data-datalayer-text=\"Kolik bude kone\u010dn\u00e1 cena m\u00e9ho z\u00e1jezdu?\">\n\t\t\t\t<strong>Kolik bude kone\u010dn\u00e1 cena m\u00e9ho z\u00e1jezdu?<\/strong>\n\t\t\t<\/summary>\n\t<div class=\"inner-blocks\">\n\n<p class=\"is-style-link-external\">Na Sdovolen\u00e1.cz je v\u017edy zobrazena&nbsp;<strong>kone\u010dn\u00e1 cena za osobu<\/strong>. Pro vypo\u010d\u00edt\u00e1n\u00ed kone\u010dn\u00e9 ceny pro v\u00edce osob vyu\u017eijte kalkulaci na stran\u011b cestovn\u00ed kancel\u00e1\u0159e prost\u0159ednictv\u00edm tla\u010d\u00edtka &#8222;<strong>J\u00edt do CK<\/strong>&#8220; u jednotliv\u00fdch term\u00edn\u016f V\u00e1mi vybran\u00e9ho z\u00e1jezdu \u010di zkontaktujte p\u0159\u00edmo cestovn\u00ed kancel\u00e1\u0159.<\/p>\n\n<\/div><\/details>\n\n\n\n<details class=\"expander is-style-default\">\n\t<summary data-datalayer-name=\"\" data-datalayer-text=\"Provedli jsme registraci cestovn\u00ed kancel\u00e1\u0159e. Kdy uvid\u00edme na\u0161e z\u00e1jezdy na Sdovolen\u00e1.cz?\">\n\t\t\t\t<strong>Provedli jsme registraci cestovn\u00ed kancel\u00e1\u0159e. Kdy uvid\u00edme na\u0161e z\u00e1jezdy na Sdovolen\u00e1.cz?<\/strong>\n\t\t\t<\/summary>\n\t<div class=\"inner-blocks\">\n\n<p>Registrac\u00ed sv\u00e9 cestovn\u00ed kancel\u00e1\u0159e jste splnili prvn\u00ed krok, jak um\u00edstit svoji nab\u00eddku na n\u00e1\u0161 srovn\u00e1va\u010d z\u00e1jezd\u016f. V p\u0159\u00edpad\u011b, \u017ee spl\u0148ujete podm\u00ednky \u00fa\u010dasti na Sdovolen\u00e1.cz, tj. platn\u00e1 koncese provozov\u00e1n\u00ed cestovn\u00ed kancel\u00e1\u0159e, spole\u010dnost p\u016fsob\u00edc\u00ed v \u010cesk\u00e9 republice a \u010desk\u00e1 mutace webov\u00fdch str\u00e1nek, za\u0161leme V\u00e1m dal\u0161\u00ed postup a technick\u00e9 specifikace k vytvo\u0159en\u00ed XML souboru. Data mus\u00ed spl\u0148ovat unik\u00e1tn\u00ed strukturu a podm\u00ednky.<\/p>\n\n<\/div><\/details>\n\n\n\n<details class=\"expander is-style-default\">\n\t<summary data-datalayer-name=\"\" data-datalayer-text=\"Pot\u0159ebuji upravit svou nab\u00eddku na Sdovolen\u00e1.cz. Jak toho doc\u00edl\u00edm?\">\n\t\t\t\t<strong>Pot\u0159ebuji upravit svou nab\u00eddku na Sdovolen\u00e1.cz. Jak toho doc\u00edl\u00edm?<\/strong>\n\t\t\t<\/summary>\n\t<div class=\"inner-blocks\">\n\n<p>Ve\u0161ker\u00e9 informace, kter\u00e9 zobrazujeme na Sdovolen\u00e1.cz poch\u00e1zej\u00ed z V\u00e1mi poskytnut\u00e9ho XML souboru. Pro \u00fapravu popis\u016f, cen, term\u00edn\u016f aj. je nutn\u00e9 zadat zm\u011bny do XML souboru. N\u00e1sledn\u011b provedeme aktualizaci a zm\u011bny budou prom\u00edtnuty.<\/p>\n\n<\/div><\/details>\n\n\n\n<details class=\"expander is-style-default\">\n\t<summary data-datalayer-name=\"\" data-datalayer-text=\"Jak \u010dasto se prov\u00e1d\u00ed aktualizace datab\u00e1ze na Sdovolen\u00e1.cz?\">\n\t\t\t\t<strong>Jak \u010dasto se prov\u00e1d\u00ed aktualizace datab\u00e1ze na Sdovolen\u00e1.cz?<\/strong>\n\t\t\t<\/summary>\n\t<div class=\"inner-blocks\">\n\n<p>Aktualizace XML feed\u016f garantujeme v\u017edy jednou za 24 hodin. V sou\u010dasn\u00e9 dob\u011b nicm\u00e9n\u011b aktualizujeme cel\u00fd XML feed cca 4x denn\u011b. U Last Minute feed\u016f ka\u017ed\u00fdch cca 25 minut v p\u0159\u00edpad\u011b, \u017ee do\u0161lo k jak\u00e9koliv zm\u011bn\u011b v datech.<\/p>\n\n<\/div><\/details>\n\n<\/div><\/div>\n\n<\/div>\n\n\n\n<div class=\"wp-block-group is-layout-constrained wp-block-group-is-layout-constrained\">\n<h2 class=\"wp-block-heading\">V\u0161eobecn\u00e9 obchodn\u00ed podm\u00ednky Sdovolen\u00e1.cz<\/h2>\n\n\n\n<div class=\"wp-block-group is-layout-constrained wp-block-group-is-layout-constrained\">\n<div class=\"wp-block-group is-layout-constrained wp-block-group-is-layout-constrained\">\n<div class=\"wp-block-group is-layout-constrained wp-block-group-is-layout-constrained\">\n<div class=\"wp-block-group is-layout-constrained wp-block-group-is-layout-constrained\"><div class=\"wp-block-seznam-list-pages\"><div>\n<div style=\"--seznam-tiles--columns:3\" class=\"wp-block-seznam-tiles has-columns-3\"><div class=\"inner-blocks\">\n<div class=\"block-boxlink\"><a class=\"boxlink boxlink--icon-arrow boxlink--align-y-center px-f8 py-f4\" href=\"https:\/\/o-seznam.cz\/napoveda\/sdovolena\/vseobecne-obchodni-podminky-sdovolena-cz\/smluvni-podminky\/\"><div class=\"inner-blocks\">Smluvn\u00ed podm\u00ednky<\/div><\/a><\/div><div class=\"block-boxlink\"><a class=\"boxlink boxlink--icon-arrow boxlink--align-y-center px-f8 py-f4\" href=\"https:\/\/o-seznam.cz\/napoveda\/sdovolena\/vseobecne-obchodni-podminky-sdovolena-cz\/technicke-podminky\/\"><div class=\"inner-blocks\">Technick\u00e9 podm\u00ednky<\/div><\/a><\/div><\/div><\/div>\n\n<\/div><\/div>\n<\/div>\n<\/div>\n<\/div>\n<\/div>\n<\/div>\n\n\n\n<div class=\"wp-block-group is-layout-constrained wp-block-group-is-layout-constrained\">\n<h2 class=\"wp-block-heading\">Informace pro inzerenty<\/h2>\n\n\n\n<div class=\"wp-block-group is-layout-constrained wp-block-group-is-layout-constrained\"><div class=\"wp-block-seznam-list-pages\"><div>\n<div style=\"--seznam-tiles--columns:3\" class=\"wp-block-seznam-tiles has-columns-3\"><div class=\"inner-blocks\">\n<div class=\"block-boxlink\"><a class=\"boxlink boxlink--icon-arrow boxlink--align-y-center px-f8 py-f4\" href=\"https:\/\/o-seznam.cz\/napoveda\/sdovolena\/pro-inzerenty\/ciselnik\/\"><div class=\"inner-blocks\">\u010c\u00edseln\u00edk<\/div><\/a><\/div><div class=\"block-boxlink\"><a class=\"boxlink boxlink--icon-arrow boxlink--align-y-center px-f8 py-f4\" href=\"https:\/\/o-seznam.cz\/napoveda\/sdovolena\/pro-inzerenty\/definice-xsd\/\"><div class=\"inner-blocks\">Definice XSD<\/div><\/a><\/div><div class=\"block-boxlink\"><a class=\"boxlink boxlink--icon-arrow boxlink--align-y-center px-f8 py-f4\" href=\"https:\/\/o-seznam.cz\/napoveda\/sdovolena\/pro-inzerenty\/nejcastejsi-chyby-v-xml-feedech\/\"><div class=\"inner-blocks\">Nej\u010dast\u011bj\u0161\u00ed chyby v XML feedech<\/div><\/a><\/div><div class=\"block-boxlink\"><a class=\"boxlink boxlink--icon-arrow boxlink--align-y-center px-f8 py-f4\" href=\"https:\/\/o-seznam.cz\/napoveda\/sdovolena\/pro-inzerenty\/pravidla\/\"><div class=\"inner-blocks\">Pravidla<\/div><\/a><\/div><div class=\"block-boxlink\"><a class=\"boxlink boxlink--icon-arrow boxlink--align-y-center px-f8 py-f4\" href=\"https:\/\/o-seznam.cz\/napoveda\/sdovolena\/pro-inzerenty\/specifikace-xml\/\"><div class=\"inner-blocks\">Specifikace XML<\/div><\/a><\/div><div class=\"block-boxlink\"><a class=\"boxlink boxlink--icon-arrow boxlink--align-y-center px-f8 py-f4\" href=\"https:\/\/o-seznam.cz\/napoveda\/sdovolena\/pro-inzerenty\/vzorove-xml\/\"><div class=\"inner-blocks\">Vzorov\u00e9 XML<\/div><\/a><\/div><\/div><\/div>\n\n<\/div><\/div>\n<\/div>\n<\/div>\n\n\n\n<div class=\"wp-block-group is-layout-constrained wp-block-group-is-layout-constrained\">\n<h2 class=\"wp-block-heading\">Informace pro u\u017eivatele<\/h2>\n\n\n<div class=\"wp-block-seznam-list-pages\"><div>\n<div style=\"--seznam-tiles--columns:3\" class=\"wp-block-seznam-tiles has-columns-3\"><div class=\"inner-blocks\">\n<div class=\"block-boxlink\"><a class=\"boxlink boxlink--icon-arrow boxlink--align-y-center px-f8 py-f4\" href=\"https:\/\/o-seznam.cz\/napoveda\/sdovolena\/informace-pro-uzivatele\/adresar-cestovnich-kancelari\/\"><div class=\"inner-blocks\">Adres\u00e1\u0159 cestovn\u00edch kancel\u00e1\u0159\u00ed<\/div><\/a><\/div><div class=\"block-boxlink\"><a class=\"boxlink boxlink--icon-arrow boxlink--align-y-center px-f8 py-f4\" href=\"https:\/\/o-seznam.cz\/napoveda\/sdovolena\/informace-pro-uzivatele\/srovnavani-zajezdu\/\"><div class=\"inner-blocks\">Srovn\u00e1v\u00e1n\u00ed z\u00e1jezd\u016f<\/div><\/a><\/div><\/div><\/div>\n\n<\/div><\/div>\n<\/div>\n\n\n\n<div class=\"wp-block-group is-layout-constrained wp-block-group-is-layout-constrained\">\n<h2 class=\"wp-block-heading\">Mohlo by se hodit<\/h2>\n\n\n<div class=\"wp-block-seznam-list-pages\"><div>\n<div style=\"--seznam-tiles--columns:3\" class=\"wp-block-seznam-tiles has-columns-3\"><div class=\"inner-blocks\">\n<div class=\"block-boxlink\"><a class=\"boxlink boxlink--icon-arrow boxlink--align-y-center px-f8 py-f4\" href=\"https:\/\/o-seznam.cz\/napoveda\/sdovolena\/mohlo-by-se-hodit\/cenik-sluzeb\/\"><div class=\"inner-blocks\">Cen\u00edk slu\u017eeb<\/div><\/a><\/div><div class=\"block-boxlink\"><a class=\"boxlink boxlink--icon-arrow boxlink--align-y-center px-f8 py-f4\" href=\"https:\/\/o-seznam.cz\/napoveda\/sdovolena\/mohlo-by-se-hodit\/kontakt\/\"><div class=\"inner-blocks\">Kontakt<\/div><\/a><\/div><div class=\"block-boxlink\"><a class=\"boxlink boxlink--icon-arrow boxlink--align-y-center px-f8 py-f4\" href=\"https:\/\/o-seznam.cz\/napoveda\/sdovolena\/mohlo-by-se-hodit\/vyhodnoceni-systemu-stiznosti\/\"><div class=\"inner-blocks\">Vyhodnocen\u00ed syst\u00e9mu st\u00ed\u017enost\u00ed<\/div><\/a><\/div><\/div><\/div>\n\n<\/div><\/div>\n<\/div>\n\n\n\n<div class=\"accordion\">\n\t<div class=\"accordion__items\">\n\n<details class=\"expander is-style-box\">\n\t<summary data-datalayer-name=\"\" data-datalayer-text=\"Po\u010det aktivn\u00edch p\u0159\u00edjemc\u016f slu\u017eby\">\n\t\t\t\t<strong>Po\u010det aktivn\u00edch p\u0159\u00edjemc\u016f slu\u017eby<\/strong>\n\t\t\t<\/summary>\n\t<div class=\"inner-blocks\">\n\n<p>Po\u010det aktivn\u00edch p\u0159\u00edjemc\u016f slu\u017eby podle \u010dl. 24 na\u0159\u00edzen\u00ed o digit\u00e1ln\u00edch slu\u017eb\u00e1ch je k 31. 1. 2026: 203 203<\/p>\n\n<\/div><\/details>\n\n\n\n<details class=\"expander is-style-box\">\n\t<summary data-datalayer-name=\"\" data-datalayer-text=\"Zpr\u00e1va o moderaci podle DSA\">\n\t\t\t\t<strong>Zpr\u00e1va o moderaci podle DSA<\/strong>\n\t\t\t<\/summary>\n\t<div class=\"inner-blocks\">\n\n<p><strong>Zpr\u00e1va o moderaci obsahu na slu\u017eb\u011b Sdovolena.cz podle \u010dl\u00e1nku 15 a 24 na\u0159\u00edzen\u00ed o digit\u00e1ln\u00edch slu\u017eb\u00e1ch, \u010d. 2022\/2065 (d\u00e1le jen \u201eDSA\u201c) za obdob\u00ed 1.7.2025-31.12.2025<\/strong><\/p>\n\n\n\n<p><a href=\"https:\/\/o-seznam.cz\/napoveda\/sdovolena\/wp-content\/uploads\/sites\/24\/2026\/02\/CS_Annex_I__Templates_for_Transparency_Reports_Sdovolena.cz-final1.xlsx\">Zpr\u00e1va o moderaci obsahu &#8211; 1.7.2025 &#8211; 31.12.2025<\/a><\/p>\n\n\n\n<p><strong>Zpr\u00e1va o moderaci obsahu na slu\u017eb\u011b Sdovolena.cz podle \u010dl\u00e1nku 15 a 24 na\u0159\u00edzen\u00ed o digit\u00e1ln\u00edch slu\u017eb\u00e1ch, \u010d. 2022\/2065 (d\u00e1le jen \u201eDSA\u201c) za obdob\u00ed 1.1.2025-30.6.2025<\/strong><\/p>\n\n\n\n<ol class=\"wp-block-list\">\n<li>Po\u010det p\u0159\u00edkaz\u016f podle \u010dl\u00e1nk\u016f 9 a 10 DSA: 0<\/li>\n\n\n\n<li>Po\u010det ozn\u00e1men\u00ed podan\u00fdch v souladu s \u010dl\u00e1nkem 16: 0<\/li>\n\n\n\n<li>Po\u010det opat\u0159en\u00ed: 0 zastaven\u00ed obsahu na z\u00e1klad\u011b smluvn\u00edch podm\u00ednek.<\/li>\n\n\n\n<li>Moderace prob\u00edhala prost\u0159ednictv\u00edm manu\u00e1ln\u00edho p\u0159ezkumu, automatizovan\u00e9 n\u00e1stroje nebyly vyu\u017e\u00edv\u00e1ny. Osoby pov\u011b\u0159en\u00e9 moderov\u00e1n\u00edm obsahu maj\u00ed odbornou p\u0159\u00edpravu a ve slo\u017eit\u00fdch p\u0159\u00edpadech konzultuj\u00ed moderaci obsahu s&nbsp;pr\u00e1vn\u00edm odd\u011blen\u00edm.<\/li>\n\n\n\n<li>Po\u010det st\u00ed\u017enost\u00ed proti rozhodnut\u00ed o moderaci obsahu: 0.<\/li>\n\n\n\n<li>Po\u010det spor\u016f p\u0159edlo\u017een\u00fdch subjekt\u016fm pro mimosoudn\u00ed \u0159e\u0161en\u00ed spor\u016f podle \u010dl\u00e1nku 21 DSA: 0<\/li>\n\n\n\n<li>Po\u010det pozastaven\u00ed podle \u010dl\u00e1nku 23 DSA: 0<br><br><\/li>\n<\/ol>\n\n\n\n<p>Zve\u0159ejn\u011bno dne: 13.2.2026<\/p>\n\n<\/div><\/details>\n\n<\/div><\/div>\n\n\n\n\n<div class=\"accordion\">\n\t<div class=\"accordion__items\">\n\n<details class=\"expander is-style-box\">\n\t<summary data-datalayer-name=\"\" data-datalayer-text=\"\u00dadaje prezentovan\u00e9 na slu\u017eb\u011b Sdovolen\u00e1.cz\">\n\t\t\t\t<strong>\u00dadaje prezentovan\u00e9 na slu\u017eb\u011b Sdovolen\u00e1.cz<\/strong>\n\t\t\t<\/summary>\n\t<div class=\"inner-blocks\">\n\n<p>\u00dadaje prezentovan\u00e9 na slu\u017eb\u011b Sdovolen\u00e1.cz jsou dod\u00e1v\u00e1ny cestovn\u00edmi kancel\u00e1\u0159emi a spole\u010dnost Seznam.cz, a.s. nep\u0159eb\u00edr\u00e1 odpov\u011bdnost za jejich spr\u00e1vnost.<\/p>\n\n<\/div><\/details>\n\n<\/div><\/div>\n\n","protected":false},"excerpt":{"rendered":"<p>Nej\u010dast\u011bj\u0161\u00ed dotazy V\u0161eobecn\u00e9 obchodn\u00ed podm\u00ednky Sdovolen\u00e1.cz Informace pro inzerenty Informace pro u\u017eivatele Mohlo by se hodit<\/p>\n","protected":false},"author":1,"featured_media":0,"parent":0,"menu_order":0,"comment_status":"closed","ping_status":"closed","template":"page-no-head","meta":{"_acf_changed":false,"_relevanssi_hide_post":"","_relevanssi_hide_content":"","_relevanssi_pin_for_all":"","_relevanssi_pin_keywords":"","_relevanssi_unpin_keywords":"","_relevanssi_related_keywords":"","_relevanssi_related_include_ids":"","_relevanssi_related_exclude_ids":"","_relevanssi_related_no_append":"","_relevanssi_related_not_related":"","_relevanssi_related_posts":"","_relevanssi_noindex_reason":"","footnotes":""},"page_category":[32],"page_tag":[],"service_status_category":[],"class_list":["post-6","page","type-page","status-publish","hentry"],"acf":[],"_links":{"self":[{"href":"https:\/\/o-seznam.cz\/napoveda\/sdovolena\/wp-json\/wp\/v2\/pages\/6","targetHints":{"allow":["GET"]}}],"collection":[{"href":"https:\/\/o-seznam.cz\/napoveda\/sdovolena\/wp-json\/wp\/v2\/pages"}],"about":[{"href":"https:\/\/o-seznam.cz\/napoveda\/sdovolena\/wp-json\/wp\/v2\/types\/page"}],"author":[{"embeddable":true,"href":"https:\/\/o-seznam.cz\/napoveda\/sdovolena\/wp-json\/wp\/v2\/users\/1"}],"replies":[{"embeddable":true,"href":"https:\/\/o-seznam.cz\/napoveda\/sdovolena\/wp-json\/wp\/v2\/comments?post=6"}],"version-history":[{"count":42,"href":"https:\/\/o-seznam.cz\/napoveda\/sdovolena\/wp-json\/wp\/v2\/pages\/6\/revisions"}],"predecessor-version":[{"id":401,"href":"https:\/\/o-seznam.cz\/napoveda\/sdovolena\/wp-json\/wp\/v2\/pages\/6\/revisions\/401"}],"wp:attachment":[{"href":"https:\/\/o-seznam.cz\/napoveda\/sdovolena\/wp-json\/wp\/v2\/media?parent=6"}],"wp:term":[{"taxonomy":"page_category","embeddable":true,"href":"https:\/\/o-seznam.cz\/napoveda\/sdovolena\/wp-json\/wp\/v2\/page_category?post=6"},{"taxonomy":"page_tag","embeddable":true,"href":"https:\/\/o-seznam.cz\/napoveda\/sdovolena\/wp-json\/wp\/v2\/page_tag?post=6"},{"taxonomy":"service_status_category","embeddable":true,"href":"https:\/\/o-seznam.cz\/napoveda\/sdovolena\/wp-json\/wp\/v2\/service_status_category?post=6"}],"curies":[{"name":"wp","href":"https:\/\/api.w.org\/{rel}","templated":true}]}}