{"id":49,"date":"2025-06-25T12:10:21","date_gmt":"2025-06-25T10:10:21","guid":{"rendered":"https:\/\/o-seznam.cz\/napoveda\/sdovolena\/?page_id=49"},"modified":"2025-06-26T20:51:47","modified_gmt":"2025-06-26T18:51:47","slug":"technicke-podminky","status":"publish","type":"page","link":"https:\/\/o-seznam.cz\/napoveda\/sdovolena\/vseobecne-obchodni-podminky-sdovolena-cz\/technicke-podminky\/","title":{"rendered":"Technick\u00e9 podm\u00ednky"},"content":{"rendered":"\n<div class=\"wp-block-group is-layout-constrained wp-block-group-is-layout-constrained\">\n<h2 class=\"wp-block-heading\"><strong>\u0158azen\u00ed nab\u00eddek Sdovolena.cz<\/strong><\/h2>\n\n\n\n<p>Nab\u00eddky z\u00e1jezd\u016f jsou k dohled\u00e1n\u00ed po zvolen\u00ed filtru. V\u00fdpis nab\u00eddek je na t\u011bchto m\u00edstech:<\/p>\n<\/div>\n\n\n\n<div class=\"wp-block-group is-layout-constrained wp-block-group-is-layout-constrained\">\n<h2 class=\"wp-block-heading\"><strong>Nab\u00eddka z\u00e1jezd\u016f<\/strong><\/h2>\n\n\n\n<div class=\"wp-block-group is-layout-constrained wp-block-group-is-layout-constrained\">\n<p><strong>1. Sdovolena.cz<\/strong><\/p>\n\n\n\n<ul class=\"wp-block-list\">\n<li><strong>hlavn\u00ed str\u00e1nka slu\u017eby<\/strong> &#8211; zde se zobrazuje 12 nab\u00eddek a jedn\u00e1 se o placenou reklamu. V p\u0159\u00edpad\u011b, \u017ee nen\u00ed zakoupen\u00fdch cel\u00fdch 12 pozic dopln\u00ed se nab\u00eddka od klient\u016f, kte\u0159\u00ed maj\u00ed pozici zakoupenou.<\/li>\n\n\n\n<li><strong>V\u00fdpis inzer\u00e1t\u016f<\/strong> &#8211; nab\u00eddky se \u0159ad\u00ed podle prioritizace, kterou si ur\u010d\u00ed cestov\u00e1n\u00ed kancel\u00e1\u0159 ve sv\u00e9m feedu. Ve v\u00fdpisu u samotn\u00e9 cestovn\u00ed kancel\u00e1\u0159e (d\u00e1le jako \u201cCK\u201d) se inzer\u00e1ty \u0159ad\u00ed dle jej\u00ed priority. Ve v\u00fdpisu v\u0161ech nab\u00eddek (v\u00edce CK) se na prvn\u00edch dvou pozic\u00edch zobraz\u00ed zakoupen\u00e9 pozice \u201cP\u0159ednostn\u00ed v\u00fdpis\u201d max dv\u011b prvn\u00ed pozice. D\u00e1le se zobrazuj\u00ed nab\u00eddky dle p\u0159i\u0159azen\u00fdch priorit od v\u0161ech CK<\/li>\n<\/ul>\n<\/div>\n\n\n\n<div class=\"wp-block-group is-layout-constrained wp-block-group-is-layout-constrained\">\n<p>&nbsp;Inzer\u00e1ty se daj\u00ed d\u00e1le \u0159adit:<\/p>\n\n\n\n<ul class=\"wp-block-list\">\n<li>z\u00e1jezdy se se\u0159ad\u00ed vzestupn\u011b od nejlevn\u011bj\u0161\u00edho<\/li>\n\n\n\n<li><strong>nejbli\u017e\u0161\u00ed term\u00edn<\/strong> &#8211; z\u00e1jezdy se zobraz\u00ed vzestupn\u011b podle nejbli\u017e\u0161\u00edho term\u00ednu odjezdu<\/li>\n<\/ul>\n<\/div>\n\n\n\n<div class=\"wp-block-group is-layout-constrained wp-block-group-is-layout-constrained\">\n<p>2. Seznam.cz &#8211; hint<\/p>\n\n\n\n<p>Pokud se na vyhled\u00e1vac\u00ed dotaz zobraz\u00ed hint Sdovolen\u00e9 zobraz\u00ed se v hintovac\u00ed nab\u00eddce podle proklikovosti.<br><br><strong>Adres\u00e1\u0159 cestovn\u00edch kancel\u00e1\u0159\u00ed<\/strong><br>V adres\u00e1\u0159i CK se zobrazuj\u00ed cestovn\u00ed kancel\u00e1\u0159e podle abecedy.<\/p>\n<\/div>\n<\/div>\n\n\n\n<div class=\"wp-block-group is-layout-constrained wp-block-group-is-layout-constrained\">\n<h2 class=\"wp-block-heading\"><strong>Reklamn\u00ed pozice<\/strong><\/h2>\n\n\n\n<div class=\"wp-block-group is-layout-constrained wp-block-group-is-layout-constrained\">\n<p><strong>1. Hlavn\u00ed str\u00e1nka Sdovolena.cz<\/strong><\/p>\n\n\n\n<ul class=\"wp-block-list\">\n<li><strong>TIP na z\u00e1jezd &#8211; <\/strong>zv\u00fdhodn\u011bn\u00ed inzer\u00e1tu na hlavn\u00ed str\u00e1nce. V sekci TIP na z\u00e1jezd se zobrazuje 12 inzer\u00e1t\u016f. Pozice se d\u00e1 koupit na t\u00fdden.<\/li>\n\n\n\n<li>reklama se zobrazuje v prav\u00e9 \u010d\u00e1sti str\u00e1nky.&nbsp;<\/li>\n\n\n\n<li><strong>Leaderboard middle &#8211;<\/strong> reklama se zobrazuje uprost\u0159ed hlavn\u00ed str\u00e1nky.<\/li>\n<\/ul>\n<\/div>\n\n\n\n<div class=\"wp-block-group is-layout-constrained wp-block-group-is-layout-constrained\">\n<p><strong>2.\u00a0 V\u00fdpis z\u00e1jezd\u016f<\/strong><\/p>\n\n\n\n<ol style=\"list-style-type:lower-alpha\" class=\"wp-block-list\">\n<li><strong>Skyscraper<\/strong> &#8211; reklama se zobrazuje v prav\u00e9 \u010d\u00e1sti str\u00e1nky.\u00a0<\/li>\n\n\n\n<li><strong>Leaderboard bottom<\/strong> &#8211; reklama se zobrazuje dole pod v\u00fdpisem z\u00e1jezd\u016f<\/li>\n<\/ol>\n<\/div>\n\n\n\n<div class=\"wp-block-group is-layout-constrained wp-block-group-is-layout-constrained\">\n<p><strong>3. Detail z\u00e1jezdu<\/strong><\/p>\n\n\n\n<ol style=\"list-style-type:lower-alpha\" class=\"wp-block-list\">\n<li><strong>Skyscraper<\/strong> &#8211; reklama se zobrazuje v prav\u00e9 \u010d\u00e1sti str\u00e1nky.\u00a0<\/li>\n\n\n\n<li><strong>Leaderboard bottom<\/strong> &#8211; reklama se zobrazuje dole pod v\u00fdpisem term\u00edn\u016f<\/li>\n\n\n\n<li><strong>Detail z\u00e1jezdu<\/strong> &#8211; zobrazen\u00ed v detailu nalevo od popisu z\u00e1jezdu.<\/li>\n<\/ol>\n<\/div>\n<\/div>\n","protected":false},"excerpt":{"rendered":"<p>\u0158azen\u00ed nab\u00eddek Sdovolena.cz Nab\u00eddky z\u00e1jezd\u016f jsou k dohled\u00e1n\u00ed po zvolen\u00ed filtru. V\u00fdpis nab\u00eddek je na t\u011bchto m\u00edstech: Nab\u00eddka z\u00e1jezd\u016f 1. Sdovolena.cz &nbsp;Inzer\u00e1ty se daj\u00ed d\u00e1le \u0159adit: 2. Seznam.cz &#8211; hint Pokud se na vyhled\u00e1vac\u00ed dotaz zobraz\u00ed hint Sdovolen\u00e9 zobraz\u00ed se v hintovac\u00ed nab\u00eddce podle proklikovosti. Adres\u00e1\u0159 cestovn\u00edch kancel\u00e1\u0159\u00edV adres\u00e1\u0159i CK se zobrazuj\u00ed cestovn\u00ed kancel\u00e1\u0159e podle [&hellip;]<\/p>\n","protected":false},"author":17,"featured_media":0,"parent":167,"menu_order":0,"comment_status":"closed","ping_status":"closed","template":"page-sidemenu","meta":{"_acf_changed":false,"_relevanssi_hide_post":"","_relevanssi_hide_content":"","_relevanssi_pin_for_all":"","_relevanssi_pin_keywords":"","_relevanssi_unpin_keywords":"","_relevanssi_related_keywords":"","_relevanssi_related_include_ids":"","_relevanssi_related_exclude_ids":"","_relevanssi_related_no_append":"","_relevanssi_related_not_related":"","_relevanssi_related_posts":"","_relevanssi_noindex_reason":"","footnotes":""},"page_category":[32],"page_tag":[],"service_status_category":[],"class_list":["post-49","page","type-page","status-publish","hentry"],"acf":[],"_links":{"self":[{"href":"https:\/\/o-seznam.cz\/napoveda\/sdovolena\/wp-json\/wp\/v2\/pages\/49","targetHints":{"allow":["GET"]}}],"collection":[{"href":"https:\/\/o-seznam.cz\/napoveda\/sdovolena\/wp-json\/wp\/v2\/pages"}],"about":[{"href":"https:\/\/o-seznam.cz\/napoveda\/sdovolena\/wp-json\/wp\/v2\/types\/page"}],"author":[{"embeddable":true,"href":"https:\/\/o-seznam.cz\/napoveda\/sdovolena\/wp-json\/wp\/v2\/users\/17"}],"replies":[{"embeddable":true,"href":"https:\/\/o-seznam.cz\/napoveda\/sdovolena\/wp-json\/wp\/v2\/comments?post=49"}],"version-history":[{"count":5,"href":"https:\/\/o-seznam.cz\/napoveda\/sdovolena\/wp-json\/wp\/v2\/pages\/49\/revisions"}],"predecessor-version":[{"id":138,"href":"https:\/\/o-seznam.cz\/napoveda\/sdovolena\/wp-json\/wp\/v2\/pages\/49\/revisions\/138"}],"up":[{"embeddable":true,"href":"https:\/\/o-seznam.cz\/napoveda\/sdovolena\/wp-json\/wp\/v2\/pages\/167"}],"wp:attachment":[{"href":"https:\/\/o-seznam.cz\/napoveda\/sdovolena\/wp-json\/wp\/v2\/media?parent=49"}],"wp:term":[{"taxonomy":"page_category","embeddable":true,"href":"https:\/\/o-seznam.cz\/napoveda\/sdovolena\/wp-json\/wp\/v2\/page_category?post=49"},{"taxonomy":"page_tag","embeddable":true,"href":"https:\/\/o-seznam.cz\/napoveda\/sdovolena\/wp-json\/wp\/v2\/page_tag?post=49"},{"taxonomy":"service_status_category","embeddable":true,"href":"https:\/\/o-seznam.cz\/napoveda\/sdovolena\/wp-json\/wp\/v2\/service_status_category?post=49"}],"curies":[{"name":"wp","href":"https:\/\/api.w.org\/{rel}","templated":true}]}}